{"id":993,"date":"2025-08-05T15:46:34","date_gmt":"2025-08-05T13:46:34","guid":{"rendered":"https:\/\/thermolife.pl\/bez-kategorii\/czujnik-temperatury-natynkowy\/"},"modified":"2025-08-20T12:09:22","modified_gmt":"2025-08-20T10:09:22","slug":"czujnik-temperatury-natynkowy","status":"publish","type":"product","link":"https:\/\/thermolife.pl\/en\/akcesoria\/pozostale\/czujnik-temperatury-natynkowy\/","title":{"rendered":"Czujnik temperatury natynkowy"},"content":{"rendered":"<p>Czujnik temperatury NTS-01 wsp\u00f3\u0142pracuje z regulatorami temperatury, kt\u00f3re maj\u0105 mo\u017cliwo\u015b\u0107 pod\u0142\u0105czenia sondy zewn\u0119trznej NTC 10k. Przeznaczony jest do monta\u017cu natynkowego. Specjalnie zaprojektowana obudowa zapewnia dobr\u0105 cyrkulacj\u0119 powietrza w pobli\u017cu czujnika. Przek\u0142ada si\u0119 to na dok\u0142adno\u015b\u0107 pomiaru temperatury i gwarantuje mo\u017cliwie szybki czas odpowiedzi czujnika na zmiany temperatury (ma\u0142a bezw\u0142adno\u015b\u0107) Czujnik\u00f3w NTS-01 nie nale\u017cy \u0142\u0105czy\u0107 ze sob\u0105 r\u00f3wnolegle ani szeregowo.<\/p>","protected":false},"excerpt":{"rendered":"<p>Czujnik temperatury NTS-01 wsp\u00f3\u0142pracuje z regulatorami temperatury, kt\u00f3re maj\u0105 mo\u017cliwo\u015b\u0107 pod\u0142\u0105czenia sondy zewn\u0119trznej NTC 10k. Przeznaczony jest do monta\u017cu natynkowego. Specjalnie zaprojektowana obudowa zapewnia dobr\u0105 cyrkulacj\u0119 powietrza w pobli\u017cu czujnika. Przek\u0142ada si\u0119 to na dok\u0142adno\u015b\u0107 pomiaru temperatury i gwarantuje mo\u017cliwie szybki czas odpowiedzi czujnika na zmiany temperatury (ma\u0142a bezw\u0142adno\u015b\u0107) Czujnik\u00f3w NTS-01 nie nale\u017cy \u0142\u0105czy\u0107 ze&#8230;<\/p>","protected":false},"featured_media":1478,"comment_status":"closed","ping_status":"closed","template":"","meta":{"_acf_changed":false,"_kad_blocks_custom_css":"","_kad_blocks_head_custom_js":"","_kad_blocks_body_custom_js":"","_kad_blocks_footer_custom_js":"","_kad_post_transparent":"default","_kad_post_title":"","_kad_post_layout":"default","_kad_post_sidebar_id":"","_kad_post_content_style":"default","_kad_post_vertical_padding":"default","_kad_post_feature":"","_kad_post_feature_position":"","_kad_post_header":false,"_kad_post_footer":false},"product_brand":[],"product_cat":[24,49,52,23],"product_tag":[],"class_list":{"0":"post-993","1":"product","2":"type-product","3":"status-publish","4":"has-post-thumbnail","6":"product_cat-akcesoria","7":"product_cat-akcesoria-sterowanie-kotlem","8":"product_cat-pozostale","9":"product_cat-sterowanie-kotlem","11":"first","12":"instock","13":"product-type-simple","14":"entry","15":"content-bg","16":"loop-entry"},"acf":[],"yoast_head":"<!-- This site is optimized with the Yoast SEO plugin v27.5 - https:\/\/yoast.com\/product\/yoast-seo-wordpress\/ -->\n<title>Czujnik temperatury natynkowy - Zamel<\/title>\n<meta name=\"robots\" content=\"index, follow, max-snippet:-1, max-image-preview:large, max-video-preview:-1\" \/>\n<link rel=\"canonical\" href=\"https:\/\/thermolife.pl\/en\/akcesoria\/pozostale\/czujnik-temperatury-natynkowy\/\" \/>\n<meta property=\"og:locale\" content=\"en_US\" \/>\n<meta property=\"og:type\" content=\"article\" \/>\n<meta property=\"og:title\" content=\"Czujnik temperatury natynkowy - Zamel\" \/>\n<meta property=\"og:description\" content=\"Czujnik temperatury NTS-01 wsp\u00f3\u0142pracuje z regulatorami temperatury, kt\u00f3re maj\u0105 mo\u017cliwo\u015b\u0107 pod\u0142\u0105czenia sondy zewn\u0119trznej NTC 10k. Przeznaczony jest do monta\u017cu natynkowego. Specjalnie zaprojektowana obudowa zapewnia dobr\u0105 cyrkulacj\u0119 powietrza w pobli\u017cu czujnika. Przek\u0142ada si\u0119 to na dok\u0142adno\u015b\u0107 pomiaru temperatury i gwarantuje mo\u017cliwie szybki czas odpowiedzi czujnika na zmiany temperatury (ma\u0142a bezw\u0142adno\u015b\u0107) Czujnik\u00f3w NTS-01 nie nale\u017cy \u0142\u0105czy\u0107 ze...\" \/>\n<meta property=\"og:url\" content=\"https:\/\/thermolife.pl\/en\/akcesoria\/pozostale\/czujnik-temperatury-natynkowy\/\" \/>\n<meta property=\"og:site_name\" content=\"Zamel\" \/>\n<meta property=\"article:modified_time\" content=\"2025-08-20T10:09:22+00:00\" \/>\n<meta property=\"og:image\" content=\"https:\/\/thermolife.pl\/wp-content\/uploads\/2025\/08\/czujnik-temperatury-ntc-natynkowy-typ-nts-01-6.png\" \/>\n\t<meta property=\"og:image:width\" content=\"360\" \/>\n\t<meta property=\"og:image:height\" content=\"360\" \/>\n\t<meta property=\"og:image:type\" content=\"image\/png\" \/>\n<meta name=\"twitter:card\" content=\"summary_large_image\" \/>\n<meta name=\"twitter:label1\" content=\"Est. reading time\" \/>\n\t<meta name=\"twitter:data1\" content=\"1 minute\" \/>\n<script type=\"application\/ld+json\" class=\"yoast-schema-graph\">{\"@context\":\"https:\\\/\\\/schema.org\",\"@graph\":[{\"@type\":\"WebPage\",\"@id\":\"https:\\\/\\\/thermolife.pl\\\/akcesoria\\\/pozostale\\\/czujnik-temperatury-natynkowy\\\/\",\"url\":\"https:\\\/\\\/thermolife.pl\\\/akcesoria\\\/pozostale\\\/czujnik-temperatury-natynkowy\\\/\",\"name\":\"Czujnik temperatury natynkowy - Zamel\",\"isPartOf\":{\"@id\":\"https:\\\/\\\/thermolife.pl\\\/#website\"},\"primaryImageOfPage\":{\"@id\":\"https:\\\/\\\/thermolife.pl\\\/akcesoria\\\/pozostale\\\/czujnik-temperatury-natynkowy\\\/#primaryimage\"},\"image\":{\"@id\":\"https:\\\/\\\/thermolife.pl\\\/akcesoria\\\/pozostale\\\/czujnik-temperatury-natynkowy\\\/#primaryimage\"},\"thumbnailUrl\":\"https:\\\/\\\/thermolife.pl\\\/wp-content\\\/uploads\\\/2025\\\/08\\\/czujnik-temperatury-ntc-natynkowy-typ-nts-01-6.png\",\"datePublished\":\"2025-08-05T13:46:34+00:00\",\"dateModified\":\"2025-08-20T10:09:22+00:00\",\"breadcrumb\":{\"@id\":\"https:\\\/\\\/thermolife.pl\\\/akcesoria\\\/pozostale\\\/czujnik-temperatury-natynkowy\\\/#breadcrumb\"},\"inLanguage\":\"en-US\",\"potentialAction\":[{\"@type\":\"ReadAction\",\"target\":[\"https:\\\/\\\/thermolife.pl\\\/akcesoria\\\/pozostale\\\/czujnik-temperatury-natynkowy\\\/\"]}]},{\"@type\":\"ImageObject\",\"inLanguage\":\"en-US\",\"@id\":\"https:\\\/\\\/thermolife.pl\\\/akcesoria\\\/pozostale\\\/czujnik-temperatury-natynkowy\\\/#primaryimage\",\"url\":\"https:\\\/\\\/thermolife.pl\\\/wp-content\\\/uploads\\\/2025\\\/08\\\/czujnik-temperatury-ntc-natynkowy-typ-nts-01-6.png\",\"contentUrl\":\"https:\\\/\\\/thermolife.pl\\\/wp-content\\\/uploads\\\/2025\\\/08\\\/czujnik-temperatury-ntc-natynkowy-typ-nts-01-6.png\",\"width\":360,\"height\":360},{\"@type\":\"BreadcrumbList\",\"@id\":\"https:\\\/\\\/thermolife.pl\\\/akcesoria\\\/pozostale\\\/czujnik-temperatury-natynkowy\\\/#breadcrumb\",\"itemListElement\":[{\"@type\":\"ListItem\",\"position\":1,\"name\":\"Strona g\u0142\u00f3wna\",\"item\":\"https:\\\/\\\/thermolife.pl\\\/\"},{\"@type\":\"ListItem\",\"position\":2,\"name\":\"Produkty\",\"item\":\"https:\\\/\\\/thermolife.pl\\\/produkty\\\/\"},{\"@type\":\"ListItem\",\"position\":3,\"name\":\"Sterowanie kot\u0142em\",\"item\":\"https:\\\/\\\/thermolife.pl\\\/sterowanie-kotlem\\\/\"},{\"@type\":\"ListItem\",\"position\":4,\"name\":\"Akcesoria\",\"item\":\"https:\\\/\\\/thermolife.pl\\\/sterowanie-kotlem\\\/akcesoria-sterowanie-kotlem\\\/\"},{\"@type\":\"ListItem\",\"position\":5,\"name\":\"Czujnik temperatury natynkowy\"}]},{\"@type\":\"WebSite\",\"@id\":\"https:\\\/\\\/thermolife.pl\\\/#website\",\"url\":\"https:\\\/\\\/thermolife.pl\\\/\",\"name\":\"Zamel\",\"description\":\"Systemy sterowania ogrzewaniem\",\"publisher\":{\"@id\":\"https:\\\/\\\/thermolife.pl\\\/#organization\"},\"potentialAction\":[{\"@type\":\"SearchAction\",\"target\":{\"@type\":\"EntryPoint\",\"urlTemplate\":\"https:\\\/\\\/thermolife.pl\\\/?s={search_term_string}\"},\"query-input\":{\"@type\":\"PropertyValueSpecification\",\"valueRequired\":true,\"valueName\":\"search_term_string\"}}],\"inLanguage\":\"en-US\"},{\"@type\":\"Organization\",\"@id\":\"https:\\\/\\\/thermolife.pl\\\/#organization\",\"name\":\"Zamel\",\"url\":\"https:\\\/\\\/thermolife.pl\\\/\",\"logo\":{\"@type\":\"ImageObject\",\"inLanguage\":\"en-US\",\"@id\":\"https:\\\/\\\/thermolife.pl\\\/#\\\/schema\\\/logo\\\/image\\\/\",\"url\":\"https:\\\/\\\/thermolife.pl\\\/wp-content\\\/uploads\\\/2025\\\/07\\\/logo.svg\",\"contentUrl\":\"https:\\\/\\\/thermolife.pl\\\/wp-content\\\/uploads\\\/2025\\\/07\\\/logo.svg\",\"caption\":\"Zamel\"},\"image\":{\"@id\":\"https:\\\/\\\/thermolife.pl\\\/#\\\/schema\\\/logo\\\/image\\\/\"}}]}<\/script>\n<!-- \/ Yoast SEO plugin. -->","yoast_head_json":{"title":"Czujnik temperatury natynkowy - Zamel","robots":{"index":"index","follow":"follow","max-snippet":"max-snippet:-1","max-image-preview":"max-image-preview:large","max-video-preview":"max-video-preview:-1"},"canonical":"https:\/\/thermolife.pl\/en\/akcesoria\/pozostale\/czujnik-temperatury-natynkowy\/","og_locale":"en_US","og_type":"article","og_title":"Czujnik temperatury natynkowy - Zamel","og_description":"Czujnik temperatury NTS-01 wsp\u00f3\u0142pracuje z regulatorami temperatury, kt\u00f3re maj\u0105 mo\u017cliwo\u015b\u0107 pod\u0142\u0105czenia sondy zewn\u0119trznej NTC 10k. Przeznaczony jest do monta\u017cu natynkowego. Specjalnie zaprojektowana obudowa zapewnia dobr\u0105 cyrkulacj\u0119 powietrza w pobli\u017cu czujnika. Przek\u0142ada si\u0119 to na dok\u0142adno\u015b\u0107 pomiaru temperatury i gwarantuje mo\u017cliwie szybki czas odpowiedzi czujnika na zmiany temperatury (ma\u0142a bezw\u0142adno\u015b\u0107) Czujnik\u00f3w NTS-01 nie nale\u017cy \u0142\u0105czy\u0107 ze...","og_url":"https:\/\/thermolife.pl\/en\/akcesoria\/pozostale\/czujnik-temperatury-natynkowy\/","og_site_name":"Zamel","article_modified_time":"2025-08-20T10:09:22+00:00","og_image":[{"width":360,"height":360,"url":"https:\/\/thermolife.pl\/wp-content\/uploads\/2025\/08\/czujnik-temperatury-ntc-natynkowy-typ-nts-01-6.png","type":"image\/png"}],"twitter_card":"summary_large_image","twitter_misc":{"Est. reading time":"1 minute"},"schema":{"@context":"https:\/\/schema.org","@graph":[{"@type":"WebPage","@id":"https:\/\/thermolife.pl\/akcesoria\/pozostale\/czujnik-temperatury-natynkowy\/","url":"https:\/\/thermolife.pl\/akcesoria\/pozostale\/czujnik-temperatury-natynkowy\/","name":"Czujnik temperatury natynkowy - Zamel","isPartOf":{"@id":"https:\/\/thermolife.pl\/#website"},"primaryImageOfPage":{"@id":"https:\/\/thermolife.pl\/akcesoria\/pozostale\/czujnik-temperatury-natynkowy\/#primaryimage"},"image":{"@id":"https:\/\/thermolife.pl\/akcesoria\/pozostale\/czujnik-temperatury-natynkowy\/#primaryimage"},"thumbnailUrl":"https:\/\/thermolife.pl\/wp-content\/uploads\/2025\/08\/czujnik-temperatury-ntc-natynkowy-typ-nts-01-6.png","datePublished":"2025-08-05T13:46:34+00:00","dateModified":"2025-08-20T10:09:22+00:00","breadcrumb":{"@id":"https:\/\/thermolife.pl\/akcesoria\/pozostale\/czujnik-temperatury-natynkowy\/#breadcrumb"},"inLanguage":"en-US","potentialAction":[{"@type":"ReadAction","target":["https:\/\/thermolife.pl\/akcesoria\/pozostale\/czujnik-temperatury-natynkowy\/"]}]},{"@type":"ImageObject","inLanguage":"en-US","@id":"https:\/\/thermolife.pl\/akcesoria\/pozostale\/czujnik-temperatury-natynkowy\/#primaryimage","url":"https:\/\/thermolife.pl\/wp-content\/uploads\/2025\/08\/czujnik-temperatury-ntc-natynkowy-typ-nts-01-6.png","contentUrl":"https:\/\/thermolife.pl\/wp-content\/uploads\/2025\/08\/czujnik-temperatury-ntc-natynkowy-typ-nts-01-6.png","width":360,"height":360},{"@type":"BreadcrumbList","@id":"https:\/\/thermolife.pl\/akcesoria\/pozostale\/czujnik-temperatury-natynkowy\/#breadcrumb","itemListElement":[{"@type":"ListItem","position":1,"name":"Strona g\u0142\u00f3wna","item":"https:\/\/thermolife.pl\/"},{"@type":"ListItem","position":2,"name":"Produkty","item":"https:\/\/thermolife.pl\/produkty\/"},{"@type":"ListItem","position":3,"name":"Sterowanie kot\u0142em","item":"https:\/\/thermolife.pl\/sterowanie-kotlem\/"},{"@type":"ListItem","position":4,"name":"Akcesoria","item":"https:\/\/thermolife.pl\/sterowanie-kotlem\/akcesoria-sterowanie-kotlem\/"},{"@type":"ListItem","position":5,"name":"Czujnik temperatury natynkowy"}]},{"@type":"WebSite","@id":"https:\/\/thermolife.pl\/#website","url":"https:\/\/thermolife.pl\/","name":"Zamel","description":"Systemy sterowania ogrzewaniem","publisher":{"@id":"https:\/\/thermolife.pl\/#organization"},"potentialAction":[{"@type":"SearchAction","target":{"@type":"EntryPoint","urlTemplate":"https:\/\/thermolife.pl\/?s={search_term_string}"},"query-input":{"@type":"PropertyValueSpecification","valueRequired":true,"valueName":"search_term_string"}}],"inLanguage":"en-US"},{"@type":"Organization","@id":"https:\/\/thermolife.pl\/#organization","name":"Zamel","url":"https:\/\/thermolife.pl\/","logo":{"@type":"ImageObject","inLanguage":"en-US","@id":"https:\/\/thermolife.pl\/#\/schema\/logo\/image\/","url":"https:\/\/thermolife.pl\/wp-content\/uploads\/2025\/07\/logo.svg","contentUrl":"https:\/\/thermolife.pl\/wp-content\/uploads\/2025\/07\/logo.svg","caption":"Zamel"},"image":{"@id":"https:\/\/thermolife.pl\/#\/schema\/logo\/image\/"}}]}},"taxonomy_info":{"product_cat":[{"value":24,"label":"Akcesoria"},{"value":49,"label":"Akcesoria"},{"value":52,"label":"Pozosta\u0142e"},{"value":23,"label":"Sterowanie kot\u0142em"}]},"featured_image_src_large":["https:\/\/thermolife.pl\/wp-content\/uploads\/2025\/08\/czujnik-temperatury-ntc-natynkowy-typ-nts-01-6.png",360,360,false],"author_info":[],"comment_info":0,"_links":{"self":[{"href":"https:\/\/thermolife.pl\/en\/wp-json\/wp\/v2\/product\/993","targetHints":{"allow":["GET"]}}],"collection":[{"href":"https:\/\/thermolife.pl\/en\/wp-json\/wp\/v2\/product"}],"about":[{"href":"https:\/\/thermolife.pl\/en\/wp-json\/wp\/v2\/types\/product"}],"replies":[{"embeddable":true,"href":"https:\/\/thermolife.pl\/en\/wp-json\/wp\/v2\/comments?post=993"}],"wp:featuredmedia":[{"embeddable":true,"href":"https:\/\/thermolife.pl\/en\/wp-json\/wp\/v2\/media\/1478"}],"wp:attachment":[{"href":"https:\/\/thermolife.pl\/en\/wp-json\/wp\/v2\/media?parent=993"}],"wp:term":[{"taxonomy":"product_brand","embeddable":true,"href":"https:\/\/thermolife.pl\/en\/wp-json\/wp\/v2\/product_brand?post=993"},{"taxonomy":"product_cat","embeddable":true,"href":"https:\/\/thermolife.pl\/en\/wp-json\/wp\/v2\/product_cat?post=993"},{"taxonomy":"product_tag","embeddable":true,"href":"https:\/\/thermolife.pl\/en\/wp-json\/wp\/v2\/product_tag?post=993"}],"curies":[{"name":"wp","href":"https:\/\/api.w.org\/{rel}","templated":true}]}}