{"id":992,"date":"2025-08-05T15:46:34","date_gmt":"2025-08-05T13:46:34","guid":{"rendered":"https:\/\/thermolife.pl\/bez-kategorii\/mata-grzejna-jednostronnie-zasilana-150-w-m%c2%b2\/"},"modified":"2025-08-26T08:38:30","modified_gmt":"2025-08-26T06:38:30","slug":"mata-grzejna-jednostronnie-zasilana-150-w-m%c2%b2","status":"publish","type":"product","link":"https:\/\/thermolife.pl\/en\/ogrzewanie-podlogowe-elektryczne\/maty-i-folie-grzejne\/mata-grzejna-jednostronnie-zasilana-150-w-m%c2%b2\/","title":{"rendered":"Mata grzejna jednostronnie zasilana 150 W\/m\u00b2"},"content":{"rendered":"<p>Maty grzejne jednostronnie zasilane MOJ 150W\/m2 przeznaczone s\u0105 do ogrzewania pod\u0142\u00f3g wykonanych z cienkich wylewek betonowych pokrytych p\u0142ytkami. Zadaniem ich jest dogrzewanie posadzki czyli zapewnienie efektu \u201eciep\u0142ej pod\u0142ogi\u201d przekazuj\u0105cej ciep\u0142o do pomieszczenia. W obiektach o dobrych parametrach cieplnych maty oddaj\u0105ce ciep\u0142o do pomieszczenia, mog\u0105 pe\u0142ni\u0107 rol\u0119 podstawowego systemu grzewczego.<\/p>","protected":false},"excerpt":{"rendered":"<p>Maty grzejne jednostronnie zasilane MOJ 150W\/m2 przeznaczone s\u0105 do ogrzewania pod\u0142\u00f3g wykonanych z cienkich wylewek betonowych pokrytych p\u0142ytkami. Zadaniem ich jest dogrzewanie posadzki czyli zapewnienie efektu \u201eciep\u0142ej pod\u0142ogi\u201d przekazuj\u0105cej ciep\u0142o do pomieszczenia. W obiektach o dobrych parametrach cieplnych maty oddaj\u0105ce ciep\u0142o do pomieszczenia, mog\u0105 pe\u0142ni\u0107 rol\u0119 podstawowego systemu grzewczego.<\/p>","protected":false},"featured_media":1474,"comment_status":"closed","ping_status":"closed","template":"","meta":{"_acf_changed":false,"_kad_blocks_custom_css":"","_kad_blocks_head_custom_js":"","_kad_blocks_body_custom_js":"","_kad_blocks_footer_custom_js":"","_kad_post_transparent":"default","_kad_post_title":"","_kad_post_layout":"default","_kad_post_sidebar_id":"","_kad_post_content_style":"default","_kad_post_vertical_padding":"default","_kad_post_feature":"","_kad_post_feature_position":"","_kad_post_header":false,"_kad_post_footer":false},"product_brand":[],"product_cat":[43,20],"product_tag":[],"class_list":{"0":"post-992","1":"product","2":"type-product","3":"status-publish","4":"has-post-thumbnail","6":"product_cat-maty-i-folie-grzejne","7":"product_cat-ogrzewanie-podlogowe-elektryczne","9":"first","10":"instock","11":"product-type-simple","12":"entry","13":"content-bg","14":"loop-entry"},"acf":[],"yoast_head":"<!-- This site is optimized with the Yoast SEO plugin v27.5 - https:\/\/yoast.com\/product\/yoast-seo-wordpress\/ -->\n<title>Mata grzejna jednostronnie zasilana 150 W\/m\u00b2 - Zamel<\/title>\n<meta name=\"robots\" content=\"index, follow, max-snippet:-1, max-image-preview:large, max-video-preview:-1\" \/>\n<link rel=\"canonical\" href=\"https:\/\/thermolife.pl\/en\/ogrzewanie-podlogowe-elektryczne\/maty-i-folie-grzejne\/mata-grzejna-jednostronnie-zasilana-150-w-m\u00b2\/\" \/>\n<meta property=\"og:locale\" content=\"en_US\" \/>\n<meta property=\"og:type\" content=\"article\" \/>\n<meta property=\"og:title\" content=\"Mata grzejna jednostronnie zasilana 150 W\/m\u00b2 - Zamel\" \/>\n<meta property=\"og:description\" content=\"Maty grzejne jednostronnie zasilane MOJ 150W\/m2 przeznaczone s\u0105 do ogrzewania pod\u0142\u00f3g wykonanych z cienkich wylewek betonowych pokrytych p\u0142ytkami. Zadaniem ich jest dogrzewanie posadzki czyli zapewnienie efektu \u201eciep\u0142ej pod\u0142ogi\u201d przekazuj\u0105cej ciep\u0142o do pomieszczenia. W obiektach o dobrych parametrach cieplnych maty oddaj\u0105ce ciep\u0142o do pomieszczenia, mog\u0105 pe\u0142ni\u0107 rol\u0119 podstawowego systemu grzewczego.\" \/>\n<meta property=\"og:url\" content=\"https:\/\/thermolife.pl\/en\/ogrzewanie-podlogowe-elektryczne\/maty-i-folie-grzejne\/mata-grzejna-jednostronnie-zasilana-150-w-m\u00b2\/\" \/>\n<meta property=\"og:site_name\" content=\"Zamel\" \/>\n<meta property=\"article:modified_time\" content=\"2025-08-26T06:38:30+00:00\" \/>\n<meta property=\"og:image\" content=\"https:\/\/thermolife.pl\/wp-content\/uploads\/2025\/08\/mata-grzejna-jednostronnie-zasilana-150wm2-typ-moj-10-1.png\" \/>\n\t<meta property=\"og:image:width\" content=\"360\" \/>\n\t<meta property=\"og:image:height\" content=\"360\" \/>\n\t<meta property=\"og:image:type\" content=\"image\/png\" \/>\n<meta name=\"twitter:card\" content=\"summary_large_image\" \/>\n<meta name=\"twitter:label1\" content=\"Est. reading time\" \/>\n\t<meta name=\"twitter:data1\" content=\"1 minute\" \/>\n<script type=\"application\/ld+json\" class=\"yoast-schema-graph\">{\"@context\":\"https:\\\/\\\/schema.org\",\"@graph\":[{\"@type\":\"WebPage\",\"@id\":\"https:\\\/\\\/thermolife.pl\\\/ogrzewanie-podlogowe-elektryczne\\\/maty-i-folie-grzejne\\\/mata-grzejna-jednostronnie-zasilana-150-w-m%c2%b2\\\/\",\"url\":\"https:\\\/\\\/thermolife.pl\\\/ogrzewanie-podlogowe-elektryczne\\\/maty-i-folie-grzejne\\\/mata-grzejna-jednostronnie-zasilana-150-w-m%c2%b2\\\/\",\"name\":\"Mata grzejna jednostronnie zasilana 150 W\\\/m\u00b2 - Zamel\",\"isPartOf\":{\"@id\":\"https:\\\/\\\/thermolife.pl\\\/#website\"},\"primaryImageOfPage\":{\"@id\":\"https:\\\/\\\/thermolife.pl\\\/ogrzewanie-podlogowe-elektryczne\\\/maty-i-folie-grzejne\\\/mata-grzejna-jednostronnie-zasilana-150-w-m%c2%b2\\\/#primaryimage\"},\"image\":{\"@id\":\"https:\\\/\\\/thermolife.pl\\\/ogrzewanie-podlogowe-elektryczne\\\/maty-i-folie-grzejne\\\/mata-grzejna-jednostronnie-zasilana-150-w-m%c2%b2\\\/#primaryimage\"},\"thumbnailUrl\":\"https:\\\/\\\/thermolife.pl\\\/wp-content\\\/uploads\\\/2025\\\/08\\\/mata-grzejna-jednostronnie-zasilana-150wm2-typ-moj-10-1.png\",\"datePublished\":\"2025-08-05T13:46:34+00:00\",\"dateModified\":\"2025-08-26T06:38:30+00:00\",\"breadcrumb\":{\"@id\":\"https:\\\/\\\/thermolife.pl\\\/ogrzewanie-podlogowe-elektryczne\\\/maty-i-folie-grzejne\\\/mata-grzejna-jednostronnie-zasilana-150-w-m%c2%b2\\\/#breadcrumb\"},\"inLanguage\":\"en-US\",\"potentialAction\":[{\"@type\":\"ReadAction\",\"target\":[\"https:\\\/\\\/thermolife.pl\\\/ogrzewanie-podlogowe-elektryczne\\\/maty-i-folie-grzejne\\\/mata-grzejna-jednostronnie-zasilana-150-w-m%c2%b2\\\/\"]}]},{\"@type\":\"ImageObject\",\"inLanguage\":\"en-US\",\"@id\":\"https:\\\/\\\/thermolife.pl\\\/ogrzewanie-podlogowe-elektryczne\\\/maty-i-folie-grzejne\\\/mata-grzejna-jednostronnie-zasilana-150-w-m%c2%b2\\\/#primaryimage\",\"url\":\"https:\\\/\\\/thermolife.pl\\\/wp-content\\\/uploads\\\/2025\\\/08\\\/mata-grzejna-jednostronnie-zasilana-150wm2-typ-moj-10-1.png\",\"contentUrl\":\"https:\\\/\\\/thermolife.pl\\\/wp-content\\\/uploads\\\/2025\\\/08\\\/mata-grzejna-jednostronnie-zasilana-150wm2-typ-moj-10-1.png\",\"width\":360,\"height\":360},{\"@type\":\"BreadcrumbList\",\"@id\":\"https:\\\/\\\/thermolife.pl\\\/ogrzewanie-podlogowe-elektryczne\\\/maty-i-folie-grzejne\\\/mata-grzejna-jednostronnie-zasilana-150-w-m%c2%b2\\\/#breadcrumb\",\"itemListElement\":[{\"@type\":\"ListItem\",\"position\":1,\"name\":\"Strona g\u0142\u00f3wna\",\"item\":\"https:\\\/\\\/thermolife.pl\\\/\"},{\"@type\":\"ListItem\",\"position\":2,\"name\":\"Produkty\",\"item\":\"https:\\\/\\\/thermolife.pl\\\/produkty\\\/\"},{\"@type\":\"ListItem\",\"position\":3,\"name\":\"Sterowanie ogrzewaniem pod\u0142ogowym elektrycznym\",\"item\":\"https:\\\/\\\/thermolife.pl\\\/ogrzewanie-podlogowe-elektryczne\\\/\"},{\"@type\":\"ListItem\",\"position\":4,\"name\":\"Maty i folie grzejne\",\"item\":\"https:\\\/\\\/thermolife.pl\\\/ogrzewanie-podlogowe-elektryczne\\\/maty-i-folie-grzejne\\\/\"},{\"@type\":\"ListItem\",\"position\":5,\"name\":\"Mata grzejna jednostronnie zasilana 150 W\\\/m\u00b2\"}]},{\"@type\":\"WebSite\",\"@id\":\"https:\\\/\\\/thermolife.pl\\\/#website\",\"url\":\"https:\\\/\\\/thermolife.pl\\\/\",\"name\":\"Zamel\",\"description\":\"Systemy sterowania ogrzewaniem\",\"publisher\":{\"@id\":\"https:\\\/\\\/thermolife.pl\\\/#organization\"},\"potentialAction\":[{\"@type\":\"SearchAction\",\"target\":{\"@type\":\"EntryPoint\",\"urlTemplate\":\"https:\\\/\\\/thermolife.pl\\\/?s={search_term_string}\"},\"query-input\":{\"@type\":\"PropertyValueSpecification\",\"valueRequired\":true,\"valueName\":\"search_term_string\"}}],\"inLanguage\":\"en-US\"},{\"@type\":\"Organization\",\"@id\":\"https:\\\/\\\/thermolife.pl\\\/#organization\",\"name\":\"Zamel\",\"url\":\"https:\\\/\\\/thermolife.pl\\\/\",\"logo\":{\"@type\":\"ImageObject\",\"inLanguage\":\"en-US\",\"@id\":\"https:\\\/\\\/thermolife.pl\\\/#\\\/schema\\\/logo\\\/image\\\/\",\"url\":\"https:\\\/\\\/thermolife.pl\\\/wp-content\\\/uploads\\\/2025\\\/07\\\/logo.svg\",\"contentUrl\":\"https:\\\/\\\/thermolife.pl\\\/wp-content\\\/uploads\\\/2025\\\/07\\\/logo.svg\",\"caption\":\"Zamel\"},\"image\":{\"@id\":\"https:\\\/\\\/thermolife.pl\\\/#\\\/schema\\\/logo\\\/image\\\/\"}}]}<\/script>\n<!-- \/ Yoast SEO plugin. -->","yoast_head_json":{"title":"Mata grzejna jednostronnie zasilana 150 W\/m\u00b2 - Zamel","robots":{"index":"index","follow":"follow","max-snippet":"max-snippet:-1","max-image-preview":"max-image-preview:large","max-video-preview":"max-video-preview:-1"},"canonical":"https:\/\/thermolife.pl\/en\/ogrzewanie-podlogowe-elektryczne\/maty-i-folie-grzejne\/mata-grzejna-jednostronnie-zasilana-150-w-m\u00b2\/","og_locale":"en_US","og_type":"article","og_title":"Mata grzejna jednostronnie zasilana 150 W\/m\u00b2 - Zamel","og_description":"Maty grzejne jednostronnie zasilane MOJ 150W\/m2 przeznaczone s\u0105 do ogrzewania pod\u0142\u00f3g wykonanych z cienkich wylewek betonowych pokrytych p\u0142ytkami. Zadaniem ich jest dogrzewanie posadzki czyli zapewnienie efektu \u201eciep\u0142ej pod\u0142ogi\u201d przekazuj\u0105cej ciep\u0142o do pomieszczenia. W obiektach o dobrych parametrach cieplnych maty oddaj\u0105ce ciep\u0142o do pomieszczenia, mog\u0105 pe\u0142ni\u0107 rol\u0119 podstawowego systemu grzewczego.","og_url":"https:\/\/thermolife.pl\/en\/ogrzewanie-podlogowe-elektryczne\/maty-i-folie-grzejne\/mata-grzejna-jednostronnie-zasilana-150-w-m\u00b2\/","og_site_name":"Zamel","article_modified_time":"2025-08-26T06:38:30+00:00","og_image":[{"width":360,"height":360,"url":"https:\/\/thermolife.pl\/wp-content\/uploads\/2025\/08\/mata-grzejna-jednostronnie-zasilana-150wm2-typ-moj-10-1.png","type":"image\/png"}],"twitter_card":"summary_large_image","twitter_misc":{"Est. reading time":"1 minute"},"schema":{"@context":"https:\/\/schema.org","@graph":[{"@type":"WebPage","@id":"https:\/\/thermolife.pl\/ogrzewanie-podlogowe-elektryczne\/maty-i-folie-grzejne\/mata-grzejna-jednostronnie-zasilana-150-w-m%c2%b2\/","url":"https:\/\/thermolife.pl\/ogrzewanie-podlogowe-elektryczne\/maty-i-folie-grzejne\/mata-grzejna-jednostronnie-zasilana-150-w-m%c2%b2\/","name":"Mata grzejna jednostronnie zasilana 150 W\/m\u00b2 - Zamel","isPartOf":{"@id":"https:\/\/thermolife.pl\/#website"},"primaryImageOfPage":{"@id":"https:\/\/thermolife.pl\/ogrzewanie-podlogowe-elektryczne\/maty-i-folie-grzejne\/mata-grzejna-jednostronnie-zasilana-150-w-m%c2%b2\/#primaryimage"},"image":{"@id":"https:\/\/thermolife.pl\/ogrzewanie-podlogowe-elektryczne\/maty-i-folie-grzejne\/mata-grzejna-jednostronnie-zasilana-150-w-m%c2%b2\/#primaryimage"},"thumbnailUrl":"https:\/\/thermolife.pl\/wp-content\/uploads\/2025\/08\/mata-grzejna-jednostronnie-zasilana-150wm2-typ-moj-10-1.png","datePublished":"2025-08-05T13:46:34+00:00","dateModified":"2025-08-26T06:38:30+00:00","breadcrumb":{"@id":"https:\/\/thermolife.pl\/ogrzewanie-podlogowe-elektryczne\/maty-i-folie-grzejne\/mata-grzejna-jednostronnie-zasilana-150-w-m%c2%b2\/#breadcrumb"},"inLanguage":"en-US","potentialAction":[{"@type":"ReadAction","target":["https:\/\/thermolife.pl\/ogrzewanie-podlogowe-elektryczne\/maty-i-folie-grzejne\/mata-grzejna-jednostronnie-zasilana-150-w-m%c2%b2\/"]}]},{"@type":"ImageObject","inLanguage":"en-US","@id":"https:\/\/thermolife.pl\/ogrzewanie-podlogowe-elektryczne\/maty-i-folie-grzejne\/mata-grzejna-jednostronnie-zasilana-150-w-m%c2%b2\/#primaryimage","url":"https:\/\/thermolife.pl\/wp-content\/uploads\/2025\/08\/mata-grzejna-jednostronnie-zasilana-150wm2-typ-moj-10-1.png","contentUrl":"https:\/\/thermolife.pl\/wp-content\/uploads\/2025\/08\/mata-grzejna-jednostronnie-zasilana-150wm2-typ-moj-10-1.png","width":360,"height":360},{"@type":"BreadcrumbList","@id":"https:\/\/thermolife.pl\/ogrzewanie-podlogowe-elektryczne\/maty-i-folie-grzejne\/mata-grzejna-jednostronnie-zasilana-150-w-m%c2%b2\/#breadcrumb","itemListElement":[{"@type":"ListItem","position":1,"name":"Strona g\u0142\u00f3wna","item":"https:\/\/thermolife.pl\/"},{"@type":"ListItem","position":2,"name":"Produkty","item":"https:\/\/thermolife.pl\/produkty\/"},{"@type":"ListItem","position":3,"name":"Sterowanie ogrzewaniem pod\u0142ogowym elektrycznym","item":"https:\/\/thermolife.pl\/ogrzewanie-podlogowe-elektryczne\/"},{"@type":"ListItem","position":4,"name":"Maty i folie grzejne","item":"https:\/\/thermolife.pl\/ogrzewanie-podlogowe-elektryczne\/maty-i-folie-grzejne\/"},{"@type":"ListItem","position":5,"name":"Mata grzejna jednostronnie zasilana 150 W\/m\u00b2"}]},{"@type":"WebSite","@id":"https:\/\/thermolife.pl\/#website","url":"https:\/\/thermolife.pl\/","name":"Zamel","description":"Systemy sterowania ogrzewaniem","publisher":{"@id":"https:\/\/thermolife.pl\/#organization"},"potentialAction":[{"@type":"SearchAction","target":{"@type":"EntryPoint","urlTemplate":"https:\/\/thermolife.pl\/?s={search_term_string}"},"query-input":{"@type":"PropertyValueSpecification","valueRequired":true,"valueName":"search_term_string"}}],"inLanguage":"en-US"},{"@type":"Organization","@id":"https:\/\/thermolife.pl\/#organization","name":"Zamel","url":"https:\/\/thermolife.pl\/","logo":{"@type":"ImageObject","inLanguage":"en-US","@id":"https:\/\/thermolife.pl\/#\/schema\/logo\/image\/","url":"https:\/\/thermolife.pl\/wp-content\/uploads\/2025\/07\/logo.svg","contentUrl":"https:\/\/thermolife.pl\/wp-content\/uploads\/2025\/07\/logo.svg","caption":"Zamel"},"image":{"@id":"https:\/\/thermolife.pl\/#\/schema\/logo\/image\/"}}]}},"taxonomy_info":{"product_cat":[{"value":43,"label":"Maty i folie grzejne"},{"value":20,"label":"Sterowanie ogrzewaniem pod\u0142ogowym elektrycznym"}]},"featured_image_src_large":["https:\/\/thermolife.pl\/wp-content\/uploads\/2025\/08\/mata-grzejna-jednostronnie-zasilana-150wm2-typ-moj-10-1.png",360,360,false],"author_info":[],"comment_info":0,"_links":{"self":[{"href":"https:\/\/thermolife.pl\/en\/wp-json\/wp\/v2\/product\/992","targetHints":{"allow":["GET"]}}],"collection":[{"href":"https:\/\/thermolife.pl\/en\/wp-json\/wp\/v2\/product"}],"about":[{"href":"https:\/\/thermolife.pl\/en\/wp-json\/wp\/v2\/types\/product"}],"replies":[{"embeddable":true,"href":"https:\/\/thermolife.pl\/en\/wp-json\/wp\/v2\/comments?post=992"}],"wp:featuredmedia":[{"embeddable":true,"href":"https:\/\/thermolife.pl\/en\/wp-json\/wp\/v2\/media\/1474"}],"wp:attachment":[{"href":"https:\/\/thermolife.pl\/en\/wp-json\/wp\/v2\/media?parent=992"}],"wp:term":[{"taxonomy":"product_brand","embeddable":true,"href":"https:\/\/thermolife.pl\/en\/wp-json\/wp\/v2\/product_brand?post=992"},{"taxonomy":"product_cat","embeddable":true,"href":"https:\/\/thermolife.pl\/en\/wp-json\/wp\/v2\/product_cat?post=992"},{"taxonomy":"product_tag","embeddable":true,"href":"https:\/\/thermolife.pl\/en\/wp-json\/wp\/v2\/product_tag?post=992"}],"curies":[{"name":"wp","href":"https:\/\/api.w.org\/{rel}","templated":true}]}}