{"id":984,"date":"2025-08-05T15:46:34","date_gmt":"2025-08-05T13:46:34","guid":{"rendered":"https:\/\/thermolife.pl\/bez-kategorii\/bezprzewodowy-zestaw-do-sterowania-z-regulatorem-prostym\/"},"modified":"2025-10-31T13:57:32","modified_gmt":"2025-10-31T12:57:32","slug":"bezprzewodowy-zestaw-do-sterowania-z-regulatorem-prostym","status":"publish","type":"product","link":"https:\/\/thermolife.pl\/en\/inteligentny-dom\/bezprzewodowy-zestaw-do-sterowania-z-regulatorem-prostym\/","title":{"rendered":"Bezprzewodowy zestaw do sterowania z regulatorem prostym"},"content":{"rendered":"<p>Zestaw LTS-21 umo\u017cliwia bezprzewodowe sterowania dowolnym urz\u0105dzeniem grzewczym lub pomp\u0105. Sk\u0142ada si\u0119 z radiowego regulatora bateryjnego prostego LBW-21 oraz odbiornika regulatora LOT-21. Regulator kontroluje temperatur\u0119 w pomieszczeniu w oparciu o jedn\u0105 temperatur\u0119 zadan\u0105. Informacja o potrzebie w\u0142\u0105czenia \/ wy\u0142\u0105czenia urz\u0105dzenia grzewczego lub pompy jest przesy\u0142ana drog\u0105 radiow\u0105 do odbiornika LOT-21, kt\u00f3ry fizycznie realizuje funkcj\u0119 sterowania. Zestaw przy wsp\u00f3\u0142pracy z kontrolerem EFC-01 mo\u017cna obs\u0142ugiwa\u0107 poprzez aplikacj\u0119 mobiln\u0105 Exta Life.<\/p>","protected":false},"excerpt":{"rendered":"<p>Zestaw LTS-21 umo\u017cliwia bezprzewodowe sterowania dowolnym urz\u0105dzeniem grzewczym lub pomp\u0105. Sk\u0142ada si\u0119 z radiowego regulatora bateryjnego prostego LBW-21 oraz odbiornika regulatora LOT-21. Regulator kontroluje temperatur\u0119 w pomieszczeniu w oparciu o jedn\u0105 temperatur\u0119 zadan\u0105. Informacja o potrzebie w\u0142\u0105czenia \/ wy\u0142\u0105czenia urz\u0105dzenia grzewczego lub pompy jest przesy\u0142ana drog\u0105 radiow\u0105 do odbiornika LOT-21, kt\u00f3ry fizycznie realizuje funkcj\u0119 sterowania&#8230;.<\/p>","protected":false},"featured_media":1810,"comment_status":"closed","ping_status":"closed","template":"","meta":{"_acf_changed":false,"_kad_blocks_custom_css":"","_kad_blocks_head_custom_js":"","_kad_blocks_body_custom_js":"","_kad_blocks_footer_custom_js":"","_kad_post_transparent":"default","_kad_post_title":"","_kad_post_layout":"default","_kad_post_sidebar_id":"","_kad_post_content_style":"default","_kad_post_vertical_padding":"default","_kad_post_feature":"","_kad_post_feature_position":"","_kad_post_header":false,"_kad_post_footer":false},"product_brand":[],"product_cat":[46,32,18,23,170],"product_tag":[],"class_list":{"0":"post-984","1":"product","2":"type-product","3":"status-publish","4":"has-post-thumbnail","6":"product_cat-bezprzewodowe-sterowanie-kotlem","7":"product_cat-ogrzewanie","8":"product_cat-inteligentny-dom","9":"product_cat-sterowanie-kotlem","10":"product_cat-system-exta-life","12":"first","13":"instock","14":"product-type-simple","15":"entry","16":"content-bg","17":"loop-entry"},"acf":[],"yoast_head":"<!-- This site is optimized with the Yoast SEO plugin v27.5 - https:\/\/yoast.com\/product\/yoast-seo-wordpress\/ -->\n<title>Bezprzewodowy zestaw do sterowania z regulatorem prostym - Zamel<\/title>\n<meta name=\"robots\" content=\"index, follow, max-snippet:-1, max-image-preview:large, max-video-preview:-1\" \/>\n<link rel=\"canonical\" href=\"https:\/\/thermolife.pl\/en\/inteligentny-dom\/bezprzewodowy-zestaw-do-sterowania-z-regulatorem-prostym\/\" \/>\n<meta property=\"og:locale\" content=\"en_US\" \/>\n<meta property=\"og:type\" content=\"article\" \/>\n<meta property=\"og:title\" content=\"Bezprzewodowy zestaw do sterowania z regulatorem prostym - Zamel\" \/>\n<meta property=\"og:description\" content=\"Zestaw LTS-21 umo\u017cliwia bezprzewodowe sterowania dowolnym urz\u0105dzeniem grzewczym lub pomp\u0105. Sk\u0142ada si\u0119 z radiowego regulatora bateryjnego prostego LBW-21 oraz odbiornika regulatora LOT-21. Regulator kontroluje temperatur\u0119 w pomieszczeniu w oparciu o jedn\u0105 temperatur\u0119 zadan\u0105. Informacja o potrzebie w\u0142\u0105czenia \/ wy\u0142\u0105czenia urz\u0105dzenia grzewczego lub pompy jest przesy\u0142ana drog\u0105 radiow\u0105 do odbiornika LOT-21, kt\u00f3ry fizycznie realizuje funkcj\u0119 sterowania....\" \/>\n<meta property=\"og:url\" content=\"https:\/\/thermolife.pl\/en\/inteligentny-dom\/bezprzewodowy-zestaw-do-sterowania-z-regulatorem-prostym\/\" \/>\n<meta property=\"og:site_name\" content=\"Zamel\" \/>\n<meta property=\"article:modified_time\" content=\"2025-10-31T12:57:32+00:00\" \/>\n<meta property=\"og:image\" content=\"https:\/\/thermolife.pl\/wp-content\/uploads\/2025\/08\/LTS-21.png\" \/>\n\t<meta property=\"og:image:width\" content=\"1200\" \/>\n\t<meta property=\"og:image:height\" content=\"1200\" \/>\n\t<meta property=\"og:image:type\" content=\"image\/png\" \/>\n<meta name=\"twitter:card\" content=\"summary_large_image\" \/>\n<meta name=\"twitter:label1\" content=\"Est. reading time\" \/>\n\t<meta name=\"twitter:data1\" content=\"1 minute\" \/>\n<script type=\"application\/ld+json\" class=\"yoast-schema-graph\">{\"@context\":\"https:\\\/\\\/schema.org\",\"@graph\":[{\"@type\":\"WebPage\",\"@id\":\"https:\\\/\\\/thermolife.pl\\\/inteligentny-dom\\\/bezprzewodowy-zestaw-do-sterowania-z-regulatorem-prostym\\\/\",\"url\":\"https:\\\/\\\/thermolife.pl\\\/inteligentny-dom\\\/bezprzewodowy-zestaw-do-sterowania-z-regulatorem-prostym\\\/\",\"name\":\"Bezprzewodowy zestaw do sterowania z regulatorem prostym - Zamel\",\"isPartOf\":{\"@id\":\"https:\\\/\\\/thermolife.pl\\\/#website\"},\"primaryImageOfPage\":{\"@id\":\"https:\\\/\\\/thermolife.pl\\\/inteligentny-dom\\\/bezprzewodowy-zestaw-do-sterowania-z-regulatorem-prostym\\\/#primaryimage\"},\"image\":{\"@id\":\"https:\\\/\\\/thermolife.pl\\\/inteligentny-dom\\\/bezprzewodowy-zestaw-do-sterowania-z-regulatorem-prostym\\\/#primaryimage\"},\"thumbnailUrl\":\"https:\\\/\\\/thermolife.pl\\\/wp-content\\\/uploads\\\/2025\\\/08\\\/LTS-21.png\",\"datePublished\":\"2025-08-05T13:46:34+00:00\",\"dateModified\":\"2025-10-31T12:57:32+00:00\",\"breadcrumb\":{\"@id\":\"https:\\\/\\\/thermolife.pl\\\/inteligentny-dom\\\/bezprzewodowy-zestaw-do-sterowania-z-regulatorem-prostym\\\/#breadcrumb\"},\"inLanguage\":\"en-US\",\"potentialAction\":[{\"@type\":\"ReadAction\",\"target\":[\"https:\\\/\\\/thermolife.pl\\\/inteligentny-dom\\\/bezprzewodowy-zestaw-do-sterowania-z-regulatorem-prostym\\\/\"]}]},{\"@type\":\"ImageObject\",\"inLanguage\":\"en-US\",\"@id\":\"https:\\\/\\\/thermolife.pl\\\/inteligentny-dom\\\/bezprzewodowy-zestaw-do-sterowania-z-regulatorem-prostym\\\/#primaryimage\",\"url\":\"https:\\\/\\\/thermolife.pl\\\/wp-content\\\/uploads\\\/2025\\\/08\\\/LTS-21.png\",\"contentUrl\":\"https:\\\/\\\/thermolife.pl\\\/wp-content\\\/uploads\\\/2025\\\/08\\\/LTS-21.png\",\"width\":1200,\"height\":1200},{\"@type\":\"BreadcrumbList\",\"@id\":\"https:\\\/\\\/thermolife.pl\\\/inteligentny-dom\\\/bezprzewodowy-zestaw-do-sterowania-z-regulatorem-prostym\\\/#breadcrumb\",\"itemListElement\":[{\"@type\":\"ListItem\",\"position\":1,\"name\":\"Strona g\u0142\u00f3wna\",\"item\":\"https:\\\/\\\/thermolife.pl\\\/\"},{\"@type\":\"ListItem\",\"position\":2,\"name\":\"Produkty\",\"item\":\"https:\\\/\\\/thermolife.pl\\\/produkty\\\/\"},{\"@type\":\"ListItem\",\"position\":3,\"name\":\"Sterowanie inteligentnym domem\",\"item\":\"https:\\\/\\\/thermolife.pl\\\/inteligentny-dom\\\/\"},{\"@type\":\"ListItem\",\"position\":4,\"name\":\"Bezprzewodowy zestaw do sterowania z regulatorem prostym\"}]},{\"@type\":\"WebSite\",\"@id\":\"https:\\\/\\\/thermolife.pl\\\/#website\",\"url\":\"https:\\\/\\\/thermolife.pl\\\/\",\"name\":\"Zamel\",\"description\":\"Systemy sterowania ogrzewaniem\",\"publisher\":{\"@id\":\"https:\\\/\\\/thermolife.pl\\\/#organization\"},\"potentialAction\":[{\"@type\":\"SearchAction\",\"target\":{\"@type\":\"EntryPoint\",\"urlTemplate\":\"https:\\\/\\\/thermolife.pl\\\/?s={search_term_string}\"},\"query-input\":{\"@type\":\"PropertyValueSpecification\",\"valueRequired\":true,\"valueName\":\"search_term_string\"}}],\"inLanguage\":\"en-US\"},{\"@type\":\"Organization\",\"@id\":\"https:\\\/\\\/thermolife.pl\\\/#organization\",\"name\":\"Zamel\",\"url\":\"https:\\\/\\\/thermolife.pl\\\/\",\"logo\":{\"@type\":\"ImageObject\",\"inLanguage\":\"en-US\",\"@id\":\"https:\\\/\\\/thermolife.pl\\\/#\\\/schema\\\/logo\\\/image\\\/\",\"url\":\"https:\\\/\\\/thermolife.pl\\\/wp-content\\\/uploads\\\/2025\\\/07\\\/logo.svg\",\"contentUrl\":\"https:\\\/\\\/thermolife.pl\\\/wp-content\\\/uploads\\\/2025\\\/07\\\/logo.svg\",\"caption\":\"Zamel\"},\"image\":{\"@id\":\"https:\\\/\\\/thermolife.pl\\\/#\\\/schema\\\/logo\\\/image\\\/\"}}]}<\/script>\n<!-- \/ Yoast SEO plugin. -->","yoast_head_json":{"title":"Bezprzewodowy zestaw do sterowania z regulatorem prostym - Zamel","robots":{"index":"index","follow":"follow","max-snippet":"max-snippet:-1","max-image-preview":"max-image-preview:large","max-video-preview":"max-video-preview:-1"},"canonical":"https:\/\/thermolife.pl\/en\/inteligentny-dom\/bezprzewodowy-zestaw-do-sterowania-z-regulatorem-prostym\/","og_locale":"en_US","og_type":"article","og_title":"Bezprzewodowy zestaw do sterowania z regulatorem prostym - Zamel","og_description":"Zestaw LTS-21 umo\u017cliwia bezprzewodowe sterowania dowolnym urz\u0105dzeniem grzewczym lub pomp\u0105. Sk\u0142ada si\u0119 z radiowego regulatora bateryjnego prostego LBW-21 oraz odbiornika regulatora LOT-21. Regulator kontroluje temperatur\u0119 w pomieszczeniu w oparciu o jedn\u0105 temperatur\u0119 zadan\u0105. Informacja o potrzebie w\u0142\u0105czenia \/ wy\u0142\u0105czenia urz\u0105dzenia grzewczego lub pompy jest przesy\u0142ana drog\u0105 radiow\u0105 do odbiornika LOT-21, kt\u00f3ry fizycznie realizuje funkcj\u0119 sterowania....","og_url":"https:\/\/thermolife.pl\/en\/inteligentny-dom\/bezprzewodowy-zestaw-do-sterowania-z-regulatorem-prostym\/","og_site_name":"Zamel","article_modified_time":"2025-10-31T12:57:32+00:00","og_image":[{"width":1200,"height":1200,"url":"https:\/\/thermolife.pl\/wp-content\/uploads\/2025\/08\/LTS-21.png","type":"image\/png"}],"twitter_card":"summary_large_image","twitter_misc":{"Est. reading time":"1 minute"},"schema":{"@context":"https:\/\/schema.org","@graph":[{"@type":"WebPage","@id":"https:\/\/thermolife.pl\/inteligentny-dom\/bezprzewodowy-zestaw-do-sterowania-z-regulatorem-prostym\/","url":"https:\/\/thermolife.pl\/inteligentny-dom\/bezprzewodowy-zestaw-do-sterowania-z-regulatorem-prostym\/","name":"Bezprzewodowy zestaw do sterowania z regulatorem prostym - Zamel","isPartOf":{"@id":"https:\/\/thermolife.pl\/#website"},"primaryImageOfPage":{"@id":"https:\/\/thermolife.pl\/inteligentny-dom\/bezprzewodowy-zestaw-do-sterowania-z-regulatorem-prostym\/#primaryimage"},"image":{"@id":"https:\/\/thermolife.pl\/inteligentny-dom\/bezprzewodowy-zestaw-do-sterowania-z-regulatorem-prostym\/#primaryimage"},"thumbnailUrl":"https:\/\/thermolife.pl\/wp-content\/uploads\/2025\/08\/LTS-21.png","datePublished":"2025-08-05T13:46:34+00:00","dateModified":"2025-10-31T12:57:32+00:00","breadcrumb":{"@id":"https:\/\/thermolife.pl\/inteligentny-dom\/bezprzewodowy-zestaw-do-sterowania-z-regulatorem-prostym\/#breadcrumb"},"inLanguage":"en-US","potentialAction":[{"@type":"ReadAction","target":["https:\/\/thermolife.pl\/inteligentny-dom\/bezprzewodowy-zestaw-do-sterowania-z-regulatorem-prostym\/"]}]},{"@type":"ImageObject","inLanguage":"en-US","@id":"https:\/\/thermolife.pl\/inteligentny-dom\/bezprzewodowy-zestaw-do-sterowania-z-regulatorem-prostym\/#primaryimage","url":"https:\/\/thermolife.pl\/wp-content\/uploads\/2025\/08\/LTS-21.png","contentUrl":"https:\/\/thermolife.pl\/wp-content\/uploads\/2025\/08\/LTS-21.png","width":1200,"height":1200},{"@type":"BreadcrumbList","@id":"https:\/\/thermolife.pl\/inteligentny-dom\/bezprzewodowy-zestaw-do-sterowania-z-regulatorem-prostym\/#breadcrumb","itemListElement":[{"@type":"ListItem","position":1,"name":"Strona g\u0142\u00f3wna","item":"https:\/\/thermolife.pl\/"},{"@type":"ListItem","position":2,"name":"Produkty","item":"https:\/\/thermolife.pl\/produkty\/"},{"@type":"ListItem","position":3,"name":"Sterowanie inteligentnym domem","item":"https:\/\/thermolife.pl\/inteligentny-dom\/"},{"@type":"ListItem","position":4,"name":"Bezprzewodowy zestaw do sterowania z regulatorem prostym"}]},{"@type":"WebSite","@id":"https:\/\/thermolife.pl\/#website","url":"https:\/\/thermolife.pl\/","name":"Zamel","description":"Systemy sterowania ogrzewaniem","publisher":{"@id":"https:\/\/thermolife.pl\/#organization"},"potentialAction":[{"@type":"SearchAction","target":{"@type":"EntryPoint","urlTemplate":"https:\/\/thermolife.pl\/?s={search_term_string}"},"query-input":{"@type":"PropertyValueSpecification","valueRequired":true,"valueName":"search_term_string"}}],"inLanguage":"en-US"},{"@type":"Organization","@id":"https:\/\/thermolife.pl\/#organization","name":"Zamel","url":"https:\/\/thermolife.pl\/","logo":{"@type":"ImageObject","inLanguage":"en-US","@id":"https:\/\/thermolife.pl\/#\/schema\/logo\/image\/","url":"https:\/\/thermolife.pl\/wp-content\/uploads\/2025\/07\/logo.svg","contentUrl":"https:\/\/thermolife.pl\/wp-content\/uploads\/2025\/07\/logo.svg","caption":"Zamel"},"image":{"@id":"https:\/\/thermolife.pl\/#\/schema\/logo\/image\/"}}]}},"taxonomy_info":{"product_cat":[{"value":46,"label":"Bezprzewodowe"},{"value":32,"label":"Ogrzewanie"},{"value":18,"label":"Sterowanie inteligentnym domem"},{"value":23,"label":"Sterowanie kot\u0142em"},{"value":170,"label":"System - EXTA Life"}]},"featured_image_src_large":["https:\/\/thermolife.pl\/wp-content\/uploads\/2025\/08\/LTS-21-1024x1024.png",1024,1024,true],"author_info":[],"comment_info":0,"_links":{"self":[{"href":"https:\/\/thermolife.pl\/en\/wp-json\/wp\/v2\/product\/984","targetHints":{"allow":["GET"]}}],"collection":[{"href":"https:\/\/thermolife.pl\/en\/wp-json\/wp\/v2\/product"}],"about":[{"href":"https:\/\/thermolife.pl\/en\/wp-json\/wp\/v2\/types\/product"}],"replies":[{"embeddable":true,"href":"https:\/\/thermolife.pl\/en\/wp-json\/wp\/v2\/comments?post=984"}],"wp:featuredmedia":[{"embeddable":true,"href":"https:\/\/thermolife.pl\/en\/wp-json\/wp\/v2\/media\/1810"}],"wp:attachment":[{"href":"https:\/\/thermolife.pl\/en\/wp-json\/wp\/v2\/media?parent=984"}],"wp:term":[{"taxonomy":"product_brand","embeddable":true,"href":"https:\/\/thermolife.pl\/en\/wp-json\/wp\/v2\/product_brand?post=984"},{"taxonomy":"product_cat","embeddable":true,"href":"https:\/\/thermolife.pl\/en\/wp-json\/wp\/v2\/product_cat?post=984"},{"taxonomy":"product_tag","embeddable":true,"href":"https:\/\/thermolife.pl\/en\/wp-json\/wp\/v2\/product_tag?post=984"}],"curies":[{"name":"wp","href":"https:\/\/api.w.org\/{rel}","templated":true}]}}