{"id":972,"date":"2025-08-05T15:46:27","date_gmt":"2025-08-05T13:46:27","guid":{"rendered":"https:\/\/thermolife.pl\/bez-kategorii\/bezprzewodowy-regulator-temperatury-tygodniowy-zasilany-bateryjnie\/"},"modified":"2026-05-05T15:18:47","modified_gmt":"2026-05-05T13:18:47","slug":"bezprzewodowy-regulator-temperatury-tygodniowy-zasilany-bateryjnie","status":"publish","type":"product","link":"https:\/\/thermolife.pl\/en\/ogrzewanie-podlogowe\/internetowe\/system-exta-life-internetowe\/bezprzewodowy-regulator-temperatury-tygodniowy-zasilany-bateryjnie\/","title":{"rendered":"Bezprzewodowy regulator temperatury, tygodniowy zasilany bateryjnie"},"content":{"rendered":"<p>LBW-23 to bateryjny regulator temperatury z komunikacj\u0105 bezprzewodow\u0105 opart\u0105 na protokole Exta Life. Przeznaczony jest do monta\u017cu natynkowego lub postawienia w dowolnym miejscu. G\u0142\u00f3wnym zadaniem regulatora jest utrzymywanie sta\u0142ej temperatury w pomieszczeniu w oparciu o harmonogram tygodniowy i cztery zdefiniowane temperatury.<\/p>","protected":false},"excerpt":{"rendered":"<p>LBW-23 to bateryjny regulator temperatury z komunikacj\u0105 bezprzewodow\u0105 opart\u0105 na protokole Exta Life. Przeznaczony jest do monta\u017cu natynkowego lub postawienia w dowolnym miejscu. G\u0142\u00f3wnym zadaniem regulatora jest utrzymywanie sta\u0142ej temperatury w pomieszczeniu w oparciu o harmonogram tygodniowy i cztery zdefiniowane temperatury.<\/p>","protected":false},"featured_media":1797,"comment_status":"closed","ping_status":"closed","template":"","meta":{"_acf_changed":false,"_kad_blocks_custom_css":"","_kad_blocks_head_custom_js":"","_kad_blocks_body_custom_js":"","_kad_blocks_footer_custom_js":"","_kad_post_transparent":"default","_kad_post_title":"","_kad_post_layout":"default","_kad_post_sidebar_id":"","_kad_post_content_style":"default","_kad_post_vertical_padding":"default","_kad_post_feature":"","_kad_post_feature_position":"","_kad_post_header":false,"_kad_post_footer":false},"product_brand":[],"product_cat":[39,38,32,18,21,19,170,173],"product_tag":[],"class_list":{"0":"post-972","1":"product","2":"type-product","3":"status-publish","4":"has-post-thumbnail","6":"product_cat-bezprzewodowe","7":"product_cat-internetowe","8":"product_cat-ogrzewanie","9":"product_cat-inteligentny-dom","10":"product_cat-ogrzewanie-grzejnikowe","11":"product_cat-ogrzewanie-podlogowe","12":"product_cat-system-exta-life","13":"product_cat-system-exta-life-internetowe","15":"first","16":"instock","17":"product-type-simple","18":"entry","19":"content-bg","20":"loop-entry"},"acf":[],"yoast_head":"<!-- This site is optimized with the Yoast SEO plugin v27.5 - https:\/\/yoast.com\/product\/yoast-seo-wordpress\/ -->\n<title>Bezprzewodowy regulator temperatury, tygodniowy zasilany bateryjnie - Zamel<\/title>\n<meta name=\"robots\" content=\"index, follow, max-snippet:-1, max-image-preview:large, max-video-preview:-1\" \/>\n<link rel=\"canonical\" href=\"https:\/\/thermolife.pl\/en\/ogrzewanie-podlogowe\/internetowe\/system-exta-life-internetowe\/bezprzewodowy-regulator-temperatury-tygodniowy-zasilany-bateryjnie\/\" \/>\n<meta property=\"og:locale\" content=\"en_US\" \/>\n<meta property=\"og:type\" content=\"article\" \/>\n<meta property=\"og:title\" content=\"Bezprzewodowy regulator temperatury, tygodniowy zasilany bateryjnie - Zamel\" \/>\n<meta property=\"og:description\" content=\"LBW-23 to bateryjny regulator temperatury z komunikacj\u0105 bezprzewodow\u0105 opart\u0105 na protokole Exta Life. Przeznaczony jest do monta\u017cu natynkowego lub postawienia w dowolnym miejscu. G\u0142\u00f3wnym zadaniem regulatora jest utrzymywanie sta\u0142ej temperatury w pomieszczeniu w oparciu o harmonogram tygodniowy i cztery zdefiniowane temperatury.\" \/>\n<meta property=\"og:url\" content=\"https:\/\/thermolife.pl\/en\/ogrzewanie-podlogowe\/internetowe\/system-exta-life-internetowe\/bezprzewodowy-regulator-temperatury-tygodniowy-zasilany-bateryjnie\/\" \/>\n<meta property=\"og:site_name\" content=\"Zamel\" \/>\n<meta property=\"article:modified_time\" content=\"2026-05-05T13:18:47+00:00\" \/>\n<meta property=\"og:image\" content=\"https:\/\/thermolife.pl\/wp-content\/uploads\/2025\/08\/LPW-23.png\" \/>\n\t<meta property=\"og:image:width\" content=\"1200\" \/>\n\t<meta property=\"og:image:height\" content=\"1200\" \/>\n\t<meta property=\"og:image:type\" content=\"image\/png\" \/>\n<meta name=\"twitter:card\" content=\"summary_large_image\" \/>\n<meta name=\"twitter:label1\" content=\"Est. reading time\" \/>\n\t<meta name=\"twitter:data1\" content=\"1 minute\" \/>\n<script type=\"application\/ld+json\" class=\"yoast-schema-graph\">{\"@context\":\"https:\\\/\\\/schema.org\",\"@graph\":[{\"@type\":\"WebPage\",\"@id\":\"https:\\\/\\\/thermolife.pl\\\/ogrzewanie-podlogowe\\\/internetowe\\\/system-exta-life-internetowe\\\/bezprzewodowy-regulator-temperatury-tygodniowy-zasilany-bateryjnie\\\/\",\"url\":\"https:\\\/\\\/thermolife.pl\\\/ogrzewanie-podlogowe\\\/internetowe\\\/system-exta-life-internetowe\\\/bezprzewodowy-regulator-temperatury-tygodniowy-zasilany-bateryjnie\\\/\",\"name\":\"Bezprzewodowy regulator temperatury, tygodniowy zasilany bateryjnie - Zamel\",\"isPartOf\":{\"@id\":\"https:\\\/\\\/thermolife.pl\\\/#website\"},\"primaryImageOfPage\":{\"@id\":\"https:\\\/\\\/thermolife.pl\\\/ogrzewanie-podlogowe\\\/internetowe\\\/system-exta-life-internetowe\\\/bezprzewodowy-regulator-temperatury-tygodniowy-zasilany-bateryjnie\\\/#primaryimage\"},\"image\":{\"@id\":\"https:\\\/\\\/thermolife.pl\\\/ogrzewanie-podlogowe\\\/internetowe\\\/system-exta-life-internetowe\\\/bezprzewodowy-regulator-temperatury-tygodniowy-zasilany-bateryjnie\\\/#primaryimage\"},\"thumbnailUrl\":\"https:\\\/\\\/thermolife.pl\\\/wp-content\\\/uploads\\\/2025\\\/08\\\/LPW-23.png\",\"datePublished\":\"2025-08-05T13:46:27+00:00\",\"dateModified\":\"2026-05-05T13:18:47+00:00\",\"breadcrumb\":{\"@id\":\"https:\\\/\\\/thermolife.pl\\\/ogrzewanie-podlogowe\\\/internetowe\\\/system-exta-life-internetowe\\\/bezprzewodowy-regulator-temperatury-tygodniowy-zasilany-bateryjnie\\\/#breadcrumb\"},\"inLanguage\":\"en-US\",\"potentialAction\":[{\"@type\":\"ReadAction\",\"target\":[\"https:\\\/\\\/thermolife.pl\\\/ogrzewanie-podlogowe\\\/internetowe\\\/system-exta-life-internetowe\\\/bezprzewodowy-regulator-temperatury-tygodniowy-zasilany-bateryjnie\\\/\"]}]},{\"@type\":\"ImageObject\",\"inLanguage\":\"en-US\",\"@id\":\"https:\\\/\\\/thermolife.pl\\\/ogrzewanie-podlogowe\\\/internetowe\\\/system-exta-life-internetowe\\\/bezprzewodowy-regulator-temperatury-tygodniowy-zasilany-bateryjnie\\\/#primaryimage\",\"url\":\"https:\\\/\\\/thermolife.pl\\\/wp-content\\\/uploads\\\/2025\\\/08\\\/LPW-23.png\",\"contentUrl\":\"https:\\\/\\\/thermolife.pl\\\/wp-content\\\/uploads\\\/2025\\\/08\\\/LPW-23.png\",\"width\":1200,\"height\":1200},{\"@type\":\"BreadcrumbList\",\"@id\":\"https:\\\/\\\/thermolife.pl\\\/ogrzewanie-podlogowe\\\/internetowe\\\/system-exta-life-internetowe\\\/bezprzewodowy-regulator-temperatury-tygodniowy-zasilany-bateryjnie\\\/#breadcrumb\",\"itemListElement\":[{\"@type\":\"ListItem\",\"position\":1,\"name\":\"Strona g\u0142\u00f3wna\",\"item\":\"https:\\\/\\\/thermolife.pl\\\/\"},{\"@type\":\"ListItem\",\"position\":2,\"name\":\"Produkty\",\"item\":\"https:\\\/\\\/thermolife.pl\\\/produkty\\\/\"},{\"@type\":\"ListItem\",\"position\":3,\"name\":\"Sterowanie inteligentnym domem\",\"item\":\"https:\\\/\\\/thermolife.pl\\\/inteligentny-dom\\\/\"},{\"@type\":\"ListItem\",\"position\":4,\"name\":\"Ogrzewanie\",\"item\":\"https:\\\/\\\/thermolife.pl\\\/inteligentny-dom\\\/ogrzewanie\\\/\"},{\"@type\":\"ListItem\",\"position\":5,\"name\":\"System - EXTA Life\",\"item\":\"https:\\\/\\\/thermolife.pl\\\/inteligentny-dom\\\/ogrzewanie\\\/system-exta-life\\\/\"},{\"@type\":\"ListItem\",\"position\":6,\"name\":\"Bezprzewodowy regulator temperatury, tygodniowy zasilany bateryjnie\"}]},{\"@type\":\"WebSite\",\"@id\":\"https:\\\/\\\/thermolife.pl\\\/#website\",\"url\":\"https:\\\/\\\/thermolife.pl\\\/\",\"name\":\"Zamel\",\"description\":\"Systemy sterowania ogrzewaniem\",\"publisher\":{\"@id\":\"https:\\\/\\\/thermolife.pl\\\/#organization\"},\"potentialAction\":[{\"@type\":\"SearchAction\",\"target\":{\"@type\":\"EntryPoint\",\"urlTemplate\":\"https:\\\/\\\/thermolife.pl\\\/?s={search_term_string}\"},\"query-input\":{\"@type\":\"PropertyValueSpecification\",\"valueRequired\":true,\"valueName\":\"search_term_string\"}}],\"inLanguage\":\"en-US\"},{\"@type\":\"Organization\",\"@id\":\"https:\\\/\\\/thermolife.pl\\\/#organization\",\"name\":\"Zamel\",\"url\":\"https:\\\/\\\/thermolife.pl\\\/\",\"logo\":{\"@type\":\"ImageObject\",\"inLanguage\":\"en-US\",\"@id\":\"https:\\\/\\\/thermolife.pl\\\/#\\\/schema\\\/logo\\\/image\\\/\",\"url\":\"https:\\\/\\\/thermolife.pl\\\/wp-content\\\/uploads\\\/2025\\\/07\\\/logo.svg\",\"contentUrl\":\"https:\\\/\\\/thermolife.pl\\\/wp-content\\\/uploads\\\/2025\\\/07\\\/logo.svg\",\"caption\":\"Zamel\"},\"image\":{\"@id\":\"https:\\\/\\\/thermolife.pl\\\/#\\\/schema\\\/logo\\\/image\\\/\"}}]}<\/script>\n<!-- \/ Yoast SEO plugin. -->","yoast_head_json":{"title":"Bezprzewodowy regulator temperatury, tygodniowy zasilany bateryjnie - Zamel","robots":{"index":"index","follow":"follow","max-snippet":"max-snippet:-1","max-image-preview":"max-image-preview:large","max-video-preview":"max-video-preview:-1"},"canonical":"https:\/\/thermolife.pl\/en\/ogrzewanie-podlogowe\/internetowe\/system-exta-life-internetowe\/bezprzewodowy-regulator-temperatury-tygodniowy-zasilany-bateryjnie\/","og_locale":"en_US","og_type":"article","og_title":"Bezprzewodowy regulator temperatury, tygodniowy zasilany bateryjnie - Zamel","og_description":"LBW-23 to bateryjny regulator temperatury z komunikacj\u0105 bezprzewodow\u0105 opart\u0105 na protokole Exta Life. Przeznaczony jest do monta\u017cu natynkowego lub postawienia w dowolnym miejscu. G\u0142\u00f3wnym zadaniem regulatora jest utrzymywanie sta\u0142ej temperatury w pomieszczeniu w oparciu o harmonogram tygodniowy i cztery zdefiniowane temperatury.","og_url":"https:\/\/thermolife.pl\/en\/ogrzewanie-podlogowe\/internetowe\/system-exta-life-internetowe\/bezprzewodowy-regulator-temperatury-tygodniowy-zasilany-bateryjnie\/","og_site_name":"Zamel","article_modified_time":"2026-05-05T13:18:47+00:00","og_image":[{"width":1200,"height":1200,"url":"https:\/\/thermolife.pl\/wp-content\/uploads\/2025\/08\/LPW-23.png","type":"image\/png"}],"twitter_card":"summary_large_image","twitter_misc":{"Est. reading time":"1 minute"},"schema":{"@context":"https:\/\/schema.org","@graph":[{"@type":"WebPage","@id":"https:\/\/thermolife.pl\/ogrzewanie-podlogowe\/internetowe\/system-exta-life-internetowe\/bezprzewodowy-regulator-temperatury-tygodniowy-zasilany-bateryjnie\/","url":"https:\/\/thermolife.pl\/ogrzewanie-podlogowe\/internetowe\/system-exta-life-internetowe\/bezprzewodowy-regulator-temperatury-tygodniowy-zasilany-bateryjnie\/","name":"Bezprzewodowy regulator temperatury, tygodniowy zasilany bateryjnie - Zamel","isPartOf":{"@id":"https:\/\/thermolife.pl\/#website"},"primaryImageOfPage":{"@id":"https:\/\/thermolife.pl\/ogrzewanie-podlogowe\/internetowe\/system-exta-life-internetowe\/bezprzewodowy-regulator-temperatury-tygodniowy-zasilany-bateryjnie\/#primaryimage"},"image":{"@id":"https:\/\/thermolife.pl\/ogrzewanie-podlogowe\/internetowe\/system-exta-life-internetowe\/bezprzewodowy-regulator-temperatury-tygodniowy-zasilany-bateryjnie\/#primaryimage"},"thumbnailUrl":"https:\/\/thermolife.pl\/wp-content\/uploads\/2025\/08\/LPW-23.png","datePublished":"2025-08-05T13:46:27+00:00","dateModified":"2026-05-05T13:18:47+00:00","breadcrumb":{"@id":"https:\/\/thermolife.pl\/ogrzewanie-podlogowe\/internetowe\/system-exta-life-internetowe\/bezprzewodowy-regulator-temperatury-tygodniowy-zasilany-bateryjnie\/#breadcrumb"},"inLanguage":"en-US","potentialAction":[{"@type":"ReadAction","target":["https:\/\/thermolife.pl\/ogrzewanie-podlogowe\/internetowe\/system-exta-life-internetowe\/bezprzewodowy-regulator-temperatury-tygodniowy-zasilany-bateryjnie\/"]}]},{"@type":"ImageObject","inLanguage":"en-US","@id":"https:\/\/thermolife.pl\/ogrzewanie-podlogowe\/internetowe\/system-exta-life-internetowe\/bezprzewodowy-regulator-temperatury-tygodniowy-zasilany-bateryjnie\/#primaryimage","url":"https:\/\/thermolife.pl\/wp-content\/uploads\/2025\/08\/LPW-23.png","contentUrl":"https:\/\/thermolife.pl\/wp-content\/uploads\/2025\/08\/LPW-23.png","width":1200,"height":1200},{"@type":"BreadcrumbList","@id":"https:\/\/thermolife.pl\/ogrzewanie-podlogowe\/internetowe\/system-exta-life-internetowe\/bezprzewodowy-regulator-temperatury-tygodniowy-zasilany-bateryjnie\/#breadcrumb","itemListElement":[{"@type":"ListItem","position":1,"name":"Strona g\u0142\u00f3wna","item":"https:\/\/thermolife.pl\/"},{"@type":"ListItem","position":2,"name":"Produkty","item":"https:\/\/thermolife.pl\/produkty\/"},{"@type":"ListItem","position":3,"name":"Sterowanie inteligentnym domem","item":"https:\/\/thermolife.pl\/inteligentny-dom\/"},{"@type":"ListItem","position":4,"name":"Ogrzewanie","item":"https:\/\/thermolife.pl\/inteligentny-dom\/ogrzewanie\/"},{"@type":"ListItem","position":5,"name":"System - EXTA Life","item":"https:\/\/thermolife.pl\/inteligentny-dom\/ogrzewanie\/system-exta-life\/"},{"@type":"ListItem","position":6,"name":"Bezprzewodowy regulator temperatury, tygodniowy zasilany bateryjnie"}]},{"@type":"WebSite","@id":"https:\/\/thermolife.pl\/#website","url":"https:\/\/thermolife.pl\/","name":"Zamel","description":"Systemy sterowania ogrzewaniem","publisher":{"@id":"https:\/\/thermolife.pl\/#organization"},"potentialAction":[{"@type":"SearchAction","target":{"@type":"EntryPoint","urlTemplate":"https:\/\/thermolife.pl\/?s={search_term_string}"},"query-input":{"@type":"PropertyValueSpecification","valueRequired":true,"valueName":"search_term_string"}}],"inLanguage":"en-US"},{"@type":"Organization","@id":"https:\/\/thermolife.pl\/#organization","name":"Zamel","url":"https:\/\/thermolife.pl\/","logo":{"@type":"ImageObject","inLanguage":"en-US","@id":"https:\/\/thermolife.pl\/#\/schema\/logo\/image\/","url":"https:\/\/thermolife.pl\/wp-content\/uploads\/2025\/07\/logo.svg","contentUrl":"https:\/\/thermolife.pl\/wp-content\/uploads\/2025\/07\/logo.svg","caption":"Zamel"},"image":{"@id":"https:\/\/thermolife.pl\/#\/schema\/logo\/image\/"}}]}},"taxonomy_info":{"product_cat":[{"value":39,"label":"Bezprzewodowe"},{"value":38,"label":"Internetowe"},{"value":32,"label":"Ogrzewanie"},{"value":18,"label":"Sterowanie inteligentnym domem"},{"value":21,"label":"Sterowanie ogrzewaniem grzejnikowym"},{"value":19,"label":"Sterowanie ogrzewaniem pod\u0142ogowym"},{"value":170,"label":"System - EXTA Life"},{"value":173,"label":"System - EXTA Life"}]},"featured_image_src_large":["https:\/\/thermolife.pl\/wp-content\/uploads\/2025\/08\/LPW-23-1024x1024.png",1024,1024,true],"author_info":[],"comment_info":0,"_links":{"self":[{"href":"https:\/\/thermolife.pl\/en\/wp-json\/wp\/v2\/product\/972","targetHints":{"allow":["GET"]}}],"collection":[{"href":"https:\/\/thermolife.pl\/en\/wp-json\/wp\/v2\/product"}],"about":[{"href":"https:\/\/thermolife.pl\/en\/wp-json\/wp\/v2\/types\/product"}],"replies":[{"embeddable":true,"href":"https:\/\/thermolife.pl\/en\/wp-json\/wp\/v2\/comments?post=972"}],"wp:featuredmedia":[{"embeddable":true,"href":"https:\/\/thermolife.pl\/en\/wp-json\/wp\/v2\/media\/1797"}],"wp:attachment":[{"href":"https:\/\/thermolife.pl\/en\/wp-json\/wp\/v2\/media?parent=972"}],"wp:term":[{"taxonomy":"product_brand","embeddable":true,"href":"https:\/\/thermolife.pl\/en\/wp-json\/wp\/v2\/product_brand?post=972"},{"taxonomy":"product_cat","embeddable":true,"href":"https:\/\/thermolife.pl\/en\/wp-json\/wp\/v2\/product_cat?post=972"},{"taxonomy":"product_tag","embeddable":true,"href":"https:\/\/thermolife.pl\/en\/wp-json\/wp\/v2\/product_tag?post=972"}],"curies":[{"name":"wp","href":"https:\/\/api.w.org\/{rel}","templated":true}]}}