{"id":961,"date":"2025-08-05T15:46:20","date_gmt":"2025-08-05T13:46:20","guid":{"rendered":"https:\/\/thermolife.pl\/bez-kategorii\/przewod-grzejny-samoregulujacy-2\/"},"modified":"2025-08-19T15:04:23","modified_gmt":"2025-08-19T13:04:23","slug":"przewod-grzejny-samoregulujacy-2","status":"publish","type":"product","link":"https:\/\/thermolife.pl\/en\/akcesoria\/maty-grzejne-pod-podjazdy-akcesoria\/przewod-grzejny-samoregulujacy-2\/","title":{"rendered":"Przew\u00f3d grzejny samoreguluj\u0105cy"},"content":{"rendered":"<p>Przew\u00f3d grzejny, samoreguluj\u0105cy o mocy grzewczej 17 W\/m i 25 W\/m uzyskiwanej przy temperaturze zewn\u0119trznej + 10\u00b0C. Przew\u00f3d grzejny zasilany jest jednostronnie. Jego w\u0142a\u015bciwo\u015bci pozwalaj\u0105 na docinanie go w dowolnej d\u0142ugo\u015bci. Charakteryzuje si\u0119 tym, \u017ce w miejscach o r\u00f3\u017cnej temperaturze zewn\u0119trznej generuje r\u00f3\u017cn\u0105, proporcjonaln\u0105 dla tej temperatury moc grzania.<\/p>","protected":false},"excerpt":{"rendered":"<p>Przew\u00f3d grzejny, samoreguluj\u0105cy o mocy grzewczej 17 W\/m i 25 W\/m uzyskiwanej przy temperaturze zewn\u0119trznej + 10\u00b0C. Przew\u00f3d grzejny zasilany jest jednostronnie. Jego w\u0142a\u015bciwo\u015bci pozwalaj\u0105 na docinanie go w dowolnej d\u0142ugo\u015bci. Charakteryzuje si\u0119 tym, \u017ce w miejscach o r\u00f3\u017cnej temperaturze zewn\u0119trznej generuje r\u00f3\u017cn\u0105, proporcjonaln\u0105 dla tej temperatury moc grzania.<\/p>","protected":false},"featured_media":1353,"comment_status":"closed","ping_status":"closed","template":"","meta":{"_acf_changed":false,"_kad_blocks_custom_css":"","_kad_blocks_head_custom_js":"","_kad_blocks_body_custom_js":"","_kad_blocks_footer_custom_js":"","_kad_post_transparent":"default","_kad_post_title":"","_kad_post_layout":"default","_kad_post_sidebar_id":"","_kad_post_content_style":"default","_kad_post_vertical_padding":"default","_kad_post_feature":"","_kad_post_feature_position":"","_kad_post_header":false,"_kad_post_footer":false},"product_brand":[],"product_cat":[24,44,51,20],"product_tag":[],"class_list":{"0":"post-961","1":"product","2":"type-product","3":"status-publish","4":"has-post-thumbnail","6":"product_cat-akcesoria","7":"product_cat-maty-grzejne-pod-podjazdy","8":"product_cat-maty-grzejne-pod-podjazdy-akcesoria","9":"product_cat-ogrzewanie-podlogowe-elektryczne","11":"first","12":"instock","13":"product-type-simple","14":"entry","15":"content-bg","16":"loop-entry"},"acf":[],"yoast_head":"<!-- This site is optimized with the Yoast SEO plugin v27.5 - https:\/\/yoast.com\/product\/yoast-seo-wordpress\/ -->\n<title>Przew\u00f3d grzejny samoreguluj\u0105cy - Zamel<\/title>\n<meta name=\"robots\" content=\"index, follow, max-snippet:-1, max-image-preview:large, max-video-preview:-1\" \/>\n<link rel=\"canonical\" href=\"https:\/\/thermolife.pl\/en\/akcesoria\/maty-grzejne-pod-podjazdy-akcesoria\/przewod-grzejny-samoregulujacy-2\/\" \/>\n<meta property=\"og:locale\" content=\"en_US\" \/>\n<meta property=\"og:type\" content=\"article\" \/>\n<meta property=\"og:title\" content=\"Przew\u00f3d grzejny samoreguluj\u0105cy - Zamel\" \/>\n<meta property=\"og:description\" content=\"Przew\u00f3d grzejny, samoreguluj\u0105cy o mocy grzewczej 17 W\/m i 25 W\/m uzyskiwanej przy temperaturze zewn\u0119trznej + 10\u00b0C. Przew\u00f3d grzejny zasilany jest jednostronnie. Jego w\u0142a\u015bciwo\u015bci pozwalaj\u0105 na docinanie go w dowolnej d\u0142ugo\u015bci. Charakteryzuje si\u0119 tym, \u017ce w miejscach o r\u00f3\u017cnej temperaturze zewn\u0119trznej generuje r\u00f3\u017cn\u0105, proporcjonaln\u0105 dla tej temperatury moc grzania.\" \/>\n<meta property=\"og:url\" content=\"https:\/\/thermolife.pl\/en\/akcesoria\/maty-grzejne-pod-podjazdy-akcesoria\/przewod-grzejny-samoregulujacy-2\/\" \/>\n<meta property=\"og:site_name\" content=\"Zamel\" \/>\n<meta property=\"article:modified_time\" content=\"2025-08-19T13:04:23+00:00\" \/>\n<meta property=\"og:image\" content=\"https:\/\/thermolife.pl\/wp-content\/uploads\/2025\/08\/przewod-grzejny-samoregulujacy-typ-gp-sr25-2.png\" \/>\n\t<meta property=\"og:image:width\" content=\"360\" \/>\n\t<meta property=\"og:image:height\" content=\"360\" \/>\n\t<meta property=\"og:image:type\" content=\"image\/png\" \/>\n<meta name=\"twitter:card\" content=\"summary_large_image\" \/>\n<meta name=\"twitter:label1\" content=\"Est. reading time\" \/>\n\t<meta name=\"twitter:data1\" content=\"1 minute\" \/>\n<script type=\"application\/ld+json\" class=\"yoast-schema-graph\">{\"@context\":\"https:\\\/\\\/schema.org\",\"@graph\":[{\"@type\":\"WebPage\",\"@id\":\"https:\\\/\\\/thermolife.pl\\\/akcesoria\\\/maty-grzejne-pod-podjazdy-akcesoria\\\/przewod-grzejny-samoregulujacy-2\\\/\",\"url\":\"https:\\\/\\\/thermolife.pl\\\/akcesoria\\\/maty-grzejne-pod-podjazdy-akcesoria\\\/przewod-grzejny-samoregulujacy-2\\\/\",\"name\":\"Przew\u00f3d grzejny samoreguluj\u0105cy - Zamel\",\"isPartOf\":{\"@id\":\"https:\\\/\\\/thermolife.pl\\\/#website\"},\"primaryImageOfPage\":{\"@id\":\"https:\\\/\\\/thermolife.pl\\\/akcesoria\\\/maty-grzejne-pod-podjazdy-akcesoria\\\/przewod-grzejny-samoregulujacy-2\\\/#primaryimage\"},\"image\":{\"@id\":\"https:\\\/\\\/thermolife.pl\\\/akcesoria\\\/maty-grzejne-pod-podjazdy-akcesoria\\\/przewod-grzejny-samoregulujacy-2\\\/#primaryimage\"},\"thumbnailUrl\":\"https:\\\/\\\/thermolife.pl\\\/wp-content\\\/uploads\\\/2025\\\/08\\\/przewod-grzejny-samoregulujacy-typ-gp-sr25-2.png\",\"datePublished\":\"2025-08-05T13:46:20+00:00\",\"dateModified\":\"2025-08-19T13:04:23+00:00\",\"breadcrumb\":{\"@id\":\"https:\\\/\\\/thermolife.pl\\\/akcesoria\\\/maty-grzejne-pod-podjazdy-akcesoria\\\/przewod-grzejny-samoregulujacy-2\\\/#breadcrumb\"},\"inLanguage\":\"en-US\",\"potentialAction\":[{\"@type\":\"ReadAction\",\"target\":[\"https:\\\/\\\/thermolife.pl\\\/akcesoria\\\/maty-grzejne-pod-podjazdy-akcesoria\\\/przewod-grzejny-samoregulujacy-2\\\/\"]}]},{\"@type\":\"ImageObject\",\"inLanguage\":\"en-US\",\"@id\":\"https:\\\/\\\/thermolife.pl\\\/akcesoria\\\/maty-grzejne-pod-podjazdy-akcesoria\\\/przewod-grzejny-samoregulujacy-2\\\/#primaryimage\",\"url\":\"https:\\\/\\\/thermolife.pl\\\/wp-content\\\/uploads\\\/2025\\\/08\\\/przewod-grzejny-samoregulujacy-typ-gp-sr25-2.png\",\"contentUrl\":\"https:\\\/\\\/thermolife.pl\\\/wp-content\\\/uploads\\\/2025\\\/08\\\/przewod-grzejny-samoregulujacy-typ-gp-sr25-2.png\",\"width\":360,\"height\":360},{\"@type\":\"BreadcrumbList\",\"@id\":\"https:\\\/\\\/thermolife.pl\\\/akcesoria\\\/maty-grzejne-pod-podjazdy-akcesoria\\\/przewod-grzejny-samoregulujacy-2\\\/#breadcrumb\",\"itemListElement\":[{\"@type\":\"ListItem\",\"position\":1,\"name\":\"Strona g\u0142\u00f3wna\",\"item\":\"https:\\\/\\\/thermolife.pl\\\/\"},{\"@type\":\"ListItem\",\"position\":2,\"name\":\"Produkty\",\"item\":\"https:\\\/\\\/thermolife.pl\\\/produkty\\\/\"},{\"@type\":\"ListItem\",\"position\":3,\"name\":\"Sterowanie ogrzewaniem pod\u0142ogowym elektrycznym\",\"item\":\"https:\\\/\\\/thermolife.pl\\\/ogrzewanie-podlogowe-elektryczne\\\/\"},{\"@type\":\"ListItem\",\"position\":4,\"name\":\"Maty grzejne pod podjazdy\",\"item\":\"https:\\\/\\\/thermolife.pl\\\/ogrzewanie-podlogowe-elektryczne\\\/maty-grzejne-pod-podjazdy\\\/\"},{\"@type\":\"ListItem\",\"position\":5,\"name\":\"Przew\u00f3d grzejny samoreguluj\u0105cy\"}]},{\"@type\":\"WebSite\",\"@id\":\"https:\\\/\\\/thermolife.pl\\\/#website\",\"url\":\"https:\\\/\\\/thermolife.pl\\\/\",\"name\":\"Zamel\",\"description\":\"Systemy sterowania ogrzewaniem\",\"publisher\":{\"@id\":\"https:\\\/\\\/thermolife.pl\\\/#organization\"},\"potentialAction\":[{\"@type\":\"SearchAction\",\"target\":{\"@type\":\"EntryPoint\",\"urlTemplate\":\"https:\\\/\\\/thermolife.pl\\\/?s={search_term_string}\"},\"query-input\":{\"@type\":\"PropertyValueSpecification\",\"valueRequired\":true,\"valueName\":\"search_term_string\"}}],\"inLanguage\":\"en-US\"},{\"@type\":\"Organization\",\"@id\":\"https:\\\/\\\/thermolife.pl\\\/#organization\",\"name\":\"Zamel\",\"url\":\"https:\\\/\\\/thermolife.pl\\\/\",\"logo\":{\"@type\":\"ImageObject\",\"inLanguage\":\"en-US\",\"@id\":\"https:\\\/\\\/thermolife.pl\\\/#\\\/schema\\\/logo\\\/image\\\/\",\"url\":\"https:\\\/\\\/thermolife.pl\\\/wp-content\\\/uploads\\\/2025\\\/07\\\/logo.svg\",\"contentUrl\":\"https:\\\/\\\/thermolife.pl\\\/wp-content\\\/uploads\\\/2025\\\/07\\\/logo.svg\",\"caption\":\"Zamel\"},\"image\":{\"@id\":\"https:\\\/\\\/thermolife.pl\\\/#\\\/schema\\\/logo\\\/image\\\/\"}}]}<\/script>\n<!-- \/ Yoast SEO plugin. -->","yoast_head_json":{"title":"Przew\u00f3d grzejny samoreguluj\u0105cy - Zamel","robots":{"index":"index","follow":"follow","max-snippet":"max-snippet:-1","max-image-preview":"max-image-preview:large","max-video-preview":"max-video-preview:-1"},"canonical":"https:\/\/thermolife.pl\/en\/akcesoria\/maty-grzejne-pod-podjazdy-akcesoria\/przewod-grzejny-samoregulujacy-2\/","og_locale":"en_US","og_type":"article","og_title":"Przew\u00f3d grzejny samoreguluj\u0105cy - Zamel","og_description":"Przew\u00f3d grzejny, samoreguluj\u0105cy o mocy grzewczej 17 W\/m i 25 W\/m uzyskiwanej przy temperaturze zewn\u0119trznej + 10\u00b0C. Przew\u00f3d grzejny zasilany jest jednostronnie. Jego w\u0142a\u015bciwo\u015bci pozwalaj\u0105 na docinanie go w dowolnej d\u0142ugo\u015bci. Charakteryzuje si\u0119 tym, \u017ce w miejscach o r\u00f3\u017cnej temperaturze zewn\u0119trznej generuje r\u00f3\u017cn\u0105, proporcjonaln\u0105 dla tej temperatury moc grzania.","og_url":"https:\/\/thermolife.pl\/en\/akcesoria\/maty-grzejne-pod-podjazdy-akcesoria\/przewod-grzejny-samoregulujacy-2\/","og_site_name":"Zamel","article_modified_time":"2025-08-19T13:04:23+00:00","og_image":[{"width":360,"height":360,"url":"https:\/\/thermolife.pl\/wp-content\/uploads\/2025\/08\/przewod-grzejny-samoregulujacy-typ-gp-sr25-2.png","type":"image\/png"}],"twitter_card":"summary_large_image","twitter_misc":{"Est. reading time":"1 minute"},"schema":{"@context":"https:\/\/schema.org","@graph":[{"@type":"WebPage","@id":"https:\/\/thermolife.pl\/akcesoria\/maty-grzejne-pod-podjazdy-akcesoria\/przewod-grzejny-samoregulujacy-2\/","url":"https:\/\/thermolife.pl\/akcesoria\/maty-grzejne-pod-podjazdy-akcesoria\/przewod-grzejny-samoregulujacy-2\/","name":"Przew\u00f3d grzejny samoreguluj\u0105cy - Zamel","isPartOf":{"@id":"https:\/\/thermolife.pl\/#website"},"primaryImageOfPage":{"@id":"https:\/\/thermolife.pl\/akcesoria\/maty-grzejne-pod-podjazdy-akcesoria\/przewod-grzejny-samoregulujacy-2\/#primaryimage"},"image":{"@id":"https:\/\/thermolife.pl\/akcesoria\/maty-grzejne-pod-podjazdy-akcesoria\/przewod-grzejny-samoregulujacy-2\/#primaryimage"},"thumbnailUrl":"https:\/\/thermolife.pl\/wp-content\/uploads\/2025\/08\/przewod-grzejny-samoregulujacy-typ-gp-sr25-2.png","datePublished":"2025-08-05T13:46:20+00:00","dateModified":"2025-08-19T13:04:23+00:00","breadcrumb":{"@id":"https:\/\/thermolife.pl\/akcesoria\/maty-grzejne-pod-podjazdy-akcesoria\/przewod-grzejny-samoregulujacy-2\/#breadcrumb"},"inLanguage":"en-US","potentialAction":[{"@type":"ReadAction","target":["https:\/\/thermolife.pl\/akcesoria\/maty-grzejne-pod-podjazdy-akcesoria\/przewod-grzejny-samoregulujacy-2\/"]}]},{"@type":"ImageObject","inLanguage":"en-US","@id":"https:\/\/thermolife.pl\/akcesoria\/maty-grzejne-pod-podjazdy-akcesoria\/przewod-grzejny-samoregulujacy-2\/#primaryimage","url":"https:\/\/thermolife.pl\/wp-content\/uploads\/2025\/08\/przewod-grzejny-samoregulujacy-typ-gp-sr25-2.png","contentUrl":"https:\/\/thermolife.pl\/wp-content\/uploads\/2025\/08\/przewod-grzejny-samoregulujacy-typ-gp-sr25-2.png","width":360,"height":360},{"@type":"BreadcrumbList","@id":"https:\/\/thermolife.pl\/akcesoria\/maty-grzejne-pod-podjazdy-akcesoria\/przewod-grzejny-samoregulujacy-2\/#breadcrumb","itemListElement":[{"@type":"ListItem","position":1,"name":"Strona g\u0142\u00f3wna","item":"https:\/\/thermolife.pl\/"},{"@type":"ListItem","position":2,"name":"Produkty","item":"https:\/\/thermolife.pl\/produkty\/"},{"@type":"ListItem","position":3,"name":"Sterowanie ogrzewaniem pod\u0142ogowym elektrycznym","item":"https:\/\/thermolife.pl\/ogrzewanie-podlogowe-elektryczne\/"},{"@type":"ListItem","position":4,"name":"Maty grzejne pod podjazdy","item":"https:\/\/thermolife.pl\/ogrzewanie-podlogowe-elektryczne\/maty-grzejne-pod-podjazdy\/"},{"@type":"ListItem","position":5,"name":"Przew\u00f3d grzejny samoreguluj\u0105cy"}]},{"@type":"WebSite","@id":"https:\/\/thermolife.pl\/#website","url":"https:\/\/thermolife.pl\/","name":"Zamel","description":"Systemy sterowania ogrzewaniem","publisher":{"@id":"https:\/\/thermolife.pl\/#organization"},"potentialAction":[{"@type":"SearchAction","target":{"@type":"EntryPoint","urlTemplate":"https:\/\/thermolife.pl\/?s={search_term_string}"},"query-input":{"@type":"PropertyValueSpecification","valueRequired":true,"valueName":"search_term_string"}}],"inLanguage":"en-US"},{"@type":"Organization","@id":"https:\/\/thermolife.pl\/#organization","name":"Zamel","url":"https:\/\/thermolife.pl\/","logo":{"@type":"ImageObject","inLanguage":"en-US","@id":"https:\/\/thermolife.pl\/#\/schema\/logo\/image\/","url":"https:\/\/thermolife.pl\/wp-content\/uploads\/2025\/07\/logo.svg","contentUrl":"https:\/\/thermolife.pl\/wp-content\/uploads\/2025\/07\/logo.svg","caption":"Zamel"},"image":{"@id":"https:\/\/thermolife.pl\/#\/schema\/logo\/image\/"}}]}},"taxonomy_info":{"product_cat":[{"value":24,"label":"Akcesoria"},{"value":44,"label":"Maty grzejne pod podjazdy"},{"value":51,"label":"Maty grzejne pod podjazdy"},{"value":20,"label":"Sterowanie ogrzewaniem pod\u0142ogowym elektrycznym"}]},"featured_image_src_large":["https:\/\/thermolife.pl\/wp-content\/uploads\/2025\/08\/przewod-grzejny-samoregulujacy-typ-gp-sr25-2.png",360,360,false],"author_info":[],"comment_info":0,"_links":{"self":[{"href":"https:\/\/thermolife.pl\/en\/wp-json\/wp\/v2\/product\/961","targetHints":{"allow":["GET"]}}],"collection":[{"href":"https:\/\/thermolife.pl\/en\/wp-json\/wp\/v2\/product"}],"about":[{"href":"https:\/\/thermolife.pl\/en\/wp-json\/wp\/v2\/types\/product"}],"replies":[{"embeddable":true,"href":"https:\/\/thermolife.pl\/en\/wp-json\/wp\/v2\/comments?post=961"}],"wp:featuredmedia":[{"embeddable":true,"href":"https:\/\/thermolife.pl\/en\/wp-json\/wp\/v2\/media\/1353"}],"wp:attachment":[{"href":"https:\/\/thermolife.pl\/en\/wp-json\/wp\/v2\/media?parent=961"}],"wp:term":[{"taxonomy":"product_brand","embeddable":true,"href":"https:\/\/thermolife.pl\/en\/wp-json\/wp\/v2\/product_brand?post=961"},{"taxonomy":"product_cat","embeddable":true,"href":"https:\/\/thermolife.pl\/en\/wp-json\/wp\/v2\/product_cat?post=961"},{"taxonomy":"product_tag","embeddable":true,"href":"https:\/\/thermolife.pl\/en\/wp-json\/wp\/v2\/product_tag?post=961"}],"curies":[{"name":"wp","href":"https:\/\/api.w.org\/{rel}","templated":true}]}}