{"id":943,"date":"2025-08-05T15:46:20","date_gmt":"2025-08-05T13:46:20","guid":{"rendered":"https:\/\/thermolife.pl\/bez-kategorii\/czujnik-dymu\/"},"modified":"2025-08-26T07:25:52","modified_gmt":"2025-08-26T05:25:52","slug":"czujnik-dymu","status":"publish","type":"product","link":"https:\/\/thermolife.pl\/en\/akcesoria\/czujniki-gazu-dymu-i-tlenku-wegla\/czujnik-dymu\/","title":{"rendered":"Czujnik dymu"},"content":{"rendered":"<p>Czujniki dymu stosujemy aby skutecznie zaalarmowa\u0107 osoby przebywaj\u0105ce w budynku w kt\u00f3rym powsta\u0142 po\u017car. Umo\u017cliwia to ugaszenie po\u017caru w jego pocz\u0105tkowej fazie oraz bezpieczne opuszczenie zagro\u017conych pomieszcze\u0144.<\/p>","protected":false},"excerpt":{"rendered":"<p>Czujniki dymu stosujemy aby skutecznie zaalarmowa\u0107 osoby przebywaj\u0105ce w budynku w kt\u00f3rym powsta\u0142 po\u017car. Umo\u017cliwia to ugaszenie po\u017caru w jego pocz\u0105tkowej fazie oraz bezpieczne opuszczenie zagro\u017conych pomieszcze\u0144.<\/p>","protected":false},"featured_media":1296,"comment_status":"closed","ping_status":"closed","template":"","meta":{"_acf_changed":false,"_kad_blocks_custom_css":"","_kad_blocks_head_custom_js":"","_kad_blocks_body_custom_js":"","_kad_blocks_footer_custom_js":"","_kad_post_transparent":"default","_kad_post_title":"","_kad_post_layout":"default","_kad_post_sidebar_id":"","_kad_post_content_style":"default","_kad_post_vertical_padding":"default","_kad_post_feature":"","_kad_post_feature_position":"","_kad_post_header":false,"_kad_post_footer":false},"product_brand":[],"product_cat":[24,35,50,18],"product_tag":[],"class_list":{"0":"post-943","1":"product","2":"type-product","3":"status-publish","4":"has-post-thumbnail","6":"product_cat-akcesoria","7":"product_cat-czujniki-bezpieczenstwa","8":"product_cat-czujniki-gazu-dymu-i-tlenku-wegla","9":"product_cat-inteligentny-dom","11":"first","12":"instock","13":"product-type-simple","14":"entry","15":"content-bg","16":"loop-entry"},"acf":[],"yoast_head":"<!-- This site is optimized with the Yoast SEO plugin v27.5 - https:\/\/yoast.com\/product\/yoast-seo-wordpress\/ -->\n<title>Czujnik dymu - Zamel<\/title>\n<meta name=\"robots\" content=\"index, follow, max-snippet:-1, max-image-preview:large, max-video-preview:-1\" \/>\n<link rel=\"canonical\" href=\"https:\/\/thermolife.pl\/en\/akcesoria\/czujniki-gazu-dymu-i-tlenku-wegla\/czujnik-dymu\/\" \/>\n<meta property=\"og:locale\" content=\"en_US\" \/>\n<meta property=\"og:type\" content=\"article\" \/>\n<meta property=\"og:title\" content=\"Czujnik dymu - Zamel\" \/>\n<meta property=\"og:description\" content=\"Czujniki dymu stosujemy aby skutecznie zaalarmowa\u0107 osoby przebywaj\u0105ce w budynku w kt\u00f3rym powsta\u0142 po\u017car. Umo\u017cliwia to ugaszenie po\u017caru w jego pocz\u0105tkowej fazie oraz bezpieczne opuszczenie zagro\u017conych pomieszcze\u0144.\" \/>\n<meta property=\"og:url\" content=\"https:\/\/thermolife.pl\/en\/akcesoria\/czujniki-gazu-dymu-i-tlenku-wegla\/czujnik-dymu\/\" \/>\n<meta property=\"og:site_name\" content=\"Zamel\" \/>\n<meta property=\"article:modified_time\" content=\"2025-08-26T05:25:52+00:00\" \/>\n<meta property=\"og:image\" content=\"https:\/\/thermolife.pl\/wp-content\/uploads\/2025\/08\/czujnik-dymu-bateryjny-typ-cdb-01-2.png\" \/>\n\t<meta property=\"og:image:width\" content=\"360\" \/>\n\t<meta property=\"og:image:height\" content=\"360\" \/>\n\t<meta property=\"og:image:type\" content=\"image\/png\" \/>\n<meta name=\"twitter:card\" content=\"summary_large_image\" \/>\n<meta name=\"twitter:label1\" content=\"Est. reading time\" \/>\n\t<meta name=\"twitter:data1\" content=\"1 minute\" \/>\n<script type=\"application\/ld+json\" class=\"yoast-schema-graph\">{\"@context\":\"https:\\\/\\\/schema.org\",\"@graph\":[{\"@type\":\"WebPage\",\"@id\":\"https:\\\/\\\/thermolife.pl\\\/akcesoria\\\/czujniki-gazu-dymu-i-tlenku-wegla\\\/czujnik-dymu\\\/\",\"url\":\"https:\\\/\\\/thermolife.pl\\\/akcesoria\\\/czujniki-gazu-dymu-i-tlenku-wegla\\\/czujnik-dymu\\\/\",\"name\":\"Czujnik dymu - Zamel\",\"isPartOf\":{\"@id\":\"https:\\\/\\\/thermolife.pl\\\/#website\"},\"primaryImageOfPage\":{\"@id\":\"https:\\\/\\\/thermolife.pl\\\/akcesoria\\\/czujniki-gazu-dymu-i-tlenku-wegla\\\/czujnik-dymu\\\/#primaryimage\"},\"image\":{\"@id\":\"https:\\\/\\\/thermolife.pl\\\/akcesoria\\\/czujniki-gazu-dymu-i-tlenku-wegla\\\/czujnik-dymu\\\/#primaryimage\"},\"thumbnailUrl\":\"https:\\\/\\\/thermolife.pl\\\/wp-content\\\/uploads\\\/2025\\\/08\\\/czujnik-dymu-bateryjny-typ-cdb-01-2.png\",\"datePublished\":\"2025-08-05T13:46:20+00:00\",\"dateModified\":\"2025-08-26T05:25:52+00:00\",\"breadcrumb\":{\"@id\":\"https:\\\/\\\/thermolife.pl\\\/akcesoria\\\/czujniki-gazu-dymu-i-tlenku-wegla\\\/czujnik-dymu\\\/#breadcrumb\"},\"inLanguage\":\"en-US\",\"potentialAction\":[{\"@type\":\"ReadAction\",\"target\":[\"https:\\\/\\\/thermolife.pl\\\/akcesoria\\\/czujniki-gazu-dymu-i-tlenku-wegla\\\/czujnik-dymu\\\/\"]}]},{\"@type\":\"ImageObject\",\"inLanguage\":\"en-US\",\"@id\":\"https:\\\/\\\/thermolife.pl\\\/akcesoria\\\/czujniki-gazu-dymu-i-tlenku-wegla\\\/czujnik-dymu\\\/#primaryimage\",\"url\":\"https:\\\/\\\/thermolife.pl\\\/wp-content\\\/uploads\\\/2025\\\/08\\\/czujnik-dymu-bateryjny-typ-cdb-01-2.png\",\"contentUrl\":\"https:\\\/\\\/thermolife.pl\\\/wp-content\\\/uploads\\\/2025\\\/08\\\/czujnik-dymu-bateryjny-typ-cdb-01-2.png\",\"width\":360,\"height\":360},{\"@type\":\"BreadcrumbList\",\"@id\":\"https:\\\/\\\/thermolife.pl\\\/akcesoria\\\/czujniki-gazu-dymu-i-tlenku-wegla\\\/czujnik-dymu\\\/#breadcrumb\",\"itemListElement\":[{\"@type\":\"ListItem\",\"position\":1,\"name\":\"Strona g\u0142\u00f3wna\",\"item\":\"https:\\\/\\\/thermolife.pl\\\/\"},{\"@type\":\"ListItem\",\"position\":2,\"name\":\"Produkty\",\"item\":\"https:\\\/\\\/thermolife.pl\\\/produkty\\\/\"},{\"@type\":\"ListItem\",\"position\":3,\"name\":\"Sterowanie inteligentnym domem\",\"item\":\"https:\\\/\\\/thermolife.pl\\\/inteligentny-dom\\\/\"},{\"@type\":\"ListItem\",\"position\":4,\"name\":\"Czujniki bezpiecze\u0144stwa\",\"item\":\"https:\\\/\\\/thermolife.pl\\\/inteligentny-dom\\\/czujniki-bezpieczenstwa\\\/\"},{\"@type\":\"ListItem\",\"position\":5,\"name\":\"Czujnik dymu\"}]},{\"@type\":\"WebSite\",\"@id\":\"https:\\\/\\\/thermolife.pl\\\/#website\",\"url\":\"https:\\\/\\\/thermolife.pl\\\/\",\"name\":\"Zamel\",\"description\":\"Systemy sterowania ogrzewaniem\",\"publisher\":{\"@id\":\"https:\\\/\\\/thermolife.pl\\\/#organization\"},\"potentialAction\":[{\"@type\":\"SearchAction\",\"target\":{\"@type\":\"EntryPoint\",\"urlTemplate\":\"https:\\\/\\\/thermolife.pl\\\/?s={search_term_string}\"},\"query-input\":{\"@type\":\"PropertyValueSpecification\",\"valueRequired\":true,\"valueName\":\"search_term_string\"}}],\"inLanguage\":\"en-US\"},{\"@type\":\"Organization\",\"@id\":\"https:\\\/\\\/thermolife.pl\\\/#organization\",\"name\":\"Zamel\",\"url\":\"https:\\\/\\\/thermolife.pl\\\/\",\"logo\":{\"@type\":\"ImageObject\",\"inLanguage\":\"en-US\",\"@id\":\"https:\\\/\\\/thermolife.pl\\\/#\\\/schema\\\/logo\\\/image\\\/\",\"url\":\"https:\\\/\\\/thermolife.pl\\\/wp-content\\\/uploads\\\/2025\\\/07\\\/logo.svg\",\"contentUrl\":\"https:\\\/\\\/thermolife.pl\\\/wp-content\\\/uploads\\\/2025\\\/07\\\/logo.svg\",\"caption\":\"Zamel\"},\"image\":{\"@id\":\"https:\\\/\\\/thermolife.pl\\\/#\\\/schema\\\/logo\\\/image\\\/\"}}]}<\/script>\n<!-- \/ Yoast SEO plugin. -->","yoast_head_json":{"title":"Czujnik dymu - Zamel","robots":{"index":"index","follow":"follow","max-snippet":"max-snippet:-1","max-image-preview":"max-image-preview:large","max-video-preview":"max-video-preview:-1"},"canonical":"https:\/\/thermolife.pl\/en\/akcesoria\/czujniki-gazu-dymu-i-tlenku-wegla\/czujnik-dymu\/","og_locale":"en_US","og_type":"article","og_title":"Czujnik dymu - Zamel","og_description":"Czujniki dymu stosujemy aby skutecznie zaalarmowa\u0107 osoby przebywaj\u0105ce w budynku w kt\u00f3rym powsta\u0142 po\u017car. Umo\u017cliwia to ugaszenie po\u017caru w jego pocz\u0105tkowej fazie oraz bezpieczne opuszczenie zagro\u017conych pomieszcze\u0144.","og_url":"https:\/\/thermolife.pl\/en\/akcesoria\/czujniki-gazu-dymu-i-tlenku-wegla\/czujnik-dymu\/","og_site_name":"Zamel","article_modified_time":"2025-08-26T05:25:52+00:00","og_image":[{"width":360,"height":360,"url":"https:\/\/thermolife.pl\/wp-content\/uploads\/2025\/08\/czujnik-dymu-bateryjny-typ-cdb-01-2.png","type":"image\/png"}],"twitter_card":"summary_large_image","twitter_misc":{"Est. reading time":"1 minute"},"schema":{"@context":"https:\/\/schema.org","@graph":[{"@type":"WebPage","@id":"https:\/\/thermolife.pl\/akcesoria\/czujniki-gazu-dymu-i-tlenku-wegla\/czujnik-dymu\/","url":"https:\/\/thermolife.pl\/akcesoria\/czujniki-gazu-dymu-i-tlenku-wegla\/czujnik-dymu\/","name":"Czujnik dymu - Zamel","isPartOf":{"@id":"https:\/\/thermolife.pl\/#website"},"primaryImageOfPage":{"@id":"https:\/\/thermolife.pl\/akcesoria\/czujniki-gazu-dymu-i-tlenku-wegla\/czujnik-dymu\/#primaryimage"},"image":{"@id":"https:\/\/thermolife.pl\/akcesoria\/czujniki-gazu-dymu-i-tlenku-wegla\/czujnik-dymu\/#primaryimage"},"thumbnailUrl":"https:\/\/thermolife.pl\/wp-content\/uploads\/2025\/08\/czujnik-dymu-bateryjny-typ-cdb-01-2.png","datePublished":"2025-08-05T13:46:20+00:00","dateModified":"2025-08-26T05:25:52+00:00","breadcrumb":{"@id":"https:\/\/thermolife.pl\/akcesoria\/czujniki-gazu-dymu-i-tlenku-wegla\/czujnik-dymu\/#breadcrumb"},"inLanguage":"en-US","potentialAction":[{"@type":"ReadAction","target":["https:\/\/thermolife.pl\/akcesoria\/czujniki-gazu-dymu-i-tlenku-wegla\/czujnik-dymu\/"]}]},{"@type":"ImageObject","inLanguage":"en-US","@id":"https:\/\/thermolife.pl\/akcesoria\/czujniki-gazu-dymu-i-tlenku-wegla\/czujnik-dymu\/#primaryimage","url":"https:\/\/thermolife.pl\/wp-content\/uploads\/2025\/08\/czujnik-dymu-bateryjny-typ-cdb-01-2.png","contentUrl":"https:\/\/thermolife.pl\/wp-content\/uploads\/2025\/08\/czujnik-dymu-bateryjny-typ-cdb-01-2.png","width":360,"height":360},{"@type":"BreadcrumbList","@id":"https:\/\/thermolife.pl\/akcesoria\/czujniki-gazu-dymu-i-tlenku-wegla\/czujnik-dymu\/#breadcrumb","itemListElement":[{"@type":"ListItem","position":1,"name":"Strona g\u0142\u00f3wna","item":"https:\/\/thermolife.pl\/"},{"@type":"ListItem","position":2,"name":"Produkty","item":"https:\/\/thermolife.pl\/produkty\/"},{"@type":"ListItem","position":3,"name":"Sterowanie inteligentnym domem","item":"https:\/\/thermolife.pl\/inteligentny-dom\/"},{"@type":"ListItem","position":4,"name":"Czujniki bezpiecze\u0144stwa","item":"https:\/\/thermolife.pl\/inteligentny-dom\/czujniki-bezpieczenstwa\/"},{"@type":"ListItem","position":5,"name":"Czujnik dymu"}]},{"@type":"WebSite","@id":"https:\/\/thermolife.pl\/#website","url":"https:\/\/thermolife.pl\/","name":"Zamel","description":"Systemy sterowania ogrzewaniem","publisher":{"@id":"https:\/\/thermolife.pl\/#organization"},"potentialAction":[{"@type":"SearchAction","target":{"@type":"EntryPoint","urlTemplate":"https:\/\/thermolife.pl\/?s={search_term_string}"},"query-input":{"@type":"PropertyValueSpecification","valueRequired":true,"valueName":"search_term_string"}}],"inLanguage":"en-US"},{"@type":"Organization","@id":"https:\/\/thermolife.pl\/#organization","name":"Zamel","url":"https:\/\/thermolife.pl\/","logo":{"@type":"ImageObject","inLanguage":"en-US","@id":"https:\/\/thermolife.pl\/#\/schema\/logo\/image\/","url":"https:\/\/thermolife.pl\/wp-content\/uploads\/2025\/07\/logo.svg","contentUrl":"https:\/\/thermolife.pl\/wp-content\/uploads\/2025\/07\/logo.svg","caption":"Zamel"},"image":{"@id":"https:\/\/thermolife.pl\/#\/schema\/logo\/image\/"}}]}},"taxonomy_info":{"product_cat":[{"value":24,"label":"Akcesoria"},{"value":35,"label":"Czujniki bezpiecze\u0144stwa"},{"value":50,"label":"Czujniki gazu, dymu i tlenku w\u0119gla"},{"value":18,"label":"Sterowanie inteligentnym domem"}]},"featured_image_src_large":["https:\/\/thermolife.pl\/wp-content\/uploads\/2025\/08\/czujnik-dymu-bateryjny-typ-cdb-01-2.png",360,360,false],"author_info":[],"comment_info":0,"_links":{"self":[{"href":"https:\/\/thermolife.pl\/en\/wp-json\/wp\/v2\/product\/943","targetHints":{"allow":["GET"]}}],"collection":[{"href":"https:\/\/thermolife.pl\/en\/wp-json\/wp\/v2\/product"}],"about":[{"href":"https:\/\/thermolife.pl\/en\/wp-json\/wp\/v2\/types\/product"}],"replies":[{"embeddable":true,"href":"https:\/\/thermolife.pl\/en\/wp-json\/wp\/v2\/comments?post=943"}],"wp:featuredmedia":[{"embeddable":true,"href":"https:\/\/thermolife.pl\/en\/wp-json\/wp\/v2\/media\/1296"}],"wp:attachment":[{"href":"https:\/\/thermolife.pl\/en\/wp-json\/wp\/v2\/media?parent=943"}],"wp:term":[{"taxonomy":"product_brand","embeddable":true,"href":"https:\/\/thermolife.pl\/en\/wp-json\/wp\/v2\/product_brand?post=943"},{"taxonomy":"product_cat","embeddable":true,"href":"https:\/\/thermolife.pl\/en\/wp-json\/wp\/v2\/product_cat?post=943"},{"taxonomy":"product_tag","embeddable":true,"href":"https:\/\/thermolife.pl\/en\/wp-json\/wp\/v2\/product_tag?post=943"}],"curies":[{"name":"wp","href":"https:\/\/api.w.org\/{rel}","templated":true}]}}