{"id":2093,"date":"2025-11-03T10:18:17","date_gmt":"2025-11-03T09:18:17","guid":{"rendered":"https:\/\/thermolife.pl\/?post_type=product&#038;p=2093"},"modified":"2025-11-03T10:28:59","modified_gmt":"2025-11-03T09:28:59","slug":"antena-zewnetrzna-ant-01-wi-fi","status":"publish","type":"product","link":"https:\/\/thermolife.pl\/en\/inteligentny-dom\/antena-zewnetrzna-ant-01-wi-fi\/","title":{"rendered":"Antena zewn\u0119trzna ANT-01\/Wi-Fi"},"content":{"rendered":"<p>Antena zewn\u0119trzna ANT-01\/Wi-Fi\u00a0s\u0142u\u017cy do wyprowadzenia sygna\u0142u radiowego na zewn\u0105trz rozdzielnicy instalacyjnej. Antena mo\u017ce by\u0107 mocowana do metalowych powierzchni za pomoc\u0105 magnesu wbudowanego w podstaw\u0119. Antena posiada rewersyjne z\u0142\u0105cze wtykowe SMA.<\/p>","protected":false},"excerpt":{"rendered":"<p>Antena zewn\u0119trzna ANT-01\/Wi-Fi\u00a0s\u0142u\u017cy do wyprowadzenia sygna\u0142u radiowego na zewn\u0105trz rozdzielnicy instalacyjnej. Antena mo\u017ce by\u0107 mocowana do metalowych powierzchni za pomoc\u0105 magnesu wbudowanego w podstaw\u0119. Antena posiada rewersyjne z\u0142\u0105cze wtykowe SMA.<\/p>","protected":false},"featured_media":1293,"comment_status":"closed","ping_status":"closed","template":"","meta":{"_acf_changed":false,"_kad_blocks_custom_css":"","_kad_blocks_head_custom_js":"","_kad_blocks_body_custom_js":"","_kad_blocks_footer_custom_js":"","_kad_post_transparent":"default","_kad_post_title":"","_kad_post_layout":"default","_kad_post_sidebar_id":"","_kad_post_content_style":"default","_kad_post_vertical_padding":"default","_kad_post_feature":"","_kad_post_feature_position":"","_kad_post_header":false,"_kad_post_footer":false},"product_brand":[],"product_cat":[37,38,32,18,19,171,174,172,175],"product_tag":[],"class_list":{"0":"post-2093","1":"product","2":"type-product","3":"status-publish","4":"has-post-thumbnail","6":"product_cat-akcesoria-inteligentny-dom","7":"product_cat-internetowe","8":"product_cat-ogrzewanie","9":"product_cat-inteligentny-dom","10":"product_cat-ogrzewanie-podlogowe","11":"product_cat-system-wi-fi-navi-home-tuya-cloud","12":"product_cat-system-wi-fi-navi-home-tuya-cloud-internetowe","13":"product_cat-system-wi-fi-supla","14":"product_cat-system-wi-fi-supla-internetowe","16":"first","17":"instock","18":"product-type-simple","19":"entry","20":"content-bg","21":"loop-entry"},"acf":[],"yoast_head":"<!-- This site is optimized with the Yoast SEO plugin v27.5 - https:\/\/yoast.com\/product\/yoast-seo-wordpress\/ -->\n<title>Antena zewn\u0119trzna ANT-01\/Wi-Fi - Zamel<\/title>\n<meta name=\"robots\" content=\"index, follow, max-snippet:-1, max-image-preview:large, max-video-preview:-1\" \/>\n<link rel=\"canonical\" href=\"https:\/\/thermolife.pl\/en\/inteligentny-dom\/antena-zewnetrzna-ant-01-wi-fi\/\" \/>\n<meta property=\"og:locale\" content=\"en_US\" \/>\n<meta property=\"og:type\" content=\"article\" \/>\n<meta property=\"og:title\" content=\"Antena zewn\u0119trzna ANT-01\/Wi-Fi - Zamel\" \/>\n<meta property=\"og:description\" content=\"Antena zewn\u0119trzna ANT-01\/Wi-Fi\u00a0s\u0142u\u017cy do wyprowadzenia sygna\u0142u radiowego na zewn\u0105trz rozdzielnicy instalacyjnej. Antena mo\u017ce by\u0107 mocowana do metalowych powierzchni za pomoc\u0105 magnesu wbudowanego w podstaw\u0119. Antena posiada rewersyjne z\u0142\u0105cze wtykowe SMA.\" \/>\n<meta property=\"og:url\" content=\"https:\/\/thermolife.pl\/en\/inteligentny-dom\/antena-zewnetrzna-ant-01-wi-fi\/\" \/>\n<meta property=\"og:site_name\" content=\"Zamel\" \/>\n<meta property=\"article:modified_time\" content=\"2025-11-03T09:28:59+00:00\" \/>\n<meta property=\"og:image\" content=\"https:\/\/thermolife.pl\/wp-content\/uploads\/2025\/08\/ANT-01_2.webp\" \/>\n\t<meta property=\"og:image:width\" content=\"750\" \/>\n\t<meta property=\"og:image:height\" content=\"750\" \/>\n\t<meta property=\"og:image:type\" content=\"image\/webp\" \/>\n<meta name=\"twitter:card\" content=\"summary_large_image\" \/>\n<meta name=\"twitter:label1\" content=\"Est. reading time\" \/>\n\t<meta name=\"twitter:data1\" content=\"1 minute\" \/>\n<script type=\"application\/ld+json\" class=\"yoast-schema-graph\">{\"@context\":\"https:\\\/\\\/schema.org\",\"@graph\":[{\"@type\":\"WebPage\",\"@id\":\"https:\\\/\\\/thermolife.pl\\\/inteligentny-dom\\\/antena-zewnetrzna-ant-01-wi-fi\\\/\",\"url\":\"https:\\\/\\\/thermolife.pl\\\/inteligentny-dom\\\/antena-zewnetrzna-ant-01-wi-fi\\\/\",\"name\":\"Antena zewn\u0119trzna ANT-01\\\/Wi-Fi - Zamel\",\"isPartOf\":{\"@id\":\"https:\\\/\\\/thermolife.pl\\\/#website\"},\"primaryImageOfPage\":{\"@id\":\"https:\\\/\\\/thermolife.pl\\\/inteligentny-dom\\\/antena-zewnetrzna-ant-01-wi-fi\\\/#primaryimage\"},\"image\":{\"@id\":\"https:\\\/\\\/thermolife.pl\\\/inteligentny-dom\\\/antena-zewnetrzna-ant-01-wi-fi\\\/#primaryimage\"},\"thumbnailUrl\":\"https:\\\/\\\/thermolife.pl\\\/wp-content\\\/uploads\\\/2025\\\/08\\\/ANT-01_2.webp\",\"datePublished\":\"2025-11-03T09:18:17+00:00\",\"dateModified\":\"2025-11-03T09:28:59+00:00\",\"breadcrumb\":{\"@id\":\"https:\\\/\\\/thermolife.pl\\\/inteligentny-dom\\\/antena-zewnetrzna-ant-01-wi-fi\\\/#breadcrumb\"},\"inLanguage\":\"en-US\",\"potentialAction\":[{\"@type\":\"ReadAction\",\"target\":[\"https:\\\/\\\/thermolife.pl\\\/inteligentny-dom\\\/antena-zewnetrzna-ant-01-wi-fi\\\/\"]}]},{\"@type\":\"ImageObject\",\"inLanguage\":\"en-US\",\"@id\":\"https:\\\/\\\/thermolife.pl\\\/inteligentny-dom\\\/antena-zewnetrzna-ant-01-wi-fi\\\/#primaryimage\",\"url\":\"https:\\\/\\\/thermolife.pl\\\/wp-content\\\/uploads\\\/2025\\\/08\\\/ANT-01_2.webp\",\"contentUrl\":\"https:\\\/\\\/thermolife.pl\\\/wp-content\\\/uploads\\\/2025\\\/08\\\/ANT-01_2.webp\",\"width\":750,\"height\":750},{\"@type\":\"BreadcrumbList\",\"@id\":\"https:\\\/\\\/thermolife.pl\\\/inteligentny-dom\\\/antena-zewnetrzna-ant-01-wi-fi\\\/#breadcrumb\",\"itemListElement\":[{\"@type\":\"ListItem\",\"position\":1,\"name\":\"Strona g\u0142\u00f3wna\",\"item\":\"https:\\\/\\\/thermolife.pl\\\/\"},{\"@type\":\"ListItem\",\"position\":2,\"name\":\"Produkty\",\"item\":\"https:\\\/\\\/thermolife.pl\\\/produkty\\\/\"},{\"@type\":\"ListItem\",\"position\":3,\"name\":\"Sterowanie inteligentnym domem\",\"item\":\"https:\\\/\\\/thermolife.pl\\\/inteligentny-dom\\\/\"},{\"@type\":\"ListItem\",\"position\":4,\"name\":\"Antena zewn\u0119trzna ANT-01\\\/Wi-Fi\"}]},{\"@type\":\"WebSite\",\"@id\":\"https:\\\/\\\/thermolife.pl\\\/#website\",\"url\":\"https:\\\/\\\/thermolife.pl\\\/\",\"name\":\"Zamel\",\"description\":\"Systemy sterowania ogrzewaniem\",\"publisher\":{\"@id\":\"https:\\\/\\\/thermolife.pl\\\/#organization\"},\"potentialAction\":[{\"@type\":\"SearchAction\",\"target\":{\"@type\":\"EntryPoint\",\"urlTemplate\":\"https:\\\/\\\/thermolife.pl\\\/?s={search_term_string}\"},\"query-input\":{\"@type\":\"PropertyValueSpecification\",\"valueRequired\":true,\"valueName\":\"search_term_string\"}}],\"inLanguage\":\"en-US\"},{\"@type\":\"Organization\",\"@id\":\"https:\\\/\\\/thermolife.pl\\\/#organization\",\"name\":\"Zamel\",\"url\":\"https:\\\/\\\/thermolife.pl\\\/\",\"logo\":{\"@type\":\"ImageObject\",\"inLanguage\":\"en-US\",\"@id\":\"https:\\\/\\\/thermolife.pl\\\/#\\\/schema\\\/logo\\\/image\\\/\",\"url\":\"https:\\\/\\\/thermolife.pl\\\/wp-content\\\/uploads\\\/2025\\\/07\\\/logo.svg\",\"contentUrl\":\"https:\\\/\\\/thermolife.pl\\\/wp-content\\\/uploads\\\/2025\\\/07\\\/logo.svg\",\"caption\":\"Zamel\"},\"image\":{\"@id\":\"https:\\\/\\\/thermolife.pl\\\/#\\\/schema\\\/logo\\\/image\\\/\"}}]}<\/script>\n<!-- \/ Yoast SEO plugin. -->","yoast_head_json":{"title":"Antena zewn\u0119trzna ANT-01\/Wi-Fi - Zamel","robots":{"index":"index","follow":"follow","max-snippet":"max-snippet:-1","max-image-preview":"max-image-preview:large","max-video-preview":"max-video-preview:-1"},"canonical":"https:\/\/thermolife.pl\/en\/inteligentny-dom\/antena-zewnetrzna-ant-01-wi-fi\/","og_locale":"en_US","og_type":"article","og_title":"Antena zewn\u0119trzna ANT-01\/Wi-Fi - Zamel","og_description":"Antena zewn\u0119trzna ANT-01\/Wi-Fi\u00a0s\u0142u\u017cy do wyprowadzenia sygna\u0142u radiowego na zewn\u0105trz rozdzielnicy instalacyjnej. Antena mo\u017ce by\u0107 mocowana do metalowych powierzchni za pomoc\u0105 magnesu wbudowanego w podstaw\u0119. Antena posiada rewersyjne z\u0142\u0105cze wtykowe SMA.","og_url":"https:\/\/thermolife.pl\/en\/inteligentny-dom\/antena-zewnetrzna-ant-01-wi-fi\/","og_site_name":"Zamel","article_modified_time":"2025-11-03T09:28:59+00:00","og_image":[{"width":750,"height":750,"url":"https:\/\/thermolife.pl\/wp-content\/uploads\/2025\/08\/ANT-01_2.webp","type":"image\/webp"}],"twitter_card":"summary_large_image","twitter_misc":{"Est. reading time":"1 minute"},"schema":{"@context":"https:\/\/schema.org","@graph":[{"@type":"WebPage","@id":"https:\/\/thermolife.pl\/inteligentny-dom\/antena-zewnetrzna-ant-01-wi-fi\/","url":"https:\/\/thermolife.pl\/inteligentny-dom\/antena-zewnetrzna-ant-01-wi-fi\/","name":"Antena zewn\u0119trzna ANT-01\/Wi-Fi - Zamel","isPartOf":{"@id":"https:\/\/thermolife.pl\/#website"},"primaryImageOfPage":{"@id":"https:\/\/thermolife.pl\/inteligentny-dom\/antena-zewnetrzna-ant-01-wi-fi\/#primaryimage"},"image":{"@id":"https:\/\/thermolife.pl\/inteligentny-dom\/antena-zewnetrzna-ant-01-wi-fi\/#primaryimage"},"thumbnailUrl":"https:\/\/thermolife.pl\/wp-content\/uploads\/2025\/08\/ANT-01_2.webp","datePublished":"2025-11-03T09:18:17+00:00","dateModified":"2025-11-03T09:28:59+00:00","breadcrumb":{"@id":"https:\/\/thermolife.pl\/inteligentny-dom\/antena-zewnetrzna-ant-01-wi-fi\/#breadcrumb"},"inLanguage":"en-US","potentialAction":[{"@type":"ReadAction","target":["https:\/\/thermolife.pl\/inteligentny-dom\/antena-zewnetrzna-ant-01-wi-fi\/"]}]},{"@type":"ImageObject","inLanguage":"en-US","@id":"https:\/\/thermolife.pl\/inteligentny-dom\/antena-zewnetrzna-ant-01-wi-fi\/#primaryimage","url":"https:\/\/thermolife.pl\/wp-content\/uploads\/2025\/08\/ANT-01_2.webp","contentUrl":"https:\/\/thermolife.pl\/wp-content\/uploads\/2025\/08\/ANT-01_2.webp","width":750,"height":750},{"@type":"BreadcrumbList","@id":"https:\/\/thermolife.pl\/inteligentny-dom\/antena-zewnetrzna-ant-01-wi-fi\/#breadcrumb","itemListElement":[{"@type":"ListItem","position":1,"name":"Strona g\u0142\u00f3wna","item":"https:\/\/thermolife.pl\/"},{"@type":"ListItem","position":2,"name":"Produkty","item":"https:\/\/thermolife.pl\/produkty\/"},{"@type":"ListItem","position":3,"name":"Sterowanie inteligentnym domem","item":"https:\/\/thermolife.pl\/inteligentny-dom\/"},{"@type":"ListItem","position":4,"name":"Antena zewn\u0119trzna ANT-01\/Wi-Fi"}]},{"@type":"WebSite","@id":"https:\/\/thermolife.pl\/#website","url":"https:\/\/thermolife.pl\/","name":"Zamel","description":"Systemy sterowania ogrzewaniem","publisher":{"@id":"https:\/\/thermolife.pl\/#organization"},"potentialAction":[{"@type":"SearchAction","target":{"@type":"EntryPoint","urlTemplate":"https:\/\/thermolife.pl\/?s={search_term_string}"},"query-input":{"@type":"PropertyValueSpecification","valueRequired":true,"valueName":"search_term_string"}}],"inLanguage":"en-US"},{"@type":"Organization","@id":"https:\/\/thermolife.pl\/#organization","name":"Zamel","url":"https:\/\/thermolife.pl\/","logo":{"@type":"ImageObject","inLanguage":"en-US","@id":"https:\/\/thermolife.pl\/#\/schema\/logo\/image\/","url":"https:\/\/thermolife.pl\/wp-content\/uploads\/2025\/07\/logo.svg","contentUrl":"https:\/\/thermolife.pl\/wp-content\/uploads\/2025\/07\/logo.svg","caption":"Zamel"},"image":{"@id":"https:\/\/thermolife.pl\/#\/schema\/logo\/image\/"}}]}},"taxonomy_info":{"product_cat":[{"value":37,"label":"Akcesoria"},{"value":38,"label":"Internetowe"},{"value":32,"label":"Ogrzewanie"},{"value":18,"label":"Sterowanie inteligentnym domem"},{"value":19,"label":"Sterowanie ogrzewaniem pod\u0142ogowym"},{"value":171,"label":"System WI-FI - Navi Home (TUYA Cloud)"},{"value":174,"label":"System WI-FI - Navi Home (TUYA Cloud)"},{"value":172,"label":"System WI-FI - SUPLA"},{"value":175,"label":"System WI-FI - SUPLA"}]},"featured_image_src_large":["https:\/\/thermolife.pl\/wp-content\/uploads\/2025\/08\/ANT-01_2.webp",750,750,false],"author_info":[],"comment_info":0,"_links":{"self":[{"href":"https:\/\/thermolife.pl\/en\/wp-json\/wp\/v2\/product\/2093","targetHints":{"allow":["GET"]}}],"collection":[{"href":"https:\/\/thermolife.pl\/en\/wp-json\/wp\/v2\/product"}],"about":[{"href":"https:\/\/thermolife.pl\/en\/wp-json\/wp\/v2\/types\/product"}],"replies":[{"embeddable":true,"href":"https:\/\/thermolife.pl\/en\/wp-json\/wp\/v2\/comments?post=2093"}],"wp:featuredmedia":[{"embeddable":true,"href":"https:\/\/thermolife.pl\/en\/wp-json\/wp\/v2\/media\/1293"}],"wp:attachment":[{"href":"https:\/\/thermolife.pl\/en\/wp-json\/wp\/v2\/media?parent=2093"}],"wp:term":[{"taxonomy":"product_brand","embeddable":true,"href":"https:\/\/thermolife.pl\/en\/wp-json\/wp\/v2\/product_brand?post=2093"},{"taxonomy":"product_cat","embeddable":true,"href":"https:\/\/thermolife.pl\/en\/wp-json\/wp\/v2\/product_cat?post=2093"},{"taxonomy":"product_tag","embeddable":true,"href":"https:\/\/thermolife.pl\/en\/wp-json\/wp\/v2\/product_tag?post=2093"}],"curies":[{"name":"wp","href":"https:\/\/api.w.org\/{rel}","templated":true}]}}