{"id":1047,"date":"2025-08-05T15:46:57","date_gmt":"2025-08-05T13:46:57","guid":{"rendered":"https:\/\/thermolife.pl\/bez-kategorii\/odbiornik-regulatora-do-kotla-zasilany-230v\/"},"modified":"2025-10-31T13:14:41","modified_gmt":"2025-10-31T12:14:41","slug":"odbiornik-regulatora-do-kotla-zasilany-230v","status":"publish","type":"product","link":"https:\/\/thermolife.pl\/en\/ogrzewanie-podlogowe\/internetowe\/system-wi-fi-navi-home-tuya-cloud-internetowe\/odbiornik-regulatora-do-kotla-zasilany-230v\/","title":{"rendered":"Odbiornik regulatora do kot\u0142a Wi-Fi, zasilany 230V"},"content":{"rendered":"<p>WOT-31 to radiowy odbiornik regulatora do kot\u0142a z komunikacj\u0105 Wi-Fi 2,4 GHz. Urz\u0105dzenie zasilane jest napi\u0119ciem 230 V AC. G\u0142\u00f3wnym zadaniem urz\u0105dzenia jest wsp\u00f3\u0142praca z radiowymi regulatorami temperatury (seria LBW lub LPW) oraz listwami ogrzewania pod\u0142ogowego LLM-21 dzia\u0142aj\u0105cymi w systemie Exta Life. Odbiornik WOT-31 na podstawie analizy stan\u00f3w regulator\u00f3w lub listew steruje w\u0142\u0105czeniem \/ wy\u0142\u0105czeniem \u017ar\u00f3d\u0142a ciep\u0142a (kocio\u0142 gazowy, mata grzewcza, pompa). Dodatkowo dzi\u0119ki komunikacji Wi-Fi mo\u017cliwe jest r\u0119czne w\u0142\u0105czenie \/ wy\u0142\u0105czenie urz\u0105dzenia grzewczego poprzez aplikacj\u0119 NaviHome(Tuya Cloud). W aplikacji widoczny jest tak\u017ce aktualny stan odbiornika WOT-31.<\/p>","protected":false},"excerpt":{"rendered":"<p>WOT-31 to radiowy odbiornik regulatora do kot\u0142a z komunikacj\u0105 Wi-Fi 2,4 GHz. Urz\u0105dzenie zasilane jest napi\u0119ciem 230 V AC. G\u0142\u00f3wnym zadaniem urz\u0105dzenia jest wsp\u00f3\u0142praca z radiowymi regulatorami temperatury (seria LBW lub LPW) oraz listwami ogrzewania pod\u0142ogowego LLM-21 dzia\u0142aj\u0105cymi w systemie Exta Life. Odbiornik WOT-31 na podstawie analizy stan\u00f3w regulator\u00f3w lub listew steruje w\u0142\u0105czeniem \/ wy\u0142\u0105czeniem&#8230;<\/p>","protected":false},"featured_media":1822,"comment_status":"closed","ping_status":"closed","template":"","meta":{"_acf_changed":false,"_kad_blocks_custom_css":"","_kad_blocks_head_custom_js":"","_kad_blocks_body_custom_js":"","_kad_blocks_footer_custom_js":"","_kad_post_transparent":"default","_kad_post_title":"","_kad_post_layout":"default","_kad_post_sidebar_id":"","_kad_post_content_style":"default","_kad_post_vertical_padding":"default","_kad_post_feature":"","_kad_post_feature_position":"","_kad_post_header":false,"_kad_post_footer":false},"product_brand":[],"product_cat":[32,18,19,171,174],"product_tag":[],"class_list":{"0":"post-1047","1":"product","2":"type-product","3":"status-publish","4":"has-post-thumbnail","6":"product_cat-ogrzewanie","7":"product_cat-inteligentny-dom","8":"product_cat-ogrzewanie-podlogowe","9":"product_cat-system-wi-fi-navi-home-tuya-cloud","10":"product_cat-system-wi-fi-navi-home-tuya-cloud-internetowe","12":"first","13":"instock","14":"product-type-simple","15":"entry","16":"content-bg","17":"loop-entry"},"acf":[],"yoast_head":"<!-- This site is optimized with the Yoast SEO plugin v27.5 - https:\/\/yoast.com\/product\/yoast-seo-wordpress\/ -->\n<title>Odbiornik regulatora do kot\u0142a Wi-Fi, zasilany 230V - Zamel<\/title>\n<meta name=\"robots\" content=\"index, follow, max-snippet:-1, max-image-preview:large, max-video-preview:-1\" \/>\n<link rel=\"canonical\" href=\"https:\/\/thermolife.pl\/en\/ogrzewanie-podlogowe\/internetowe\/system-wi-fi-navi-home-tuya-cloud-internetowe\/odbiornik-regulatora-do-kotla-zasilany-230v\/\" \/>\n<meta property=\"og:locale\" content=\"en_US\" \/>\n<meta property=\"og:type\" content=\"article\" \/>\n<meta property=\"og:title\" content=\"Odbiornik regulatora do kot\u0142a Wi-Fi, zasilany 230V - Zamel\" \/>\n<meta property=\"og:description\" content=\"WOT-31 to radiowy odbiornik regulatora do kot\u0142a z komunikacj\u0105 Wi-Fi 2,4 GHz. Urz\u0105dzenie zasilane jest napi\u0119ciem 230 V AC. G\u0142\u00f3wnym zadaniem urz\u0105dzenia jest wsp\u00f3\u0142praca z radiowymi regulatorami temperatury (seria LBW lub LPW) oraz listwami ogrzewania pod\u0142ogowego LLM-21 dzia\u0142aj\u0105cymi w systemie Exta Life. Odbiornik WOT-31 na podstawie analizy stan\u00f3w regulator\u00f3w lub listew steruje w\u0142\u0105czeniem \/ wy\u0142\u0105czeniem...\" \/>\n<meta property=\"og:url\" content=\"https:\/\/thermolife.pl\/en\/ogrzewanie-podlogowe\/internetowe\/system-wi-fi-navi-home-tuya-cloud-internetowe\/odbiornik-regulatora-do-kotla-zasilany-230v\/\" \/>\n<meta property=\"og:site_name\" content=\"Zamel\" \/>\n<meta property=\"article:modified_time\" content=\"2025-10-31T12:14:41+00:00\" \/>\n<meta property=\"og:image\" content=\"https:\/\/thermolife.pl\/wp-content\/uploads\/2025\/08\/WOT-31.png\" \/>\n\t<meta property=\"og:image:width\" content=\"1200\" \/>\n\t<meta property=\"og:image:height\" content=\"1200\" \/>\n\t<meta property=\"og:image:type\" content=\"image\/png\" \/>\n<meta name=\"twitter:card\" content=\"summary_large_image\" \/>\n<meta name=\"twitter:label1\" content=\"Est. reading time\" \/>\n\t<meta name=\"twitter:data1\" content=\"1 minute\" \/>\n<script type=\"application\/ld+json\" class=\"yoast-schema-graph\">{\"@context\":\"https:\\\/\\\/schema.org\",\"@graph\":[{\"@type\":\"WebPage\",\"@id\":\"https:\\\/\\\/thermolife.pl\\\/ogrzewanie-podlogowe\\\/internetowe\\\/system-wi-fi-navi-home-tuya-cloud-internetowe\\\/odbiornik-regulatora-do-kotla-zasilany-230v\\\/\",\"url\":\"https:\\\/\\\/thermolife.pl\\\/ogrzewanie-podlogowe\\\/internetowe\\\/system-wi-fi-navi-home-tuya-cloud-internetowe\\\/odbiornik-regulatora-do-kotla-zasilany-230v\\\/\",\"name\":\"Odbiornik regulatora do kot\u0142a Wi-Fi, zasilany 230V - Zamel\",\"isPartOf\":{\"@id\":\"https:\\\/\\\/thermolife.pl\\\/#website\"},\"primaryImageOfPage\":{\"@id\":\"https:\\\/\\\/thermolife.pl\\\/ogrzewanie-podlogowe\\\/internetowe\\\/system-wi-fi-navi-home-tuya-cloud-internetowe\\\/odbiornik-regulatora-do-kotla-zasilany-230v\\\/#primaryimage\"},\"image\":{\"@id\":\"https:\\\/\\\/thermolife.pl\\\/ogrzewanie-podlogowe\\\/internetowe\\\/system-wi-fi-navi-home-tuya-cloud-internetowe\\\/odbiornik-regulatora-do-kotla-zasilany-230v\\\/#primaryimage\"},\"thumbnailUrl\":\"https:\\\/\\\/thermolife.pl\\\/wp-content\\\/uploads\\\/2025\\\/08\\\/WOT-31.png\",\"datePublished\":\"2025-08-05T13:46:57+00:00\",\"dateModified\":\"2025-10-31T12:14:41+00:00\",\"breadcrumb\":{\"@id\":\"https:\\\/\\\/thermolife.pl\\\/ogrzewanie-podlogowe\\\/internetowe\\\/system-wi-fi-navi-home-tuya-cloud-internetowe\\\/odbiornik-regulatora-do-kotla-zasilany-230v\\\/#breadcrumb\"},\"inLanguage\":\"en-US\",\"potentialAction\":[{\"@type\":\"ReadAction\",\"target\":[\"https:\\\/\\\/thermolife.pl\\\/ogrzewanie-podlogowe\\\/internetowe\\\/system-wi-fi-navi-home-tuya-cloud-internetowe\\\/odbiornik-regulatora-do-kotla-zasilany-230v\\\/\"]}]},{\"@type\":\"ImageObject\",\"inLanguage\":\"en-US\",\"@id\":\"https:\\\/\\\/thermolife.pl\\\/ogrzewanie-podlogowe\\\/internetowe\\\/system-wi-fi-navi-home-tuya-cloud-internetowe\\\/odbiornik-regulatora-do-kotla-zasilany-230v\\\/#primaryimage\",\"url\":\"https:\\\/\\\/thermolife.pl\\\/wp-content\\\/uploads\\\/2025\\\/08\\\/WOT-31.png\",\"contentUrl\":\"https:\\\/\\\/thermolife.pl\\\/wp-content\\\/uploads\\\/2025\\\/08\\\/WOT-31.png\",\"width\":1200,\"height\":1200},{\"@type\":\"BreadcrumbList\",\"@id\":\"https:\\\/\\\/thermolife.pl\\\/ogrzewanie-podlogowe\\\/internetowe\\\/system-wi-fi-navi-home-tuya-cloud-internetowe\\\/odbiornik-regulatora-do-kotla-zasilany-230v\\\/#breadcrumb\",\"itemListElement\":[{\"@type\":\"ListItem\",\"position\":1,\"name\":\"Strona g\u0142\u00f3wna\",\"item\":\"https:\\\/\\\/thermolife.pl\\\/\"},{\"@type\":\"ListItem\",\"position\":2,\"name\":\"Produkty\",\"item\":\"https:\\\/\\\/thermolife.pl\\\/produkty\\\/\"},{\"@type\":\"ListItem\",\"position\":3,\"name\":\"Sterowanie inteligentnym domem\",\"item\":\"https:\\\/\\\/thermolife.pl\\\/inteligentny-dom\\\/\"},{\"@type\":\"ListItem\",\"position\":4,\"name\":\"Ogrzewanie\",\"item\":\"https:\\\/\\\/thermolife.pl\\\/inteligentny-dom\\\/ogrzewanie\\\/\"},{\"@type\":\"ListItem\",\"position\":5,\"name\":\"System WI-FI - Navi Home (TUYA Cloud)\",\"item\":\"https:\\\/\\\/thermolife.pl\\\/inteligentny-dom\\\/ogrzewanie\\\/system-wi-fi-navi-home-tuya-cloud\\\/\"},{\"@type\":\"ListItem\",\"position\":6,\"name\":\"Odbiornik regulatora do kot\u0142a Wi-Fi, zasilany 230V\"}]},{\"@type\":\"WebSite\",\"@id\":\"https:\\\/\\\/thermolife.pl\\\/#website\",\"url\":\"https:\\\/\\\/thermolife.pl\\\/\",\"name\":\"Zamel\",\"description\":\"Systemy sterowania ogrzewaniem\",\"publisher\":{\"@id\":\"https:\\\/\\\/thermolife.pl\\\/#organization\"},\"potentialAction\":[{\"@type\":\"SearchAction\",\"target\":{\"@type\":\"EntryPoint\",\"urlTemplate\":\"https:\\\/\\\/thermolife.pl\\\/?s={search_term_string}\"},\"query-input\":{\"@type\":\"PropertyValueSpecification\",\"valueRequired\":true,\"valueName\":\"search_term_string\"}}],\"inLanguage\":\"en-US\"},{\"@type\":\"Organization\",\"@id\":\"https:\\\/\\\/thermolife.pl\\\/#organization\",\"name\":\"Zamel\",\"url\":\"https:\\\/\\\/thermolife.pl\\\/\",\"logo\":{\"@type\":\"ImageObject\",\"inLanguage\":\"en-US\",\"@id\":\"https:\\\/\\\/thermolife.pl\\\/#\\\/schema\\\/logo\\\/image\\\/\",\"url\":\"https:\\\/\\\/thermolife.pl\\\/wp-content\\\/uploads\\\/2025\\\/07\\\/logo.svg\",\"contentUrl\":\"https:\\\/\\\/thermolife.pl\\\/wp-content\\\/uploads\\\/2025\\\/07\\\/logo.svg\",\"caption\":\"Zamel\"},\"image\":{\"@id\":\"https:\\\/\\\/thermolife.pl\\\/#\\\/schema\\\/logo\\\/image\\\/\"}}]}<\/script>\n<!-- \/ Yoast SEO plugin. -->","yoast_head_json":{"title":"Odbiornik regulatora do kot\u0142a Wi-Fi, zasilany 230V - Zamel","robots":{"index":"index","follow":"follow","max-snippet":"max-snippet:-1","max-image-preview":"max-image-preview:large","max-video-preview":"max-video-preview:-1"},"canonical":"https:\/\/thermolife.pl\/en\/ogrzewanie-podlogowe\/internetowe\/system-wi-fi-navi-home-tuya-cloud-internetowe\/odbiornik-regulatora-do-kotla-zasilany-230v\/","og_locale":"en_US","og_type":"article","og_title":"Odbiornik regulatora do kot\u0142a Wi-Fi, zasilany 230V - Zamel","og_description":"WOT-31 to radiowy odbiornik regulatora do kot\u0142a z komunikacj\u0105 Wi-Fi 2,4 GHz. Urz\u0105dzenie zasilane jest napi\u0119ciem 230 V AC. G\u0142\u00f3wnym zadaniem urz\u0105dzenia jest wsp\u00f3\u0142praca z radiowymi regulatorami temperatury (seria LBW lub LPW) oraz listwami ogrzewania pod\u0142ogowego LLM-21 dzia\u0142aj\u0105cymi w systemie Exta Life. Odbiornik WOT-31 na podstawie analizy stan\u00f3w regulator\u00f3w lub listew steruje w\u0142\u0105czeniem \/ wy\u0142\u0105czeniem...","og_url":"https:\/\/thermolife.pl\/en\/ogrzewanie-podlogowe\/internetowe\/system-wi-fi-navi-home-tuya-cloud-internetowe\/odbiornik-regulatora-do-kotla-zasilany-230v\/","og_site_name":"Zamel","article_modified_time":"2025-10-31T12:14:41+00:00","og_image":[{"width":1200,"height":1200,"url":"https:\/\/thermolife.pl\/wp-content\/uploads\/2025\/08\/WOT-31.png","type":"image\/png"}],"twitter_card":"summary_large_image","twitter_misc":{"Est. reading time":"1 minute"},"schema":{"@context":"https:\/\/schema.org","@graph":[{"@type":"WebPage","@id":"https:\/\/thermolife.pl\/ogrzewanie-podlogowe\/internetowe\/system-wi-fi-navi-home-tuya-cloud-internetowe\/odbiornik-regulatora-do-kotla-zasilany-230v\/","url":"https:\/\/thermolife.pl\/ogrzewanie-podlogowe\/internetowe\/system-wi-fi-navi-home-tuya-cloud-internetowe\/odbiornik-regulatora-do-kotla-zasilany-230v\/","name":"Odbiornik regulatora do kot\u0142a Wi-Fi, zasilany 230V - Zamel","isPartOf":{"@id":"https:\/\/thermolife.pl\/#website"},"primaryImageOfPage":{"@id":"https:\/\/thermolife.pl\/ogrzewanie-podlogowe\/internetowe\/system-wi-fi-navi-home-tuya-cloud-internetowe\/odbiornik-regulatora-do-kotla-zasilany-230v\/#primaryimage"},"image":{"@id":"https:\/\/thermolife.pl\/ogrzewanie-podlogowe\/internetowe\/system-wi-fi-navi-home-tuya-cloud-internetowe\/odbiornik-regulatora-do-kotla-zasilany-230v\/#primaryimage"},"thumbnailUrl":"https:\/\/thermolife.pl\/wp-content\/uploads\/2025\/08\/WOT-31.png","datePublished":"2025-08-05T13:46:57+00:00","dateModified":"2025-10-31T12:14:41+00:00","breadcrumb":{"@id":"https:\/\/thermolife.pl\/ogrzewanie-podlogowe\/internetowe\/system-wi-fi-navi-home-tuya-cloud-internetowe\/odbiornik-regulatora-do-kotla-zasilany-230v\/#breadcrumb"},"inLanguage":"en-US","potentialAction":[{"@type":"ReadAction","target":["https:\/\/thermolife.pl\/ogrzewanie-podlogowe\/internetowe\/system-wi-fi-navi-home-tuya-cloud-internetowe\/odbiornik-regulatora-do-kotla-zasilany-230v\/"]}]},{"@type":"ImageObject","inLanguage":"en-US","@id":"https:\/\/thermolife.pl\/ogrzewanie-podlogowe\/internetowe\/system-wi-fi-navi-home-tuya-cloud-internetowe\/odbiornik-regulatora-do-kotla-zasilany-230v\/#primaryimage","url":"https:\/\/thermolife.pl\/wp-content\/uploads\/2025\/08\/WOT-31.png","contentUrl":"https:\/\/thermolife.pl\/wp-content\/uploads\/2025\/08\/WOT-31.png","width":1200,"height":1200},{"@type":"BreadcrumbList","@id":"https:\/\/thermolife.pl\/ogrzewanie-podlogowe\/internetowe\/system-wi-fi-navi-home-tuya-cloud-internetowe\/odbiornik-regulatora-do-kotla-zasilany-230v\/#breadcrumb","itemListElement":[{"@type":"ListItem","position":1,"name":"Strona g\u0142\u00f3wna","item":"https:\/\/thermolife.pl\/"},{"@type":"ListItem","position":2,"name":"Produkty","item":"https:\/\/thermolife.pl\/produkty\/"},{"@type":"ListItem","position":3,"name":"Sterowanie inteligentnym domem","item":"https:\/\/thermolife.pl\/inteligentny-dom\/"},{"@type":"ListItem","position":4,"name":"Ogrzewanie","item":"https:\/\/thermolife.pl\/inteligentny-dom\/ogrzewanie\/"},{"@type":"ListItem","position":5,"name":"System WI-FI - Navi Home (TUYA Cloud)","item":"https:\/\/thermolife.pl\/inteligentny-dom\/ogrzewanie\/system-wi-fi-navi-home-tuya-cloud\/"},{"@type":"ListItem","position":6,"name":"Odbiornik regulatora do kot\u0142a Wi-Fi, zasilany 230V"}]},{"@type":"WebSite","@id":"https:\/\/thermolife.pl\/#website","url":"https:\/\/thermolife.pl\/","name":"Zamel","description":"Systemy sterowania ogrzewaniem","publisher":{"@id":"https:\/\/thermolife.pl\/#organization"},"potentialAction":[{"@type":"SearchAction","target":{"@type":"EntryPoint","urlTemplate":"https:\/\/thermolife.pl\/?s={search_term_string}"},"query-input":{"@type":"PropertyValueSpecification","valueRequired":true,"valueName":"search_term_string"}}],"inLanguage":"en-US"},{"@type":"Organization","@id":"https:\/\/thermolife.pl\/#organization","name":"Zamel","url":"https:\/\/thermolife.pl\/","logo":{"@type":"ImageObject","inLanguage":"en-US","@id":"https:\/\/thermolife.pl\/#\/schema\/logo\/image\/","url":"https:\/\/thermolife.pl\/wp-content\/uploads\/2025\/07\/logo.svg","contentUrl":"https:\/\/thermolife.pl\/wp-content\/uploads\/2025\/07\/logo.svg","caption":"Zamel"},"image":{"@id":"https:\/\/thermolife.pl\/#\/schema\/logo\/image\/"}}]}},"taxonomy_info":{"product_cat":[{"value":32,"label":"Ogrzewanie"},{"value":18,"label":"Sterowanie inteligentnym domem"},{"value":19,"label":"Sterowanie ogrzewaniem pod\u0142ogowym"},{"value":171,"label":"System WI-FI - Navi Home (TUYA Cloud)"},{"value":174,"label":"System WI-FI - Navi Home (TUYA Cloud)"}]},"featured_image_src_large":["https:\/\/thermolife.pl\/wp-content\/uploads\/2025\/08\/WOT-31.png",1024,1024,false],"author_info":[],"comment_info":0,"_links":{"self":[{"href":"https:\/\/thermolife.pl\/en\/wp-json\/wp\/v2\/product\/1047","targetHints":{"allow":["GET"]}}],"collection":[{"href":"https:\/\/thermolife.pl\/en\/wp-json\/wp\/v2\/product"}],"about":[{"href":"https:\/\/thermolife.pl\/en\/wp-json\/wp\/v2\/types\/product"}],"replies":[{"embeddable":true,"href":"https:\/\/thermolife.pl\/en\/wp-json\/wp\/v2\/comments?post=1047"}],"wp:featuredmedia":[{"embeddable":true,"href":"https:\/\/thermolife.pl\/en\/wp-json\/wp\/v2\/media\/1822"}],"wp:attachment":[{"href":"https:\/\/thermolife.pl\/en\/wp-json\/wp\/v2\/media?parent=1047"}],"wp:term":[{"taxonomy":"product_brand","embeddable":true,"href":"https:\/\/thermolife.pl\/en\/wp-json\/wp\/v2\/product_brand?post=1047"},{"taxonomy":"product_cat","embeddable":true,"href":"https:\/\/thermolife.pl\/en\/wp-json\/wp\/v2\/product_cat?post=1047"},{"taxonomy":"product_tag","embeddable":true,"href":"https:\/\/thermolife.pl\/en\/wp-json\/wp\/v2\/product_tag?post=1047"}],"curies":[{"name":"wp","href":"https:\/\/api.w.org\/{rel}","templated":true}]}}