{"id":1044,"date":"2025-08-05T15:46:57","date_gmt":"2025-08-05T13:46:57","guid":{"rendered":"https:\/\/thermolife.pl\/bez-kategorii\/radiowy-sterownik-rolet\/"},"modified":"2025-09-30T10:21:54","modified_gmt":"2025-09-30T08:21:54","slug":"radiowy-sterownik-rolet","status":"publish","type":"product","link":"https:\/\/thermolife.pl\/en\/inteligentny-dom\/rolety-bramy-zaluzje\/radiowy-sterownik-rolet\/","title":{"rendered":"Radiowy sterownik rolet"},"content":{"rendered":"<p>SRP-22 przeznaczony jest do sterowania roletami okiennymi lub innymi urz\u0105dzeniami nap\u0119dzanymi silnikami jednofazowymi 230 V AC. Sterowanie mo\u017ce by\u0107 prowadzone bezprzewodowo z poziomu nadajnik\u00f3w lub kontrolera Exta Life oraz przewodowo z poziomu przycisk\u00f3w \u017caluzjowych odbijaj\u0105cych. Do sterowania przewodowego wykorzystuje si\u0119 wej\u015bcia IN1 oraz IN2 konfigurowane w aplikacji mobilnej.<\/p>","protected":false},"excerpt":{"rendered":"<p>SRP-22 przeznaczony jest do sterowania roletami okiennymi lub innymi urz\u0105dzeniami nap\u0119dzanymi silnikami jednofazowymi 230 V AC. Sterowanie mo\u017ce by\u0107 prowadzone bezprzewodowo z poziomu nadajnik\u00f3w lub kontrolera Exta Life oraz przewodowo z poziomu przycisk\u00f3w \u017caluzjowych odbijaj\u0105cych. Do sterowania przewodowego wykorzystuje si\u0119 wej\u015bcia IN1 oraz IN2 konfigurowane w aplikacji mobilnej.<\/p>","protected":false},"featured_media":1633,"comment_status":"closed","ping_status":"closed","template":"","meta":{"_acf_changed":false,"_kad_blocks_custom_css":"","_kad_blocks_head_custom_js":"","_kad_blocks_body_custom_js":"","_kad_blocks_footer_custom_js":"","_kad_post_transparent":"default","_kad_post_title":"","_kad_post_layout":"default","_kad_post_sidebar_id":"","_kad_post_content_style":"default","_kad_post_vertical_padding":"default","_kad_post_feature":"","_kad_post_feature_position":"","_kad_post_header":false,"_kad_post_footer":false},"product_brand":[],"product_cat":[34,18],"product_tag":[],"class_list":{"0":"post-1044","1":"product","2":"type-product","3":"status-publish","4":"has-post-thumbnail","6":"product_cat-rolety-bramy-zaluzje","7":"product_cat-inteligentny-dom","9":"first","10":"instock","11":"product-type-simple","12":"entry","13":"content-bg","14":"loop-entry"},"acf":[],"yoast_head":"<!-- This site is optimized with the Yoast SEO plugin v27.5 - https:\/\/yoast.com\/product\/yoast-seo-wordpress\/ -->\n<title>Radiowy sterownik rolet - Zamel<\/title>\n<meta name=\"robots\" content=\"index, follow, max-snippet:-1, max-image-preview:large, max-video-preview:-1\" \/>\n<link rel=\"canonical\" href=\"https:\/\/thermolife.pl\/en\/inteligentny-dom\/rolety-bramy-zaluzje\/radiowy-sterownik-rolet\/\" \/>\n<meta property=\"og:locale\" content=\"en_US\" \/>\n<meta property=\"og:type\" content=\"article\" \/>\n<meta property=\"og:title\" content=\"Radiowy sterownik rolet - Zamel\" \/>\n<meta property=\"og:description\" content=\"SRP-22 przeznaczony jest do sterowania roletami okiennymi lub innymi urz\u0105dzeniami nap\u0119dzanymi silnikami jednofazowymi 230 V AC. Sterowanie mo\u017ce by\u0107 prowadzone bezprzewodowo z poziomu nadajnik\u00f3w lub kontrolera Exta Life oraz przewodowo z poziomu przycisk\u00f3w \u017caluzjowych odbijaj\u0105cych. Do sterowania przewodowego wykorzystuje si\u0119 wej\u015bcia IN1 oraz IN2 konfigurowane w aplikacji mobilnej.\" \/>\n<meta property=\"og:url\" content=\"https:\/\/thermolife.pl\/en\/inteligentny-dom\/rolety-bramy-zaluzje\/radiowy-sterownik-rolet\/\" \/>\n<meta property=\"og:site_name\" content=\"Zamel\" \/>\n<meta property=\"article:modified_time\" content=\"2025-09-30T08:21:54+00:00\" \/>\n<meta property=\"og:image\" content=\"https:\/\/thermolife.pl\/wp-content\/uploads\/2025\/08\/Zamel-5903669207238_packshot-1-1024x1024.png\" \/>\n\t<meta property=\"og:image:width\" content=\"1024\" \/>\n\t<meta property=\"og:image:height\" content=\"1024\" \/>\n\t<meta property=\"og:image:type\" content=\"image\/png\" \/>\n<meta name=\"twitter:card\" content=\"summary_large_image\" \/>\n<meta name=\"twitter:label1\" content=\"Est. reading time\" \/>\n\t<meta name=\"twitter:data1\" content=\"1 minute\" \/>\n<script type=\"application\/ld+json\" class=\"yoast-schema-graph\">{\"@context\":\"https:\\\/\\\/schema.org\",\"@graph\":[{\"@type\":\"WebPage\",\"@id\":\"https:\\\/\\\/thermolife.pl\\\/inteligentny-dom\\\/rolety-bramy-zaluzje\\\/radiowy-sterownik-rolet\\\/\",\"url\":\"https:\\\/\\\/thermolife.pl\\\/inteligentny-dom\\\/rolety-bramy-zaluzje\\\/radiowy-sterownik-rolet\\\/\",\"name\":\"Radiowy sterownik rolet - Zamel\",\"isPartOf\":{\"@id\":\"https:\\\/\\\/thermolife.pl\\\/#website\"},\"primaryImageOfPage\":{\"@id\":\"https:\\\/\\\/thermolife.pl\\\/inteligentny-dom\\\/rolety-bramy-zaluzje\\\/radiowy-sterownik-rolet\\\/#primaryimage\"},\"image\":{\"@id\":\"https:\\\/\\\/thermolife.pl\\\/inteligentny-dom\\\/rolety-bramy-zaluzje\\\/radiowy-sterownik-rolet\\\/#primaryimage\"},\"thumbnailUrl\":\"https:\\\/\\\/thermolife.pl\\\/wp-content\\\/uploads\\\/2025\\\/08\\\/Zamel-5903669207238_packshot-1.png\",\"datePublished\":\"2025-08-05T13:46:57+00:00\",\"dateModified\":\"2025-09-30T08:21:54+00:00\",\"breadcrumb\":{\"@id\":\"https:\\\/\\\/thermolife.pl\\\/inteligentny-dom\\\/rolety-bramy-zaluzje\\\/radiowy-sterownik-rolet\\\/#breadcrumb\"},\"inLanguage\":\"en-US\",\"potentialAction\":[{\"@type\":\"ReadAction\",\"target\":[\"https:\\\/\\\/thermolife.pl\\\/inteligentny-dom\\\/rolety-bramy-zaluzje\\\/radiowy-sterownik-rolet\\\/\"]}]},{\"@type\":\"ImageObject\",\"inLanguage\":\"en-US\",\"@id\":\"https:\\\/\\\/thermolife.pl\\\/inteligentny-dom\\\/rolety-bramy-zaluzje\\\/radiowy-sterownik-rolet\\\/#primaryimage\",\"url\":\"https:\\\/\\\/thermolife.pl\\\/wp-content\\\/uploads\\\/2025\\\/08\\\/Zamel-5903669207238_packshot-1.png\",\"contentUrl\":\"https:\\\/\\\/thermolife.pl\\\/wp-content\\\/uploads\\\/2025\\\/08\\\/Zamel-5903669207238_packshot-1.png\",\"width\":2500,\"height\":2500},{\"@type\":\"BreadcrumbList\",\"@id\":\"https:\\\/\\\/thermolife.pl\\\/inteligentny-dom\\\/rolety-bramy-zaluzje\\\/radiowy-sterownik-rolet\\\/#breadcrumb\",\"itemListElement\":[{\"@type\":\"ListItem\",\"position\":1,\"name\":\"Strona g\u0142\u00f3wna\",\"item\":\"https:\\\/\\\/thermolife.pl\\\/\"},{\"@type\":\"ListItem\",\"position\":2,\"name\":\"Produkty\",\"item\":\"https:\\\/\\\/thermolife.pl\\\/produkty\\\/\"},{\"@type\":\"ListItem\",\"position\":3,\"name\":\"Sterowanie inteligentnym domem\",\"item\":\"https:\\\/\\\/thermolife.pl\\\/inteligentny-dom\\\/\"},{\"@type\":\"ListItem\",\"position\":4,\"name\":\"Rolety, Bramy, \u017baluzje\",\"item\":\"https:\\\/\\\/thermolife.pl\\\/inteligentny-dom\\\/rolety-bramy-zaluzje\\\/\"},{\"@type\":\"ListItem\",\"position\":5,\"name\":\"Radiowy sterownik rolet\"}]},{\"@type\":\"WebSite\",\"@id\":\"https:\\\/\\\/thermolife.pl\\\/#website\",\"url\":\"https:\\\/\\\/thermolife.pl\\\/\",\"name\":\"Zamel\",\"description\":\"Systemy sterowania ogrzewaniem\",\"publisher\":{\"@id\":\"https:\\\/\\\/thermolife.pl\\\/#organization\"},\"potentialAction\":[{\"@type\":\"SearchAction\",\"target\":{\"@type\":\"EntryPoint\",\"urlTemplate\":\"https:\\\/\\\/thermolife.pl\\\/?s={search_term_string}\"},\"query-input\":{\"@type\":\"PropertyValueSpecification\",\"valueRequired\":true,\"valueName\":\"search_term_string\"}}],\"inLanguage\":\"en-US\"},{\"@type\":\"Organization\",\"@id\":\"https:\\\/\\\/thermolife.pl\\\/#organization\",\"name\":\"Zamel\",\"url\":\"https:\\\/\\\/thermolife.pl\\\/\",\"logo\":{\"@type\":\"ImageObject\",\"inLanguage\":\"en-US\",\"@id\":\"https:\\\/\\\/thermolife.pl\\\/#\\\/schema\\\/logo\\\/image\\\/\",\"url\":\"https:\\\/\\\/thermolife.pl\\\/wp-content\\\/uploads\\\/2025\\\/07\\\/logo.svg\",\"contentUrl\":\"https:\\\/\\\/thermolife.pl\\\/wp-content\\\/uploads\\\/2025\\\/07\\\/logo.svg\",\"caption\":\"Zamel\"},\"image\":{\"@id\":\"https:\\\/\\\/thermolife.pl\\\/#\\\/schema\\\/logo\\\/image\\\/\"}}]}<\/script>\n<!-- \/ Yoast SEO plugin. -->","yoast_head_json":{"title":"Radiowy sterownik rolet - Zamel","robots":{"index":"index","follow":"follow","max-snippet":"max-snippet:-1","max-image-preview":"max-image-preview:large","max-video-preview":"max-video-preview:-1"},"canonical":"https:\/\/thermolife.pl\/en\/inteligentny-dom\/rolety-bramy-zaluzje\/radiowy-sterownik-rolet\/","og_locale":"en_US","og_type":"article","og_title":"Radiowy sterownik rolet - Zamel","og_description":"SRP-22 przeznaczony jest do sterowania roletami okiennymi lub innymi urz\u0105dzeniami nap\u0119dzanymi silnikami jednofazowymi 230 V AC. Sterowanie mo\u017ce by\u0107 prowadzone bezprzewodowo z poziomu nadajnik\u00f3w lub kontrolera Exta Life oraz przewodowo z poziomu przycisk\u00f3w \u017caluzjowych odbijaj\u0105cych. Do sterowania przewodowego wykorzystuje si\u0119 wej\u015bcia IN1 oraz IN2 konfigurowane w aplikacji mobilnej.","og_url":"https:\/\/thermolife.pl\/en\/inteligentny-dom\/rolety-bramy-zaluzje\/radiowy-sterownik-rolet\/","og_site_name":"Zamel","article_modified_time":"2025-09-30T08:21:54+00:00","og_image":[{"width":1024,"height":1024,"url":"https:\/\/thermolife.pl\/wp-content\/uploads\/2025\/08\/Zamel-5903669207238_packshot-1-1024x1024.png","type":"image\/png"}],"twitter_card":"summary_large_image","twitter_misc":{"Est. reading time":"1 minute"},"schema":{"@context":"https:\/\/schema.org","@graph":[{"@type":"WebPage","@id":"https:\/\/thermolife.pl\/inteligentny-dom\/rolety-bramy-zaluzje\/radiowy-sterownik-rolet\/","url":"https:\/\/thermolife.pl\/inteligentny-dom\/rolety-bramy-zaluzje\/radiowy-sterownik-rolet\/","name":"Radiowy sterownik rolet - Zamel","isPartOf":{"@id":"https:\/\/thermolife.pl\/#website"},"primaryImageOfPage":{"@id":"https:\/\/thermolife.pl\/inteligentny-dom\/rolety-bramy-zaluzje\/radiowy-sterownik-rolet\/#primaryimage"},"image":{"@id":"https:\/\/thermolife.pl\/inteligentny-dom\/rolety-bramy-zaluzje\/radiowy-sterownik-rolet\/#primaryimage"},"thumbnailUrl":"https:\/\/thermolife.pl\/wp-content\/uploads\/2025\/08\/Zamel-5903669207238_packshot-1.png","datePublished":"2025-08-05T13:46:57+00:00","dateModified":"2025-09-30T08:21:54+00:00","breadcrumb":{"@id":"https:\/\/thermolife.pl\/inteligentny-dom\/rolety-bramy-zaluzje\/radiowy-sterownik-rolet\/#breadcrumb"},"inLanguage":"en-US","potentialAction":[{"@type":"ReadAction","target":["https:\/\/thermolife.pl\/inteligentny-dom\/rolety-bramy-zaluzje\/radiowy-sterownik-rolet\/"]}]},{"@type":"ImageObject","inLanguage":"en-US","@id":"https:\/\/thermolife.pl\/inteligentny-dom\/rolety-bramy-zaluzje\/radiowy-sterownik-rolet\/#primaryimage","url":"https:\/\/thermolife.pl\/wp-content\/uploads\/2025\/08\/Zamel-5903669207238_packshot-1.png","contentUrl":"https:\/\/thermolife.pl\/wp-content\/uploads\/2025\/08\/Zamel-5903669207238_packshot-1.png","width":2500,"height":2500},{"@type":"BreadcrumbList","@id":"https:\/\/thermolife.pl\/inteligentny-dom\/rolety-bramy-zaluzje\/radiowy-sterownik-rolet\/#breadcrumb","itemListElement":[{"@type":"ListItem","position":1,"name":"Strona g\u0142\u00f3wna","item":"https:\/\/thermolife.pl\/"},{"@type":"ListItem","position":2,"name":"Produkty","item":"https:\/\/thermolife.pl\/produkty\/"},{"@type":"ListItem","position":3,"name":"Sterowanie inteligentnym domem","item":"https:\/\/thermolife.pl\/inteligentny-dom\/"},{"@type":"ListItem","position":4,"name":"Rolety, Bramy, \u017baluzje","item":"https:\/\/thermolife.pl\/inteligentny-dom\/rolety-bramy-zaluzje\/"},{"@type":"ListItem","position":5,"name":"Radiowy sterownik rolet"}]},{"@type":"WebSite","@id":"https:\/\/thermolife.pl\/#website","url":"https:\/\/thermolife.pl\/","name":"Zamel","description":"Systemy sterowania ogrzewaniem","publisher":{"@id":"https:\/\/thermolife.pl\/#organization"},"potentialAction":[{"@type":"SearchAction","target":{"@type":"EntryPoint","urlTemplate":"https:\/\/thermolife.pl\/?s={search_term_string}"},"query-input":{"@type":"PropertyValueSpecification","valueRequired":true,"valueName":"search_term_string"}}],"inLanguage":"en-US"},{"@type":"Organization","@id":"https:\/\/thermolife.pl\/#organization","name":"Zamel","url":"https:\/\/thermolife.pl\/","logo":{"@type":"ImageObject","inLanguage":"en-US","@id":"https:\/\/thermolife.pl\/#\/schema\/logo\/image\/","url":"https:\/\/thermolife.pl\/wp-content\/uploads\/2025\/07\/logo.svg","contentUrl":"https:\/\/thermolife.pl\/wp-content\/uploads\/2025\/07\/logo.svg","caption":"Zamel"},"image":{"@id":"https:\/\/thermolife.pl\/#\/schema\/logo\/image\/"}}]}},"taxonomy_info":{"product_cat":[{"value":34,"label":"Rolety, Bramy, \u017baluzje"},{"value":18,"label":"Sterowanie inteligentnym domem"}]},"featured_image_src_large":["https:\/\/thermolife.pl\/wp-content\/uploads\/2025\/08\/Zamel-5903669207238_packshot-1-1024x1024.png",1024,1024,true],"author_info":[],"comment_info":0,"_links":{"self":[{"href":"https:\/\/thermolife.pl\/en\/wp-json\/wp\/v2\/product\/1044","targetHints":{"allow":["GET"]}}],"collection":[{"href":"https:\/\/thermolife.pl\/en\/wp-json\/wp\/v2\/product"}],"about":[{"href":"https:\/\/thermolife.pl\/en\/wp-json\/wp\/v2\/types\/product"}],"replies":[{"embeddable":true,"href":"https:\/\/thermolife.pl\/en\/wp-json\/wp\/v2\/comments?post=1044"}],"wp:featuredmedia":[{"embeddable":true,"href":"https:\/\/thermolife.pl\/en\/wp-json\/wp\/v2\/media\/1633"}],"wp:attachment":[{"href":"https:\/\/thermolife.pl\/en\/wp-json\/wp\/v2\/media?parent=1044"}],"wp:term":[{"taxonomy":"product_brand","embeddable":true,"href":"https:\/\/thermolife.pl\/en\/wp-json\/wp\/v2\/product_brand?post=1044"},{"taxonomy":"product_cat","embeddable":true,"href":"https:\/\/thermolife.pl\/en\/wp-json\/wp\/v2\/product_cat?post=1044"},{"taxonomy":"product_tag","embeddable":true,"href":"https:\/\/thermolife.pl\/en\/wp-json\/wp\/v2\/product_tag?post=1044"}],"curies":[{"name":"wp","href":"https:\/\/api.w.org\/{rel}","templated":true}]}}