{"id":1042,"date":"2025-08-05T15:46:57","date_gmt":"2025-08-05T13:46:57","guid":{"rendered":"https:\/\/thermolife.pl\/bez-kategorii\/silownik-termoelektryczny-m28x15-230v-ac\/"},"modified":"2025-10-31T13:53:14","modified_gmt":"2025-10-31T12:53:14","slug":"silownik-termoelektryczny-m28x15-230v-ac","status":"publish","type":"product","link":"https:\/\/thermolife.pl\/en\/inteligentny-dom\/silownik-termoelektryczny-m28x15-230v-ac\/","title":{"rendered":"Si\u0142ownik termoelektryczny M28x1,5 230V AC"},"content":{"rendered":"<p>SOP-02 to si\u0142ownik termoelektryczny przeznaczony do sterowania przep\u0142ywem czynnika grzewczego w instalacjach. Stosowanie si\u0142ownika zapewnienia komfort cieplny i wp\u0142ywa wydatnie na zmniejszenie koszt\u00f3w ogrzewania. Wyposa\u017cony jest w gwint M28 x 1,5.<\/p>","protected":false},"excerpt":{"rendered":"<p>SOP-02 to si\u0142ownik termoelektryczny przeznaczony do sterowania przep\u0142ywem czynnika grzewczego w instalacjach. Stosowanie si\u0142ownika zapewnienia komfort cieplny i wp\u0142ywa wydatnie na zmniejszenie koszt\u00f3w ogrzewania. Wyposa\u017cony jest w gwint M28 x 1,5.<\/p>","protected":false},"featured_media":1624,"comment_status":"closed","ping_status":"closed","template":"","meta":{"_acf_changed":false,"_kad_blocks_custom_css":"","_kad_blocks_head_custom_js":"","_kad_blocks_body_custom_js":"","_kad_blocks_footer_custom_js":"","_kad_post_transparent":"default","_kad_post_title":"","_kad_post_layout":"default","_kad_post_sidebar_id":"","_kad_post_content_style":"default","_kad_post_vertical_padding":"default","_kad_post_feature":"","_kad_post_feature_position":"","_kad_post_header":false,"_kad_post_footer":false},"product_brand":[],"product_cat":[39,38,32,40,18,19,170,173,171,174,172,175],"product_tag":[],"class_list":{"0":"post-1042","1":"product","2":"type-product","3":"status-publish","4":"has-post-thumbnail","6":"product_cat-bezprzewodowe","7":"product_cat-internetowe","8":"product_cat-ogrzewanie","9":"product_cat-przewodowe","10":"product_cat-inteligentny-dom","11":"product_cat-ogrzewanie-podlogowe","12":"product_cat-system-exta-life","13":"product_cat-system-exta-life-internetowe","14":"product_cat-system-wi-fi-navi-home-tuya-cloud","15":"product_cat-system-wi-fi-navi-home-tuya-cloud-internetowe","16":"product_cat-system-wi-fi-supla","17":"product_cat-system-wi-fi-supla-internetowe","19":"first","20":"instock","21":"product-type-simple","22":"entry","23":"content-bg","24":"loop-entry"},"acf":[],"yoast_head":"<!-- This site is optimized with the Yoast SEO plugin v27.5 - https:\/\/yoast.com\/product\/yoast-seo-wordpress\/ -->\n<title>Si\u0142ownik termoelektryczny M28x1,5 230V AC - Zamel<\/title>\n<meta name=\"robots\" content=\"index, follow, max-snippet:-1, max-image-preview:large, max-video-preview:-1\" \/>\n<link rel=\"canonical\" href=\"https:\/\/thermolife.pl\/en\/inteligentny-dom\/silownik-termoelektryczny-m28x15-230v-ac\/\" \/>\n<meta property=\"og:locale\" content=\"en_US\" \/>\n<meta property=\"og:type\" content=\"article\" \/>\n<meta property=\"og:title\" content=\"Si\u0142ownik termoelektryczny M28x1,5 230V AC - Zamel\" \/>\n<meta property=\"og:description\" content=\"SOP-02 to si\u0142ownik termoelektryczny przeznaczony do sterowania przep\u0142ywem czynnika grzewczego w instalacjach. Stosowanie si\u0142ownika zapewnienia komfort cieplny i wp\u0142ywa wydatnie na zmniejszenie koszt\u00f3w ogrzewania. Wyposa\u017cony jest w gwint M28 x 1,5.\" \/>\n<meta property=\"og:url\" content=\"https:\/\/thermolife.pl\/en\/inteligentny-dom\/silownik-termoelektryczny-m28x15-230v-ac\/\" \/>\n<meta property=\"og:site_name\" content=\"Zamel\" \/>\n<meta property=\"article:modified_time\" content=\"2025-10-31T12:53:14+00:00\" \/>\n<meta property=\"og:image\" content=\"https:\/\/thermolife.pl\/wp-content\/uploads\/2025\/08\/SOP-02_1-1.png\" \/>\n\t<meta property=\"og:image:width\" content=\"1500\" \/>\n\t<meta property=\"og:image:height\" content=\"1500\" \/>\n\t<meta property=\"og:image:type\" content=\"image\/png\" \/>\n<meta name=\"twitter:card\" content=\"summary_large_image\" \/>\n<meta name=\"twitter:label1\" content=\"Est. reading time\" \/>\n\t<meta name=\"twitter:data1\" content=\"1 minute\" \/>\n<script type=\"application\/ld+json\" class=\"yoast-schema-graph\">{\"@context\":\"https:\\\/\\\/schema.org\",\"@graph\":[{\"@type\":\"WebPage\",\"@id\":\"https:\\\/\\\/thermolife.pl\\\/inteligentny-dom\\\/silownik-termoelektryczny-m28x15-230v-ac\\\/\",\"url\":\"https:\\\/\\\/thermolife.pl\\\/inteligentny-dom\\\/silownik-termoelektryczny-m28x15-230v-ac\\\/\",\"name\":\"Si\u0142ownik termoelektryczny M28x1,5 230V AC - Zamel\",\"isPartOf\":{\"@id\":\"https:\\\/\\\/thermolife.pl\\\/#website\"},\"primaryImageOfPage\":{\"@id\":\"https:\\\/\\\/thermolife.pl\\\/inteligentny-dom\\\/silownik-termoelektryczny-m28x15-230v-ac\\\/#primaryimage\"},\"image\":{\"@id\":\"https:\\\/\\\/thermolife.pl\\\/inteligentny-dom\\\/silownik-termoelektryczny-m28x15-230v-ac\\\/#primaryimage\"},\"thumbnailUrl\":\"https:\\\/\\\/thermolife.pl\\\/wp-content\\\/uploads\\\/2025\\\/08\\\/SOP-02_1-1.png\",\"datePublished\":\"2025-08-05T13:46:57+00:00\",\"dateModified\":\"2025-10-31T12:53:14+00:00\",\"breadcrumb\":{\"@id\":\"https:\\\/\\\/thermolife.pl\\\/inteligentny-dom\\\/silownik-termoelektryczny-m28x15-230v-ac\\\/#breadcrumb\"},\"inLanguage\":\"en-US\",\"potentialAction\":[{\"@type\":\"ReadAction\",\"target\":[\"https:\\\/\\\/thermolife.pl\\\/inteligentny-dom\\\/silownik-termoelektryczny-m28x15-230v-ac\\\/\"]}]},{\"@type\":\"ImageObject\",\"inLanguage\":\"en-US\",\"@id\":\"https:\\\/\\\/thermolife.pl\\\/inteligentny-dom\\\/silownik-termoelektryczny-m28x15-230v-ac\\\/#primaryimage\",\"url\":\"https:\\\/\\\/thermolife.pl\\\/wp-content\\\/uploads\\\/2025\\\/08\\\/SOP-02_1-1.png\",\"contentUrl\":\"https:\\\/\\\/thermolife.pl\\\/wp-content\\\/uploads\\\/2025\\\/08\\\/SOP-02_1-1.png\",\"width\":1500,\"height\":1500},{\"@type\":\"BreadcrumbList\",\"@id\":\"https:\\\/\\\/thermolife.pl\\\/inteligentny-dom\\\/silownik-termoelektryczny-m28x15-230v-ac\\\/#breadcrumb\",\"itemListElement\":[{\"@type\":\"ListItem\",\"position\":1,\"name\":\"Strona g\u0142\u00f3wna\",\"item\":\"https:\\\/\\\/thermolife.pl\\\/\"},{\"@type\":\"ListItem\",\"position\":2,\"name\":\"Produkty\",\"item\":\"https:\\\/\\\/thermolife.pl\\\/produkty\\\/\"},{\"@type\":\"ListItem\",\"position\":3,\"name\":\"Sterowanie inteligentnym domem\",\"item\":\"https:\\\/\\\/thermolife.pl\\\/inteligentny-dom\\\/\"},{\"@type\":\"ListItem\",\"position\":4,\"name\":\"Si\u0142ownik termoelektryczny M28x1,5 230V AC\"}]},{\"@type\":\"WebSite\",\"@id\":\"https:\\\/\\\/thermolife.pl\\\/#website\",\"url\":\"https:\\\/\\\/thermolife.pl\\\/\",\"name\":\"Zamel\",\"description\":\"Systemy sterowania ogrzewaniem\",\"publisher\":{\"@id\":\"https:\\\/\\\/thermolife.pl\\\/#organization\"},\"potentialAction\":[{\"@type\":\"SearchAction\",\"target\":{\"@type\":\"EntryPoint\",\"urlTemplate\":\"https:\\\/\\\/thermolife.pl\\\/?s={search_term_string}\"},\"query-input\":{\"@type\":\"PropertyValueSpecification\",\"valueRequired\":true,\"valueName\":\"search_term_string\"}}],\"inLanguage\":\"en-US\"},{\"@type\":\"Organization\",\"@id\":\"https:\\\/\\\/thermolife.pl\\\/#organization\",\"name\":\"Zamel\",\"url\":\"https:\\\/\\\/thermolife.pl\\\/\",\"logo\":{\"@type\":\"ImageObject\",\"inLanguage\":\"en-US\",\"@id\":\"https:\\\/\\\/thermolife.pl\\\/#\\\/schema\\\/logo\\\/image\\\/\",\"url\":\"https:\\\/\\\/thermolife.pl\\\/wp-content\\\/uploads\\\/2025\\\/07\\\/logo.svg\",\"contentUrl\":\"https:\\\/\\\/thermolife.pl\\\/wp-content\\\/uploads\\\/2025\\\/07\\\/logo.svg\",\"caption\":\"Zamel\"},\"image\":{\"@id\":\"https:\\\/\\\/thermolife.pl\\\/#\\\/schema\\\/logo\\\/image\\\/\"}}]}<\/script>\n<!-- \/ Yoast SEO plugin. -->","yoast_head_json":{"title":"Si\u0142ownik termoelektryczny M28x1,5 230V AC - Zamel","robots":{"index":"index","follow":"follow","max-snippet":"max-snippet:-1","max-image-preview":"max-image-preview:large","max-video-preview":"max-video-preview:-1"},"canonical":"https:\/\/thermolife.pl\/en\/inteligentny-dom\/silownik-termoelektryczny-m28x15-230v-ac\/","og_locale":"en_US","og_type":"article","og_title":"Si\u0142ownik termoelektryczny M28x1,5 230V AC - Zamel","og_description":"SOP-02 to si\u0142ownik termoelektryczny przeznaczony do sterowania przep\u0142ywem czynnika grzewczego w instalacjach. Stosowanie si\u0142ownika zapewnienia komfort cieplny i wp\u0142ywa wydatnie na zmniejszenie koszt\u00f3w ogrzewania. Wyposa\u017cony jest w gwint M28 x 1,5.","og_url":"https:\/\/thermolife.pl\/en\/inteligentny-dom\/silownik-termoelektryczny-m28x15-230v-ac\/","og_site_name":"Zamel","article_modified_time":"2025-10-31T12:53:14+00:00","og_image":[{"width":1500,"height":1500,"url":"https:\/\/thermolife.pl\/wp-content\/uploads\/2025\/08\/SOP-02_1-1.png","type":"image\/png"}],"twitter_card":"summary_large_image","twitter_misc":{"Est. reading time":"1 minute"},"schema":{"@context":"https:\/\/schema.org","@graph":[{"@type":"WebPage","@id":"https:\/\/thermolife.pl\/inteligentny-dom\/silownik-termoelektryczny-m28x15-230v-ac\/","url":"https:\/\/thermolife.pl\/inteligentny-dom\/silownik-termoelektryczny-m28x15-230v-ac\/","name":"Si\u0142ownik termoelektryczny M28x1,5 230V AC - Zamel","isPartOf":{"@id":"https:\/\/thermolife.pl\/#website"},"primaryImageOfPage":{"@id":"https:\/\/thermolife.pl\/inteligentny-dom\/silownik-termoelektryczny-m28x15-230v-ac\/#primaryimage"},"image":{"@id":"https:\/\/thermolife.pl\/inteligentny-dom\/silownik-termoelektryczny-m28x15-230v-ac\/#primaryimage"},"thumbnailUrl":"https:\/\/thermolife.pl\/wp-content\/uploads\/2025\/08\/SOP-02_1-1.png","datePublished":"2025-08-05T13:46:57+00:00","dateModified":"2025-10-31T12:53:14+00:00","breadcrumb":{"@id":"https:\/\/thermolife.pl\/inteligentny-dom\/silownik-termoelektryczny-m28x15-230v-ac\/#breadcrumb"},"inLanguage":"en-US","potentialAction":[{"@type":"ReadAction","target":["https:\/\/thermolife.pl\/inteligentny-dom\/silownik-termoelektryczny-m28x15-230v-ac\/"]}]},{"@type":"ImageObject","inLanguage":"en-US","@id":"https:\/\/thermolife.pl\/inteligentny-dom\/silownik-termoelektryczny-m28x15-230v-ac\/#primaryimage","url":"https:\/\/thermolife.pl\/wp-content\/uploads\/2025\/08\/SOP-02_1-1.png","contentUrl":"https:\/\/thermolife.pl\/wp-content\/uploads\/2025\/08\/SOP-02_1-1.png","width":1500,"height":1500},{"@type":"BreadcrumbList","@id":"https:\/\/thermolife.pl\/inteligentny-dom\/silownik-termoelektryczny-m28x15-230v-ac\/#breadcrumb","itemListElement":[{"@type":"ListItem","position":1,"name":"Strona g\u0142\u00f3wna","item":"https:\/\/thermolife.pl\/"},{"@type":"ListItem","position":2,"name":"Produkty","item":"https:\/\/thermolife.pl\/produkty\/"},{"@type":"ListItem","position":3,"name":"Sterowanie inteligentnym domem","item":"https:\/\/thermolife.pl\/inteligentny-dom\/"},{"@type":"ListItem","position":4,"name":"Si\u0142ownik termoelektryczny M28x1,5 230V AC"}]},{"@type":"WebSite","@id":"https:\/\/thermolife.pl\/#website","url":"https:\/\/thermolife.pl\/","name":"Zamel","description":"Systemy sterowania ogrzewaniem","publisher":{"@id":"https:\/\/thermolife.pl\/#organization"},"potentialAction":[{"@type":"SearchAction","target":{"@type":"EntryPoint","urlTemplate":"https:\/\/thermolife.pl\/?s={search_term_string}"},"query-input":{"@type":"PropertyValueSpecification","valueRequired":true,"valueName":"search_term_string"}}],"inLanguage":"en-US"},{"@type":"Organization","@id":"https:\/\/thermolife.pl\/#organization","name":"Zamel","url":"https:\/\/thermolife.pl\/","logo":{"@type":"ImageObject","inLanguage":"en-US","@id":"https:\/\/thermolife.pl\/#\/schema\/logo\/image\/","url":"https:\/\/thermolife.pl\/wp-content\/uploads\/2025\/07\/logo.svg","contentUrl":"https:\/\/thermolife.pl\/wp-content\/uploads\/2025\/07\/logo.svg","caption":"Zamel"},"image":{"@id":"https:\/\/thermolife.pl\/#\/schema\/logo\/image\/"}}]}},"taxonomy_info":{"product_cat":[{"value":39,"label":"Bezprzewodowe"},{"value":38,"label":"Internetowe"},{"value":32,"label":"Ogrzewanie"},{"value":40,"label":"Przewodowe"},{"value":18,"label":"Sterowanie inteligentnym domem"},{"value":19,"label":"Sterowanie ogrzewaniem pod\u0142ogowym"},{"value":170,"label":"System - EXTA Life"},{"value":173,"label":"System - EXTA Life"},{"value":171,"label":"System WI-FI - Navi Home (TUYA Cloud)"},{"value":174,"label":"System WI-FI - Navi Home (TUYA Cloud)"},{"value":172,"label":"System WI-FI - SUPLA"},{"value":175,"label":"System WI-FI - SUPLA"}]},"featured_image_src_large":["https:\/\/thermolife.pl\/wp-content\/uploads\/2025\/08\/SOP-02_1-1-1024x1024.png",1024,1024,true],"author_info":[],"comment_info":0,"_links":{"self":[{"href":"https:\/\/thermolife.pl\/en\/wp-json\/wp\/v2\/product\/1042","targetHints":{"allow":["GET"]}}],"collection":[{"href":"https:\/\/thermolife.pl\/en\/wp-json\/wp\/v2\/product"}],"about":[{"href":"https:\/\/thermolife.pl\/en\/wp-json\/wp\/v2\/types\/product"}],"replies":[{"embeddable":true,"href":"https:\/\/thermolife.pl\/en\/wp-json\/wp\/v2\/comments?post=1042"}],"wp:featuredmedia":[{"embeddable":true,"href":"https:\/\/thermolife.pl\/en\/wp-json\/wp\/v2\/media\/1624"}],"wp:attachment":[{"href":"https:\/\/thermolife.pl\/en\/wp-json\/wp\/v2\/media?parent=1042"}],"wp:term":[{"taxonomy":"product_brand","embeddable":true,"href":"https:\/\/thermolife.pl\/en\/wp-json\/wp\/v2\/product_brand?post=1042"},{"taxonomy":"product_cat","embeddable":true,"href":"https:\/\/thermolife.pl\/en\/wp-json\/wp\/v2\/product_cat?post=1042"},{"taxonomy":"product_tag","embeddable":true,"href":"https:\/\/thermolife.pl\/en\/wp-json\/wp\/v2\/product_tag?post=1042"}],"curies":[{"name":"wp","href":"https:\/\/api.w.org\/{rel}","templated":true}]}}