{"id":1037,"date":"2025-08-05T15:46:49","date_gmt":"2025-08-05T13:46:49","guid":{"rendered":"https:\/\/thermolife.pl\/bez-kategorii\/sterownik-led-natynkowy-4-kanalowy\/"},"modified":"2025-09-30T10:18:03","modified_gmt":"2025-09-30T08:18:03","slug":"sterownik-led-natynkowy-4-kanalowy","status":"publish","type":"product","link":"https:\/\/thermolife.pl\/en\/inteligentny-dom\/oswietlenie\/sterownik-led-natynkowy-4-kanalowy\/","title":{"rendered":"Sterownik LED natynkowy 4-kana\u0142owy"},"content":{"rendered":"<p>Sterownik SLN-21 to element ko\u0144cowy systemu Exta Life, kt\u00f3ry umo\u017cliwia niezale\u017cne sterowanie czterema obwodami LED 12\u00f724 VDC. Dedykowany jest do tworzenia aran\u017cacji \u015bwietlnych na jednokolorowych ta\u015bmach LED. Wyr\u00f3\u017cnia go zwi\u0119kszona obci\u0105\u017calno\u015b\u0107 wyj\u015b\u0107 na poziomie 8 A \/ kana\u0142. Poza standardow\u0105 funkcj\u0105 w\u0142\u0105cz \/ wy\u0142\u0105cz mo\u017cliwa jest tak\u017ce p\u0142ynna regulacja jasno\u015bci w ka\u017cdym kanale.<\/p>","protected":false},"excerpt":{"rendered":"<p>Sterownik SLN-21 to element ko\u0144cowy systemu Exta Life, kt\u00f3ry umo\u017cliwia niezale\u017cne sterowanie czterema obwodami LED 12\u00f724 VDC. Dedykowany jest do tworzenia aran\u017cacji \u015bwietlnych na jednokolorowych ta\u015bmach LED. Wyr\u00f3\u017cnia go zwi\u0119kszona obci\u0105\u017calno\u015b\u0107 wyj\u015b\u0107 na poziomie 8 A \/ kana\u0142. Poza standardow\u0105 funkcj\u0105 w\u0142\u0105cz \/ wy\u0142\u0105cz mo\u017cliwa jest tak\u017ce p\u0142ynna regulacja jasno\u015bci w ka\u017cdym kanale.<\/p>","protected":false},"featured_media":1823,"comment_status":"closed","ping_status":"closed","template":"","meta":{"_acf_changed":false,"_kad_blocks_custom_css":"","_kad_blocks_head_custom_js":"","_kad_blocks_body_custom_js":"","_kad_blocks_footer_custom_js":"","_kad_post_transparent":"default","_kad_post_title":"","_kad_post_layout":"default","_kad_post_sidebar_id":"","_kad_post_content_style":"default","_kad_post_vertical_padding":"default","_kad_post_feature":"","_kad_post_feature_position":"","_kad_post_header":false,"_kad_post_footer":false},"product_brand":[],"product_cat":[33,18],"product_tag":[],"class_list":{"0":"post-1037","1":"product","2":"type-product","3":"status-publish","4":"has-post-thumbnail","6":"product_cat-oswietlenie","7":"product_cat-inteligentny-dom","9":"first","10":"instock","11":"product-type-simple","12":"entry","13":"content-bg","14":"loop-entry"},"acf":[],"yoast_head":"<!-- This site is optimized with the Yoast SEO plugin v27.5 - https:\/\/yoast.com\/product\/yoast-seo-wordpress\/ -->\n<title>Sterownik LED natynkowy 4-kana\u0142owy - Zamel<\/title>\n<meta name=\"robots\" content=\"index, follow, max-snippet:-1, max-image-preview:large, max-video-preview:-1\" \/>\n<link rel=\"canonical\" href=\"https:\/\/thermolife.pl\/en\/inteligentny-dom\/oswietlenie\/sterownik-led-natynkowy-4-kanalowy\/\" \/>\n<meta property=\"og:locale\" content=\"en_US\" \/>\n<meta property=\"og:type\" content=\"article\" \/>\n<meta property=\"og:title\" content=\"Sterownik LED natynkowy 4-kana\u0142owy - Zamel\" \/>\n<meta property=\"og:description\" content=\"Sterownik SLN-21 to element ko\u0144cowy systemu Exta Life, kt\u00f3ry umo\u017cliwia niezale\u017cne sterowanie czterema obwodami LED 12\u00f724 VDC. Dedykowany jest do tworzenia aran\u017cacji \u015bwietlnych na jednokolorowych ta\u015bmach LED. Wyr\u00f3\u017cnia go zwi\u0119kszona obci\u0105\u017calno\u015b\u0107 wyj\u015b\u0107 na poziomie 8 A \/ kana\u0142. Poza standardow\u0105 funkcj\u0105 w\u0142\u0105cz \/ wy\u0142\u0105cz mo\u017cliwa jest tak\u017ce p\u0142ynna regulacja jasno\u015bci w ka\u017cdym kanale.\" \/>\n<meta property=\"og:url\" content=\"https:\/\/thermolife.pl\/en\/inteligentny-dom\/oswietlenie\/sterownik-led-natynkowy-4-kanalowy\/\" \/>\n<meta property=\"og:site_name\" content=\"Zamel\" \/>\n<meta property=\"article:modified_time\" content=\"2025-09-30T08:18:03+00:00\" \/>\n<meta property=\"og:image\" content=\"https:\/\/thermolife.pl\/wp-content\/uploads\/2025\/08\/sterownik-led-natynkowy-4-kanalowy-12-24vdc-typ-sln-21-3.png\" \/>\n\t<meta property=\"og:image:width\" content=\"850\" \/>\n\t<meta property=\"og:image:height\" content=\"850\" \/>\n\t<meta property=\"og:image:type\" content=\"image\/png\" \/>\n<meta name=\"twitter:card\" content=\"summary_large_image\" \/>\n<meta name=\"twitter:label1\" content=\"Est. reading time\" \/>\n\t<meta name=\"twitter:data1\" content=\"1 minute\" \/>\n<script type=\"application\/ld+json\" class=\"yoast-schema-graph\">{\"@context\":\"https:\\\/\\\/schema.org\",\"@graph\":[{\"@type\":\"WebPage\",\"@id\":\"https:\\\/\\\/thermolife.pl\\\/inteligentny-dom\\\/oswietlenie\\\/sterownik-led-natynkowy-4-kanalowy\\\/\",\"url\":\"https:\\\/\\\/thermolife.pl\\\/inteligentny-dom\\\/oswietlenie\\\/sterownik-led-natynkowy-4-kanalowy\\\/\",\"name\":\"Sterownik LED natynkowy 4-kana\u0142owy - Zamel\",\"isPartOf\":{\"@id\":\"https:\\\/\\\/thermolife.pl\\\/#website\"},\"primaryImageOfPage\":{\"@id\":\"https:\\\/\\\/thermolife.pl\\\/inteligentny-dom\\\/oswietlenie\\\/sterownik-led-natynkowy-4-kanalowy\\\/#primaryimage\"},\"image\":{\"@id\":\"https:\\\/\\\/thermolife.pl\\\/inteligentny-dom\\\/oswietlenie\\\/sterownik-led-natynkowy-4-kanalowy\\\/#primaryimage\"},\"thumbnailUrl\":\"https:\\\/\\\/thermolife.pl\\\/wp-content\\\/uploads\\\/2025\\\/08\\\/sterownik-led-natynkowy-4-kanalowy-12-24vdc-typ-sln-21-3.png\",\"datePublished\":\"2025-08-05T13:46:49+00:00\",\"dateModified\":\"2025-09-30T08:18:03+00:00\",\"breadcrumb\":{\"@id\":\"https:\\\/\\\/thermolife.pl\\\/inteligentny-dom\\\/oswietlenie\\\/sterownik-led-natynkowy-4-kanalowy\\\/#breadcrumb\"},\"inLanguage\":\"en-US\",\"potentialAction\":[{\"@type\":\"ReadAction\",\"target\":[\"https:\\\/\\\/thermolife.pl\\\/inteligentny-dom\\\/oswietlenie\\\/sterownik-led-natynkowy-4-kanalowy\\\/\"]}]},{\"@type\":\"ImageObject\",\"inLanguage\":\"en-US\",\"@id\":\"https:\\\/\\\/thermolife.pl\\\/inteligentny-dom\\\/oswietlenie\\\/sterownik-led-natynkowy-4-kanalowy\\\/#primaryimage\",\"url\":\"https:\\\/\\\/thermolife.pl\\\/wp-content\\\/uploads\\\/2025\\\/08\\\/sterownik-led-natynkowy-4-kanalowy-12-24vdc-typ-sln-21-3.png\",\"contentUrl\":\"https:\\\/\\\/thermolife.pl\\\/wp-content\\\/uploads\\\/2025\\\/08\\\/sterownik-led-natynkowy-4-kanalowy-12-24vdc-typ-sln-21-3.png\",\"width\":850,\"height\":850},{\"@type\":\"BreadcrumbList\",\"@id\":\"https:\\\/\\\/thermolife.pl\\\/inteligentny-dom\\\/oswietlenie\\\/sterownik-led-natynkowy-4-kanalowy\\\/#breadcrumb\",\"itemListElement\":[{\"@type\":\"ListItem\",\"position\":1,\"name\":\"Strona g\u0142\u00f3wna\",\"item\":\"https:\\\/\\\/thermolife.pl\\\/\"},{\"@type\":\"ListItem\",\"position\":2,\"name\":\"Produkty\",\"item\":\"https:\\\/\\\/thermolife.pl\\\/produkty\\\/\"},{\"@type\":\"ListItem\",\"position\":3,\"name\":\"Sterowanie inteligentnym domem\",\"item\":\"https:\\\/\\\/thermolife.pl\\\/inteligentny-dom\\\/\"},{\"@type\":\"ListItem\",\"position\":4,\"name\":\"O\u015bwietlenie\",\"item\":\"https:\\\/\\\/thermolife.pl\\\/inteligentny-dom\\\/oswietlenie\\\/\"},{\"@type\":\"ListItem\",\"position\":5,\"name\":\"Sterownik LED natynkowy 4-kana\u0142owy\"}]},{\"@type\":\"WebSite\",\"@id\":\"https:\\\/\\\/thermolife.pl\\\/#website\",\"url\":\"https:\\\/\\\/thermolife.pl\\\/\",\"name\":\"Zamel\",\"description\":\"Systemy sterowania ogrzewaniem\",\"publisher\":{\"@id\":\"https:\\\/\\\/thermolife.pl\\\/#organization\"},\"potentialAction\":[{\"@type\":\"SearchAction\",\"target\":{\"@type\":\"EntryPoint\",\"urlTemplate\":\"https:\\\/\\\/thermolife.pl\\\/?s={search_term_string}\"},\"query-input\":{\"@type\":\"PropertyValueSpecification\",\"valueRequired\":true,\"valueName\":\"search_term_string\"}}],\"inLanguage\":\"en-US\"},{\"@type\":\"Organization\",\"@id\":\"https:\\\/\\\/thermolife.pl\\\/#organization\",\"name\":\"Zamel\",\"url\":\"https:\\\/\\\/thermolife.pl\\\/\",\"logo\":{\"@type\":\"ImageObject\",\"inLanguage\":\"en-US\",\"@id\":\"https:\\\/\\\/thermolife.pl\\\/#\\\/schema\\\/logo\\\/image\\\/\",\"url\":\"https:\\\/\\\/thermolife.pl\\\/wp-content\\\/uploads\\\/2025\\\/07\\\/logo.svg\",\"contentUrl\":\"https:\\\/\\\/thermolife.pl\\\/wp-content\\\/uploads\\\/2025\\\/07\\\/logo.svg\",\"caption\":\"Zamel\"},\"image\":{\"@id\":\"https:\\\/\\\/thermolife.pl\\\/#\\\/schema\\\/logo\\\/image\\\/\"}}]}<\/script>\n<!-- \/ Yoast SEO plugin. -->","yoast_head_json":{"title":"Sterownik LED natynkowy 4-kana\u0142owy - Zamel","robots":{"index":"index","follow":"follow","max-snippet":"max-snippet:-1","max-image-preview":"max-image-preview:large","max-video-preview":"max-video-preview:-1"},"canonical":"https:\/\/thermolife.pl\/en\/inteligentny-dom\/oswietlenie\/sterownik-led-natynkowy-4-kanalowy\/","og_locale":"en_US","og_type":"article","og_title":"Sterownik LED natynkowy 4-kana\u0142owy - Zamel","og_description":"Sterownik SLN-21 to element ko\u0144cowy systemu Exta Life, kt\u00f3ry umo\u017cliwia niezale\u017cne sterowanie czterema obwodami LED 12\u00f724 VDC. Dedykowany jest do tworzenia aran\u017cacji \u015bwietlnych na jednokolorowych ta\u015bmach LED. Wyr\u00f3\u017cnia go zwi\u0119kszona obci\u0105\u017calno\u015b\u0107 wyj\u015b\u0107 na poziomie 8 A \/ kana\u0142. Poza standardow\u0105 funkcj\u0105 w\u0142\u0105cz \/ wy\u0142\u0105cz mo\u017cliwa jest tak\u017ce p\u0142ynna regulacja jasno\u015bci w ka\u017cdym kanale.","og_url":"https:\/\/thermolife.pl\/en\/inteligentny-dom\/oswietlenie\/sterownik-led-natynkowy-4-kanalowy\/","og_site_name":"Zamel","article_modified_time":"2025-09-30T08:18:03+00:00","og_image":[{"width":850,"height":850,"url":"https:\/\/thermolife.pl\/wp-content\/uploads\/2025\/08\/sterownik-led-natynkowy-4-kanalowy-12-24vdc-typ-sln-21-3.png","type":"image\/png"}],"twitter_card":"summary_large_image","twitter_misc":{"Est. reading time":"1 minute"},"schema":{"@context":"https:\/\/schema.org","@graph":[{"@type":"WebPage","@id":"https:\/\/thermolife.pl\/inteligentny-dom\/oswietlenie\/sterownik-led-natynkowy-4-kanalowy\/","url":"https:\/\/thermolife.pl\/inteligentny-dom\/oswietlenie\/sterownik-led-natynkowy-4-kanalowy\/","name":"Sterownik LED natynkowy 4-kana\u0142owy - Zamel","isPartOf":{"@id":"https:\/\/thermolife.pl\/#website"},"primaryImageOfPage":{"@id":"https:\/\/thermolife.pl\/inteligentny-dom\/oswietlenie\/sterownik-led-natynkowy-4-kanalowy\/#primaryimage"},"image":{"@id":"https:\/\/thermolife.pl\/inteligentny-dom\/oswietlenie\/sterownik-led-natynkowy-4-kanalowy\/#primaryimage"},"thumbnailUrl":"https:\/\/thermolife.pl\/wp-content\/uploads\/2025\/08\/sterownik-led-natynkowy-4-kanalowy-12-24vdc-typ-sln-21-3.png","datePublished":"2025-08-05T13:46:49+00:00","dateModified":"2025-09-30T08:18:03+00:00","breadcrumb":{"@id":"https:\/\/thermolife.pl\/inteligentny-dom\/oswietlenie\/sterownik-led-natynkowy-4-kanalowy\/#breadcrumb"},"inLanguage":"en-US","potentialAction":[{"@type":"ReadAction","target":["https:\/\/thermolife.pl\/inteligentny-dom\/oswietlenie\/sterownik-led-natynkowy-4-kanalowy\/"]}]},{"@type":"ImageObject","inLanguage":"en-US","@id":"https:\/\/thermolife.pl\/inteligentny-dom\/oswietlenie\/sterownik-led-natynkowy-4-kanalowy\/#primaryimage","url":"https:\/\/thermolife.pl\/wp-content\/uploads\/2025\/08\/sterownik-led-natynkowy-4-kanalowy-12-24vdc-typ-sln-21-3.png","contentUrl":"https:\/\/thermolife.pl\/wp-content\/uploads\/2025\/08\/sterownik-led-natynkowy-4-kanalowy-12-24vdc-typ-sln-21-3.png","width":850,"height":850},{"@type":"BreadcrumbList","@id":"https:\/\/thermolife.pl\/inteligentny-dom\/oswietlenie\/sterownik-led-natynkowy-4-kanalowy\/#breadcrumb","itemListElement":[{"@type":"ListItem","position":1,"name":"Strona g\u0142\u00f3wna","item":"https:\/\/thermolife.pl\/"},{"@type":"ListItem","position":2,"name":"Produkty","item":"https:\/\/thermolife.pl\/produkty\/"},{"@type":"ListItem","position":3,"name":"Sterowanie inteligentnym domem","item":"https:\/\/thermolife.pl\/inteligentny-dom\/"},{"@type":"ListItem","position":4,"name":"O\u015bwietlenie","item":"https:\/\/thermolife.pl\/inteligentny-dom\/oswietlenie\/"},{"@type":"ListItem","position":5,"name":"Sterownik LED natynkowy 4-kana\u0142owy"}]},{"@type":"WebSite","@id":"https:\/\/thermolife.pl\/#website","url":"https:\/\/thermolife.pl\/","name":"Zamel","description":"Systemy sterowania ogrzewaniem","publisher":{"@id":"https:\/\/thermolife.pl\/#organization"},"potentialAction":[{"@type":"SearchAction","target":{"@type":"EntryPoint","urlTemplate":"https:\/\/thermolife.pl\/?s={search_term_string}"},"query-input":{"@type":"PropertyValueSpecification","valueRequired":true,"valueName":"search_term_string"}}],"inLanguage":"en-US"},{"@type":"Organization","@id":"https:\/\/thermolife.pl\/#organization","name":"Zamel","url":"https:\/\/thermolife.pl\/","logo":{"@type":"ImageObject","inLanguage":"en-US","@id":"https:\/\/thermolife.pl\/#\/schema\/logo\/image\/","url":"https:\/\/thermolife.pl\/wp-content\/uploads\/2025\/07\/logo.svg","contentUrl":"https:\/\/thermolife.pl\/wp-content\/uploads\/2025\/07\/logo.svg","caption":"Zamel"},"image":{"@id":"https:\/\/thermolife.pl\/#\/schema\/logo\/image\/"}}]}},"taxonomy_info":{"product_cat":[{"value":33,"label":"O\u015bwietlenie"},{"value":18,"label":"Sterowanie inteligentnym domem"}]},"featured_image_src_large":["https:\/\/thermolife.pl\/wp-content\/uploads\/2025\/08\/sterownik-led-natynkowy-4-kanalowy-12-24vdc-typ-sln-21-3.png",850,850,false],"author_info":[],"comment_info":0,"_links":{"self":[{"href":"https:\/\/thermolife.pl\/en\/wp-json\/wp\/v2\/product\/1037","targetHints":{"allow":["GET"]}}],"collection":[{"href":"https:\/\/thermolife.pl\/en\/wp-json\/wp\/v2\/product"}],"about":[{"href":"https:\/\/thermolife.pl\/en\/wp-json\/wp\/v2\/types\/product"}],"replies":[{"embeddable":true,"href":"https:\/\/thermolife.pl\/en\/wp-json\/wp\/v2\/comments?post=1037"}],"wp:featuredmedia":[{"embeddable":true,"href":"https:\/\/thermolife.pl\/en\/wp-json\/wp\/v2\/media\/1823"}],"wp:attachment":[{"href":"https:\/\/thermolife.pl\/en\/wp-json\/wp\/v2\/media?parent=1037"}],"wp:term":[{"taxonomy":"product_brand","embeddable":true,"href":"https:\/\/thermolife.pl\/en\/wp-json\/wp\/v2\/product_brand?post=1037"},{"taxonomy":"product_cat","embeddable":true,"href":"https:\/\/thermolife.pl\/en\/wp-json\/wp\/v2\/product_cat?post=1037"},{"taxonomy":"product_tag","embeddable":true,"href":"https:\/\/thermolife.pl\/en\/wp-json\/wp\/v2\/product_tag?post=1037"}],"curies":[{"name":"wp","href":"https:\/\/api.w.org\/{rel}","templated":true}]}}