{"id":1031,"date":"2025-08-05T15:46:49","date_gmt":"2025-08-05T13:46:49","guid":{"rendered":"https:\/\/thermolife.pl\/bez-kategorii\/regulator-temperatury-bez-sondy-230v-4\/"},"modified":"2025-09-30T10:11:18","modified_gmt":"2025-09-30T08:11:18","slug":"regulator-temperatury-bez-sondy-230v-4","status":"publish","type":"product","link":"https:\/\/thermolife.pl\/en\/sterowanie-kotlem\/regulatory-pogodowe\/regulator-temperatury-bez-sondy-230v-4\/","title":{"rendered":"Regulator temperatury bez sondy 230V"},"content":{"rendered":"<p>Regulator RTM-30 utrzymuje temperatur\u0119 na \u017ar\u00f3dle ciep\u0142a odpowiedni\u0105 do punktu odniesienia (np. temperatury zewn\u0119trznej lub wewn\u0119trznej) wpisan\u0105 podczas konfiguracji. Algorytm regulacji w du\u017cym stopniu przyczynia si\u0119 do obni\u017cenia koszt\u00f3w ogrzewania, daj\u0105c przy tym pe\u0142ny komfort regulacji pokojowej lub pogodowej.<\/p>","protected":false},"excerpt":{"rendered":"<p>Regulator RTM-30 utrzymuje temperatur\u0119 na \u017ar\u00f3dle ciep\u0142a odpowiedni\u0105 do punktu odniesienia (np. temperatury zewn\u0119trznej lub wewn\u0119trznej) wpisan\u0105 podczas konfiguracji. Algorytm regulacji w du\u017cym stopniu przyczynia si\u0119 do obni\u017cenia koszt\u00f3w ogrzewania, daj\u0105c przy tym pe\u0142ny komfort regulacji pokojowej lub pogodowej.<\/p>","protected":false},"featured_media":1594,"comment_status":"closed","ping_status":"closed","template":"","meta":{"_acf_changed":false,"_kad_blocks_custom_css":"","_kad_blocks_head_custom_js":"","_kad_blocks_body_custom_js":"","_kad_blocks_footer_custom_js":"","_kad_post_transparent":"default","_kad_post_title":"","_kad_post_layout":"default","_kad_post_sidebar_id":"","_kad_post_content_style":"default","_kad_post_vertical_padding":"default","_kad_post_feature":"","_kad_post_feature_position":"","_kad_post_header":false,"_kad_post_footer":false},"product_brand":[],"product_cat":[48,23],"product_tag":[],"class_list":{"0":"post-1031","1":"product","2":"type-product","3":"status-publish","4":"has-post-thumbnail","6":"product_cat-regulatory-pogodowe","7":"product_cat-sterowanie-kotlem","9":"first","10":"instock","11":"product-type-simple","12":"entry","13":"content-bg","14":"loop-entry"},"acf":[],"yoast_head":"<!-- This site is optimized with the Yoast SEO plugin v27.5 - https:\/\/yoast.com\/product\/yoast-seo-wordpress\/ -->\n<title>Regulator temperatury bez sondy 230V - Zamel<\/title>\n<meta name=\"robots\" content=\"index, follow, max-snippet:-1, max-image-preview:large, max-video-preview:-1\" \/>\n<link rel=\"canonical\" href=\"https:\/\/thermolife.pl\/en\/sterowanie-kotlem\/regulatory-pogodowe\/regulator-temperatury-bez-sondy-230v-4\/\" \/>\n<meta property=\"og:locale\" content=\"en_US\" \/>\n<meta property=\"og:type\" content=\"article\" \/>\n<meta property=\"og:title\" content=\"Regulator temperatury bez sondy 230V - Zamel\" \/>\n<meta property=\"og:description\" content=\"Regulator RTM-30 utrzymuje temperatur\u0119 na \u017ar\u00f3dle ciep\u0142a odpowiedni\u0105 do punktu odniesienia (np. temperatury zewn\u0119trznej lub wewn\u0119trznej) wpisan\u0105 podczas konfiguracji. Algorytm regulacji w du\u017cym stopniu przyczynia si\u0119 do obni\u017cenia koszt\u00f3w ogrzewania, daj\u0105c przy tym pe\u0142ny komfort regulacji pokojowej lub pogodowej.\" \/>\n<meta property=\"og:url\" content=\"https:\/\/thermolife.pl\/en\/sterowanie-kotlem\/regulatory-pogodowe\/regulator-temperatury-bez-sondy-230v-4\/\" \/>\n<meta property=\"og:site_name\" content=\"Zamel\" \/>\n<meta property=\"article:modified_time\" content=\"2025-09-30T08:11:18+00:00\" \/>\n<meta property=\"og:image\" content=\"https:\/\/thermolife.pl\/wp-content\/uploads\/2025\/08\/RTM-30_2.jpg\" \/>\n\t<meta property=\"og:image:width\" content=\"1024\" \/>\n\t<meta property=\"og:image:height\" content=\"1024\" \/>\n\t<meta property=\"og:image:type\" content=\"image\/jpeg\" \/>\n<meta name=\"twitter:card\" content=\"summary_large_image\" \/>\n<meta name=\"twitter:label1\" content=\"Est. reading time\" \/>\n\t<meta name=\"twitter:data1\" content=\"1 minute\" \/>\n<script type=\"application\/ld+json\" class=\"yoast-schema-graph\">{\"@context\":\"https:\\\/\\\/schema.org\",\"@graph\":[{\"@type\":\"WebPage\",\"@id\":\"https:\\\/\\\/thermolife.pl\\\/sterowanie-kotlem\\\/regulatory-pogodowe\\\/regulator-temperatury-bez-sondy-230v-4\\\/\",\"url\":\"https:\\\/\\\/thermolife.pl\\\/sterowanie-kotlem\\\/regulatory-pogodowe\\\/regulator-temperatury-bez-sondy-230v-4\\\/\",\"name\":\"Regulator temperatury bez sondy 230V - Zamel\",\"isPartOf\":{\"@id\":\"https:\\\/\\\/thermolife.pl\\\/#website\"},\"primaryImageOfPage\":{\"@id\":\"https:\\\/\\\/thermolife.pl\\\/sterowanie-kotlem\\\/regulatory-pogodowe\\\/regulator-temperatury-bez-sondy-230v-4\\\/#primaryimage\"},\"image\":{\"@id\":\"https:\\\/\\\/thermolife.pl\\\/sterowanie-kotlem\\\/regulatory-pogodowe\\\/regulator-temperatury-bez-sondy-230v-4\\\/#primaryimage\"},\"thumbnailUrl\":\"https:\\\/\\\/thermolife.pl\\\/wp-content\\\/uploads\\\/2025\\\/08\\\/RTM-30_2.jpg\",\"datePublished\":\"2025-08-05T13:46:49+00:00\",\"dateModified\":\"2025-09-30T08:11:18+00:00\",\"breadcrumb\":{\"@id\":\"https:\\\/\\\/thermolife.pl\\\/sterowanie-kotlem\\\/regulatory-pogodowe\\\/regulator-temperatury-bez-sondy-230v-4\\\/#breadcrumb\"},\"inLanguage\":\"en-US\",\"potentialAction\":[{\"@type\":\"ReadAction\",\"target\":[\"https:\\\/\\\/thermolife.pl\\\/sterowanie-kotlem\\\/regulatory-pogodowe\\\/regulator-temperatury-bez-sondy-230v-4\\\/\"]}]},{\"@type\":\"ImageObject\",\"inLanguage\":\"en-US\",\"@id\":\"https:\\\/\\\/thermolife.pl\\\/sterowanie-kotlem\\\/regulatory-pogodowe\\\/regulator-temperatury-bez-sondy-230v-4\\\/#primaryimage\",\"url\":\"https:\\\/\\\/thermolife.pl\\\/wp-content\\\/uploads\\\/2025\\\/08\\\/RTM-30_2.jpg\",\"contentUrl\":\"https:\\\/\\\/thermolife.pl\\\/wp-content\\\/uploads\\\/2025\\\/08\\\/RTM-30_2.jpg\",\"width\":1024,\"height\":1024},{\"@type\":\"BreadcrumbList\",\"@id\":\"https:\\\/\\\/thermolife.pl\\\/sterowanie-kotlem\\\/regulatory-pogodowe\\\/regulator-temperatury-bez-sondy-230v-4\\\/#breadcrumb\",\"itemListElement\":[{\"@type\":\"ListItem\",\"position\":1,\"name\":\"Strona g\u0142\u00f3wna\",\"item\":\"https:\\\/\\\/thermolife.pl\\\/\"},{\"@type\":\"ListItem\",\"position\":2,\"name\":\"Produkty\",\"item\":\"https:\\\/\\\/thermolife.pl\\\/produkty\\\/\"},{\"@type\":\"ListItem\",\"position\":3,\"name\":\"Sterowanie kot\u0142em\",\"item\":\"https:\\\/\\\/thermolife.pl\\\/sterowanie-kotlem\\\/\"},{\"@type\":\"ListItem\",\"position\":4,\"name\":\"Regulatory pogodowe i temperatury\",\"item\":\"https:\\\/\\\/thermolife.pl\\\/sterowanie-kotlem\\\/regulatory-pogodowe\\\/\"},{\"@type\":\"ListItem\",\"position\":5,\"name\":\"Regulator temperatury bez sondy 230V\"}]},{\"@type\":\"WebSite\",\"@id\":\"https:\\\/\\\/thermolife.pl\\\/#website\",\"url\":\"https:\\\/\\\/thermolife.pl\\\/\",\"name\":\"Zamel\",\"description\":\"Systemy sterowania ogrzewaniem\",\"publisher\":{\"@id\":\"https:\\\/\\\/thermolife.pl\\\/#organization\"},\"potentialAction\":[{\"@type\":\"SearchAction\",\"target\":{\"@type\":\"EntryPoint\",\"urlTemplate\":\"https:\\\/\\\/thermolife.pl\\\/?s={search_term_string}\"},\"query-input\":{\"@type\":\"PropertyValueSpecification\",\"valueRequired\":true,\"valueName\":\"search_term_string\"}}],\"inLanguage\":\"en-US\"},{\"@type\":\"Organization\",\"@id\":\"https:\\\/\\\/thermolife.pl\\\/#organization\",\"name\":\"Zamel\",\"url\":\"https:\\\/\\\/thermolife.pl\\\/\",\"logo\":{\"@type\":\"ImageObject\",\"inLanguage\":\"en-US\",\"@id\":\"https:\\\/\\\/thermolife.pl\\\/#\\\/schema\\\/logo\\\/image\\\/\",\"url\":\"https:\\\/\\\/thermolife.pl\\\/wp-content\\\/uploads\\\/2025\\\/07\\\/logo.svg\",\"contentUrl\":\"https:\\\/\\\/thermolife.pl\\\/wp-content\\\/uploads\\\/2025\\\/07\\\/logo.svg\",\"caption\":\"Zamel\"},\"image\":{\"@id\":\"https:\\\/\\\/thermolife.pl\\\/#\\\/schema\\\/logo\\\/image\\\/\"}}]}<\/script>\n<!-- \/ Yoast SEO plugin. -->","yoast_head_json":{"title":"Regulator temperatury bez sondy 230V - Zamel","robots":{"index":"index","follow":"follow","max-snippet":"max-snippet:-1","max-image-preview":"max-image-preview:large","max-video-preview":"max-video-preview:-1"},"canonical":"https:\/\/thermolife.pl\/en\/sterowanie-kotlem\/regulatory-pogodowe\/regulator-temperatury-bez-sondy-230v-4\/","og_locale":"en_US","og_type":"article","og_title":"Regulator temperatury bez sondy 230V - Zamel","og_description":"Regulator RTM-30 utrzymuje temperatur\u0119 na \u017ar\u00f3dle ciep\u0142a odpowiedni\u0105 do punktu odniesienia (np. temperatury zewn\u0119trznej lub wewn\u0119trznej) wpisan\u0105 podczas konfiguracji. Algorytm regulacji w du\u017cym stopniu przyczynia si\u0119 do obni\u017cenia koszt\u00f3w ogrzewania, daj\u0105c przy tym pe\u0142ny komfort regulacji pokojowej lub pogodowej.","og_url":"https:\/\/thermolife.pl\/en\/sterowanie-kotlem\/regulatory-pogodowe\/regulator-temperatury-bez-sondy-230v-4\/","og_site_name":"Zamel","article_modified_time":"2025-09-30T08:11:18+00:00","og_image":[{"width":1024,"height":1024,"url":"https:\/\/thermolife.pl\/wp-content\/uploads\/2025\/08\/RTM-30_2.jpg","type":"image\/jpeg"}],"twitter_card":"summary_large_image","twitter_misc":{"Est. reading time":"1 minute"},"schema":{"@context":"https:\/\/schema.org","@graph":[{"@type":"WebPage","@id":"https:\/\/thermolife.pl\/sterowanie-kotlem\/regulatory-pogodowe\/regulator-temperatury-bez-sondy-230v-4\/","url":"https:\/\/thermolife.pl\/sterowanie-kotlem\/regulatory-pogodowe\/regulator-temperatury-bez-sondy-230v-4\/","name":"Regulator temperatury bez sondy 230V - Zamel","isPartOf":{"@id":"https:\/\/thermolife.pl\/#website"},"primaryImageOfPage":{"@id":"https:\/\/thermolife.pl\/sterowanie-kotlem\/regulatory-pogodowe\/regulator-temperatury-bez-sondy-230v-4\/#primaryimage"},"image":{"@id":"https:\/\/thermolife.pl\/sterowanie-kotlem\/regulatory-pogodowe\/regulator-temperatury-bez-sondy-230v-4\/#primaryimage"},"thumbnailUrl":"https:\/\/thermolife.pl\/wp-content\/uploads\/2025\/08\/RTM-30_2.jpg","datePublished":"2025-08-05T13:46:49+00:00","dateModified":"2025-09-30T08:11:18+00:00","breadcrumb":{"@id":"https:\/\/thermolife.pl\/sterowanie-kotlem\/regulatory-pogodowe\/regulator-temperatury-bez-sondy-230v-4\/#breadcrumb"},"inLanguage":"en-US","potentialAction":[{"@type":"ReadAction","target":["https:\/\/thermolife.pl\/sterowanie-kotlem\/regulatory-pogodowe\/regulator-temperatury-bez-sondy-230v-4\/"]}]},{"@type":"ImageObject","inLanguage":"en-US","@id":"https:\/\/thermolife.pl\/sterowanie-kotlem\/regulatory-pogodowe\/regulator-temperatury-bez-sondy-230v-4\/#primaryimage","url":"https:\/\/thermolife.pl\/wp-content\/uploads\/2025\/08\/RTM-30_2.jpg","contentUrl":"https:\/\/thermolife.pl\/wp-content\/uploads\/2025\/08\/RTM-30_2.jpg","width":1024,"height":1024},{"@type":"BreadcrumbList","@id":"https:\/\/thermolife.pl\/sterowanie-kotlem\/regulatory-pogodowe\/regulator-temperatury-bez-sondy-230v-4\/#breadcrumb","itemListElement":[{"@type":"ListItem","position":1,"name":"Strona g\u0142\u00f3wna","item":"https:\/\/thermolife.pl\/"},{"@type":"ListItem","position":2,"name":"Produkty","item":"https:\/\/thermolife.pl\/produkty\/"},{"@type":"ListItem","position":3,"name":"Sterowanie kot\u0142em","item":"https:\/\/thermolife.pl\/sterowanie-kotlem\/"},{"@type":"ListItem","position":4,"name":"Regulatory pogodowe i temperatury","item":"https:\/\/thermolife.pl\/sterowanie-kotlem\/regulatory-pogodowe\/"},{"@type":"ListItem","position":5,"name":"Regulator temperatury bez sondy 230V"}]},{"@type":"WebSite","@id":"https:\/\/thermolife.pl\/#website","url":"https:\/\/thermolife.pl\/","name":"Zamel","description":"Systemy sterowania ogrzewaniem","publisher":{"@id":"https:\/\/thermolife.pl\/#organization"},"potentialAction":[{"@type":"SearchAction","target":{"@type":"EntryPoint","urlTemplate":"https:\/\/thermolife.pl\/?s={search_term_string}"},"query-input":{"@type":"PropertyValueSpecification","valueRequired":true,"valueName":"search_term_string"}}],"inLanguage":"en-US"},{"@type":"Organization","@id":"https:\/\/thermolife.pl\/#organization","name":"Zamel","url":"https:\/\/thermolife.pl\/","logo":{"@type":"ImageObject","inLanguage":"en-US","@id":"https:\/\/thermolife.pl\/#\/schema\/logo\/image\/","url":"https:\/\/thermolife.pl\/wp-content\/uploads\/2025\/07\/logo.svg","contentUrl":"https:\/\/thermolife.pl\/wp-content\/uploads\/2025\/07\/logo.svg","caption":"Zamel"},"image":{"@id":"https:\/\/thermolife.pl\/#\/schema\/logo\/image\/"}}]}},"taxonomy_info":{"product_cat":[{"value":48,"label":"Regulatory pogodowe i temperatury"},{"value":23,"label":"Sterowanie kot\u0142em"}]},"featured_image_src_large":["https:\/\/thermolife.pl\/wp-content\/uploads\/2025\/08\/RTM-30_2.jpg",1024,1024,false],"author_info":[],"comment_info":0,"_links":{"self":[{"href":"https:\/\/thermolife.pl\/en\/wp-json\/wp\/v2\/product\/1031","targetHints":{"allow":["GET"]}}],"collection":[{"href":"https:\/\/thermolife.pl\/en\/wp-json\/wp\/v2\/product"}],"about":[{"href":"https:\/\/thermolife.pl\/en\/wp-json\/wp\/v2\/types\/product"}],"replies":[{"embeddable":true,"href":"https:\/\/thermolife.pl\/en\/wp-json\/wp\/v2\/comments?post=1031"}],"wp:featuredmedia":[{"embeddable":true,"href":"https:\/\/thermolife.pl\/en\/wp-json\/wp\/v2\/media\/1594"}],"wp:attachment":[{"href":"https:\/\/thermolife.pl\/en\/wp-json\/wp\/v2\/media?parent=1031"}],"wp:term":[{"taxonomy":"product_brand","embeddable":true,"href":"https:\/\/thermolife.pl\/en\/wp-json\/wp\/v2\/product_brand?post=1031"},{"taxonomy":"product_cat","embeddable":true,"href":"https:\/\/thermolife.pl\/en\/wp-json\/wp\/v2\/product_cat?post=1031"},{"taxonomy":"product_tag","embeddable":true,"href":"https:\/\/thermolife.pl\/en\/wp-json\/wp\/v2\/product_tag?post=1031"}],"curies":[{"name":"wp","href":"https:\/\/api.w.org\/{rel}","templated":true}]}}