{"id":1009,"date":"2025-08-05T15:46:42","date_gmt":"2025-08-05T13:46:42","guid":{"rendered":"https:\/\/thermolife.pl\/bez-kategorii\/bezprzewodowy-czujnik-temperatury-bateryjny\/"},"modified":"2025-08-20T14:30:27","modified_gmt":"2025-08-20T12:30:27","slug":"bezprzewodowy-czujnik-temperatury-bateryjny","status":"publish","type":"product","link":"https:\/\/thermolife.pl\/en\/ogrzewanie-podlogowe\/internetowe\/system-exta-life-internetowe\/bezprzewodowy-czujnik-temperatury-bateryjny\/","title":{"rendered":"Bezprzewodowy czujnik temperatury bateryjny"},"content":{"rendered":"<p>Czujnik RCT-22 umo\u017cliwia pomiar temperatury w systemie Exta Life. Mierzona warto\u015b\u0107 temperatury drog\u0105 radiow\u0105 przesy\u0142ana jest do kontrolera EFC-01 i wy\u015bwietlana w aplikacji mobilnej. Czujnik poprzez funkcje logiczne mo\u017ce bra\u0107 udzia\u0142 w automatyzacji proces\u00f3w sterowania temperatur\u0105 w instalacjach domowych.<\/p>","protected":false},"excerpt":{"rendered":"<p>Czujnik RCT-22 umo\u017cliwia pomiar temperatury w systemie Exta Life. Mierzona warto\u015b\u0107 temperatury drog\u0105 radiow\u0105 przesy\u0142ana jest do kontrolera EFC-01 i wy\u015bwietlana w aplikacji mobilnej. Czujnik poprzez funkcje logiczne mo\u017ce bra\u0107 udzia\u0142 w automatyzacji proces\u00f3w sterowania temperatur\u0105 w instalacjach domowych.<\/p>","protected":false},"featured_media":1532,"comment_status":"closed","ping_status":"closed","template":"","meta":{"_acf_changed":false,"_kad_blocks_custom_css":"","_kad_blocks_head_custom_js":"","_kad_blocks_body_custom_js":"","_kad_blocks_footer_custom_js":"","_kad_post_transparent":"default","_kad_post_title":"","_kad_post_layout":"default","_kad_post_sidebar_id":"","_kad_post_content_style":"default","_kad_post_vertical_padding":"default","_kad_post_feature":"","_kad_post_feature_position":"","_kad_post_header":false,"_kad_post_footer":false},"product_brand":[],"product_cat":[38,32,18,19,170,173],"product_tag":[],"class_list":{"0":"post-1009","1":"product","2":"type-product","3":"status-publish","4":"has-post-thumbnail","6":"product_cat-internetowe","7":"product_cat-ogrzewanie","8":"product_cat-inteligentny-dom","9":"product_cat-ogrzewanie-podlogowe","10":"product_cat-system-exta-life","11":"product_cat-system-exta-life-internetowe","13":"first","14":"instock","15":"product-type-simple","16":"entry","17":"content-bg","18":"loop-entry"},"acf":[],"yoast_head":"<!-- This site is optimized with the Yoast SEO plugin v27.5 - https:\/\/yoast.com\/product\/yoast-seo-wordpress\/ -->\n<title>Bezprzewodowy czujnik temperatury bateryjny - Zamel<\/title>\n<meta name=\"robots\" content=\"index, follow, max-snippet:-1, max-image-preview:large, max-video-preview:-1\" \/>\n<link rel=\"canonical\" href=\"https:\/\/thermolife.pl\/en\/ogrzewanie-podlogowe\/internetowe\/system-exta-life-internetowe\/bezprzewodowy-czujnik-temperatury-bateryjny\/\" \/>\n<meta property=\"og:locale\" content=\"en_US\" \/>\n<meta property=\"og:type\" content=\"article\" \/>\n<meta property=\"og:title\" content=\"Bezprzewodowy czujnik temperatury bateryjny - Zamel\" \/>\n<meta property=\"og:description\" content=\"Czujnik RCT-22 umo\u017cliwia pomiar temperatury w systemie Exta Life. Mierzona warto\u015b\u0107 temperatury drog\u0105 radiow\u0105 przesy\u0142ana jest do kontrolera EFC-01 i wy\u015bwietlana w aplikacji mobilnej. Czujnik poprzez funkcje logiczne mo\u017ce bra\u0107 udzia\u0142 w automatyzacji proces\u00f3w sterowania temperatur\u0105 w instalacjach domowych.\" \/>\n<meta property=\"og:url\" content=\"https:\/\/thermolife.pl\/en\/ogrzewanie-podlogowe\/internetowe\/system-exta-life-internetowe\/bezprzewodowy-czujnik-temperatury-bateryjny\/\" \/>\n<meta property=\"og:site_name\" content=\"Zamel\" \/>\n<meta property=\"article:modified_time\" content=\"2025-08-20T12:30:27+00:00\" \/>\n<meta property=\"og:image\" content=\"https:\/\/thermolife.pl\/wp-content\/uploads\/2025\/08\/radiowy-czujnik-temperatury-bateryjny-dopuszkowy-typ-rct-22-1.png\" \/>\n\t<meta property=\"og:image:width\" content=\"850\" \/>\n\t<meta property=\"og:image:height\" content=\"850\" \/>\n\t<meta property=\"og:image:type\" content=\"image\/png\" \/>\n<meta name=\"twitter:card\" content=\"summary_large_image\" \/>\n<meta name=\"twitter:label1\" content=\"Est. reading time\" \/>\n\t<meta name=\"twitter:data1\" content=\"1 minute\" \/>\n<script type=\"application\/ld+json\" class=\"yoast-schema-graph\">{\"@context\":\"https:\\\/\\\/schema.org\",\"@graph\":[{\"@type\":\"WebPage\",\"@id\":\"https:\\\/\\\/thermolife.pl\\\/ogrzewanie-podlogowe\\\/internetowe\\\/system-exta-life-internetowe\\\/bezprzewodowy-czujnik-temperatury-bateryjny\\\/\",\"url\":\"https:\\\/\\\/thermolife.pl\\\/ogrzewanie-podlogowe\\\/internetowe\\\/system-exta-life-internetowe\\\/bezprzewodowy-czujnik-temperatury-bateryjny\\\/\",\"name\":\"Bezprzewodowy czujnik temperatury bateryjny - Zamel\",\"isPartOf\":{\"@id\":\"https:\\\/\\\/thermolife.pl\\\/#website\"},\"primaryImageOfPage\":{\"@id\":\"https:\\\/\\\/thermolife.pl\\\/ogrzewanie-podlogowe\\\/internetowe\\\/system-exta-life-internetowe\\\/bezprzewodowy-czujnik-temperatury-bateryjny\\\/#primaryimage\"},\"image\":{\"@id\":\"https:\\\/\\\/thermolife.pl\\\/ogrzewanie-podlogowe\\\/internetowe\\\/system-exta-life-internetowe\\\/bezprzewodowy-czujnik-temperatury-bateryjny\\\/#primaryimage\"},\"thumbnailUrl\":\"https:\\\/\\\/thermolife.pl\\\/wp-content\\\/uploads\\\/2025\\\/08\\\/radiowy-czujnik-temperatury-bateryjny-dopuszkowy-typ-rct-22-1.png\",\"datePublished\":\"2025-08-05T13:46:42+00:00\",\"dateModified\":\"2025-08-20T12:30:27+00:00\",\"breadcrumb\":{\"@id\":\"https:\\\/\\\/thermolife.pl\\\/ogrzewanie-podlogowe\\\/internetowe\\\/system-exta-life-internetowe\\\/bezprzewodowy-czujnik-temperatury-bateryjny\\\/#breadcrumb\"},\"inLanguage\":\"en-US\",\"potentialAction\":[{\"@type\":\"ReadAction\",\"target\":[\"https:\\\/\\\/thermolife.pl\\\/ogrzewanie-podlogowe\\\/internetowe\\\/system-exta-life-internetowe\\\/bezprzewodowy-czujnik-temperatury-bateryjny\\\/\"]}]},{\"@type\":\"ImageObject\",\"inLanguage\":\"en-US\",\"@id\":\"https:\\\/\\\/thermolife.pl\\\/ogrzewanie-podlogowe\\\/internetowe\\\/system-exta-life-internetowe\\\/bezprzewodowy-czujnik-temperatury-bateryjny\\\/#primaryimage\",\"url\":\"https:\\\/\\\/thermolife.pl\\\/wp-content\\\/uploads\\\/2025\\\/08\\\/radiowy-czujnik-temperatury-bateryjny-dopuszkowy-typ-rct-22-1.png\",\"contentUrl\":\"https:\\\/\\\/thermolife.pl\\\/wp-content\\\/uploads\\\/2025\\\/08\\\/radiowy-czujnik-temperatury-bateryjny-dopuszkowy-typ-rct-22-1.png\",\"width\":850,\"height\":850},{\"@type\":\"BreadcrumbList\",\"@id\":\"https:\\\/\\\/thermolife.pl\\\/ogrzewanie-podlogowe\\\/internetowe\\\/system-exta-life-internetowe\\\/bezprzewodowy-czujnik-temperatury-bateryjny\\\/#breadcrumb\",\"itemListElement\":[{\"@type\":\"ListItem\",\"position\":1,\"name\":\"Strona g\u0142\u00f3wna\",\"item\":\"https:\\\/\\\/thermolife.pl\\\/\"},{\"@type\":\"ListItem\",\"position\":2,\"name\":\"Produkty\",\"item\":\"https:\\\/\\\/thermolife.pl\\\/produkty\\\/\"},{\"@type\":\"ListItem\",\"position\":3,\"name\":\"Sterowanie inteligentnym domem\",\"item\":\"https:\\\/\\\/thermolife.pl\\\/inteligentny-dom\\\/\"},{\"@type\":\"ListItem\",\"position\":4,\"name\":\"Ogrzewanie\",\"item\":\"https:\\\/\\\/thermolife.pl\\\/inteligentny-dom\\\/ogrzewanie\\\/\"},{\"@type\":\"ListItem\",\"position\":5,\"name\":\"System - EXTA Life\",\"item\":\"https:\\\/\\\/thermolife.pl\\\/inteligentny-dom\\\/ogrzewanie\\\/system-exta-life\\\/\"},{\"@type\":\"ListItem\",\"position\":6,\"name\":\"Bezprzewodowy czujnik temperatury bateryjny\"}]},{\"@type\":\"WebSite\",\"@id\":\"https:\\\/\\\/thermolife.pl\\\/#website\",\"url\":\"https:\\\/\\\/thermolife.pl\\\/\",\"name\":\"Zamel\",\"description\":\"Systemy sterowania ogrzewaniem\",\"publisher\":{\"@id\":\"https:\\\/\\\/thermolife.pl\\\/#organization\"},\"potentialAction\":[{\"@type\":\"SearchAction\",\"target\":{\"@type\":\"EntryPoint\",\"urlTemplate\":\"https:\\\/\\\/thermolife.pl\\\/?s={search_term_string}\"},\"query-input\":{\"@type\":\"PropertyValueSpecification\",\"valueRequired\":true,\"valueName\":\"search_term_string\"}}],\"inLanguage\":\"en-US\"},{\"@type\":\"Organization\",\"@id\":\"https:\\\/\\\/thermolife.pl\\\/#organization\",\"name\":\"Zamel\",\"url\":\"https:\\\/\\\/thermolife.pl\\\/\",\"logo\":{\"@type\":\"ImageObject\",\"inLanguage\":\"en-US\",\"@id\":\"https:\\\/\\\/thermolife.pl\\\/#\\\/schema\\\/logo\\\/image\\\/\",\"url\":\"https:\\\/\\\/thermolife.pl\\\/wp-content\\\/uploads\\\/2025\\\/07\\\/logo.svg\",\"contentUrl\":\"https:\\\/\\\/thermolife.pl\\\/wp-content\\\/uploads\\\/2025\\\/07\\\/logo.svg\",\"caption\":\"Zamel\"},\"image\":{\"@id\":\"https:\\\/\\\/thermolife.pl\\\/#\\\/schema\\\/logo\\\/image\\\/\"}}]}<\/script>\n<!-- \/ Yoast SEO plugin. -->","yoast_head_json":{"title":"Bezprzewodowy czujnik temperatury bateryjny - Zamel","robots":{"index":"index","follow":"follow","max-snippet":"max-snippet:-1","max-image-preview":"max-image-preview:large","max-video-preview":"max-video-preview:-1"},"canonical":"https:\/\/thermolife.pl\/en\/ogrzewanie-podlogowe\/internetowe\/system-exta-life-internetowe\/bezprzewodowy-czujnik-temperatury-bateryjny\/","og_locale":"en_US","og_type":"article","og_title":"Bezprzewodowy czujnik temperatury bateryjny - Zamel","og_description":"Czujnik RCT-22 umo\u017cliwia pomiar temperatury w systemie Exta Life. Mierzona warto\u015b\u0107 temperatury drog\u0105 radiow\u0105 przesy\u0142ana jest do kontrolera EFC-01 i wy\u015bwietlana w aplikacji mobilnej. Czujnik poprzez funkcje logiczne mo\u017ce bra\u0107 udzia\u0142 w automatyzacji proces\u00f3w sterowania temperatur\u0105 w instalacjach domowych.","og_url":"https:\/\/thermolife.pl\/en\/ogrzewanie-podlogowe\/internetowe\/system-exta-life-internetowe\/bezprzewodowy-czujnik-temperatury-bateryjny\/","og_site_name":"Zamel","article_modified_time":"2025-08-20T12:30:27+00:00","og_image":[{"width":850,"height":850,"url":"https:\/\/thermolife.pl\/wp-content\/uploads\/2025\/08\/radiowy-czujnik-temperatury-bateryjny-dopuszkowy-typ-rct-22-1.png","type":"image\/png"}],"twitter_card":"summary_large_image","twitter_misc":{"Est. reading time":"1 minute"},"schema":{"@context":"https:\/\/schema.org","@graph":[{"@type":"WebPage","@id":"https:\/\/thermolife.pl\/ogrzewanie-podlogowe\/internetowe\/system-exta-life-internetowe\/bezprzewodowy-czujnik-temperatury-bateryjny\/","url":"https:\/\/thermolife.pl\/ogrzewanie-podlogowe\/internetowe\/system-exta-life-internetowe\/bezprzewodowy-czujnik-temperatury-bateryjny\/","name":"Bezprzewodowy czujnik temperatury bateryjny - Zamel","isPartOf":{"@id":"https:\/\/thermolife.pl\/#website"},"primaryImageOfPage":{"@id":"https:\/\/thermolife.pl\/ogrzewanie-podlogowe\/internetowe\/system-exta-life-internetowe\/bezprzewodowy-czujnik-temperatury-bateryjny\/#primaryimage"},"image":{"@id":"https:\/\/thermolife.pl\/ogrzewanie-podlogowe\/internetowe\/system-exta-life-internetowe\/bezprzewodowy-czujnik-temperatury-bateryjny\/#primaryimage"},"thumbnailUrl":"https:\/\/thermolife.pl\/wp-content\/uploads\/2025\/08\/radiowy-czujnik-temperatury-bateryjny-dopuszkowy-typ-rct-22-1.png","datePublished":"2025-08-05T13:46:42+00:00","dateModified":"2025-08-20T12:30:27+00:00","breadcrumb":{"@id":"https:\/\/thermolife.pl\/ogrzewanie-podlogowe\/internetowe\/system-exta-life-internetowe\/bezprzewodowy-czujnik-temperatury-bateryjny\/#breadcrumb"},"inLanguage":"en-US","potentialAction":[{"@type":"ReadAction","target":["https:\/\/thermolife.pl\/ogrzewanie-podlogowe\/internetowe\/system-exta-life-internetowe\/bezprzewodowy-czujnik-temperatury-bateryjny\/"]}]},{"@type":"ImageObject","inLanguage":"en-US","@id":"https:\/\/thermolife.pl\/ogrzewanie-podlogowe\/internetowe\/system-exta-life-internetowe\/bezprzewodowy-czujnik-temperatury-bateryjny\/#primaryimage","url":"https:\/\/thermolife.pl\/wp-content\/uploads\/2025\/08\/radiowy-czujnik-temperatury-bateryjny-dopuszkowy-typ-rct-22-1.png","contentUrl":"https:\/\/thermolife.pl\/wp-content\/uploads\/2025\/08\/radiowy-czujnik-temperatury-bateryjny-dopuszkowy-typ-rct-22-1.png","width":850,"height":850},{"@type":"BreadcrumbList","@id":"https:\/\/thermolife.pl\/ogrzewanie-podlogowe\/internetowe\/system-exta-life-internetowe\/bezprzewodowy-czujnik-temperatury-bateryjny\/#breadcrumb","itemListElement":[{"@type":"ListItem","position":1,"name":"Strona g\u0142\u00f3wna","item":"https:\/\/thermolife.pl\/"},{"@type":"ListItem","position":2,"name":"Produkty","item":"https:\/\/thermolife.pl\/produkty\/"},{"@type":"ListItem","position":3,"name":"Sterowanie inteligentnym domem","item":"https:\/\/thermolife.pl\/inteligentny-dom\/"},{"@type":"ListItem","position":4,"name":"Ogrzewanie","item":"https:\/\/thermolife.pl\/inteligentny-dom\/ogrzewanie\/"},{"@type":"ListItem","position":5,"name":"System - EXTA Life","item":"https:\/\/thermolife.pl\/inteligentny-dom\/ogrzewanie\/system-exta-life\/"},{"@type":"ListItem","position":6,"name":"Bezprzewodowy czujnik temperatury bateryjny"}]},{"@type":"WebSite","@id":"https:\/\/thermolife.pl\/#website","url":"https:\/\/thermolife.pl\/","name":"Zamel","description":"Systemy sterowania ogrzewaniem","publisher":{"@id":"https:\/\/thermolife.pl\/#organization"},"potentialAction":[{"@type":"SearchAction","target":{"@type":"EntryPoint","urlTemplate":"https:\/\/thermolife.pl\/?s={search_term_string}"},"query-input":{"@type":"PropertyValueSpecification","valueRequired":true,"valueName":"search_term_string"}}],"inLanguage":"en-US"},{"@type":"Organization","@id":"https:\/\/thermolife.pl\/#organization","name":"Zamel","url":"https:\/\/thermolife.pl\/","logo":{"@type":"ImageObject","inLanguage":"en-US","@id":"https:\/\/thermolife.pl\/#\/schema\/logo\/image\/","url":"https:\/\/thermolife.pl\/wp-content\/uploads\/2025\/07\/logo.svg","contentUrl":"https:\/\/thermolife.pl\/wp-content\/uploads\/2025\/07\/logo.svg","caption":"Zamel"},"image":{"@id":"https:\/\/thermolife.pl\/#\/schema\/logo\/image\/"}}]}},"taxonomy_info":{"product_cat":[{"value":38,"label":"Internetowe"},{"value":32,"label":"Ogrzewanie"},{"value":18,"label":"Sterowanie inteligentnym domem"},{"value":19,"label":"Sterowanie ogrzewaniem pod\u0142ogowym"},{"value":170,"label":"System - EXTA Life"},{"value":173,"label":"System - EXTA Life"}]},"featured_image_src_large":["https:\/\/thermolife.pl\/wp-content\/uploads\/2025\/08\/radiowy-czujnik-temperatury-bateryjny-dopuszkowy-typ-rct-22-1.png",850,850,false],"author_info":[],"comment_info":0,"_links":{"self":[{"href":"https:\/\/thermolife.pl\/en\/wp-json\/wp\/v2\/product\/1009","targetHints":{"allow":["GET"]}}],"collection":[{"href":"https:\/\/thermolife.pl\/en\/wp-json\/wp\/v2\/product"}],"about":[{"href":"https:\/\/thermolife.pl\/en\/wp-json\/wp\/v2\/types\/product"}],"replies":[{"embeddable":true,"href":"https:\/\/thermolife.pl\/en\/wp-json\/wp\/v2\/comments?post=1009"}],"wp:featuredmedia":[{"embeddable":true,"href":"https:\/\/thermolife.pl\/en\/wp-json\/wp\/v2\/media\/1532"}],"wp:attachment":[{"href":"https:\/\/thermolife.pl\/en\/wp-json\/wp\/v2\/media?parent=1009"}],"wp:term":[{"taxonomy":"product_brand","embeddable":true,"href":"https:\/\/thermolife.pl\/en\/wp-json\/wp\/v2\/product_brand?post=1009"},{"taxonomy":"product_cat","embeddable":true,"href":"https:\/\/thermolife.pl\/en\/wp-json\/wp\/v2\/product_cat?post=1009"},{"taxonomy":"product_tag","embeddable":true,"href":"https:\/\/thermolife.pl\/en\/wp-json\/wp\/v2\/product_tag?post=1009"}],"curies":[{"name":"wp","href":"https:\/\/api.w.org\/{rel}","templated":true}]}}