{"id":1006,"date":"2025-08-05T15:46:42","date_gmt":"2025-08-05T13:46:42","guid":{"rendered":"https:\/\/thermolife.pl\/bez-kategorii\/multisensor\/"},"modified":"2026-05-05T15:33:19","modified_gmt":"2026-05-05T13:33:19","slug":"multisensor","status":"publish","type":"product","link":"https:\/\/thermolife.pl\/en\/inteligentny-dom\/multisensor\/","title":{"rendered":"Multisensor"},"content":{"rendered":"<p>Czujnik RCM-21 umo\u017cliwia pomiar takich wielko\u015bci fizycznych jak: temperatura, wilgotno\u015b\u0107, ci\u015bnienie oraz nat\u0119\u017cenie o\u015bwietlenia. Poprzez funkcje logiczne czujnik mo\u017ce bra\u0107 udzia\u0142 w automatyzacji proces\u00f3w sterowania r\u00f3\u017cnymi urz\u0105dzeniami w instalacjach domowych.<\/p>","protected":false},"excerpt":{"rendered":"<p>Czujnik RCM-21 umo\u017cliwia pomiar takich wielko\u015bci fizycznych jak: temperatura, wilgotno\u015b\u0107, ci\u015bnienie oraz nat\u0119\u017cenie o\u015bwietlenia. Poprzez funkcje logiczne czujnik mo\u017ce bra\u0107 udzia\u0142 w automatyzacji proces\u00f3w sterowania r\u00f3\u017cnymi urz\u0105dzeniami w instalacjach domowych.<\/p>","protected":false},"featured_media":1524,"comment_status":"closed","ping_status":"closed","template":"","meta":{"_acf_changed":false,"_kad_blocks_custom_css":"","_kad_blocks_head_custom_js":"","_kad_blocks_body_custom_js":"","_kad_blocks_footer_custom_js":"","_kad_post_transparent":"default","_kad_post_title":"","_kad_post_layout":"default","_kad_post_sidebar_id":"","_kad_post_content_style":"default","_kad_post_vertical_padding":"default","_kad_post_feature":"","_kad_post_feature_position":"","_kad_post_header":false,"_kad_post_footer":false},"product_brand":[],"product_cat":[39,35,38,32,18,19,170,173],"product_tag":[],"class_list":{"0":"post-1006","1":"product","2":"type-product","3":"status-publish","4":"has-post-thumbnail","6":"product_cat-bezprzewodowe","7":"product_cat-czujniki-bezpieczenstwa","8":"product_cat-internetowe","9":"product_cat-ogrzewanie","10":"product_cat-inteligentny-dom","11":"product_cat-ogrzewanie-podlogowe","12":"product_cat-system-exta-life","13":"product_cat-system-exta-life-internetowe","15":"first","16":"instock","17":"product-type-simple","18":"entry","19":"content-bg","20":"loop-entry"},"acf":[],"yoast_head":"<!-- This site is optimized with the Yoast SEO plugin v27.5 - https:\/\/yoast.com\/product\/yoast-seo-wordpress\/ -->\n<title>Multisensor - Zamel<\/title>\n<meta name=\"robots\" content=\"index, follow, max-snippet:-1, max-image-preview:large, max-video-preview:-1\" \/>\n<link rel=\"canonical\" href=\"https:\/\/thermolife.pl\/en\/inteligentny-dom\/multisensor\/\" \/>\n<meta property=\"og:locale\" content=\"en_US\" \/>\n<meta property=\"og:type\" content=\"article\" \/>\n<meta property=\"og:title\" content=\"Multisensor - Zamel\" \/>\n<meta property=\"og:description\" content=\"Czujnik RCM-21 umo\u017cliwia pomiar takich wielko\u015bci fizycznych jak: temperatura, wilgotno\u015b\u0107, ci\u015bnienie oraz nat\u0119\u017cenie o\u015bwietlenia. Poprzez funkcje logiczne czujnik mo\u017ce bra\u0107 udzia\u0142 w automatyzacji proces\u00f3w sterowania r\u00f3\u017cnymi urz\u0105dzeniami w instalacjach domowych.\" \/>\n<meta property=\"og:url\" content=\"https:\/\/thermolife.pl\/en\/inteligentny-dom\/multisensor\/\" \/>\n<meta property=\"og:site_name\" content=\"Zamel\" \/>\n<meta property=\"article:modified_time\" content=\"2026-05-05T13:33:19+00:00\" \/>\n<meta property=\"og:image\" content=\"https:\/\/thermolife.pl\/wp-content\/uploads\/2025\/08\/Zamel-Multisensor_1.png\" \/>\n\t<meta property=\"og:image:width\" content=\"2500\" \/>\n\t<meta property=\"og:image:height\" content=\"2500\" \/>\n\t<meta property=\"og:image:type\" content=\"image\/png\" \/>\n<meta name=\"twitter:card\" content=\"summary_large_image\" \/>\n<meta name=\"twitter:label1\" content=\"Est. reading time\" \/>\n\t<meta name=\"twitter:data1\" content=\"1 minute\" \/>\n<script type=\"application\/ld+json\" class=\"yoast-schema-graph\">{\"@context\":\"https:\\\/\\\/schema.org\",\"@graph\":[{\"@type\":\"WebPage\",\"@id\":\"https:\\\/\\\/thermolife.pl\\\/inteligentny-dom\\\/multisensor\\\/\",\"url\":\"https:\\\/\\\/thermolife.pl\\\/inteligentny-dom\\\/multisensor\\\/\",\"name\":\"Multisensor - Zamel\",\"isPartOf\":{\"@id\":\"https:\\\/\\\/thermolife.pl\\\/#website\"},\"primaryImageOfPage\":{\"@id\":\"https:\\\/\\\/thermolife.pl\\\/inteligentny-dom\\\/multisensor\\\/#primaryimage\"},\"image\":{\"@id\":\"https:\\\/\\\/thermolife.pl\\\/inteligentny-dom\\\/multisensor\\\/#primaryimage\"},\"thumbnailUrl\":\"https:\\\/\\\/thermolife.pl\\\/wp-content\\\/uploads\\\/2025\\\/08\\\/Zamel-Multisensor_1.png\",\"datePublished\":\"2025-08-05T13:46:42+00:00\",\"dateModified\":\"2026-05-05T13:33:19+00:00\",\"breadcrumb\":{\"@id\":\"https:\\\/\\\/thermolife.pl\\\/inteligentny-dom\\\/multisensor\\\/#breadcrumb\"},\"inLanguage\":\"en-US\",\"potentialAction\":[{\"@type\":\"ReadAction\",\"target\":[\"https:\\\/\\\/thermolife.pl\\\/inteligentny-dom\\\/multisensor\\\/\"]}]},{\"@type\":\"ImageObject\",\"inLanguage\":\"en-US\",\"@id\":\"https:\\\/\\\/thermolife.pl\\\/inteligentny-dom\\\/multisensor\\\/#primaryimage\",\"url\":\"https:\\\/\\\/thermolife.pl\\\/wp-content\\\/uploads\\\/2025\\\/08\\\/Zamel-Multisensor_1.png\",\"contentUrl\":\"https:\\\/\\\/thermolife.pl\\\/wp-content\\\/uploads\\\/2025\\\/08\\\/Zamel-Multisensor_1.png\",\"width\":2500,\"height\":2500},{\"@type\":\"BreadcrumbList\",\"@id\":\"https:\\\/\\\/thermolife.pl\\\/inteligentny-dom\\\/multisensor\\\/#breadcrumb\",\"itemListElement\":[{\"@type\":\"ListItem\",\"position\":1,\"name\":\"Strona g\u0142\u00f3wna\",\"item\":\"https:\\\/\\\/thermolife.pl\\\/\"},{\"@type\":\"ListItem\",\"position\":2,\"name\":\"Produkty\",\"item\":\"https:\\\/\\\/thermolife.pl\\\/produkty\\\/\"},{\"@type\":\"ListItem\",\"position\":3,\"name\":\"Sterowanie inteligentnym domem\",\"item\":\"https:\\\/\\\/thermolife.pl\\\/inteligentny-dom\\\/\"},{\"@type\":\"ListItem\",\"position\":4,\"name\":\"Multisensor\"}]},{\"@type\":\"WebSite\",\"@id\":\"https:\\\/\\\/thermolife.pl\\\/#website\",\"url\":\"https:\\\/\\\/thermolife.pl\\\/\",\"name\":\"Zamel\",\"description\":\"Systemy sterowania ogrzewaniem\",\"publisher\":{\"@id\":\"https:\\\/\\\/thermolife.pl\\\/#organization\"},\"potentialAction\":[{\"@type\":\"SearchAction\",\"target\":{\"@type\":\"EntryPoint\",\"urlTemplate\":\"https:\\\/\\\/thermolife.pl\\\/?s={search_term_string}\"},\"query-input\":{\"@type\":\"PropertyValueSpecification\",\"valueRequired\":true,\"valueName\":\"search_term_string\"}}],\"inLanguage\":\"en-US\"},{\"@type\":\"Organization\",\"@id\":\"https:\\\/\\\/thermolife.pl\\\/#organization\",\"name\":\"Zamel\",\"url\":\"https:\\\/\\\/thermolife.pl\\\/\",\"logo\":{\"@type\":\"ImageObject\",\"inLanguage\":\"en-US\",\"@id\":\"https:\\\/\\\/thermolife.pl\\\/#\\\/schema\\\/logo\\\/image\\\/\",\"url\":\"https:\\\/\\\/thermolife.pl\\\/wp-content\\\/uploads\\\/2025\\\/07\\\/logo.svg\",\"contentUrl\":\"https:\\\/\\\/thermolife.pl\\\/wp-content\\\/uploads\\\/2025\\\/07\\\/logo.svg\",\"caption\":\"Zamel\"},\"image\":{\"@id\":\"https:\\\/\\\/thermolife.pl\\\/#\\\/schema\\\/logo\\\/image\\\/\"}}]}<\/script>\n<!-- \/ Yoast SEO plugin. -->","yoast_head_json":{"title":"Multisensor - Zamel","robots":{"index":"index","follow":"follow","max-snippet":"max-snippet:-1","max-image-preview":"max-image-preview:large","max-video-preview":"max-video-preview:-1"},"canonical":"https:\/\/thermolife.pl\/en\/inteligentny-dom\/multisensor\/","og_locale":"en_US","og_type":"article","og_title":"Multisensor - Zamel","og_description":"Czujnik RCM-21 umo\u017cliwia pomiar takich wielko\u015bci fizycznych jak: temperatura, wilgotno\u015b\u0107, ci\u015bnienie oraz nat\u0119\u017cenie o\u015bwietlenia. Poprzez funkcje logiczne czujnik mo\u017ce bra\u0107 udzia\u0142 w automatyzacji proces\u00f3w sterowania r\u00f3\u017cnymi urz\u0105dzeniami w instalacjach domowych.","og_url":"https:\/\/thermolife.pl\/en\/inteligentny-dom\/multisensor\/","og_site_name":"Zamel","article_modified_time":"2026-05-05T13:33:19+00:00","og_image":[{"width":2500,"height":2500,"url":"https:\/\/thermolife.pl\/wp-content\/uploads\/2025\/08\/Zamel-Multisensor_1.png","type":"image\/png"}],"twitter_card":"summary_large_image","twitter_misc":{"Est. reading time":"1 minute"},"schema":{"@context":"https:\/\/schema.org","@graph":[{"@type":"WebPage","@id":"https:\/\/thermolife.pl\/inteligentny-dom\/multisensor\/","url":"https:\/\/thermolife.pl\/inteligentny-dom\/multisensor\/","name":"Multisensor - Zamel","isPartOf":{"@id":"https:\/\/thermolife.pl\/#website"},"primaryImageOfPage":{"@id":"https:\/\/thermolife.pl\/inteligentny-dom\/multisensor\/#primaryimage"},"image":{"@id":"https:\/\/thermolife.pl\/inteligentny-dom\/multisensor\/#primaryimage"},"thumbnailUrl":"https:\/\/thermolife.pl\/wp-content\/uploads\/2025\/08\/Zamel-Multisensor_1.png","datePublished":"2025-08-05T13:46:42+00:00","dateModified":"2026-05-05T13:33:19+00:00","breadcrumb":{"@id":"https:\/\/thermolife.pl\/inteligentny-dom\/multisensor\/#breadcrumb"},"inLanguage":"en-US","potentialAction":[{"@type":"ReadAction","target":["https:\/\/thermolife.pl\/inteligentny-dom\/multisensor\/"]}]},{"@type":"ImageObject","inLanguage":"en-US","@id":"https:\/\/thermolife.pl\/inteligentny-dom\/multisensor\/#primaryimage","url":"https:\/\/thermolife.pl\/wp-content\/uploads\/2025\/08\/Zamel-Multisensor_1.png","contentUrl":"https:\/\/thermolife.pl\/wp-content\/uploads\/2025\/08\/Zamel-Multisensor_1.png","width":2500,"height":2500},{"@type":"BreadcrumbList","@id":"https:\/\/thermolife.pl\/inteligentny-dom\/multisensor\/#breadcrumb","itemListElement":[{"@type":"ListItem","position":1,"name":"Strona g\u0142\u00f3wna","item":"https:\/\/thermolife.pl\/"},{"@type":"ListItem","position":2,"name":"Produkty","item":"https:\/\/thermolife.pl\/produkty\/"},{"@type":"ListItem","position":3,"name":"Sterowanie inteligentnym domem","item":"https:\/\/thermolife.pl\/inteligentny-dom\/"},{"@type":"ListItem","position":4,"name":"Multisensor"}]},{"@type":"WebSite","@id":"https:\/\/thermolife.pl\/#website","url":"https:\/\/thermolife.pl\/","name":"Zamel","description":"Systemy sterowania ogrzewaniem","publisher":{"@id":"https:\/\/thermolife.pl\/#organization"},"potentialAction":[{"@type":"SearchAction","target":{"@type":"EntryPoint","urlTemplate":"https:\/\/thermolife.pl\/?s={search_term_string}"},"query-input":{"@type":"PropertyValueSpecification","valueRequired":true,"valueName":"search_term_string"}}],"inLanguage":"en-US"},{"@type":"Organization","@id":"https:\/\/thermolife.pl\/#organization","name":"Zamel","url":"https:\/\/thermolife.pl\/","logo":{"@type":"ImageObject","inLanguage":"en-US","@id":"https:\/\/thermolife.pl\/#\/schema\/logo\/image\/","url":"https:\/\/thermolife.pl\/wp-content\/uploads\/2025\/07\/logo.svg","contentUrl":"https:\/\/thermolife.pl\/wp-content\/uploads\/2025\/07\/logo.svg","caption":"Zamel"},"image":{"@id":"https:\/\/thermolife.pl\/#\/schema\/logo\/image\/"}}]}},"taxonomy_info":{"product_cat":[{"value":39,"label":"Bezprzewodowe"},{"value":35,"label":"Czujniki bezpiecze\u0144stwa"},{"value":38,"label":"Internetowe"},{"value":32,"label":"Ogrzewanie"},{"value":18,"label":"Sterowanie inteligentnym domem"},{"value":19,"label":"Sterowanie ogrzewaniem pod\u0142ogowym"},{"value":170,"label":"System - EXTA Life"},{"value":173,"label":"System - EXTA Life"}]},"featured_image_src_large":["https:\/\/thermolife.pl\/wp-content\/uploads\/2025\/08\/Zamel-Multisensor_1-1024x1024.png",1024,1024,true],"author_info":[],"comment_info":0,"_links":{"self":[{"href":"https:\/\/thermolife.pl\/en\/wp-json\/wp\/v2\/product\/1006","targetHints":{"allow":["GET"]}}],"collection":[{"href":"https:\/\/thermolife.pl\/en\/wp-json\/wp\/v2\/product"}],"about":[{"href":"https:\/\/thermolife.pl\/en\/wp-json\/wp\/v2\/types\/product"}],"replies":[{"embeddable":true,"href":"https:\/\/thermolife.pl\/en\/wp-json\/wp\/v2\/comments?post=1006"}],"wp:featuredmedia":[{"embeddable":true,"href":"https:\/\/thermolife.pl\/en\/wp-json\/wp\/v2\/media\/1524"}],"wp:attachment":[{"href":"https:\/\/thermolife.pl\/en\/wp-json\/wp\/v2\/media?parent=1006"}],"wp:term":[{"taxonomy":"product_brand","embeddable":true,"href":"https:\/\/thermolife.pl\/en\/wp-json\/wp\/v2\/product_brand?post=1006"},{"taxonomy":"product_cat","embeddable":true,"href":"https:\/\/thermolife.pl\/en\/wp-json\/wp\/v2\/product_cat?post=1006"},{"taxonomy":"product_tag","embeddable":true,"href":"https:\/\/thermolife.pl\/en\/wp-json\/wp\/v2\/product_tag?post=1006"}],"curies":[{"name":"wp","href":"https:\/\/api.w.org\/{rel}","templated":true}]}}