{"id":1002,"date":"2025-08-05T15:46:42","date_gmt":"2025-08-05T13:46:42","guid":{"rendered":"https:\/\/thermolife.pl\/bez-kategorii\/pilot-do-sterowania-zaluzjami-fasadowymi-1-kanalowy\/"},"modified":"2025-08-26T08:49:52","modified_gmt":"2025-08-26T06:49:52","slug":"pilot-do-sterowania-zaluzjami-fasadowymi-1-kanalowy","status":"publish","type":"product","link":"https:\/\/thermolife.pl\/en\/inteligentny-dom\/oswietlenie\/pilot-do-sterowania-zaluzjami-fasadowymi-1-kanalowy\/","title":{"rendered":"Pilot do sterowania \u017caluzjami fasadowymi 1-kana\u0142owy"},"content":{"rendered":"<p>Pilot P-601 dedykowany jest do wsp\u00f3\u0142pracy ze sterownikami \u017caluzji fasadowych SFP-22. Realizuje funkcje zamykania \/ otwierania \u017caluzji oraz umo\u017cliwia zmian\u0119 k\u0105ta nachylenia lamelek za pomoc\u0105 impulsatora (pokr\u0119t\u0142a). Pilota z powodzeniem mo\u017cna wykorzysta\u0107 do sterowania dowolnym odbiornikiem systemu Exta Life. Wyr\u00f3\u017cniaj\u0105 go trzy du\u017ce, ergonomiczne przyciski steruj\u0105ce. Istnieje mo\u017cliwo\u015b\u0107 ca\u0142kowitego wy\u0142\u0105czenia pilota. Dioda LED sygnalizuje wysy\u0142anie sygna\u0142u drog\u0105 radiow\u0105 oraz konieczno\u015b\u0107 wymiany baterii.<\/p>","protected":false},"excerpt":{"rendered":"<p>Pilot P-601 dedykowany jest do wsp\u00f3\u0142pracy ze sterownikami \u017caluzji fasadowych SFP-22. Realizuje funkcje zamykania \/ otwierania \u017caluzji oraz umo\u017cliwia zmian\u0119 k\u0105ta nachylenia lamelek za pomoc\u0105 impulsatora (pokr\u0119t\u0142a). Pilota z powodzeniem mo\u017cna wykorzysta\u0107 do sterowania dowolnym odbiornikiem systemu Exta Life. Wyr\u00f3\u017cniaj\u0105 go trzy du\u017ce, ergonomiczne przyciski steruj\u0105ce. Istnieje mo\u017cliwo\u015b\u0107 ca\u0142kowitego wy\u0142\u0105czenia pilota. Dioda LED sygnalizuje wysy\u0142anie&#8230;<\/p>","protected":false},"featured_media":1514,"comment_status":"closed","ping_status":"closed","template":"","meta":{"_acf_changed":false,"_kad_blocks_custom_css":"","_kad_blocks_head_custom_js":"","_kad_blocks_body_custom_js":"","_kad_blocks_footer_custom_js":"","_kad_post_transparent":"default","_kad_post_title":"","_kad_post_layout":"default","_kad_post_sidebar_id":"","_kad_post_content_style":"default","_kad_post_vertical_padding":"default","_kad_post_feature":"","_kad_post_feature_position":"","_kad_post_header":false,"_kad_post_footer":false},"product_brand":[],"product_cat":[33,34,18],"product_tag":[],"class_list":{"0":"post-1002","1":"product","2":"type-product","3":"status-publish","4":"has-post-thumbnail","6":"product_cat-oswietlenie","7":"product_cat-rolety-bramy-zaluzje","8":"product_cat-inteligentny-dom","10":"first","11":"instock","12":"product-type-simple","13":"entry","14":"content-bg","15":"loop-entry"},"acf":[],"yoast_head":"<!-- This site is optimized with the Yoast SEO plugin v27.5 - https:\/\/yoast.com\/product\/yoast-seo-wordpress\/ -->\n<title>Pilot do sterowania \u017caluzjami fasadowymi 1-kana\u0142owy - Zamel<\/title>\n<meta name=\"robots\" content=\"index, follow, max-snippet:-1, max-image-preview:large, max-video-preview:-1\" \/>\n<link rel=\"canonical\" href=\"https:\/\/thermolife.pl\/en\/inteligentny-dom\/rolety-bramy-zaluzje\/pilot-do-sterowania-zaluzjami-fasadowymi-1-kanalowy\/\" \/>\n<meta property=\"og:locale\" content=\"en_US\" \/>\n<meta property=\"og:type\" content=\"article\" \/>\n<meta property=\"og:title\" content=\"Pilot do sterowania \u017caluzjami fasadowymi 1-kana\u0142owy - Zamel\" \/>\n<meta property=\"og:description\" content=\"Pilot P-601 dedykowany jest do wsp\u00f3\u0142pracy ze sterownikami \u017caluzji fasadowych SFP-22. Realizuje funkcje zamykania \/ otwierania \u017caluzji oraz umo\u017cliwia zmian\u0119 k\u0105ta nachylenia lamelek za pomoc\u0105 impulsatora (pokr\u0119t\u0142a). Pilota z powodzeniem mo\u017cna wykorzysta\u0107 do sterowania dowolnym odbiornikiem systemu Exta Life. Wyr\u00f3\u017cniaj\u0105 go trzy du\u017ce, ergonomiczne przyciski steruj\u0105ce. Istnieje mo\u017cliwo\u015b\u0107 ca\u0142kowitego wy\u0142\u0105czenia pilota. Dioda LED sygnalizuje wysy\u0142anie...\" \/>\n<meta property=\"og:url\" content=\"https:\/\/thermolife.pl\/en\/inteligentny-dom\/rolety-bramy-zaluzje\/pilot-do-sterowania-zaluzjami-fasadowymi-1-kanalowy\/\" \/>\n<meta property=\"og:site_name\" content=\"Zamel\" \/>\n<meta property=\"article:modified_time\" content=\"2025-08-26T06:49:52+00:00\" \/>\n<meta property=\"og:image\" content=\"https:\/\/thermolife.pl\/wp-content\/uploads\/2025\/08\/P-601-12-scaled.jpg\" \/>\n\t<meta property=\"og:image:width\" content=\"2560\" \/>\n\t<meta property=\"og:image:height\" content=\"2560\" \/>\n\t<meta property=\"og:image:type\" content=\"image\/jpeg\" \/>\n<meta name=\"twitter:card\" content=\"summary_large_image\" \/>\n<meta name=\"twitter:label1\" content=\"Est. reading time\" \/>\n\t<meta name=\"twitter:data1\" content=\"1 minute\" \/>\n<script type=\"application\/ld+json\" class=\"yoast-schema-graph\">{\"@context\":\"https:\\\/\\\/schema.org\",\"@graph\":[{\"@type\":\"WebPage\",\"@id\":\"https:\\\/\\\/thermolife.pl\\\/inteligentny-dom\\\/rolety-bramy-zaluzje\\\/pilot-do-sterowania-zaluzjami-fasadowymi-1-kanalowy\\\/\",\"url\":\"https:\\\/\\\/thermolife.pl\\\/inteligentny-dom\\\/rolety-bramy-zaluzje\\\/pilot-do-sterowania-zaluzjami-fasadowymi-1-kanalowy\\\/\",\"name\":\"Pilot do sterowania \u017caluzjami fasadowymi 1-kana\u0142owy - Zamel\",\"isPartOf\":{\"@id\":\"https:\\\/\\\/thermolife.pl\\\/#website\"},\"primaryImageOfPage\":{\"@id\":\"https:\\\/\\\/thermolife.pl\\\/inteligentny-dom\\\/rolety-bramy-zaluzje\\\/pilot-do-sterowania-zaluzjami-fasadowymi-1-kanalowy\\\/#primaryimage\"},\"image\":{\"@id\":\"https:\\\/\\\/thermolife.pl\\\/inteligentny-dom\\\/rolety-bramy-zaluzje\\\/pilot-do-sterowania-zaluzjami-fasadowymi-1-kanalowy\\\/#primaryimage\"},\"thumbnailUrl\":\"https:\\\/\\\/thermolife.pl\\\/wp-content\\\/uploads\\\/2025\\\/08\\\/P-601-12-scaled.jpg\",\"datePublished\":\"2025-08-05T13:46:42+00:00\",\"dateModified\":\"2025-08-26T06:49:52+00:00\",\"breadcrumb\":{\"@id\":\"https:\\\/\\\/thermolife.pl\\\/inteligentny-dom\\\/rolety-bramy-zaluzje\\\/pilot-do-sterowania-zaluzjami-fasadowymi-1-kanalowy\\\/#breadcrumb\"},\"inLanguage\":\"en-US\",\"potentialAction\":[{\"@type\":\"ReadAction\",\"target\":[\"https:\\\/\\\/thermolife.pl\\\/inteligentny-dom\\\/rolety-bramy-zaluzje\\\/pilot-do-sterowania-zaluzjami-fasadowymi-1-kanalowy\\\/\"]}]},{\"@type\":\"ImageObject\",\"inLanguage\":\"en-US\",\"@id\":\"https:\\\/\\\/thermolife.pl\\\/inteligentny-dom\\\/rolety-bramy-zaluzje\\\/pilot-do-sterowania-zaluzjami-fasadowymi-1-kanalowy\\\/#primaryimage\",\"url\":\"https:\\\/\\\/thermolife.pl\\\/wp-content\\\/uploads\\\/2025\\\/08\\\/P-601-12-scaled.jpg\",\"contentUrl\":\"https:\\\/\\\/thermolife.pl\\\/wp-content\\\/uploads\\\/2025\\\/08\\\/P-601-12-scaled.jpg\",\"width\":2560,\"height\":2560},{\"@type\":\"BreadcrumbList\",\"@id\":\"https:\\\/\\\/thermolife.pl\\\/inteligentny-dom\\\/rolety-bramy-zaluzje\\\/pilot-do-sterowania-zaluzjami-fasadowymi-1-kanalowy\\\/#breadcrumb\",\"itemListElement\":[{\"@type\":\"ListItem\",\"position\":1,\"name\":\"Strona g\u0142\u00f3wna\",\"item\":\"https:\\\/\\\/thermolife.pl\\\/\"},{\"@type\":\"ListItem\",\"position\":2,\"name\":\"Produkty\",\"item\":\"https:\\\/\\\/thermolife.pl\\\/produkty\\\/\"},{\"@type\":\"ListItem\",\"position\":3,\"name\":\"Sterowanie inteligentnym domem\",\"item\":\"https:\\\/\\\/thermolife.pl\\\/inteligentny-dom\\\/\"},{\"@type\":\"ListItem\",\"position\":4,\"name\":\"O\u015bwietlenie\",\"item\":\"https:\\\/\\\/thermolife.pl\\\/inteligentny-dom\\\/oswietlenie\\\/\"},{\"@type\":\"ListItem\",\"position\":5,\"name\":\"Pilot do sterowania \u017caluzjami fasadowymi 1-kana\u0142owy\"}]},{\"@type\":\"WebSite\",\"@id\":\"https:\\\/\\\/thermolife.pl\\\/#website\",\"url\":\"https:\\\/\\\/thermolife.pl\\\/\",\"name\":\"Zamel\",\"description\":\"Systemy sterowania ogrzewaniem\",\"publisher\":{\"@id\":\"https:\\\/\\\/thermolife.pl\\\/#organization\"},\"potentialAction\":[{\"@type\":\"SearchAction\",\"target\":{\"@type\":\"EntryPoint\",\"urlTemplate\":\"https:\\\/\\\/thermolife.pl\\\/?s={search_term_string}\"},\"query-input\":{\"@type\":\"PropertyValueSpecification\",\"valueRequired\":true,\"valueName\":\"search_term_string\"}}],\"inLanguage\":\"en-US\"},{\"@type\":\"Organization\",\"@id\":\"https:\\\/\\\/thermolife.pl\\\/#organization\",\"name\":\"Zamel\",\"url\":\"https:\\\/\\\/thermolife.pl\\\/\",\"logo\":{\"@type\":\"ImageObject\",\"inLanguage\":\"en-US\",\"@id\":\"https:\\\/\\\/thermolife.pl\\\/#\\\/schema\\\/logo\\\/image\\\/\",\"url\":\"https:\\\/\\\/thermolife.pl\\\/wp-content\\\/uploads\\\/2025\\\/07\\\/logo.svg\",\"contentUrl\":\"https:\\\/\\\/thermolife.pl\\\/wp-content\\\/uploads\\\/2025\\\/07\\\/logo.svg\",\"caption\":\"Zamel\"},\"image\":{\"@id\":\"https:\\\/\\\/thermolife.pl\\\/#\\\/schema\\\/logo\\\/image\\\/\"}}]}<\/script>\n<!-- \/ Yoast SEO plugin. -->","yoast_head_json":{"title":"Pilot do sterowania \u017caluzjami fasadowymi 1-kana\u0142owy - Zamel","robots":{"index":"index","follow":"follow","max-snippet":"max-snippet:-1","max-image-preview":"max-image-preview:large","max-video-preview":"max-video-preview:-1"},"canonical":"https:\/\/thermolife.pl\/en\/inteligentny-dom\/rolety-bramy-zaluzje\/pilot-do-sterowania-zaluzjami-fasadowymi-1-kanalowy\/","og_locale":"en_US","og_type":"article","og_title":"Pilot do sterowania \u017caluzjami fasadowymi 1-kana\u0142owy - Zamel","og_description":"Pilot P-601 dedykowany jest do wsp\u00f3\u0142pracy ze sterownikami \u017caluzji fasadowych SFP-22. Realizuje funkcje zamykania \/ otwierania \u017caluzji oraz umo\u017cliwia zmian\u0119 k\u0105ta nachylenia lamelek za pomoc\u0105 impulsatora (pokr\u0119t\u0142a). Pilota z powodzeniem mo\u017cna wykorzysta\u0107 do sterowania dowolnym odbiornikiem systemu Exta Life. Wyr\u00f3\u017cniaj\u0105 go trzy du\u017ce, ergonomiczne przyciski steruj\u0105ce. Istnieje mo\u017cliwo\u015b\u0107 ca\u0142kowitego wy\u0142\u0105czenia pilota. Dioda LED sygnalizuje wysy\u0142anie...","og_url":"https:\/\/thermolife.pl\/en\/inteligentny-dom\/rolety-bramy-zaluzje\/pilot-do-sterowania-zaluzjami-fasadowymi-1-kanalowy\/","og_site_name":"Zamel","article_modified_time":"2025-08-26T06:49:52+00:00","og_image":[{"width":2560,"height":2560,"url":"https:\/\/thermolife.pl\/wp-content\/uploads\/2025\/08\/P-601-12-scaled.jpg","type":"image\/jpeg"}],"twitter_card":"summary_large_image","twitter_misc":{"Est. reading time":"1 minute"},"schema":{"@context":"https:\/\/schema.org","@graph":[{"@type":"WebPage","@id":"https:\/\/thermolife.pl\/inteligentny-dom\/rolety-bramy-zaluzje\/pilot-do-sterowania-zaluzjami-fasadowymi-1-kanalowy\/","url":"https:\/\/thermolife.pl\/inteligentny-dom\/rolety-bramy-zaluzje\/pilot-do-sterowania-zaluzjami-fasadowymi-1-kanalowy\/","name":"Pilot do sterowania \u017caluzjami fasadowymi 1-kana\u0142owy - Zamel","isPartOf":{"@id":"https:\/\/thermolife.pl\/#website"},"primaryImageOfPage":{"@id":"https:\/\/thermolife.pl\/inteligentny-dom\/rolety-bramy-zaluzje\/pilot-do-sterowania-zaluzjami-fasadowymi-1-kanalowy\/#primaryimage"},"image":{"@id":"https:\/\/thermolife.pl\/inteligentny-dom\/rolety-bramy-zaluzje\/pilot-do-sterowania-zaluzjami-fasadowymi-1-kanalowy\/#primaryimage"},"thumbnailUrl":"https:\/\/thermolife.pl\/wp-content\/uploads\/2025\/08\/P-601-12-scaled.jpg","datePublished":"2025-08-05T13:46:42+00:00","dateModified":"2025-08-26T06:49:52+00:00","breadcrumb":{"@id":"https:\/\/thermolife.pl\/inteligentny-dom\/rolety-bramy-zaluzje\/pilot-do-sterowania-zaluzjami-fasadowymi-1-kanalowy\/#breadcrumb"},"inLanguage":"en-US","potentialAction":[{"@type":"ReadAction","target":["https:\/\/thermolife.pl\/inteligentny-dom\/rolety-bramy-zaluzje\/pilot-do-sterowania-zaluzjami-fasadowymi-1-kanalowy\/"]}]},{"@type":"ImageObject","inLanguage":"en-US","@id":"https:\/\/thermolife.pl\/inteligentny-dom\/rolety-bramy-zaluzje\/pilot-do-sterowania-zaluzjami-fasadowymi-1-kanalowy\/#primaryimage","url":"https:\/\/thermolife.pl\/wp-content\/uploads\/2025\/08\/P-601-12-scaled.jpg","contentUrl":"https:\/\/thermolife.pl\/wp-content\/uploads\/2025\/08\/P-601-12-scaled.jpg","width":2560,"height":2560},{"@type":"BreadcrumbList","@id":"https:\/\/thermolife.pl\/inteligentny-dom\/rolety-bramy-zaluzje\/pilot-do-sterowania-zaluzjami-fasadowymi-1-kanalowy\/#breadcrumb","itemListElement":[{"@type":"ListItem","position":1,"name":"Strona g\u0142\u00f3wna","item":"https:\/\/thermolife.pl\/"},{"@type":"ListItem","position":2,"name":"Produkty","item":"https:\/\/thermolife.pl\/produkty\/"},{"@type":"ListItem","position":3,"name":"Sterowanie inteligentnym domem","item":"https:\/\/thermolife.pl\/inteligentny-dom\/"},{"@type":"ListItem","position":4,"name":"O\u015bwietlenie","item":"https:\/\/thermolife.pl\/inteligentny-dom\/oswietlenie\/"},{"@type":"ListItem","position":5,"name":"Pilot do sterowania \u017caluzjami fasadowymi 1-kana\u0142owy"}]},{"@type":"WebSite","@id":"https:\/\/thermolife.pl\/#website","url":"https:\/\/thermolife.pl\/","name":"Zamel","description":"Systemy sterowania ogrzewaniem","publisher":{"@id":"https:\/\/thermolife.pl\/#organization"},"potentialAction":[{"@type":"SearchAction","target":{"@type":"EntryPoint","urlTemplate":"https:\/\/thermolife.pl\/?s={search_term_string}"},"query-input":{"@type":"PropertyValueSpecification","valueRequired":true,"valueName":"search_term_string"}}],"inLanguage":"en-US"},{"@type":"Organization","@id":"https:\/\/thermolife.pl\/#organization","name":"Zamel","url":"https:\/\/thermolife.pl\/","logo":{"@type":"ImageObject","inLanguage":"en-US","@id":"https:\/\/thermolife.pl\/#\/schema\/logo\/image\/","url":"https:\/\/thermolife.pl\/wp-content\/uploads\/2025\/07\/logo.svg","contentUrl":"https:\/\/thermolife.pl\/wp-content\/uploads\/2025\/07\/logo.svg","caption":"Zamel"},"image":{"@id":"https:\/\/thermolife.pl\/#\/schema\/logo\/image\/"}}]}},"taxonomy_info":{"product_cat":[{"value":33,"label":"O\u015bwietlenie"},{"value":34,"label":"Rolety, Bramy, \u017baluzje"},{"value":18,"label":"Sterowanie inteligentnym domem"}]},"featured_image_src_large":["https:\/\/thermolife.pl\/wp-content\/uploads\/2025\/08\/P-601-12-1024x1024.jpg",1024,1024,true],"author_info":[],"comment_info":0,"_links":{"self":[{"href":"https:\/\/thermolife.pl\/en\/wp-json\/wp\/v2\/product\/1002","targetHints":{"allow":["GET"]}}],"collection":[{"href":"https:\/\/thermolife.pl\/en\/wp-json\/wp\/v2\/product"}],"about":[{"href":"https:\/\/thermolife.pl\/en\/wp-json\/wp\/v2\/types\/product"}],"replies":[{"embeddable":true,"href":"https:\/\/thermolife.pl\/en\/wp-json\/wp\/v2\/comments?post=1002"}],"wp:featuredmedia":[{"embeddable":true,"href":"https:\/\/thermolife.pl\/en\/wp-json\/wp\/v2\/media\/1514"}],"wp:attachment":[{"href":"https:\/\/thermolife.pl\/en\/wp-json\/wp\/v2\/media?parent=1002"}],"wp:term":[{"taxonomy":"product_brand","embeddable":true,"href":"https:\/\/thermolife.pl\/en\/wp-json\/wp\/v2\/product_brand?post=1002"},{"taxonomy":"product_cat","embeddable":true,"href":"https:\/\/thermolife.pl\/en\/wp-json\/wp\/v2\/product_cat?post=1002"},{"taxonomy":"product_tag","embeddable":true,"href":"https:\/\/thermolife.pl\/en\/wp-json\/wp\/v2\/product_tag?post=1002"}],"curies":[{"name":"wp","href":"https:\/\/api.w.org\/{rel}","templated":true}]}}