{"id":994,"date":"2025-08-05T15:46:34","date_gmt":"2025-08-05T13:46:34","guid":{"rendered":"https:\/\/thermolife.pl\/bez-kategorii\/sterownik-oswietlenia-i-urzadzen-elektrycznych-wi-fi-2-kanalowy\/"},"modified":"2025-09-30T09:46:06","modified_gmt":"2025-09-30T07:46:06","slug":"sterownik-oswietlenia-i-urzadzen-elektrycznych-wi-fi-2-kanalowy","status":"publish","type":"product","link":"https:\/\/thermolife.pl\/de\/inteligentny-dom\/oswietlenie\/sterownik-oswietlenia-i-urzadzen-elektrycznych-wi-fi-2-kanalowy\/","title":{"rendered":"Sterownik o\u015bwietlenia i urz\u0105dze\u0144 elektrycznych Wi-Fi, 2-kana\u0142owy"},"content":{"rendered":"<p>ODT-22 przeznaczony jest do niezale\u017cnego sterowania dwoma dowolnymi urz\u0105dzeniami \/ obwodami 230 V AC. Dedykowany jest do stosowania w instalacjach o\u015bwietleniowych. Konfiguracja oraz sterowanie realizowane jest poprzez aplikacj\u0119 NaviHome(Tuya Cloud) z wykorzystaniem komunikacji Wi-Fi 2,4 GHz. Sterowanie mo\u017ce by\u0107 tak\u017ce prowadzone przewodowo za pomoc\u0105 \u0142\u0105cznik\u00f3w monostabilnych (typu przycisk). Wyr\u00f3\u017cnia go ma\u0142a obudowa \u0142atwa do zamontowania w puszkach \u00d8 60.<\/p>","protected":false},"excerpt":{"rendered":"<p>ODT-22 przeznaczony jest do niezale\u017cnego sterowania dwoma dowolnymi urz\u0105dzeniami \/ obwodami 230 V AC. Dedykowany jest do stosowania w instalacjach o\u015bwietleniowych. Konfiguracja oraz sterowanie realizowane jest poprzez aplikacj\u0119 NaviHome(Tuya Cloud) z wykorzystaniem komunikacji Wi-Fi 2,4 GHz. Sterowanie mo\u017ce by\u0107 tak\u017ce prowadzone przewodowo za pomoc\u0105 \u0142\u0105cznik\u00f3w monostabilnych (typu przycisk). Wyr\u00f3\u017cnia go ma\u0142a obudowa \u0142atwa do zamontowania&#8230;<\/p>","protected":false},"featured_media":1480,"comment_status":"closed","ping_status":"closed","template":"","meta":{"_acf_changed":false,"_kad_blocks_custom_css":"","_kad_blocks_head_custom_js":"","_kad_blocks_body_custom_js":"","_kad_blocks_footer_custom_js":"","_kad_post_transparent":"default","_kad_post_title":"","_kad_post_layout":"default","_kad_post_sidebar_id":"","_kad_post_content_style":"default","_kad_post_vertical_padding":"default","_kad_post_feature":"","_kad_post_feature_position":"","_kad_post_header":false,"_kad_post_footer":false},"product_brand":[],"product_cat":[33,18],"product_tag":[],"class_list":{"0":"post-994","1":"product","2":"type-product","3":"status-publish","4":"has-post-thumbnail","6":"product_cat-oswietlenie","7":"product_cat-inteligentny-dom","9":"first","10":"instock","11":"product-type-simple","12":"entry","13":"content-bg","14":"loop-entry"},"acf":[],"yoast_head":"<!-- This site is optimized with the Yoast SEO plugin v27.5 - https:\/\/yoast.com\/product\/yoast-seo-wordpress\/ -->\n<title>Sterownik o\u015bwietlenia i urz\u0105dze\u0144 elektrycznych Wi-Fi, 2-kana\u0142owy - Zamel<\/title>\n<meta name=\"robots\" content=\"index, follow, max-snippet:-1, max-image-preview:large, max-video-preview:-1\" \/>\n<link rel=\"canonical\" href=\"https:\/\/thermolife.pl\/de\/inteligentny-dom\/oswietlenie\/sterownik-oswietlenia-i-urzadzen-elektrycznych-wi-fi-2-kanalowy\/\" \/>\n<meta property=\"og:locale\" content=\"de_DE\" \/>\n<meta property=\"og:type\" content=\"article\" \/>\n<meta property=\"og:title\" content=\"Sterownik o\u015bwietlenia i urz\u0105dze\u0144 elektrycznych Wi-Fi, 2-kana\u0142owy - Zamel\" \/>\n<meta property=\"og:description\" content=\"ODT-22 przeznaczony jest do niezale\u017cnego sterowania dwoma dowolnymi urz\u0105dzeniami \/ obwodami 230 V AC. Dedykowany jest do stosowania w instalacjach o\u015bwietleniowych. Konfiguracja oraz sterowanie realizowane jest poprzez aplikacj\u0119 NaviHome(Tuya Cloud) z wykorzystaniem komunikacji Wi-Fi 2,4 GHz. Sterowanie mo\u017ce by\u0107 tak\u017ce prowadzone przewodowo za pomoc\u0105 \u0142\u0105cznik\u00f3w monostabilnych (typu przycisk). Wyr\u00f3\u017cnia go ma\u0142a obudowa \u0142atwa do zamontowania...\" \/>\n<meta property=\"og:url\" content=\"https:\/\/thermolife.pl\/de\/inteligentny-dom\/oswietlenie\/sterownik-oswietlenia-i-urzadzen-elektrycznych-wi-fi-2-kanalowy\/\" \/>\n<meta property=\"og:site_name\" content=\"Zamel\" \/>\n<meta property=\"article:modified_time\" content=\"2025-09-30T07:46:06+00:00\" \/>\n<meta property=\"og:image\" content=\"https:\/\/thermolife.pl\/wp-content\/uploads\/2025\/08\/ODT-22-1.webp\" \/>\n\t<meta property=\"og:image:width\" content=\"1002\" \/>\n\t<meta property=\"og:image:height\" content=\"1000\" \/>\n\t<meta property=\"og:image:type\" content=\"image\/webp\" \/>\n<meta name=\"twitter:card\" content=\"summary_large_image\" \/>\n<meta name=\"twitter:label1\" content=\"Gesch\u00e4tzte Lesezeit\" \/>\n\t<meta name=\"twitter:data1\" content=\"1\u00a0Minute\" \/>\n<script type=\"application\/ld+json\" class=\"yoast-schema-graph\">{\"@context\":\"https:\\\/\\\/schema.org\",\"@graph\":[{\"@type\":\"WebPage\",\"@id\":\"https:\\\/\\\/thermolife.pl\\\/inteligentny-dom\\\/oswietlenie\\\/sterownik-oswietlenia-i-urzadzen-elektrycznych-wi-fi-2-kanalowy\\\/\",\"url\":\"https:\\\/\\\/thermolife.pl\\\/inteligentny-dom\\\/oswietlenie\\\/sterownik-oswietlenia-i-urzadzen-elektrycznych-wi-fi-2-kanalowy\\\/\",\"name\":\"Sterownik o\u015bwietlenia i urz\u0105dze\u0144 elektrycznych Wi-Fi, 2-kana\u0142owy - Zamel\",\"isPartOf\":{\"@id\":\"https:\\\/\\\/thermolife.pl\\\/#website\"},\"primaryImageOfPage\":{\"@id\":\"https:\\\/\\\/thermolife.pl\\\/inteligentny-dom\\\/oswietlenie\\\/sterownik-oswietlenia-i-urzadzen-elektrycznych-wi-fi-2-kanalowy\\\/#primaryimage\"},\"image\":{\"@id\":\"https:\\\/\\\/thermolife.pl\\\/inteligentny-dom\\\/oswietlenie\\\/sterownik-oswietlenia-i-urzadzen-elektrycznych-wi-fi-2-kanalowy\\\/#primaryimage\"},\"thumbnailUrl\":\"https:\\\/\\\/thermolife.pl\\\/wp-content\\\/uploads\\\/2025\\\/08\\\/ODT-22-1.webp\",\"datePublished\":\"2025-08-05T13:46:34+00:00\",\"dateModified\":\"2025-09-30T07:46:06+00:00\",\"breadcrumb\":{\"@id\":\"https:\\\/\\\/thermolife.pl\\\/inteligentny-dom\\\/oswietlenie\\\/sterownik-oswietlenia-i-urzadzen-elektrycznych-wi-fi-2-kanalowy\\\/#breadcrumb\"},\"inLanguage\":\"de\",\"potentialAction\":[{\"@type\":\"ReadAction\",\"target\":[\"https:\\\/\\\/thermolife.pl\\\/inteligentny-dom\\\/oswietlenie\\\/sterownik-oswietlenia-i-urzadzen-elektrycznych-wi-fi-2-kanalowy\\\/\"]}]},{\"@type\":\"ImageObject\",\"inLanguage\":\"de\",\"@id\":\"https:\\\/\\\/thermolife.pl\\\/inteligentny-dom\\\/oswietlenie\\\/sterownik-oswietlenia-i-urzadzen-elektrycznych-wi-fi-2-kanalowy\\\/#primaryimage\",\"url\":\"https:\\\/\\\/thermolife.pl\\\/wp-content\\\/uploads\\\/2025\\\/08\\\/ODT-22-1.webp\",\"contentUrl\":\"https:\\\/\\\/thermolife.pl\\\/wp-content\\\/uploads\\\/2025\\\/08\\\/ODT-22-1.webp\",\"width\":1002,\"height\":1000},{\"@type\":\"BreadcrumbList\",\"@id\":\"https:\\\/\\\/thermolife.pl\\\/inteligentny-dom\\\/oswietlenie\\\/sterownik-oswietlenia-i-urzadzen-elektrycznych-wi-fi-2-kanalowy\\\/#breadcrumb\",\"itemListElement\":[{\"@type\":\"ListItem\",\"position\":1,\"name\":\"Strona g\u0142\u00f3wna\",\"item\":\"https:\\\/\\\/thermolife.pl\\\/\"},{\"@type\":\"ListItem\",\"position\":2,\"name\":\"Produkty\",\"item\":\"https:\\\/\\\/thermolife.pl\\\/produkty\\\/\"},{\"@type\":\"ListItem\",\"position\":3,\"name\":\"Sterowanie inteligentnym domem\",\"item\":\"https:\\\/\\\/thermolife.pl\\\/inteligentny-dom\\\/\"},{\"@type\":\"ListItem\",\"position\":4,\"name\":\"O\u015bwietlenie\",\"item\":\"https:\\\/\\\/thermolife.pl\\\/inteligentny-dom\\\/oswietlenie\\\/\"},{\"@type\":\"ListItem\",\"position\":5,\"name\":\"Sterownik o\u015bwietlenia i urz\u0105dze\u0144 elektrycznych Wi-Fi, 2-kana\u0142owy\"}]},{\"@type\":\"WebSite\",\"@id\":\"https:\\\/\\\/thermolife.pl\\\/#website\",\"url\":\"https:\\\/\\\/thermolife.pl\\\/\",\"name\":\"Zamel\",\"description\":\"Systemy sterowania ogrzewaniem\",\"publisher\":{\"@id\":\"https:\\\/\\\/thermolife.pl\\\/#organization\"},\"potentialAction\":[{\"@type\":\"SearchAction\",\"target\":{\"@type\":\"EntryPoint\",\"urlTemplate\":\"https:\\\/\\\/thermolife.pl\\\/?s={search_term_string}\"},\"query-input\":{\"@type\":\"PropertyValueSpecification\",\"valueRequired\":true,\"valueName\":\"search_term_string\"}}],\"inLanguage\":\"de\"},{\"@type\":\"Organization\",\"@id\":\"https:\\\/\\\/thermolife.pl\\\/#organization\",\"name\":\"Zamel\",\"url\":\"https:\\\/\\\/thermolife.pl\\\/\",\"logo\":{\"@type\":\"ImageObject\",\"inLanguage\":\"de\",\"@id\":\"https:\\\/\\\/thermolife.pl\\\/#\\\/schema\\\/logo\\\/image\\\/\",\"url\":\"https:\\\/\\\/thermolife.pl\\\/wp-content\\\/uploads\\\/2025\\\/07\\\/logo.svg\",\"contentUrl\":\"https:\\\/\\\/thermolife.pl\\\/wp-content\\\/uploads\\\/2025\\\/07\\\/logo.svg\",\"caption\":\"Zamel\"},\"image\":{\"@id\":\"https:\\\/\\\/thermolife.pl\\\/#\\\/schema\\\/logo\\\/image\\\/\"}}]}<\/script>\n<!-- \/ Yoast SEO plugin. -->","yoast_head_json":{"title":"Sterownik o\u015bwietlenia i urz\u0105dze\u0144 elektrycznych Wi-Fi, 2-kana\u0142owy - Zamel","robots":{"index":"index","follow":"follow","max-snippet":"max-snippet:-1","max-image-preview":"max-image-preview:large","max-video-preview":"max-video-preview:-1"},"canonical":"https:\/\/thermolife.pl\/de\/inteligentny-dom\/oswietlenie\/sterownik-oswietlenia-i-urzadzen-elektrycznych-wi-fi-2-kanalowy\/","og_locale":"de_DE","og_type":"article","og_title":"Sterownik o\u015bwietlenia i urz\u0105dze\u0144 elektrycznych Wi-Fi, 2-kana\u0142owy - Zamel","og_description":"ODT-22 przeznaczony jest do niezale\u017cnego sterowania dwoma dowolnymi urz\u0105dzeniami \/ obwodami 230 V AC. Dedykowany jest do stosowania w instalacjach o\u015bwietleniowych. Konfiguracja oraz sterowanie realizowane jest poprzez aplikacj\u0119 NaviHome(Tuya Cloud) z wykorzystaniem komunikacji Wi-Fi 2,4 GHz. Sterowanie mo\u017ce by\u0107 tak\u017ce prowadzone przewodowo za pomoc\u0105 \u0142\u0105cznik\u00f3w monostabilnych (typu przycisk). Wyr\u00f3\u017cnia go ma\u0142a obudowa \u0142atwa do zamontowania...","og_url":"https:\/\/thermolife.pl\/de\/inteligentny-dom\/oswietlenie\/sterownik-oswietlenia-i-urzadzen-elektrycznych-wi-fi-2-kanalowy\/","og_site_name":"Zamel","article_modified_time":"2025-09-30T07:46:06+00:00","og_image":[{"width":1002,"height":1000,"url":"https:\/\/thermolife.pl\/wp-content\/uploads\/2025\/08\/ODT-22-1.webp","type":"image\/webp"}],"twitter_card":"summary_large_image","twitter_misc":{"Gesch\u00e4tzte Lesezeit":"1\u00a0Minute"},"schema":{"@context":"https:\/\/schema.org","@graph":[{"@type":"WebPage","@id":"https:\/\/thermolife.pl\/inteligentny-dom\/oswietlenie\/sterownik-oswietlenia-i-urzadzen-elektrycznych-wi-fi-2-kanalowy\/","url":"https:\/\/thermolife.pl\/inteligentny-dom\/oswietlenie\/sterownik-oswietlenia-i-urzadzen-elektrycznych-wi-fi-2-kanalowy\/","name":"Sterownik o\u015bwietlenia i urz\u0105dze\u0144 elektrycznych Wi-Fi, 2-kana\u0142owy - Zamel","isPartOf":{"@id":"https:\/\/thermolife.pl\/#website"},"primaryImageOfPage":{"@id":"https:\/\/thermolife.pl\/inteligentny-dom\/oswietlenie\/sterownik-oswietlenia-i-urzadzen-elektrycznych-wi-fi-2-kanalowy\/#primaryimage"},"image":{"@id":"https:\/\/thermolife.pl\/inteligentny-dom\/oswietlenie\/sterownik-oswietlenia-i-urzadzen-elektrycznych-wi-fi-2-kanalowy\/#primaryimage"},"thumbnailUrl":"https:\/\/thermolife.pl\/wp-content\/uploads\/2025\/08\/ODT-22-1.webp","datePublished":"2025-08-05T13:46:34+00:00","dateModified":"2025-09-30T07:46:06+00:00","breadcrumb":{"@id":"https:\/\/thermolife.pl\/inteligentny-dom\/oswietlenie\/sterownik-oswietlenia-i-urzadzen-elektrycznych-wi-fi-2-kanalowy\/#breadcrumb"},"inLanguage":"de","potentialAction":[{"@type":"ReadAction","target":["https:\/\/thermolife.pl\/inteligentny-dom\/oswietlenie\/sterownik-oswietlenia-i-urzadzen-elektrycznych-wi-fi-2-kanalowy\/"]}]},{"@type":"ImageObject","inLanguage":"de","@id":"https:\/\/thermolife.pl\/inteligentny-dom\/oswietlenie\/sterownik-oswietlenia-i-urzadzen-elektrycznych-wi-fi-2-kanalowy\/#primaryimage","url":"https:\/\/thermolife.pl\/wp-content\/uploads\/2025\/08\/ODT-22-1.webp","contentUrl":"https:\/\/thermolife.pl\/wp-content\/uploads\/2025\/08\/ODT-22-1.webp","width":1002,"height":1000},{"@type":"BreadcrumbList","@id":"https:\/\/thermolife.pl\/inteligentny-dom\/oswietlenie\/sterownik-oswietlenia-i-urzadzen-elektrycznych-wi-fi-2-kanalowy\/#breadcrumb","itemListElement":[{"@type":"ListItem","position":1,"name":"Strona g\u0142\u00f3wna","item":"https:\/\/thermolife.pl\/"},{"@type":"ListItem","position":2,"name":"Produkty","item":"https:\/\/thermolife.pl\/produkty\/"},{"@type":"ListItem","position":3,"name":"Sterowanie inteligentnym domem","item":"https:\/\/thermolife.pl\/inteligentny-dom\/"},{"@type":"ListItem","position":4,"name":"O\u015bwietlenie","item":"https:\/\/thermolife.pl\/inteligentny-dom\/oswietlenie\/"},{"@type":"ListItem","position":5,"name":"Sterownik o\u015bwietlenia i urz\u0105dze\u0144 elektrycznych Wi-Fi, 2-kana\u0142owy"}]},{"@type":"WebSite","@id":"https:\/\/thermolife.pl\/#website","url":"https:\/\/thermolife.pl\/","name":"Zamel","description":"Systemy sterowania ogrzewaniem","publisher":{"@id":"https:\/\/thermolife.pl\/#organization"},"potentialAction":[{"@type":"SearchAction","target":{"@type":"EntryPoint","urlTemplate":"https:\/\/thermolife.pl\/?s={search_term_string}"},"query-input":{"@type":"PropertyValueSpecification","valueRequired":true,"valueName":"search_term_string"}}],"inLanguage":"de"},{"@type":"Organization","@id":"https:\/\/thermolife.pl\/#organization","name":"Zamel","url":"https:\/\/thermolife.pl\/","logo":{"@type":"ImageObject","inLanguage":"de","@id":"https:\/\/thermolife.pl\/#\/schema\/logo\/image\/","url":"https:\/\/thermolife.pl\/wp-content\/uploads\/2025\/07\/logo.svg","contentUrl":"https:\/\/thermolife.pl\/wp-content\/uploads\/2025\/07\/logo.svg","caption":"Zamel"},"image":{"@id":"https:\/\/thermolife.pl\/#\/schema\/logo\/image\/"}}]}},"taxonomy_info":{"product_cat":[{"value":33,"label":"O\u015bwietlenie"},{"value":18,"label":"Sterowanie inteligentnym domem"}]},"featured_image_src_large":["https:\/\/thermolife.pl\/wp-content\/uploads\/2025\/08\/ODT-22-1.webp",1002,1000,false],"author_info":[],"comment_info":0,"_links":{"self":[{"href":"https:\/\/thermolife.pl\/de\/wp-json\/wp\/v2\/product\/994","targetHints":{"allow":["GET"]}}],"collection":[{"href":"https:\/\/thermolife.pl\/de\/wp-json\/wp\/v2\/product"}],"about":[{"href":"https:\/\/thermolife.pl\/de\/wp-json\/wp\/v2\/types\/product"}],"replies":[{"embeddable":true,"href":"https:\/\/thermolife.pl\/de\/wp-json\/wp\/v2\/comments?post=994"}],"wp:featuredmedia":[{"embeddable":true,"href":"https:\/\/thermolife.pl\/de\/wp-json\/wp\/v2\/media\/1480"}],"wp:attachment":[{"href":"https:\/\/thermolife.pl\/de\/wp-json\/wp\/v2\/media?parent=994"}],"wp:term":[{"taxonomy":"product_brand","embeddable":true,"href":"https:\/\/thermolife.pl\/de\/wp-json\/wp\/v2\/product_brand?post=994"},{"taxonomy":"product_cat","embeddable":true,"href":"https:\/\/thermolife.pl\/de\/wp-json\/wp\/v2\/product_cat?post=994"},{"taxonomy":"product_tag","embeddable":true,"href":"https:\/\/thermolife.pl\/de\/wp-json\/wp\/v2\/product_tag?post=994"}],"curies":[{"name":"wp","href":"https:\/\/api.w.org\/{rel}","templated":true}]}}