{"id":973,"date":"2025-08-05T15:46:27","date_gmt":"2025-08-05T13:46:27","guid":{"rendered":"https:\/\/thermolife.pl\/bez-kategorii\/licznik-energii-elektrycznej-3-fazowy\/"},"modified":"2025-09-30T10:36:38","modified_gmt":"2025-09-30T08:36:38","slug":"licznik-energii-elektrycznej-3-fazowy","status":"publish","type":"product","link":"https:\/\/thermolife.pl\/de\/akcesoria\/pozostale\/licznik-energii-elektrycznej-3-fazowy\/","title":{"rendered":"Licznik energii elektrycznej, 3 &#8211; fazowy"},"content":{"rendered":"<p>Licznik LEM-50 z pod\u015bwietlanym wy\u015bwietlaczem LCD s\u0142u\u017cy do monitorowania zu\u017cycia energii elektrycznej sieci tr\u00f3jfazowej w zastosowaniach domowych, komercyjnych i przemys\u0142owych. Mierzy i wy\u015bwietla zu\u017cycie energii elektrycznej czynnej wyra\u017conej w kWh. Licznik z \u0142atwo\u015bci\u0105 mo\u017cna zamontowa\u0107 na szynie TH-35 (DIN). Pomiar realizowany jest metod\u0105 bezpo\u015bredni\u0105 (bez przek\u0142adnik\u00f3w) do pr\u0105d\u00f3w o maksymalnym nat\u0119\u017ceniu 100 A.<\/p>","protected":false},"excerpt":{"rendered":"<p>Licznik LEM-50 z pod\u015bwietlanym wy\u015bwietlaczem LCD s\u0142u\u017cy do monitorowania zu\u017cycia energii elektrycznej sieci tr\u00f3jfazowej w zastosowaniach domowych, komercyjnych i przemys\u0142owych. Mierzy i wy\u015bwietla zu\u017cycie energii elektrycznej czynnej wyra\u017conej w kWh. Licznik z \u0142atwo\u015bci\u0105 mo\u017cna zamontowa\u0107 na szynie TH-35 (DIN). Pomiar realizowany jest metod\u0105 bezpo\u015bredni\u0105 (bez przek\u0142adnik\u00f3w) do pr\u0105d\u00f3w o maksymalnym nat\u0119\u017ceniu 100 A.<\/p>","protected":false},"featured_media":1410,"comment_status":"closed","ping_status":"closed","template":"","meta":{"_acf_changed":false,"_kad_blocks_custom_css":"","_kad_blocks_head_custom_js":"","_kad_blocks_body_custom_js":"","_kad_blocks_footer_custom_js":"","_kad_post_transparent":"default","_kad_post_title":"","_kad_post_layout":"default","_kad_post_sidebar_id":"","_kad_post_content_style":"default","_kad_post_vertical_padding":"default","_kad_post_feature":"","_kad_post_feature_position":"","_kad_post_header":false,"_kad_post_footer":false},"product_brand":[],"product_cat":[24,49,52,23],"product_tag":[],"class_list":{"0":"post-973","1":"product","2":"type-product","3":"status-publish","4":"has-post-thumbnail","6":"product_cat-akcesoria","7":"product_cat-akcesoria-sterowanie-kotlem","8":"product_cat-pozostale","9":"product_cat-sterowanie-kotlem","11":"first","12":"instock","13":"product-type-simple","14":"entry","15":"content-bg","16":"loop-entry"},"acf":[],"yoast_head":"<!-- This site is optimized with the Yoast SEO plugin v27.5 - https:\/\/yoast.com\/product\/yoast-seo-wordpress\/ -->\n<title>Licznik energii elektrycznej, 3 - fazowy - Zamel<\/title>\n<meta name=\"robots\" content=\"index, follow, max-snippet:-1, max-image-preview:large, max-video-preview:-1\" \/>\n<link rel=\"canonical\" href=\"https:\/\/thermolife.pl\/de\/akcesoria\/pozostale\/licznik-energii-elektrycznej-3-fazowy\/\" \/>\n<meta property=\"og:locale\" content=\"de_DE\" \/>\n<meta property=\"og:type\" content=\"article\" \/>\n<meta property=\"og:title\" content=\"Licznik energii elektrycznej, 3 - fazowy - Zamel\" \/>\n<meta property=\"og:description\" content=\"Licznik LEM-50 z pod\u015bwietlanym wy\u015bwietlaczem LCD s\u0142u\u017cy do monitorowania zu\u017cycia energii elektrycznej sieci tr\u00f3jfazowej w zastosowaniach domowych, komercyjnych i przemys\u0142owych. Mierzy i wy\u015bwietla zu\u017cycie energii elektrycznej czynnej wyra\u017conej w kWh. Licznik z \u0142atwo\u015bci\u0105 mo\u017cna zamontowa\u0107 na szynie TH-35 (DIN). Pomiar realizowany jest metod\u0105 bezpo\u015bredni\u0105 (bez przek\u0142adnik\u00f3w) do pr\u0105d\u00f3w o maksymalnym nat\u0119\u017ceniu 100 A.\" \/>\n<meta property=\"og:url\" content=\"https:\/\/thermolife.pl\/de\/akcesoria\/pozostale\/licznik-energii-elektrycznej-3-fazowy\/\" \/>\n<meta property=\"og:site_name\" content=\"Zamel\" \/>\n<meta property=\"article:modified_time\" content=\"2025-09-30T08:36:38+00:00\" \/>\n<meta property=\"og:image\" content=\"https:\/\/thermolife.pl\/wp-content\/uploads\/2025\/08\/EXT10000322_1.webp\" \/>\n\t<meta property=\"og:image:width\" content=\"1200\" \/>\n\t<meta property=\"og:image:height\" content=\"1200\" \/>\n\t<meta property=\"og:image:type\" content=\"image\/webp\" \/>\n<meta name=\"twitter:card\" content=\"summary_large_image\" \/>\n<meta name=\"twitter:label1\" content=\"Gesch\u00e4tzte Lesezeit\" \/>\n\t<meta name=\"twitter:data1\" content=\"1\u00a0Minute\" \/>\n<script type=\"application\/ld+json\" class=\"yoast-schema-graph\">{\"@context\":\"https:\\\/\\\/schema.org\",\"@graph\":[{\"@type\":\"WebPage\",\"@id\":\"https:\\\/\\\/thermolife.pl\\\/akcesoria\\\/pozostale\\\/licznik-energii-elektrycznej-3-fazowy\\\/\",\"url\":\"https:\\\/\\\/thermolife.pl\\\/akcesoria\\\/pozostale\\\/licznik-energii-elektrycznej-3-fazowy\\\/\",\"name\":\"Licznik energii elektrycznej, 3 - fazowy - Zamel\",\"isPartOf\":{\"@id\":\"https:\\\/\\\/thermolife.pl\\\/#website\"},\"primaryImageOfPage\":{\"@id\":\"https:\\\/\\\/thermolife.pl\\\/akcesoria\\\/pozostale\\\/licznik-energii-elektrycznej-3-fazowy\\\/#primaryimage\"},\"image\":{\"@id\":\"https:\\\/\\\/thermolife.pl\\\/akcesoria\\\/pozostale\\\/licznik-energii-elektrycznej-3-fazowy\\\/#primaryimage\"},\"thumbnailUrl\":\"https:\\\/\\\/thermolife.pl\\\/wp-content\\\/uploads\\\/2025\\\/08\\\/EXT10000322_1.webp\",\"datePublished\":\"2025-08-05T13:46:27+00:00\",\"dateModified\":\"2025-09-30T08:36:38+00:00\",\"breadcrumb\":{\"@id\":\"https:\\\/\\\/thermolife.pl\\\/akcesoria\\\/pozostale\\\/licznik-energii-elektrycznej-3-fazowy\\\/#breadcrumb\"},\"inLanguage\":\"de\",\"potentialAction\":[{\"@type\":\"ReadAction\",\"target\":[\"https:\\\/\\\/thermolife.pl\\\/akcesoria\\\/pozostale\\\/licznik-energii-elektrycznej-3-fazowy\\\/\"]}]},{\"@type\":\"ImageObject\",\"inLanguage\":\"de\",\"@id\":\"https:\\\/\\\/thermolife.pl\\\/akcesoria\\\/pozostale\\\/licznik-energii-elektrycznej-3-fazowy\\\/#primaryimage\",\"url\":\"https:\\\/\\\/thermolife.pl\\\/wp-content\\\/uploads\\\/2025\\\/08\\\/EXT10000322_1.webp\",\"contentUrl\":\"https:\\\/\\\/thermolife.pl\\\/wp-content\\\/uploads\\\/2025\\\/08\\\/EXT10000322_1.webp\",\"width\":1200,\"height\":1200},{\"@type\":\"BreadcrumbList\",\"@id\":\"https:\\\/\\\/thermolife.pl\\\/akcesoria\\\/pozostale\\\/licznik-energii-elektrycznej-3-fazowy\\\/#breadcrumb\",\"itemListElement\":[{\"@type\":\"ListItem\",\"position\":1,\"name\":\"Strona g\u0142\u00f3wna\",\"item\":\"https:\\\/\\\/thermolife.pl\\\/\"},{\"@type\":\"ListItem\",\"position\":2,\"name\":\"Produkty\",\"item\":\"https:\\\/\\\/thermolife.pl\\\/produkty\\\/\"},{\"@type\":\"ListItem\",\"position\":3,\"name\":\"Sterowanie kot\u0142em\",\"item\":\"https:\\\/\\\/thermolife.pl\\\/sterowanie-kotlem\\\/\"},{\"@type\":\"ListItem\",\"position\":4,\"name\":\"Akcesoria\",\"item\":\"https:\\\/\\\/thermolife.pl\\\/sterowanie-kotlem\\\/akcesoria-sterowanie-kotlem\\\/\"},{\"@type\":\"ListItem\",\"position\":5,\"name\":\"Licznik energii elektrycznej, 3 &#8211; fazowy\"}]},{\"@type\":\"WebSite\",\"@id\":\"https:\\\/\\\/thermolife.pl\\\/#website\",\"url\":\"https:\\\/\\\/thermolife.pl\\\/\",\"name\":\"Zamel\",\"description\":\"Systemy sterowania ogrzewaniem\",\"publisher\":{\"@id\":\"https:\\\/\\\/thermolife.pl\\\/#organization\"},\"potentialAction\":[{\"@type\":\"SearchAction\",\"target\":{\"@type\":\"EntryPoint\",\"urlTemplate\":\"https:\\\/\\\/thermolife.pl\\\/?s={search_term_string}\"},\"query-input\":{\"@type\":\"PropertyValueSpecification\",\"valueRequired\":true,\"valueName\":\"search_term_string\"}}],\"inLanguage\":\"de\"},{\"@type\":\"Organization\",\"@id\":\"https:\\\/\\\/thermolife.pl\\\/#organization\",\"name\":\"Zamel\",\"url\":\"https:\\\/\\\/thermolife.pl\\\/\",\"logo\":{\"@type\":\"ImageObject\",\"inLanguage\":\"de\",\"@id\":\"https:\\\/\\\/thermolife.pl\\\/#\\\/schema\\\/logo\\\/image\\\/\",\"url\":\"https:\\\/\\\/thermolife.pl\\\/wp-content\\\/uploads\\\/2025\\\/07\\\/logo.svg\",\"contentUrl\":\"https:\\\/\\\/thermolife.pl\\\/wp-content\\\/uploads\\\/2025\\\/07\\\/logo.svg\",\"caption\":\"Zamel\"},\"image\":{\"@id\":\"https:\\\/\\\/thermolife.pl\\\/#\\\/schema\\\/logo\\\/image\\\/\"}}]}<\/script>\n<!-- \/ Yoast SEO plugin. -->","yoast_head_json":{"title":"Licznik energii elektrycznej, 3 - fazowy - Zamel","robots":{"index":"index","follow":"follow","max-snippet":"max-snippet:-1","max-image-preview":"max-image-preview:large","max-video-preview":"max-video-preview:-1"},"canonical":"https:\/\/thermolife.pl\/de\/akcesoria\/pozostale\/licznik-energii-elektrycznej-3-fazowy\/","og_locale":"de_DE","og_type":"article","og_title":"Licznik energii elektrycznej, 3 - fazowy - Zamel","og_description":"Licznik LEM-50 z pod\u015bwietlanym wy\u015bwietlaczem LCD s\u0142u\u017cy do monitorowania zu\u017cycia energii elektrycznej sieci tr\u00f3jfazowej w zastosowaniach domowych, komercyjnych i przemys\u0142owych. Mierzy i wy\u015bwietla zu\u017cycie energii elektrycznej czynnej wyra\u017conej w kWh. Licznik z \u0142atwo\u015bci\u0105 mo\u017cna zamontowa\u0107 na szynie TH-35 (DIN). Pomiar realizowany jest metod\u0105 bezpo\u015bredni\u0105 (bez przek\u0142adnik\u00f3w) do pr\u0105d\u00f3w o maksymalnym nat\u0119\u017ceniu 100 A.","og_url":"https:\/\/thermolife.pl\/de\/akcesoria\/pozostale\/licznik-energii-elektrycznej-3-fazowy\/","og_site_name":"Zamel","article_modified_time":"2025-09-30T08:36:38+00:00","og_image":[{"width":1200,"height":1200,"url":"https:\/\/thermolife.pl\/wp-content\/uploads\/2025\/08\/EXT10000322_1.webp","type":"image\/webp"}],"twitter_card":"summary_large_image","twitter_misc":{"Gesch\u00e4tzte Lesezeit":"1\u00a0Minute"},"schema":{"@context":"https:\/\/schema.org","@graph":[{"@type":"WebPage","@id":"https:\/\/thermolife.pl\/akcesoria\/pozostale\/licznik-energii-elektrycznej-3-fazowy\/","url":"https:\/\/thermolife.pl\/akcesoria\/pozostale\/licznik-energii-elektrycznej-3-fazowy\/","name":"Licznik energii elektrycznej, 3 - fazowy - Zamel","isPartOf":{"@id":"https:\/\/thermolife.pl\/#website"},"primaryImageOfPage":{"@id":"https:\/\/thermolife.pl\/akcesoria\/pozostale\/licznik-energii-elektrycznej-3-fazowy\/#primaryimage"},"image":{"@id":"https:\/\/thermolife.pl\/akcesoria\/pozostale\/licznik-energii-elektrycznej-3-fazowy\/#primaryimage"},"thumbnailUrl":"https:\/\/thermolife.pl\/wp-content\/uploads\/2025\/08\/EXT10000322_1.webp","datePublished":"2025-08-05T13:46:27+00:00","dateModified":"2025-09-30T08:36:38+00:00","breadcrumb":{"@id":"https:\/\/thermolife.pl\/akcesoria\/pozostale\/licznik-energii-elektrycznej-3-fazowy\/#breadcrumb"},"inLanguage":"de","potentialAction":[{"@type":"ReadAction","target":["https:\/\/thermolife.pl\/akcesoria\/pozostale\/licznik-energii-elektrycznej-3-fazowy\/"]}]},{"@type":"ImageObject","inLanguage":"de","@id":"https:\/\/thermolife.pl\/akcesoria\/pozostale\/licznik-energii-elektrycznej-3-fazowy\/#primaryimage","url":"https:\/\/thermolife.pl\/wp-content\/uploads\/2025\/08\/EXT10000322_1.webp","contentUrl":"https:\/\/thermolife.pl\/wp-content\/uploads\/2025\/08\/EXT10000322_1.webp","width":1200,"height":1200},{"@type":"BreadcrumbList","@id":"https:\/\/thermolife.pl\/akcesoria\/pozostale\/licznik-energii-elektrycznej-3-fazowy\/#breadcrumb","itemListElement":[{"@type":"ListItem","position":1,"name":"Strona g\u0142\u00f3wna","item":"https:\/\/thermolife.pl\/"},{"@type":"ListItem","position":2,"name":"Produkty","item":"https:\/\/thermolife.pl\/produkty\/"},{"@type":"ListItem","position":3,"name":"Sterowanie kot\u0142em","item":"https:\/\/thermolife.pl\/sterowanie-kotlem\/"},{"@type":"ListItem","position":4,"name":"Akcesoria","item":"https:\/\/thermolife.pl\/sterowanie-kotlem\/akcesoria-sterowanie-kotlem\/"},{"@type":"ListItem","position":5,"name":"Licznik energii elektrycznej, 3 &#8211; fazowy"}]},{"@type":"WebSite","@id":"https:\/\/thermolife.pl\/#website","url":"https:\/\/thermolife.pl\/","name":"Zamel","description":"Systemy sterowania ogrzewaniem","publisher":{"@id":"https:\/\/thermolife.pl\/#organization"},"potentialAction":[{"@type":"SearchAction","target":{"@type":"EntryPoint","urlTemplate":"https:\/\/thermolife.pl\/?s={search_term_string}"},"query-input":{"@type":"PropertyValueSpecification","valueRequired":true,"valueName":"search_term_string"}}],"inLanguage":"de"},{"@type":"Organization","@id":"https:\/\/thermolife.pl\/#organization","name":"Zamel","url":"https:\/\/thermolife.pl\/","logo":{"@type":"ImageObject","inLanguage":"de","@id":"https:\/\/thermolife.pl\/#\/schema\/logo\/image\/","url":"https:\/\/thermolife.pl\/wp-content\/uploads\/2025\/07\/logo.svg","contentUrl":"https:\/\/thermolife.pl\/wp-content\/uploads\/2025\/07\/logo.svg","caption":"Zamel"},"image":{"@id":"https:\/\/thermolife.pl\/#\/schema\/logo\/image\/"}}]}},"taxonomy_info":{"product_cat":[{"value":24,"label":"Akcesoria"},{"value":49,"label":"Akcesoria"},{"value":52,"label":"Pozosta\u0142e"},{"value":23,"label":"Sterowanie kot\u0142em"}]},"featured_image_src_large":["https:\/\/thermolife.pl\/wp-content\/uploads\/2025\/08\/EXT10000322_1-1024x1024.webp",1024,1024,true],"author_info":[],"comment_info":0,"_links":{"self":[{"href":"https:\/\/thermolife.pl\/de\/wp-json\/wp\/v2\/product\/973","targetHints":{"allow":["GET"]}}],"collection":[{"href":"https:\/\/thermolife.pl\/de\/wp-json\/wp\/v2\/product"}],"about":[{"href":"https:\/\/thermolife.pl\/de\/wp-json\/wp\/v2\/types\/product"}],"replies":[{"embeddable":true,"href":"https:\/\/thermolife.pl\/de\/wp-json\/wp\/v2\/comments?post=973"}],"wp:featuredmedia":[{"embeddable":true,"href":"https:\/\/thermolife.pl\/de\/wp-json\/wp\/v2\/media\/1410"}],"wp:attachment":[{"href":"https:\/\/thermolife.pl\/de\/wp-json\/wp\/v2\/media?parent=973"}],"wp:term":[{"taxonomy":"product_brand","embeddable":true,"href":"https:\/\/thermolife.pl\/de\/wp-json\/wp\/v2\/product_brand?post=973"},{"taxonomy":"product_cat","embeddable":true,"href":"https:\/\/thermolife.pl\/de\/wp-json\/wp\/v2\/product_cat?post=973"},{"taxonomy":"product_tag","embeddable":true,"href":"https:\/\/thermolife.pl\/de\/wp-json\/wp\/v2\/product_tag?post=973"}],"curies":[{"name":"wp","href":"https:\/\/api.w.org\/{rel}","templated":true}]}}