{"id":956,"date":"2025-08-05T15:46:20","date_gmt":"2025-08-05T13:46:20","guid":{"rendered":"https:\/\/thermolife.pl\/bez-kategorii\/regulator-temperatury-wi-fi\/"},"modified":"2025-09-30T08:41:22","modified_gmt":"2025-09-30T06:41:22","slug":"regulator-temperatury-wi-fi","status":"publish","type":"product","link":"https:\/\/thermolife.pl\/de\/ogrzewanie-podlogowe\/internetowe\/system-wi-fi-supla-internetowe\/regulator-temperatury-wi-fi\/","title":{"rendered":"Regulator temperatury Wi-Fi"},"content":{"rendered":"<p>GKW-02 to estetyczny, na\u015bcienny regulator temperatury z zasilaniem 230 V, idealny do sterowania listwami grzewczymi i zaworami. Po zastosowaniu dodatkowych stycznik\u00f3w lub przeka\u017anik\u00f3w mo\u017ce r\u00f3wnie\u017c obs\u0142ugiwa\u0107 urz\u0105dzenia grzewcze, takie jak maty ogrzewania elektrycznego. Urz\u0105dzenie integruje si\u0119 z aplikacj\u0105 mobiln\u0105 Supla, umo\u017cliwiaj\u0105c wygodne ustawianie temperatury, harmonogram\u00f3w oraz preferencji u\u017cytkownika. Regulator posiada trzy pod\u015bwietlane pola dotykowe, kt\u00f3re pe\u0142ni\u0105 funkcj\u0119 konfigurowalnych wyzwalaczy akcji, pozwalaj\u0105c na uruchamianie zaprogramowanych czynno\u015bci dla innych element\u00f3w inteligentnego domu.<\/p>","protected":false},"excerpt":{"rendered":"<p>GKW-02 to estetyczny, na\u015bcienny regulator temperatury z zasilaniem 230 V, idealny do sterowania listwami grzewczymi i zaworami. Po zastosowaniu dodatkowych stycznik\u00f3w lub przeka\u017anik\u00f3w mo\u017ce r\u00f3wnie\u017c obs\u0142ugiwa\u0107 urz\u0105dzenia grzewcze, takie jak maty ogrzewania elektrycznego. Urz\u0105dzenie integruje si\u0119 z aplikacj\u0105 mobiln\u0105 Supla, umo\u017cliwiaj\u0105c wygodne ustawianie temperatury, harmonogram\u00f3w oraz preferencji u\u017cytkownika. Regulator posiada trzy pod\u015bwietlane pola dotykowe, kt\u00f3re&#8230;<\/p>","protected":false},"featured_media":1791,"comment_status":"closed","ping_status":"closed","template":"","meta":{"_acf_changed":false,"_kad_blocks_custom_css":"","_kad_blocks_head_custom_js":"","_kad_blocks_body_custom_js":"","_kad_blocks_footer_custom_js":"","_kad_post_transparent":"default","_kad_post_title":"","_kad_post_layout":"default","_kad_post_sidebar_id":"","_kad_post_content_style":"default","_kad_post_vertical_padding":"default","_kad_post_feature":"","_kad_post_feature_position":"","_kad_post_header":false,"_kad_post_footer":false},"product_brand":[],"product_cat":[38,32,41,18,19,20,172,175],"product_tag":[],"class_list":{"0":"post-956","1":"product","2":"type-product","3":"status-publish","4":"has-post-thumbnail","6":"product_cat-internetowe","7":"product_cat-ogrzewanie","8":"product_cat-regulatory-temperatury","9":"product_cat-inteligentny-dom","10":"product_cat-ogrzewanie-podlogowe","11":"product_cat-ogrzewanie-podlogowe-elektryczne","12":"product_cat-system-wi-fi-supla","13":"product_cat-system-wi-fi-supla-internetowe","15":"first","16":"instock","17":"product-type-simple","18":"entry","19":"content-bg","20":"loop-entry"},"acf":[],"yoast_head":"<!-- This site is optimized with the Yoast SEO plugin v27.5 - https:\/\/yoast.com\/product\/yoast-seo-wordpress\/ -->\n<title>Regulator temperatury Wi-Fi - Zamel<\/title>\n<meta name=\"robots\" content=\"index, follow, max-snippet:-1, max-image-preview:large, max-video-preview:-1\" \/>\n<link rel=\"canonical\" href=\"https:\/\/thermolife.pl\/de\/ogrzewanie-podlogowe\/internetowe\/system-wi-fi-supla-internetowe\/regulator-temperatury-wi-fi\/\" \/>\n<meta property=\"og:locale\" content=\"de_DE\" \/>\n<meta property=\"og:type\" content=\"article\" \/>\n<meta property=\"og:title\" content=\"Regulator temperatury Wi-Fi - Zamel\" \/>\n<meta property=\"og:description\" content=\"GKW-02 to estetyczny, na\u015bcienny regulator temperatury z zasilaniem 230 V, idealny do sterowania listwami grzewczymi i zaworami. Po zastosowaniu dodatkowych stycznik\u00f3w lub przeka\u017anik\u00f3w mo\u017ce r\u00f3wnie\u017c obs\u0142ugiwa\u0107 urz\u0105dzenia grzewcze, takie jak maty ogrzewania elektrycznego. Urz\u0105dzenie integruje si\u0119 z aplikacj\u0105 mobiln\u0105 Supla, umo\u017cliwiaj\u0105c wygodne ustawianie temperatury, harmonogram\u00f3w oraz preferencji u\u017cytkownika. Regulator posiada trzy pod\u015bwietlane pola dotykowe, kt\u00f3re...\" \/>\n<meta property=\"og:url\" content=\"https:\/\/thermolife.pl\/de\/ogrzewanie-podlogowe\/internetowe\/system-wi-fi-supla-internetowe\/regulator-temperatury-wi-fi\/\" \/>\n<meta property=\"og:site_name\" content=\"Zamel\" \/>\n<meta property=\"article:modified_time\" content=\"2025-09-30T06:41:22+00:00\" \/>\n<meta property=\"og:image\" content=\"https:\/\/thermolife.pl\/wp-content\/uploads\/2025\/08\/GKW-02.png\" \/>\n\t<meta property=\"og:image:width\" content=\"1200\" \/>\n\t<meta property=\"og:image:height\" content=\"1200\" \/>\n\t<meta property=\"og:image:type\" content=\"image\/png\" \/>\n<meta name=\"twitter:card\" content=\"summary_large_image\" \/>\n<meta name=\"twitter:label1\" content=\"Gesch\u00e4tzte Lesezeit\" \/>\n\t<meta name=\"twitter:data1\" content=\"1\u00a0Minute\" \/>\n<script type=\"application\/ld+json\" class=\"yoast-schema-graph\">{\"@context\":\"https:\\\/\\\/schema.org\",\"@graph\":[{\"@type\":\"WebPage\",\"@id\":\"https:\\\/\\\/thermolife.pl\\\/ogrzewanie-podlogowe\\\/internetowe\\\/system-wi-fi-supla-internetowe\\\/regulator-temperatury-wi-fi\\\/\",\"url\":\"https:\\\/\\\/thermolife.pl\\\/ogrzewanie-podlogowe\\\/internetowe\\\/system-wi-fi-supla-internetowe\\\/regulator-temperatury-wi-fi\\\/\",\"name\":\"Regulator temperatury Wi-Fi - Zamel\",\"isPartOf\":{\"@id\":\"https:\\\/\\\/thermolife.pl\\\/#website\"},\"primaryImageOfPage\":{\"@id\":\"https:\\\/\\\/thermolife.pl\\\/ogrzewanie-podlogowe\\\/internetowe\\\/system-wi-fi-supla-internetowe\\\/regulator-temperatury-wi-fi\\\/#primaryimage\"},\"image\":{\"@id\":\"https:\\\/\\\/thermolife.pl\\\/ogrzewanie-podlogowe\\\/internetowe\\\/system-wi-fi-supla-internetowe\\\/regulator-temperatury-wi-fi\\\/#primaryimage\"},\"thumbnailUrl\":\"https:\\\/\\\/thermolife.pl\\\/wp-content\\\/uploads\\\/2025\\\/08\\\/GKW-02.png\",\"datePublished\":\"2025-08-05T13:46:20+00:00\",\"dateModified\":\"2025-09-30T06:41:22+00:00\",\"breadcrumb\":{\"@id\":\"https:\\\/\\\/thermolife.pl\\\/ogrzewanie-podlogowe\\\/internetowe\\\/system-wi-fi-supla-internetowe\\\/regulator-temperatury-wi-fi\\\/#breadcrumb\"},\"inLanguage\":\"de\",\"potentialAction\":[{\"@type\":\"ReadAction\",\"target\":[\"https:\\\/\\\/thermolife.pl\\\/ogrzewanie-podlogowe\\\/internetowe\\\/system-wi-fi-supla-internetowe\\\/regulator-temperatury-wi-fi\\\/\"]}]},{\"@type\":\"ImageObject\",\"inLanguage\":\"de\",\"@id\":\"https:\\\/\\\/thermolife.pl\\\/ogrzewanie-podlogowe\\\/internetowe\\\/system-wi-fi-supla-internetowe\\\/regulator-temperatury-wi-fi\\\/#primaryimage\",\"url\":\"https:\\\/\\\/thermolife.pl\\\/wp-content\\\/uploads\\\/2025\\\/08\\\/GKW-02.png\",\"contentUrl\":\"https:\\\/\\\/thermolife.pl\\\/wp-content\\\/uploads\\\/2025\\\/08\\\/GKW-02.png\",\"width\":1200,\"height\":1200},{\"@type\":\"BreadcrumbList\",\"@id\":\"https:\\\/\\\/thermolife.pl\\\/ogrzewanie-podlogowe\\\/internetowe\\\/system-wi-fi-supla-internetowe\\\/regulator-temperatury-wi-fi\\\/#breadcrumb\",\"itemListElement\":[{\"@type\":\"ListItem\",\"position\":1,\"name\":\"Strona g\u0142\u00f3wna\",\"item\":\"https:\\\/\\\/thermolife.pl\\\/\"},{\"@type\":\"ListItem\",\"position\":2,\"name\":\"Produkty\",\"item\":\"https:\\\/\\\/thermolife.pl\\\/produkty\\\/\"},{\"@type\":\"ListItem\",\"position\":3,\"name\":\"Sterowanie inteligentnym domem\",\"item\":\"https:\\\/\\\/thermolife.pl\\\/inteligentny-dom\\\/\"},{\"@type\":\"ListItem\",\"position\":4,\"name\":\"Ogrzewanie\",\"item\":\"https:\\\/\\\/thermolife.pl\\\/inteligentny-dom\\\/ogrzewanie\\\/\"},{\"@type\":\"ListItem\",\"position\":5,\"name\":\"System WI-FI - SUPLA\",\"item\":\"https:\\\/\\\/thermolife.pl\\\/inteligentny-dom\\\/ogrzewanie\\\/system-wi-fi-supla\\\/\"},{\"@type\":\"ListItem\",\"position\":6,\"name\":\"Regulator temperatury Wi-Fi\"}]},{\"@type\":\"WebSite\",\"@id\":\"https:\\\/\\\/thermolife.pl\\\/#website\",\"url\":\"https:\\\/\\\/thermolife.pl\\\/\",\"name\":\"Zamel\",\"description\":\"Systemy sterowania ogrzewaniem\",\"publisher\":{\"@id\":\"https:\\\/\\\/thermolife.pl\\\/#organization\"},\"potentialAction\":[{\"@type\":\"SearchAction\",\"target\":{\"@type\":\"EntryPoint\",\"urlTemplate\":\"https:\\\/\\\/thermolife.pl\\\/?s={search_term_string}\"},\"query-input\":{\"@type\":\"PropertyValueSpecification\",\"valueRequired\":true,\"valueName\":\"search_term_string\"}}],\"inLanguage\":\"de\"},{\"@type\":\"Organization\",\"@id\":\"https:\\\/\\\/thermolife.pl\\\/#organization\",\"name\":\"Zamel\",\"url\":\"https:\\\/\\\/thermolife.pl\\\/\",\"logo\":{\"@type\":\"ImageObject\",\"inLanguage\":\"de\",\"@id\":\"https:\\\/\\\/thermolife.pl\\\/#\\\/schema\\\/logo\\\/image\\\/\",\"url\":\"https:\\\/\\\/thermolife.pl\\\/wp-content\\\/uploads\\\/2025\\\/07\\\/logo.svg\",\"contentUrl\":\"https:\\\/\\\/thermolife.pl\\\/wp-content\\\/uploads\\\/2025\\\/07\\\/logo.svg\",\"caption\":\"Zamel\"},\"image\":{\"@id\":\"https:\\\/\\\/thermolife.pl\\\/#\\\/schema\\\/logo\\\/image\\\/\"}}]}<\/script>\n<!-- \/ Yoast SEO plugin. -->","yoast_head_json":{"title":"Regulator temperatury Wi-Fi - Zamel","robots":{"index":"index","follow":"follow","max-snippet":"max-snippet:-1","max-image-preview":"max-image-preview:large","max-video-preview":"max-video-preview:-1"},"canonical":"https:\/\/thermolife.pl\/de\/ogrzewanie-podlogowe\/internetowe\/system-wi-fi-supla-internetowe\/regulator-temperatury-wi-fi\/","og_locale":"de_DE","og_type":"article","og_title":"Regulator temperatury Wi-Fi - Zamel","og_description":"GKW-02 to estetyczny, na\u015bcienny regulator temperatury z zasilaniem 230 V, idealny do sterowania listwami grzewczymi i zaworami. Po zastosowaniu dodatkowych stycznik\u00f3w lub przeka\u017anik\u00f3w mo\u017ce r\u00f3wnie\u017c obs\u0142ugiwa\u0107 urz\u0105dzenia grzewcze, takie jak maty ogrzewania elektrycznego. Urz\u0105dzenie integruje si\u0119 z aplikacj\u0105 mobiln\u0105 Supla, umo\u017cliwiaj\u0105c wygodne ustawianie temperatury, harmonogram\u00f3w oraz preferencji u\u017cytkownika. Regulator posiada trzy pod\u015bwietlane pola dotykowe, kt\u00f3re...","og_url":"https:\/\/thermolife.pl\/de\/ogrzewanie-podlogowe\/internetowe\/system-wi-fi-supla-internetowe\/regulator-temperatury-wi-fi\/","og_site_name":"Zamel","article_modified_time":"2025-09-30T06:41:22+00:00","og_image":[{"width":1200,"height":1200,"url":"https:\/\/thermolife.pl\/wp-content\/uploads\/2025\/08\/GKW-02.png","type":"image\/png"}],"twitter_card":"summary_large_image","twitter_misc":{"Gesch\u00e4tzte Lesezeit":"1\u00a0Minute"},"schema":{"@context":"https:\/\/schema.org","@graph":[{"@type":"WebPage","@id":"https:\/\/thermolife.pl\/ogrzewanie-podlogowe\/internetowe\/system-wi-fi-supla-internetowe\/regulator-temperatury-wi-fi\/","url":"https:\/\/thermolife.pl\/ogrzewanie-podlogowe\/internetowe\/system-wi-fi-supla-internetowe\/regulator-temperatury-wi-fi\/","name":"Regulator temperatury Wi-Fi - Zamel","isPartOf":{"@id":"https:\/\/thermolife.pl\/#website"},"primaryImageOfPage":{"@id":"https:\/\/thermolife.pl\/ogrzewanie-podlogowe\/internetowe\/system-wi-fi-supla-internetowe\/regulator-temperatury-wi-fi\/#primaryimage"},"image":{"@id":"https:\/\/thermolife.pl\/ogrzewanie-podlogowe\/internetowe\/system-wi-fi-supla-internetowe\/regulator-temperatury-wi-fi\/#primaryimage"},"thumbnailUrl":"https:\/\/thermolife.pl\/wp-content\/uploads\/2025\/08\/GKW-02.png","datePublished":"2025-08-05T13:46:20+00:00","dateModified":"2025-09-30T06:41:22+00:00","breadcrumb":{"@id":"https:\/\/thermolife.pl\/ogrzewanie-podlogowe\/internetowe\/system-wi-fi-supla-internetowe\/regulator-temperatury-wi-fi\/#breadcrumb"},"inLanguage":"de","potentialAction":[{"@type":"ReadAction","target":["https:\/\/thermolife.pl\/ogrzewanie-podlogowe\/internetowe\/system-wi-fi-supla-internetowe\/regulator-temperatury-wi-fi\/"]}]},{"@type":"ImageObject","inLanguage":"de","@id":"https:\/\/thermolife.pl\/ogrzewanie-podlogowe\/internetowe\/system-wi-fi-supla-internetowe\/regulator-temperatury-wi-fi\/#primaryimage","url":"https:\/\/thermolife.pl\/wp-content\/uploads\/2025\/08\/GKW-02.png","contentUrl":"https:\/\/thermolife.pl\/wp-content\/uploads\/2025\/08\/GKW-02.png","width":1200,"height":1200},{"@type":"BreadcrumbList","@id":"https:\/\/thermolife.pl\/ogrzewanie-podlogowe\/internetowe\/system-wi-fi-supla-internetowe\/regulator-temperatury-wi-fi\/#breadcrumb","itemListElement":[{"@type":"ListItem","position":1,"name":"Strona g\u0142\u00f3wna","item":"https:\/\/thermolife.pl\/"},{"@type":"ListItem","position":2,"name":"Produkty","item":"https:\/\/thermolife.pl\/produkty\/"},{"@type":"ListItem","position":3,"name":"Sterowanie inteligentnym domem","item":"https:\/\/thermolife.pl\/inteligentny-dom\/"},{"@type":"ListItem","position":4,"name":"Ogrzewanie","item":"https:\/\/thermolife.pl\/inteligentny-dom\/ogrzewanie\/"},{"@type":"ListItem","position":5,"name":"System WI-FI - SUPLA","item":"https:\/\/thermolife.pl\/inteligentny-dom\/ogrzewanie\/system-wi-fi-supla\/"},{"@type":"ListItem","position":6,"name":"Regulator temperatury Wi-Fi"}]},{"@type":"WebSite","@id":"https:\/\/thermolife.pl\/#website","url":"https:\/\/thermolife.pl\/","name":"Zamel","description":"Systemy sterowania ogrzewaniem","publisher":{"@id":"https:\/\/thermolife.pl\/#organization"},"potentialAction":[{"@type":"SearchAction","target":{"@type":"EntryPoint","urlTemplate":"https:\/\/thermolife.pl\/?s={search_term_string}"},"query-input":{"@type":"PropertyValueSpecification","valueRequired":true,"valueName":"search_term_string"}}],"inLanguage":"de"},{"@type":"Organization","@id":"https:\/\/thermolife.pl\/#organization","name":"Zamel","url":"https:\/\/thermolife.pl\/","logo":{"@type":"ImageObject","inLanguage":"de","@id":"https:\/\/thermolife.pl\/#\/schema\/logo\/image\/","url":"https:\/\/thermolife.pl\/wp-content\/uploads\/2025\/07\/logo.svg","contentUrl":"https:\/\/thermolife.pl\/wp-content\/uploads\/2025\/07\/logo.svg","caption":"Zamel"},"image":{"@id":"https:\/\/thermolife.pl\/#\/schema\/logo\/image\/"}}]}},"taxonomy_info":{"product_cat":[{"value":38,"label":"Internetowe"},{"value":32,"label":"Ogrzewanie"},{"value":41,"label":"Regulatory temperatury"},{"value":18,"label":"Sterowanie inteligentnym domem"},{"value":19,"label":"Sterowanie ogrzewaniem pod\u0142ogowym"},{"value":20,"label":"Sterowanie ogrzewaniem pod\u0142ogowym elektrycznym"},{"value":172,"label":"System WI-FI - SUPLA"},{"value":175,"label":"System WI-FI - SUPLA"}]},"featured_image_src_large":["https:\/\/thermolife.pl\/wp-content\/uploads\/2025\/08\/GKW-02-1024x1024.png",1024,1024,true],"author_info":[],"comment_info":0,"_links":{"self":[{"href":"https:\/\/thermolife.pl\/de\/wp-json\/wp\/v2\/product\/956","targetHints":{"allow":["GET"]}}],"collection":[{"href":"https:\/\/thermolife.pl\/de\/wp-json\/wp\/v2\/product"}],"about":[{"href":"https:\/\/thermolife.pl\/de\/wp-json\/wp\/v2\/types\/product"}],"replies":[{"embeddable":true,"href":"https:\/\/thermolife.pl\/de\/wp-json\/wp\/v2\/comments?post=956"}],"wp:featuredmedia":[{"embeddable":true,"href":"https:\/\/thermolife.pl\/de\/wp-json\/wp\/v2\/media\/1791"}],"wp:attachment":[{"href":"https:\/\/thermolife.pl\/de\/wp-json\/wp\/v2\/media?parent=956"}],"wp:term":[{"taxonomy":"product_brand","embeddable":true,"href":"https:\/\/thermolife.pl\/de\/wp-json\/wp\/v2\/product_brand?post=956"},{"taxonomy":"product_cat","embeddable":true,"href":"https:\/\/thermolife.pl\/de\/wp-json\/wp\/v2\/product_cat?post=956"},{"taxonomy":"product_tag","embeddable":true,"href":"https:\/\/thermolife.pl\/de\/wp-json\/wp\/v2\/product_tag?post=956"}],"curies":[{"name":"wp","href":"https:\/\/api.w.org\/{rel}","templated":true}]}}