{"id":1051,"date":"2025-08-05T15:46:57","date_gmt":"2025-08-05T13:46:57","guid":{"rendered":"https:\/\/thermolife.pl\/bez-kategorii\/sterownik-pompy-c-o-i-c-w-u\/"},"modified":"2025-09-30T10:26:08","modified_gmt":"2025-09-30T08:26:08","slug":"sterownik-pompy-c-o-i-c-w-u","status":"publish","type":"product","link":"https:\/\/thermolife.pl\/de\/sterowanie-pompa\/sterownik-pompy-c-o-i-c-w-u\/","title":{"rendered":"Sterownik pompy C.O. i C.W.U."},"content":{"rendered":"<p>Sterownik ZPC 2 jest przeznaczony do sterowania pompami CO oraz C.W.U. Pompa CO za\u0142\u0105cza si\u0119, gdy temperatura kot\u0142a przekroczy nastawion\u0105 przez u\u017cytkownika temperatur\u0105 za\u0142\u0105czenia pompy CO Pompa CWU dzia\u0142a na zasadzie r\u00f3\u017cnicy temperatur. Temperatury CO i CWU s\u0105 mierzone przez dwa niezale\u017cne czujniki.<\/p>","protected":false},"excerpt":{"rendered":"<p>Sterownik ZPC 2 jest przeznaczony do sterowania pompami CO oraz C.W.U. Pompa CO za\u0142\u0105cza si\u0119, gdy temperatura kot\u0142a przekroczy nastawion\u0105 przez u\u017cytkownika temperatur\u0105 za\u0142\u0105czenia pompy CO Pompa CWU dzia\u0142a na zasadzie r\u00f3\u017cnicy temperatur. Temperatury CO i CWU s\u0105 mierzone przez dwa niezale\u017cne czujniki.<\/p>","protected":false},"featured_media":1651,"comment_status":"closed","ping_status":"closed","template":"","meta":{"_acf_changed":false,"_kad_blocks_custom_css":"","_kad_blocks_head_custom_js":"","_kad_blocks_body_custom_js":"","_kad_blocks_footer_custom_js":"","_kad_post_transparent":"default","_kad_post_title":"","_kad_post_layout":"default","_kad_post_sidebar_id":"","_kad_post_content_style":"default","_kad_post_vertical_padding":"default","_kad_post_feature":"","_kad_post_feature_position":"","_kad_post_header":false,"_kad_post_footer":false},"product_brand":[],"product_cat":[22],"product_tag":[],"class_list":{"0":"post-1051","1":"product","2":"type-product","3":"status-publish","4":"has-post-thumbnail","6":"product_cat-sterowanie-pompa","8":"first","9":"instock","10":"product-type-simple","11":"entry","12":"content-bg","13":"loop-entry"},"acf":[],"yoast_head":"<!-- This site is optimized with the Yoast SEO plugin v27.5 - https:\/\/yoast.com\/product\/yoast-seo-wordpress\/ -->\n<title>Sterownik pompy C.O. i C.W.U. - Zamel<\/title>\n<meta name=\"robots\" content=\"index, follow, max-snippet:-1, max-image-preview:large, max-video-preview:-1\" \/>\n<link rel=\"canonical\" href=\"https:\/\/thermolife.pl\/de\/sterowanie-pompa\/sterownik-pompy-c-o-i-c-w-u\/\" \/>\n<meta property=\"og:locale\" content=\"de_DE\" \/>\n<meta property=\"og:type\" content=\"article\" \/>\n<meta property=\"og:title\" content=\"Sterownik pompy C.O. i C.W.U. - Zamel\" \/>\n<meta property=\"og:description\" content=\"Sterownik ZPC 2 jest przeznaczony do sterowania pompami CO oraz C.W.U. Pompa CO za\u0142\u0105cza si\u0119, gdy temperatura kot\u0142a przekroczy nastawion\u0105 przez u\u017cytkownika temperatur\u0105 za\u0142\u0105czenia pompy CO Pompa CWU dzia\u0142a na zasadzie r\u00f3\u017cnicy temperatur. Temperatury CO i CWU s\u0105 mierzone przez dwa niezale\u017cne czujniki.\" \/>\n<meta property=\"og:url\" content=\"https:\/\/thermolife.pl\/de\/sterowanie-pompa\/sterownik-pompy-c-o-i-c-w-u\/\" \/>\n<meta property=\"og:site_name\" content=\"Zamel\" \/>\n<meta property=\"article:modified_time\" content=\"2025-09-30T08:26:08+00:00\" \/>\n<meta property=\"og:image\" content=\"https:\/\/thermolife.pl\/wp-content\/uploads\/2025\/08\/ZPC-2-6-kopia.webp\" \/>\n\t<meta property=\"og:image:width\" content=\"1200\" \/>\n\t<meta property=\"og:image:height\" content=\"1200\" \/>\n\t<meta property=\"og:image:type\" content=\"image\/webp\" \/>\n<meta name=\"twitter:card\" content=\"summary_large_image\" \/>\n<meta name=\"twitter:label1\" content=\"Gesch\u00e4tzte Lesezeit\" \/>\n\t<meta name=\"twitter:data1\" content=\"1\u00a0Minute\" \/>\n<script type=\"application\/ld+json\" class=\"yoast-schema-graph\">{\"@context\":\"https:\\\/\\\/schema.org\",\"@graph\":[{\"@type\":\"WebPage\",\"@id\":\"https:\\\/\\\/thermolife.pl\\\/sterowanie-pompa\\\/sterownik-pompy-c-o-i-c-w-u\\\/\",\"url\":\"https:\\\/\\\/thermolife.pl\\\/sterowanie-pompa\\\/sterownik-pompy-c-o-i-c-w-u\\\/\",\"name\":\"Sterownik pompy C.O. i C.W.U. - Zamel\",\"isPartOf\":{\"@id\":\"https:\\\/\\\/thermolife.pl\\\/#website\"},\"primaryImageOfPage\":{\"@id\":\"https:\\\/\\\/thermolife.pl\\\/sterowanie-pompa\\\/sterownik-pompy-c-o-i-c-w-u\\\/#primaryimage\"},\"image\":{\"@id\":\"https:\\\/\\\/thermolife.pl\\\/sterowanie-pompa\\\/sterownik-pompy-c-o-i-c-w-u\\\/#primaryimage\"},\"thumbnailUrl\":\"https:\\\/\\\/thermolife.pl\\\/wp-content\\\/uploads\\\/2025\\\/08\\\/ZPC-2-6-kopia.webp\",\"datePublished\":\"2025-08-05T13:46:57+00:00\",\"dateModified\":\"2025-09-30T08:26:08+00:00\",\"breadcrumb\":{\"@id\":\"https:\\\/\\\/thermolife.pl\\\/sterowanie-pompa\\\/sterownik-pompy-c-o-i-c-w-u\\\/#breadcrumb\"},\"inLanguage\":\"de\",\"potentialAction\":[{\"@type\":\"ReadAction\",\"target\":[\"https:\\\/\\\/thermolife.pl\\\/sterowanie-pompa\\\/sterownik-pompy-c-o-i-c-w-u\\\/\"]}]},{\"@type\":\"ImageObject\",\"inLanguage\":\"de\",\"@id\":\"https:\\\/\\\/thermolife.pl\\\/sterowanie-pompa\\\/sterownik-pompy-c-o-i-c-w-u\\\/#primaryimage\",\"url\":\"https:\\\/\\\/thermolife.pl\\\/wp-content\\\/uploads\\\/2025\\\/08\\\/ZPC-2-6-kopia.webp\",\"contentUrl\":\"https:\\\/\\\/thermolife.pl\\\/wp-content\\\/uploads\\\/2025\\\/08\\\/ZPC-2-6-kopia.webp\",\"width\":1200,\"height\":1200},{\"@type\":\"BreadcrumbList\",\"@id\":\"https:\\\/\\\/thermolife.pl\\\/sterowanie-pompa\\\/sterownik-pompy-c-o-i-c-w-u\\\/#breadcrumb\",\"itemListElement\":[{\"@type\":\"ListItem\",\"position\":1,\"name\":\"Strona g\u0142\u00f3wna\",\"item\":\"https:\\\/\\\/thermolife.pl\\\/\"},{\"@type\":\"ListItem\",\"position\":2,\"name\":\"Produkty\",\"item\":\"https:\\\/\\\/thermolife.pl\\\/produkty\\\/\"},{\"@type\":\"ListItem\",\"position\":3,\"name\":\"Sterowanie pomp\u0105\",\"item\":\"https:\\\/\\\/thermolife.pl\\\/sterowanie-pompa\\\/\"},{\"@type\":\"ListItem\",\"position\":4,\"name\":\"Sterownik pompy C.O. i C.W.U.\"}]},{\"@type\":\"WebSite\",\"@id\":\"https:\\\/\\\/thermolife.pl\\\/#website\",\"url\":\"https:\\\/\\\/thermolife.pl\\\/\",\"name\":\"Zamel\",\"description\":\"Systemy sterowania ogrzewaniem\",\"publisher\":{\"@id\":\"https:\\\/\\\/thermolife.pl\\\/#organization\"},\"potentialAction\":[{\"@type\":\"SearchAction\",\"target\":{\"@type\":\"EntryPoint\",\"urlTemplate\":\"https:\\\/\\\/thermolife.pl\\\/?s={search_term_string}\"},\"query-input\":{\"@type\":\"PropertyValueSpecification\",\"valueRequired\":true,\"valueName\":\"search_term_string\"}}],\"inLanguage\":\"de\"},{\"@type\":\"Organization\",\"@id\":\"https:\\\/\\\/thermolife.pl\\\/#organization\",\"name\":\"Zamel\",\"url\":\"https:\\\/\\\/thermolife.pl\\\/\",\"logo\":{\"@type\":\"ImageObject\",\"inLanguage\":\"de\",\"@id\":\"https:\\\/\\\/thermolife.pl\\\/#\\\/schema\\\/logo\\\/image\\\/\",\"url\":\"https:\\\/\\\/thermolife.pl\\\/wp-content\\\/uploads\\\/2025\\\/07\\\/logo.svg\",\"contentUrl\":\"https:\\\/\\\/thermolife.pl\\\/wp-content\\\/uploads\\\/2025\\\/07\\\/logo.svg\",\"caption\":\"Zamel\"},\"image\":{\"@id\":\"https:\\\/\\\/thermolife.pl\\\/#\\\/schema\\\/logo\\\/image\\\/\"}}]}<\/script>\n<!-- \/ Yoast SEO plugin. -->","yoast_head_json":{"title":"Sterownik pompy C.O. i C.W.U. - Zamel","robots":{"index":"index","follow":"follow","max-snippet":"max-snippet:-1","max-image-preview":"max-image-preview:large","max-video-preview":"max-video-preview:-1"},"canonical":"https:\/\/thermolife.pl\/de\/sterowanie-pompa\/sterownik-pompy-c-o-i-c-w-u\/","og_locale":"de_DE","og_type":"article","og_title":"Sterownik pompy C.O. i C.W.U. - Zamel","og_description":"Sterownik ZPC 2 jest przeznaczony do sterowania pompami CO oraz C.W.U. Pompa CO za\u0142\u0105cza si\u0119, gdy temperatura kot\u0142a przekroczy nastawion\u0105 przez u\u017cytkownika temperatur\u0105 za\u0142\u0105czenia pompy CO Pompa CWU dzia\u0142a na zasadzie r\u00f3\u017cnicy temperatur. Temperatury CO i CWU s\u0105 mierzone przez dwa niezale\u017cne czujniki.","og_url":"https:\/\/thermolife.pl\/de\/sterowanie-pompa\/sterownik-pompy-c-o-i-c-w-u\/","og_site_name":"Zamel","article_modified_time":"2025-09-30T08:26:08+00:00","og_image":[{"width":1200,"height":1200,"url":"https:\/\/thermolife.pl\/wp-content\/uploads\/2025\/08\/ZPC-2-6-kopia.webp","type":"image\/webp"}],"twitter_card":"summary_large_image","twitter_misc":{"Gesch\u00e4tzte Lesezeit":"1\u00a0Minute"},"schema":{"@context":"https:\/\/schema.org","@graph":[{"@type":"WebPage","@id":"https:\/\/thermolife.pl\/sterowanie-pompa\/sterownik-pompy-c-o-i-c-w-u\/","url":"https:\/\/thermolife.pl\/sterowanie-pompa\/sterownik-pompy-c-o-i-c-w-u\/","name":"Sterownik pompy C.O. i C.W.U. - Zamel","isPartOf":{"@id":"https:\/\/thermolife.pl\/#website"},"primaryImageOfPage":{"@id":"https:\/\/thermolife.pl\/sterowanie-pompa\/sterownik-pompy-c-o-i-c-w-u\/#primaryimage"},"image":{"@id":"https:\/\/thermolife.pl\/sterowanie-pompa\/sterownik-pompy-c-o-i-c-w-u\/#primaryimage"},"thumbnailUrl":"https:\/\/thermolife.pl\/wp-content\/uploads\/2025\/08\/ZPC-2-6-kopia.webp","datePublished":"2025-08-05T13:46:57+00:00","dateModified":"2025-09-30T08:26:08+00:00","breadcrumb":{"@id":"https:\/\/thermolife.pl\/sterowanie-pompa\/sterownik-pompy-c-o-i-c-w-u\/#breadcrumb"},"inLanguage":"de","potentialAction":[{"@type":"ReadAction","target":["https:\/\/thermolife.pl\/sterowanie-pompa\/sterownik-pompy-c-o-i-c-w-u\/"]}]},{"@type":"ImageObject","inLanguage":"de","@id":"https:\/\/thermolife.pl\/sterowanie-pompa\/sterownik-pompy-c-o-i-c-w-u\/#primaryimage","url":"https:\/\/thermolife.pl\/wp-content\/uploads\/2025\/08\/ZPC-2-6-kopia.webp","contentUrl":"https:\/\/thermolife.pl\/wp-content\/uploads\/2025\/08\/ZPC-2-6-kopia.webp","width":1200,"height":1200},{"@type":"BreadcrumbList","@id":"https:\/\/thermolife.pl\/sterowanie-pompa\/sterownik-pompy-c-o-i-c-w-u\/#breadcrumb","itemListElement":[{"@type":"ListItem","position":1,"name":"Strona g\u0142\u00f3wna","item":"https:\/\/thermolife.pl\/"},{"@type":"ListItem","position":2,"name":"Produkty","item":"https:\/\/thermolife.pl\/produkty\/"},{"@type":"ListItem","position":3,"name":"Sterowanie pomp\u0105","item":"https:\/\/thermolife.pl\/sterowanie-pompa\/"},{"@type":"ListItem","position":4,"name":"Sterownik pompy C.O. i C.W.U."}]},{"@type":"WebSite","@id":"https:\/\/thermolife.pl\/#website","url":"https:\/\/thermolife.pl\/","name":"Zamel","description":"Systemy sterowania ogrzewaniem","publisher":{"@id":"https:\/\/thermolife.pl\/#organization"},"potentialAction":[{"@type":"SearchAction","target":{"@type":"EntryPoint","urlTemplate":"https:\/\/thermolife.pl\/?s={search_term_string}"},"query-input":{"@type":"PropertyValueSpecification","valueRequired":true,"valueName":"search_term_string"}}],"inLanguage":"de"},{"@type":"Organization","@id":"https:\/\/thermolife.pl\/#organization","name":"Zamel","url":"https:\/\/thermolife.pl\/","logo":{"@type":"ImageObject","inLanguage":"de","@id":"https:\/\/thermolife.pl\/#\/schema\/logo\/image\/","url":"https:\/\/thermolife.pl\/wp-content\/uploads\/2025\/07\/logo.svg","contentUrl":"https:\/\/thermolife.pl\/wp-content\/uploads\/2025\/07\/logo.svg","caption":"Zamel"},"image":{"@id":"https:\/\/thermolife.pl\/#\/schema\/logo\/image\/"}}]}},"taxonomy_info":{"product_cat":[{"value":22,"label":"Sterowanie pomp\u0105"}]},"featured_image_src_large":["https:\/\/thermolife.pl\/wp-content\/uploads\/2025\/08\/ZPC-2-6-kopia-1024x1024.webp",1024,1024,true],"author_info":[],"comment_info":0,"_links":{"self":[{"href":"https:\/\/thermolife.pl\/de\/wp-json\/wp\/v2\/product\/1051","targetHints":{"allow":["GET"]}}],"collection":[{"href":"https:\/\/thermolife.pl\/de\/wp-json\/wp\/v2\/product"}],"about":[{"href":"https:\/\/thermolife.pl\/de\/wp-json\/wp\/v2\/types\/product"}],"replies":[{"embeddable":true,"href":"https:\/\/thermolife.pl\/de\/wp-json\/wp\/v2\/comments?post=1051"}],"wp:featuredmedia":[{"embeddable":true,"href":"https:\/\/thermolife.pl\/de\/wp-json\/wp\/v2\/media\/1651"}],"wp:attachment":[{"href":"https:\/\/thermolife.pl\/de\/wp-json\/wp\/v2\/media?parent=1051"}],"wp:term":[{"taxonomy":"product_brand","embeddable":true,"href":"https:\/\/thermolife.pl\/de\/wp-json\/wp\/v2\/product_brand?post=1051"},{"taxonomy":"product_cat","embeddable":true,"href":"https:\/\/thermolife.pl\/de\/wp-json\/wp\/v2\/product_cat?post=1051"},{"taxonomy":"product_tag","embeddable":true,"href":"https:\/\/thermolife.pl\/de\/wp-json\/wp\/v2\/product_tag?post=1051"}],"curies":[{"name":"wp","href":"https:\/\/api.w.org\/{rel}","templated":true}]}}