{"id":1046,"date":"2025-08-05T15:46:57","date_gmt":"2025-08-05T13:46:57","guid":{"rendered":"https:\/\/thermolife.pl\/bez-kategorii\/czujnik-temperatury-i-wilgotnosci-wi-fi\/"},"modified":"2025-08-26T09:40:32","modified_gmt":"2025-08-26T07:40:32","slug":"czujnik-temperatury-i-wilgotnosci-wi-fi","status":"publish","type":"product","link":"https:\/\/thermolife.pl\/de\/inteligentny-dom\/ogrzewanie\/system-wi-fi-supla\/czujnik-temperatury-i-wilgotnosci-wi-fi\/","title":{"rendered":"Czujnik temperatury i wilgotno\u015bci Wi-Fi"},"content":{"rendered":"<p>Nowoczesny, \u0142atwy w monta\u017cu i obs\u0142udze czujnik temperatury i wilgotno\u015bci. THW-01 to niewielkich rozmiar\u00f3w urz\u0105dzenie, pozwalaj\u0105ce na instalacje w niemal dowolnym miejscu, do odczytu temperatury i wilgotno\u015bci. Wystarczy zasi\u0119g sieci Wi-Fi i zasilanie dostarczone przewodem micro USB aby m\u00f3c doda\u0107 THW-01 do swojego konta Supla i analizowa\u0107 pomiary na ekranie telefonu.<\/p>","protected":false},"excerpt":{"rendered":"<p>Nowoczesny, \u0142atwy w monta\u017cu i obs\u0142udze czujnik temperatury i wilgotno\u015bci. THW-01 to niewielkich rozmiar\u00f3w urz\u0105dzenie, pozwalaj\u0105ce na instalacje w niemal dowolnym miejscu, do odczytu temperatury i wilgotno\u015bci. Wystarczy zasi\u0119g sieci Wi-Fi i zasilanie dostarczone przewodem micro USB aby m\u00f3c doda\u0107 THW-01 do swojego konta Supla i analizowa\u0107 pomiary na ekranie telefonu.<\/p>","protected":false},"featured_media":1638,"comment_status":"closed","ping_status":"closed","template":"","meta":{"_acf_changed":false,"_kad_blocks_custom_css":"","_kad_blocks_head_custom_js":"","_kad_blocks_body_custom_js":"","_kad_blocks_footer_custom_js":"","_kad_post_transparent":"default","_kad_post_title":"","_kad_post_layout":"default","_kad_post_sidebar_id":"","_kad_post_content_style":"default","_kad_post_vertical_padding":"default","_kad_post_feature":"","_kad_post_feature_position":"","_kad_post_header":false,"_kad_post_footer":false},"product_brand":[],"product_cat":[38,32,18,19,172,175],"product_tag":[],"class_list":{"0":"post-1046","1":"product","2":"type-product","3":"status-publish","4":"has-post-thumbnail","6":"product_cat-internetowe","7":"product_cat-ogrzewanie","8":"product_cat-inteligentny-dom","9":"product_cat-ogrzewanie-podlogowe","10":"product_cat-system-wi-fi-supla","11":"product_cat-system-wi-fi-supla-internetowe","13":"first","14":"instock","15":"product-type-simple","16":"entry","17":"content-bg","18":"loop-entry"},"acf":[],"yoast_head":"<!-- This site is optimized with the Yoast SEO plugin v27.5 - https:\/\/yoast.com\/product\/yoast-seo-wordpress\/ -->\n<title>Czujnik temperatury i wilgotno\u015bci Wi-Fi - Zamel<\/title>\n<meta name=\"robots\" content=\"index, follow, max-snippet:-1, max-image-preview:large, max-video-preview:-1\" \/>\n<link rel=\"canonical\" href=\"https:\/\/thermolife.pl\/de\/inteligentny-dom\/ogrzewanie\/system-wi-fi-supla\/czujnik-temperatury-i-wilgotnosci-wi-fi\/\" \/>\n<meta property=\"og:locale\" content=\"de_DE\" \/>\n<meta property=\"og:type\" content=\"article\" \/>\n<meta property=\"og:title\" content=\"Czujnik temperatury i wilgotno\u015bci Wi-Fi - Zamel\" \/>\n<meta property=\"og:description\" content=\"Nowoczesny, \u0142atwy w monta\u017cu i obs\u0142udze czujnik temperatury i wilgotno\u015bci. THW-01 to niewielkich rozmiar\u00f3w urz\u0105dzenie, pozwalaj\u0105ce na instalacje w niemal dowolnym miejscu, do odczytu temperatury i wilgotno\u015bci. Wystarczy zasi\u0119g sieci Wi-Fi i zasilanie dostarczone przewodem micro USB aby m\u00f3c doda\u0107 THW-01 do swojego konta Supla i analizowa\u0107 pomiary na ekranie telefonu.\" \/>\n<meta property=\"og:url\" content=\"https:\/\/thermolife.pl\/de\/inteligentny-dom\/ogrzewanie\/system-wi-fi-supla\/czujnik-temperatury-i-wilgotnosci-wi-fi\/\" \/>\n<meta property=\"og:site_name\" content=\"Zamel\" \/>\n<meta property=\"article:modified_time\" content=\"2025-08-26T07:40:32+00:00\" \/>\n<meta property=\"og:image\" content=\"https:\/\/thermolife.pl\/wp-content\/uploads\/2025\/08\/THW-01_4.webp\" \/>\n\t<meta property=\"og:image:width\" content=\"750\" \/>\n\t<meta property=\"og:image:height\" content=\"750\" \/>\n\t<meta property=\"og:image:type\" content=\"image\/webp\" \/>\n<meta name=\"twitter:card\" content=\"summary_large_image\" \/>\n<meta name=\"twitter:label1\" content=\"Gesch\u00e4tzte Lesezeit\" \/>\n\t<meta name=\"twitter:data1\" content=\"1\u00a0Minute\" \/>\n<script type=\"application\/ld+json\" class=\"yoast-schema-graph\">{\"@context\":\"https:\\\/\\\/schema.org\",\"@graph\":[{\"@type\":\"WebPage\",\"@id\":\"https:\\\/\\\/thermolife.pl\\\/inteligentny-dom\\\/ogrzewanie\\\/system-wi-fi-supla\\\/czujnik-temperatury-i-wilgotnosci-wi-fi\\\/\",\"url\":\"https:\\\/\\\/thermolife.pl\\\/inteligentny-dom\\\/ogrzewanie\\\/system-wi-fi-supla\\\/czujnik-temperatury-i-wilgotnosci-wi-fi\\\/\",\"name\":\"Czujnik temperatury i wilgotno\u015bci Wi-Fi - Zamel\",\"isPartOf\":{\"@id\":\"https:\\\/\\\/thermolife.pl\\\/#website\"},\"primaryImageOfPage\":{\"@id\":\"https:\\\/\\\/thermolife.pl\\\/inteligentny-dom\\\/ogrzewanie\\\/system-wi-fi-supla\\\/czujnik-temperatury-i-wilgotnosci-wi-fi\\\/#primaryimage\"},\"image\":{\"@id\":\"https:\\\/\\\/thermolife.pl\\\/inteligentny-dom\\\/ogrzewanie\\\/system-wi-fi-supla\\\/czujnik-temperatury-i-wilgotnosci-wi-fi\\\/#primaryimage\"},\"thumbnailUrl\":\"https:\\\/\\\/thermolife.pl\\\/wp-content\\\/uploads\\\/2025\\\/08\\\/THW-01_4.webp\",\"datePublished\":\"2025-08-05T13:46:57+00:00\",\"dateModified\":\"2025-08-26T07:40:32+00:00\",\"breadcrumb\":{\"@id\":\"https:\\\/\\\/thermolife.pl\\\/inteligentny-dom\\\/ogrzewanie\\\/system-wi-fi-supla\\\/czujnik-temperatury-i-wilgotnosci-wi-fi\\\/#breadcrumb\"},\"inLanguage\":\"de\",\"potentialAction\":[{\"@type\":\"ReadAction\",\"target\":[\"https:\\\/\\\/thermolife.pl\\\/inteligentny-dom\\\/ogrzewanie\\\/system-wi-fi-supla\\\/czujnik-temperatury-i-wilgotnosci-wi-fi\\\/\"]}]},{\"@type\":\"ImageObject\",\"inLanguage\":\"de\",\"@id\":\"https:\\\/\\\/thermolife.pl\\\/inteligentny-dom\\\/ogrzewanie\\\/system-wi-fi-supla\\\/czujnik-temperatury-i-wilgotnosci-wi-fi\\\/#primaryimage\",\"url\":\"https:\\\/\\\/thermolife.pl\\\/wp-content\\\/uploads\\\/2025\\\/08\\\/THW-01_4.webp\",\"contentUrl\":\"https:\\\/\\\/thermolife.pl\\\/wp-content\\\/uploads\\\/2025\\\/08\\\/THW-01_4.webp\",\"width\":750,\"height\":750},{\"@type\":\"BreadcrumbList\",\"@id\":\"https:\\\/\\\/thermolife.pl\\\/inteligentny-dom\\\/ogrzewanie\\\/system-wi-fi-supla\\\/czujnik-temperatury-i-wilgotnosci-wi-fi\\\/#breadcrumb\",\"itemListElement\":[{\"@type\":\"ListItem\",\"position\":1,\"name\":\"Strona g\u0142\u00f3wna\",\"item\":\"https:\\\/\\\/thermolife.pl\\\/\"},{\"@type\":\"ListItem\",\"position\":2,\"name\":\"Produkty\",\"item\":\"https:\\\/\\\/thermolife.pl\\\/produkty\\\/\"},{\"@type\":\"ListItem\",\"position\":3,\"name\":\"Sterowanie inteligentnym domem\",\"item\":\"https:\\\/\\\/thermolife.pl\\\/inteligentny-dom\\\/\"},{\"@type\":\"ListItem\",\"position\":4,\"name\":\"Ogrzewanie\",\"item\":\"https:\\\/\\\/thermolife.pl\\\/inteligentny-dom\\\/ogrzewanie\\\/\"},{\"@type\":\"ListItem\",\"position\":5,\"name\":\"System WI-FI - SUPLA\",\"item\":\"https:\\\/\\\/thermolife.pl\\\/inteligentny-dom\\\/ogrzewanie\\\/system-wi-fi-supla\\\/\"},{\"@type\":\"ListItem\",\"position\":6,\"name\":\"Czujnik temperatury i wilgotno\u015bci Wi-Fi\"}]},{\"@type\":\"WebSite\",\"@id\":\"https:\\\/\\\/thermolife.pl\\\/#website\",\"url\":\"https:\\\/\\\/thermolife.pl\\\/\",\"name\":\"Zamel\",\"description\":\"Systemy sterowania ogrzewaniem\",\"publisher\":{\"@id\":\"https:\\\/\\\/thermolife.pl\\\/#organization\"},\"potentialAction\":[{\"@type\":\"SearchAction\",\"target\":{\"@type\":\"EntryPoint\",\"urlTemplate\":\"https:\\\/\\\/thermolife.pl\\\/?s={search_term_string}\"},\"query-input\":{\"@type\":\"PropertyValueSpecification\",\"valueRequired\":true,\"valueName\":\"search_term_string\"}}],\"inLanguage\":\"de\"},{\"@type\":\"Organization\",\"@id\":\"https:\\\/\\\/thermolife.pl\\\/#organization\",\"name\":\"Zamel\",\"url\":\"https:\\\/\\\/thermolife.pl\\\/\",\"logo\":{\"@type\":\"ImageObject\",\"inLanguage\":\"de\",\"@id\":\"https:\\\/\\\/thermolife.pl\\\/#\\\/schema\\\/logo\\\/image\\\/\",\"url\":\"https:\\\/\\\/thermolife.pl\\\/wp-content\\\/uploads\\\/2025\\\/07\\\/logo.svg\",\"contentUrl\":\"https:\\\/\\\/thermolife.pl\\\/wp-content\\\/uploads\\\/2025\\\/07\\\/logo.svg\",\"caption\":\"Zamel\"},\"image\":{\"@id\":\"https:\\\/\\\/thermolife.pl\\\/#\\\/schema\\\/logo\\\/image\\\/\"}}]}<\/script>\n<!-- \/ Yoast SEO plugin. -->","yoast_head_json":{"title":"Czujnik temperatury i wilgotno\u015bci Wi-Fi - Zamel","robots":{"index":"index","follow":"follow","max-snippet":"max-snippet:-1","max-image-preview":"max-image-preview:large","max-video-preview":"max-video-preview:-1"},"canonical":"https:\/\/thermolife.pl\/de\/inteligentny-dom\/ogrzewanie\/system-wi-fi-supla\/czujnik-temperatury-i-wilgotnosci-wi-fi\/","og_locale":"de_DE","og_type":"article","og_title":"Czujnik temperatury i wilgotno\u015bci Wi-Fi - Zamel","og_description":"Nowoczesny, \u0142atwy w monta\u017cu i obs\u0142udze czujnik temperatury i wilgotno\u015bci. THW-01 to niewielkich rozmiar\u00f3w urz\u0105dzenie, pozwalaj\u0105ce na instalacje w niemal dowolnym miejscu, do odczytu temperatury i wilgotno\u015bci. Wystarczy zasi\u0119g sieci Wi-Fi i zasilanie dostarczone przewodem micro USB aby m\u00f3c doda\u0107 THW-01 do swojego konta Supla i analizowa\u0107 pomiary na ekranie telefonu.","og_url":"https:\/\/thermolife.pl\/de\/inteligentny-dom\/ogrzewanie\/system-wi-fi-supla\/czujnik-temperatury-i-wilgotnosci-wi-fi\/","og_site_name":"Zamel","article_modified_time":"2025-08-26T07:40:32+00:00","og_image":[{"width":750,"height":750,"url":"https:\/\/thermolife.pl\/wp-content\/uploads\/2025\/08\/THW-01_4.webp","type":"image\/webp"}],"twitter_card":"summary_large_image","twitter_misc":{"Gesch\u00e4tzte Lesezeit":"1\u00a0Minute"},"schema":{"@context":"https:\/\/schema.org","@graph":[{"@type":"WebPage","@id":"https:\/\/thermolife.pl\/inteligentny-dom\/ogrzewanie\/system-wi-fi-supla\/czujnik-temperatury-i-wilgotnosci-wi-fi\/","url":"https:\/\/thermolife.pl\/inteligentny-dom\/ogrzewanie\/system-wi-fi-supla\/czujnik-temperatury-i-wilgotnosci-wi-fi\/","name":"Czujnik temperatury i wilgotno\u015bci Wi-Fi - Zamel","isPartOf":{"@id":"https:\/\/thermolife.pl\/#website"},"primaryImageOfPage":{"@id":"https:\/\/thermolife.pl\/inteligentny-dom\/ogrzewanie\/system-wi-fi-supla\/czujnik-temperatury-i-wilgotnosci-wi-fi\/#primaryimage"},"image":{"@id":"https:\/\/thermolife.pl\/inteligentny-dom\/ogrzewanie\/system-wi-fi-supla\/czujnik-temperatury-i-wilgotnosci-wi-fi\/#primaryimage"},"thumbnailUrl":"https:\/\/thermolife.pl\/wp-content\/uploads\/2025\/08\/THW-01_4.webp","datePublished":"2025-08-05T13:46:57+00:00","dateModified":"2025-08-26T07:40:32+00:00","breadcrumb":{"@id":"https:\/\/thermolife.pl\/inteligentny-dom\/ogrzewanie\/system-wi-fi-supla\/czujnik-temperatury-i-wilgotnosci-wi-fi\/#breadcrumb"},"inLanguage":"de","potentialAction":[{"@type":"ReadAction","target":["https:\/\/thermolife.pl\/inteligentny-dom\/ogrzewanie\/system-wi-fi-supla\/czujnik-temperatury-i-wilgotnosci-wi-fi\/"]}]},{"@type":"ImageObject","inLanguage":"de","@id":"https:\/\/thermolife.pl\/inteligentny-dom\/ogrzewanie\/system-wi-fi-supla\/czujnik-temperatury-i-wilgotnosci-wi-fi\/#primaryimage","url":"https:\/\/thermolife.pl\/wp-content\/uploads\/2025\/08\/THW-01_4.webp","contentUrl":"https:\/\/thermolife.pl\/wp-content\/uploads\/2025\/08\/THW-01_4.webp","width":750,"height":750},{"@type":"BreadcrumbList","@id":"https:\/\/thermolife.pl\/inteligentny-dom\/ogrzewanie\/system-wi-fi-supla\/czujnik-temperatury-i-wilgotnosci-wi-fi\/#breadcrumb","itemListElement":[{"@type":"ListItem","position":1,"name":"Strona g\u0142\u00f3wna","item":"https:\/\/thermolife.pl\/"},{"@type":"ListItem","position":2,"name":"Produkty","item":"https:\/\/thermolife.pl\/produkty\/"},{"@type":"ListItem","position":3,"name":"Sterowanie inteligentnym domem","item":"https:\/\/thermolife.pl\/inteligentny-dom\/"},{"@type":"ListItem","position":4,"name":"Ogrzewanie","item":"https:\/\/thermolife.pl\/inteligentny-dom\/ogrzewanie\/"},{"@type":"ListItem","position":5,"name":"System WI-FI - SUPLA","item":"https:\/\/thermolife.pl\/inteligentny-dom\/ogrzewanie\/system-wi-fi-supla\/"},{"@type":"ListItem","position":6,"name":"Czujnik temperatury i wilgotno\u015bci Wi-Fi"}]},{"@type":"WebSite","@id":"https:\/\/thermolife.pl\/#website","url":"https:\/\/thermolife.pl\/","name":"Zamel","description":"Systemy sterowania ogrzewaniem","publisher":{"@id":"https:\/\/thermolife.pl\/#organization"},"potentialAction":[{"@type":"SearchAction","target":{"@type":"EntryPoint","urlTemplate":"https:\/\/thermolife.pl\/?s={search_term_string}"},"query-input":{"@type":"PropertyValueSpecification","valueRequired":true,"valueName":"search_term_string"}}],"inLanguage":"de"},{"@type":"Organization","@id":"https:\/\/thermolife.pl\/#organization","name":"Zamel","url":"https:\/\/thermolife.pl\/","logo":{"@type":"ImageObject","inLanguage":"de","@id":"https:\/\/thermolife.pl\/#\/schema\/logo\/image\/","url":"https:\/\/thermolife.pl\/wp-content\/uploads\/2025\/07\/logo.svg","contentUrl":"https:\/\/thermolife.pl\/wp-content\/uploads\/2025\/07\/logo.svg","caption":"Zamel"},"image":{"@id":"https:\/\/thermolife.pl\/#\/schema\/logo\/image\/"}}]}},"taxonomy_info":{"product_cat":[{"value":38,"label":"Internetowe"},{"value":32,"label":"Ogrzewanie"},{"value":18,"label":"Sterowanie inteligentnym domem"},{"value":19,"label":"Sterowanie ogrzewaniem pod\u0142ogowym"},{"value":172,"label":"System WI-FI - SUPLA"},{"value":175,"label":"System WI-FI - SUPLA"}]},"featured_image_src_large":["https:\/\/thermolife.pl\/wp-content\/uploads\/2025\/08\/THW-01_4.webp",750,750,false],"author_info":[],"comment_info":0,"_links":{"self":[{"href":"https:\/\/thermolife.pl\/de\/wp-json\/wp\/v2\/product\/1046","targetHints":{"allow":["GET"]}}],"collection":[{"href":"https:\/\/thermolife.pl\/de\/wp-json\/wp\/v2\/product"}],"about":[{"href":"https:\/\/thermolife.pl\/de\/wp-json\/wp\/v2\/types\/product"}],"replies":[{"embeddable":true,"href":"https:\/\/thermolife.pl\/de\/wp-json\/wp\/v2\/comments?post=1046"}],"wp:featuredmedia":[{"embeddable":true,"href":"https:\/\/thermolife.pl\/de\/wp-json\/wp\/v2\/media\/1638"}],"wp:attachment":[{"href":"https:\/\/thermolife.pl\/de\/wp-json\/wp\/v2\/media?parent=1046"}],"wp:term":[{"taxonomy":"product_brand","embeddable":true,"href":"https:\/\/thermolife.pl\/de\/wp-json\/wp\/v2\/product_brand?post=1046"},{"taxonomy":"product_cat","embeddable":true,"href":"https:\/\/thermolife.pl\/de\/wp-json\/wp\/v2\/product_cat?post=1046"},{"taxonomy":"product_tag","embeddable":true,"href":"https:\/\/thermolife.pl\/de\/wp-json\/wp\/v2\/product_tag?post=1046"}],"curies":[{"name":"wp","href":"https:\/\/api.w.org\/{rel}","templated":true}]}}