{"id":1011,"date":"2025-08-05T15:46:42","date_gmt":"2025-08-05T13:46:42","guid":{"rendered":"https:\/\/thermolife.pl\/bez-kategorii\/radiowy-czujnik-zalania\/"},"modified":"2025-08-22T10:13:48","modified_gmt":"2025-08-22T08:13:48","slug":"radiowy-czujnik-zalania","status":"publish","type":"product","link":"https:\/\/thermolife.pl\/de\/inteligentny-dom\/czujniki-bezpieczenstwa\/radiowy-czujnik-zalania\/","title":{"rendered":"Radiowy czujnik zalania"},"content":{"rendered":"<p>Czujnik RCZ-21 umo\u017cliwia detekcj\u0119 cieczy przewodz\u0105cych w pomieszczeniach domowych i biurach. Informacja o stanie czujnika (zalanie \/ brak zalania) jest przesy\u0142ana do kontrolera EFC-01 i wy\u015bwietlana w aplikacji mobilnej. Czujnik mo\u017ce wsp\u00f3\u0142pracowa\u0107 bezpo\u015brednio z wybranymi odbiornikami Exta Life lub po\u015brednio poprzez modu\u0142 funkcji logicznych w kontrolerze EFC-01. Umo\u017cliwia to automatyzacj\u0119 proces\u00f3w sterowania r\u00f3\u017cnymi urz\u0105dzeniami w instalacjach domowych w tym g\u0142\u00f3wnie pomp oraz elektrozawor\u00f3w.<\/p>","protected":false},"excerpt":{"rendered":"<p>Czujnik RCZ-21 umo\u017cliwia detekcj\u0119 cieczy przewodz\u0105cych w pomieszczeniach domowych i biurach. Informacja o stanie czujnika (zalanie \/ brak zalania) jest przesy\u0142ana do kontrolera EFC-01 i wy\u015bwietlana w aplikacji mobilnej. Czujnik mo\u017ce wsp\u00f3\u0142pracowa\u0107 bezpo\u015brednio z wybranymi odbiornikami Exta Life lub po\u015brednio poprzez modu\u0142 funkcji logicznych w kontrolerze EFC-01. Umo\u017cliwia to automatyzacj\u0119 proces\u00f3w sterowania r\u00f3\u017cnymi urz\u0105dzeniami w&#8230;<\/p>","protected":false},"featured_media":1537,"comment_status":"closed","ping_status":"closed","template":"","meta":{"_acf_changed":false,"_kad_blocks_custom_css":"","_kad_blocks_head_custom_js":"","_kad_blocks_body_custom_js":"","_kad_blocks_footer_custom_js":"","_kad_post_transparent":"default","_kad_post_title":"","_kad_post_layout":"default","_kad_post_sidebar_id":"","_kad_post_content_style":"default","_kad_post_vertical_padding":"default","_kad_post_feature":"","_kad_post_feature_position":"","_kad_post_header":false,"_kad_post_footer":false},"product_brand":[],"product_cat":[35,18],"product_tag":[],"class_list":{"0":"post-1011","1":"product","2":"type-product","3":"status-publish","4":"has-post-thumbnail","6":"product_cat-czujniki-bezpieczenstwa","7":"product_cat-inteligentny-dom","9":"first","10":"instock","11":"product-type-simple","12":"entry","13":"content-bg","14":"loop-entry"},"acf":[],"yoast_head":"<!-- This site is optimized with the Yoast SEO plugin v27.5 - https:\/\/yoast.com\/product\/yoast-seo-wordpress\/ -->\n<title>Radiowy czujnik zalania - Zamel<\/title>\n<meta name=\"robots\" content=\"index, follow, max-snippet:-1, max-image-preview:large, max-video-preview:-1\" \/>\n<link rel=\"canonical\" href=\"https:\/\/thermolife.pl\/de\/inteligentny-dom\/czujniki-bezpieczenstwa\/radiowy-czujnik-zalania\/\" \/>\n<meta property=\"og:locale\" content=\"de_DE\" \/>\n<meta property=\"og:type\" content=\"article\" \/>\n<meta property=\"og:title\" content=\"Radiowy czujnik zalania - Zamel\" \/>\n<meta property=\"og:description\" content=\"Czujnik RCZ-21 umo\u017cliwia detekcj\u0119 cieczy przewodz\u0105cych w pomieszczeniach domowych i biurach. Informacja o stanie czujnika (zalanie \/ brak zalania) jest przesy\u0142ana do kontrolera EFC-01 i wy\u015bwietlana w aplikacji mobilnej. Czujnik mo\u017ce wsp\u00f3\u0142pracowa\u0107 bezpo\u015brednio z wybranymi odbiornikami Exta Life lub po\u015brednio poprzez modu\u0142 funkcji logicznych w kontrolerze EFC-01. Umo\u017cliwia to automatyzacj\u0119 proces\u00f3w sterowania r\u00f3\u017cnymi urz\u0105dzeniami w...\" \/>\n<meta property=\"og:url\" content=\"https:\/\/thermolife.pl\/de\/inteligentny-dom\/czujniki-bezpieczenstwa\/radiowy-czujnik-zalania\/\" \/>\n<meta property=\"og:site_name\" content=\"Zamel\" \/>\n<meta property=\"article:modified_time\" content=\"2025-08-22T08:13:48+00:00\" \/>\n<meta property=\"og:image\" content=\"https:\/\/thermolife.pl\/wp-content\/uploads\/2025\/08\/Zamel-Czujnik-Zalania_4.png\" \/>\n\t<meta property=\"og:image:width\" content=\"2500\" \/>\n\t<meta property=\"og:image:height\" content=\"2500\" \/>\n\t<meta property=\"og:image:type\" content=\"image\/png\" \/>\n<meta name=\"twitter:card\" content=\"summary_large_image\" \/>\n<meta name=\"twitter:label1\" content=\"Gesch\u00e4tzte Lesezeit\" \/>\n\t<meta name=\"twitter:data1\" content=\"1\u00a0Minute\" \/>\n<script type=\"application\/ld+json\" class=\"yoast-schema-graph\">{\"@context\":\"https:\\\/\\\/schema.org\",\"@graph\":[{\"@type\":\"WebPage\",\"@id\":\"https:\\\/\\\/thermolife.pl\\\/inteligentny-dom\\\/czujniki-bezpieczenstwa\\\/radiowy-czujnik-zalania\\\/\",\"url\":\"https:\\\/\\\/thermolife.pl\\\/inteligentny-dom\\\/czujniki-bezpieczenstwa\\\/radiowy-czujnik-zalania\\\/\",\"name\":\"Radiowy czujnik zalania - Zamel\",\"isPartOf\":{\"@id\":\"https:\\\/\\\/thermolife.pl\\\/#website\"},\"primaryImageOfPage\":{\"@id\":\"https:\\\/\\\/thermolife.pl\\\/inteligentny-dom\\\/czujniki-bezpieczenstwa\\\/radiowy-czujnik-zalania\\\/#primaryimage\"},\"image\":{\"@id\":\"https:\\\/\\\/thermolife.pl\\\/inteligentny-dom\\\/czujniki-bezpieczenstwa\\\/radiowy-czujnik-zalania\\\/#primaryimage\"},\"thumbnailUrl\":\"https:\\\/\\\/thermolife.pl\\\/wp-content\\\/uploads\\\/2025\\\/08\\\/Zamel-Czujnik-Zalania_4.png\",\"datePublished\":\"2025-08-05T13:46:42+00:00\",\"dateModified\":\"2025-08-22T08:13:48+00:00\",\"breadcrumb\":{\"@id\":\"https:\\\/\\\/thermolife.pl\\\/inteligentny-dom\\\/czujniki-bezpieczenstwa\\\/radiowy-czujnik-zalania\\\/#breadcrumb\"},\"inLanguage\":\"de\",\"potentialAction\":[{\"@type\":\"ReadAction\",\"target\":[\"https:\\\/\\\/thermolife.pl\\\/inteligentny-dom\\\/czujniki-bezpieczenstwa\\\/radiowy-czujnik-zalania\\\/\"]}]},{\"@type\":\"ImageObject\",\"inLanguage\":\"de\",\"@id\":\"https:\\\/\\\/thermolife.pl\\\/inteligentny-dom\\\/czujniki-bezpieczenstwa\\\/radiowy-czujnik-zalania\\\/#primaryimage\",\"url\":\"https:\\\/\\\/thermolife.pl\\\/wp-content\\\/uploads\\\/2025\\\/08\\\/Zamel-Czujnik-Zalania_4.png\",\"contentUrl\":\"https:\\\/\\\/thermolife.pl\\\/wp-content\\\/uploads\\\/2025\\\/08\\\/Zamel-Czujnik-Zalania_4.png\",\"width\":2500,\"height\":2500},{\"@type\":\"BreadcrumbList\",\"@id\":\"https:\\\/\\\/thermolife.pl\\\/inteligentny-dom\\\/czujniki-bezpieczenstwa\\\/radiowy-czujnik-zalania\\\/#breadcrumb\",\"itemListElement\":[{\"@type\":\"ListItem\",\"position\":1,\"name\":\"Strona g\u0142\u00f3wna\",\"item\":\"https:\\\/\\\/thermolife.pl\\\/\"},{\"@type\":\"ListItem\",\"position\":2,\"name\":\"Produkty\",\"item\":\"https:\\\/\\\/thermolife.pl\\\/produkty\\\/\"},{\"@type\":\"ListItem\",\"position\":3,\"name\":\"Sterowanie inteligentnym domem\",\"item\":\"https:\\\/\\\/thermolife.pl\\\/inteligentny-dom\\\/\"},{\"@type\":\"ListItem\",\"position\":4,\"name\":\"Czujniki bezpiecze\u0144stwa\",\"item\":\"https:\\\/\\\/thermolife.pl\\\/inteligentny-dom\\\/czujniki-bezpieczenstwa\\\/\"},{\"@type\":\"ListItem\",\"position\":5,\"name\":\"Radiowy czujnik zalania\"}]},{\"@type\":\"WebSite\",\"@id\":\"https:\\\/\\\/thermolife.pl\\\/#website\",\"url\":\"https:\\\/\\\/thermolife.pl\\\/\",\"name\":\"Zamel\",\"description\":\"Systemy sterowania ogrzewaniem\",\"publisher\":{\"@id\":\"https:\\\/\\\/thermolife.pl\\\/#organization\"},\"potentialAction\":[{\"@type\":\"SearchAction\",\"target\":{\"@type\":\"EntryPoint\",\"urlTemplate\":\"https:\\\/\\\/thermolife.pl\\\/?s={search_term_string}\"},\"query-input\":{\"@type\":\"PropertyValueSpecification\",\"valueRequired\":true,\"valueName\":\"search_term_string\"}}],\"inLanguage\":\"de\"},{\"@type\":\"Organization\",\"@id\":\"https:\\\/\\\/thermolife.pl\\\/#organization\",\"name\":\"Zamel\",\"url\":\"https:\\\/\\\/thermolife.pl\\\/\",\"logo\":{\"@type\":\"ImageObject\",\"inLanguage\":\"de\",\"@id\":\"https:\\\/\\\/thermolife.pl\\\/#\\\/schema\\\/logo\\\/image\\\/\",\"url\":\"https:\\\/\\\/thermolife.pl\\\/wp-content\\\/uploads\\\/2025\\\/07\\\/logo.svg\",\"contentUrl\":\"https:\\\/\\\/thermolife.pl\\\/wp-content\\\/uploads\\\/2025\\\/07\\\/logo.svg\",\"caption\":\"Zamel\"},\"image\":{\"@id\":\"https:\\\/\\\/thermolife.pl\\\/#\\\/schema\\\/logo\\\/image\\\/\"}}]}<\/script>\n<!-- \/ Yoast SEO plugin. -->","yoast_head_json":{"title":"Radiowy czujnik zalania - Zamel","robots":{"index":"index","follow":"follow","max-snippet":"max-snippet:-1","max-image-preview":"max-image-preview:large","max-video-preview":"max-video-preview:-1"},"canonical":"https:\/\/thermolife.pl\/de\/inteligentny-dom\/czujniki-bezpieczenstwa\/radiowy-czujnik-zalania\/","og_locale":"de_DE","og_type":"article","og_title":"Radiowy czujnik zalania - Zamel","og_description":"Czujnik RCZ-21 umo\u017cliwia detekcj\u0119 cieczy przewodz\u0105cych w pomieszczeniach domowych i biurach. Informacja o stanie czujnika (zalanie \/ brak zalania) jest przesy\u0142ana do kontrolera EFC-01 i wy\u015bwietlana w aplikacji mobilnej. Czujnik mo\u017ce wsp\u00f3\u0142pracowa\u0107 bezpo\u015brednio z wybranymi odbiornikami Exta Life lub po\u015brednio poprzez modu\u0142 funkcji logicznych w kontrolerze EFC-01. Umo\u017cliwia to automatyzacj\u0119 proces\u00f3w sterowania r\u00f3\u017cnymi urz\u0105dzeniami w...","og_url":"https:\/\/thermolife.pl\/de\/inteligentny-dom\/czujniki-bezpieczenstwa\/radiowy-czujnik-zalania\/","og_site_name":"Zamel","article_modified_time":"2025-08-22T08:13:48+00:00","og_image":[{"width":2500,"height":2500,"url":"https:\/\/thermolife.pl\/wp-content\/uploads\/2025\/08\/Zamel-Czujnik-Zalania_4.png","type":"image\/png"}],"twitter_card":"summary_large_image","twitter_misc":{"Gesch\u00e4tzte Lesezeit":"1\u00a0Minute"},"schema":{"@context":"https:\/\/schema.org","@graph":[{"@type":"WebPage","@id":"https:\/\/thermolife.pl\/inteligentny-dom\/czujniki-bezpieczenstwa\/radiowy-czujnik-zalania\/","url":"https:\/\/thermolife.pl\/inteligentny-dom\/czujniki-bezpieczenstwa\/radiowy-czujnik-zalania\/","name":"Radiowy czujnik zalania - Zamel","isPartOf":{"@id":"https:\/\/thermolife.pl\/#website"},"primaryImageOfPage":{"@id":"https:\/\/thermolife.pl\/inteligentny-dom\/czujniki-bezpieczenstwa\/radiowy-czujnik-zalania\/#primaryimage"},"image":{"@id":"https:\/\/thermolife.pl\/inteligentny-dom\/czujniki-bezpieczenstwa\/radiowy-czujnik-zalania\/#primaryimage"},"thumbnailUrl":"https:\/\/thermolife.pl\/wp-content\/uploads\/2025\/08\/Zamel-Czujnik-Zalania_4.png","datePublished":"2025-08-05T13:46:42+00:00","dateModified":"2025-08-22T08:13:48+00:00","breadcrumb":{"@id":"https:\/\/thermolife.pl\/inteligentny-dom\/czujniki-bezpieczenstwa\/radiowy-czujnik-zalania\/#breadcrumb"},"inLanguage":"de","potentialAction":[{"@type":"ReadAction","target":["https:\/\/thermolife.pl\/inteligentny-dom\/czujniki-bezpieczenstwa\/radiowy-czujnik-zalania\/"]}]},{"@type":"ImageObject","inLanguage":"de","@id":"https:\/\/thermolife.pl\/inteligentny-dom\/czujniki-bezpieczenstwa\/radiowy-czujnik-zalania\/#primaryimage","url":"https:\/\/thermolife.pl\/wp-content\/uploads\/2025\/08\/Zamel-Czujnik-Zalania_4.png","contentUrl":"https:\/\/thermolife.pl\/wp-content\/uploads\/2025\/08\/Zamel-Czujnik-Zalania_4.png","width":2500,"height":2500},{"@type":"BreadcrumbList","@id":"https:\/\/thermolife.pl\/inteligentny-dom\/czujniki-bezpieczenstwa\/radiowy-czujnik-zalania\/#breadcrumb","itemListElement":[{"@type":"ListItem","position":1,"name":"Strona g\u0142\u00f3wna","item":"https:\/\/thermolife.pl\/"},{"@type":"ListItem","position":2,"name":"Produkty","item":"https:\/\/thermolife.pl\/produkty\/"},{"@type":"ListItem","position":3,"name":"Sterowanie inteligentnym domem","item":"https:\/\/thermolife.pl\/inteligentny-dom\/"},{"@type":"ListItem","position":4,"name":"Czujniki bezpiecze\u0144stwa","item":"https:\/\/thermolife.pl\/inteligentny-dom\/czujniki-bezpieczenstwa\/"},{"@type":"ListItem","position":5,"name":"Radiowy czujnik zalania"}]},{"@type":"WebSite","@id":"https:\/\/thermolife.pl\/#website","url":"https:\/\/thermolife.pl\/","name":"Zamel","description":"Systemy sterowania ogrzewaniem","publisher":{"@id":"https:\/\/thermolife.pl\/#organization"},"potentialAction":[{"@type":"SearchAction","target":{"@type":"EntryPoint","urlTemplate":"https:\/\/thermolife.pl\/?s={search_term_string}"},"query-input":{"@type":"PropertyValueSpecification","valueRequired":true,"valueName":"search_term_string"}}],"inLanguage":"de"},{"@type":"Organization","@id":"https:\/\/thermolife.pl\/#organization","name":"Zamel","url":"https:\/\/thermolife.pl\/","logo":{"@type":"ImageObject","inLanguage":"de","@id":"https:\/\/thermolife.pl\/#\/schema\/logo\/image\/","url":"https:\/\/thermolife.pl\/wp-content\/uploads\/2025\/07\/logo.svg","contentUrl":"https:\/\/thermolife.pl\/wp-content\/uploads\/2025\/07\/logo.svg","caption":"Zamel"},"image":{"@id":"https:\/\/thermolife.pl\/#\/schema\/logo\/image\/"}}]}},"taxonomy_info":{"product_cat":[{"value":35,"label":"Czujniki bezpiecze\u0144stwa"},{"value":18,"label":"Sterowanie inteligentnym domem"}]},"featured_image_src_large":["https:\/\/thermolife.pl\/wp-content\/uploads\/2025\/08\/Zamel-Czujnik-Zalania_4-1024x1024.png",1024,1024,true],"author_info":[],"comment_info":0,"_links":{"self":[{"href":"https:\/\/thermolife.pl\/de\/wp-json\/wp\/v2\/product\/1011","targetHints":{"allow":["GET"]}}],"collection":[{"href":"https:\/\/thermolife.pl\/de\/wp-json\/wp\/v2\/product"}],"about":[{"href":"https:\/\/thermolife.pl\/de\/wp-json\/wp\/v2\/types\/product"}],"replies":[{"embeddable":true,"href":"https:\/\/thermolife.pl\/de\/wp-json\/wp\/v2\/comments?post=1011"}],"wp:featuredmedia":[{"embeddable":true,"href":"https:\/\/thermolife.pl\/de\/wp-json\/wp\/v2\/media\/1537"}],"wp:attachment":[{"href":"https:\/\/thermolife.pl\/de\/wp-json\/wp\/v2\/media?parent=1011"}],"wp:term":[{"taxonomy":"product_brand","embeddable":true,"href":"https:\/\/thermolife.pl\/de\/wp-json\/wp\/v2\/product_brand?post=1011"},{"taxonomy":"product_cat","embeddable":true,"href":"https:\/\/thermolife.pl\/de\/wp-json\/wp\/v2\/product_cat?post=1011"},{"taxonomy":"product_tag","embeddable":true,"href":"https:\/\/thermolife.pl\/de\/wp-json\/wp\/v2\/product_tag?post=1011"}],"curies":[{"name":"wp","href":"https:\/\/api.w.org\/{rel}","templated":true}]}}