{"id":1000,"date":"2025-08-05T15:46:34","date_gmt":"2025-08-05T13:46:34","guid":{"rendered":"https:\/\/thermolife.pl\/bez-kategorii\/pilot-20-kanalowy\/"},"modified":"2026-05-05T15:30:57","modified_gmt":"2026-05-05T13:30:57","slug":"pilot-20-kanalowy","status":"publish","type":"product","link":"https:\/\/thermolife.pl\/de\/inteligentny-dom\/oswietlenie\/pilot-20-kanalowy\/","title":{"rendered":"Pilot 20-kana\u0142owy"},"content":{"rendered":"<p>Pilot P-520 umo\u017cliwia bezprzewodowe sterowanie odbiornikami Exta Life lub Exta Free. Przeznaczony jest do realizacji takich funkcji jak zdalne za\u0142\u0105czanie\/wy\u0142\u0105czanie o\u015bwietlenia lub regulacja nat\u0119\u017cenia o\u015bwietlenia. W spos\u00f3b szczeg\u00f3lny dedykowany jest do sterowania roletami okiennymi oraz wi\u0119ksz\u0105 ilo\u015bci\u0105 odbiornik\u00f3w. Pilot posiada pi\u0119\u0107 przycisk\u00f3w, z kt\u00f3rych trzy s\u0142u\u017c\u0105 do sterowania a dwa umo\u017cliwiaj\u0105 prze\u0142\u0105czania pomi\u0119dzy kana\u0142ami.<\/p>","protected":false},"excerpt":{"rendered":"<p>Pilot P-520 umo\u017cliwia bezprzewodowe sterowanie odbiornikami Exta Life lub Exta Free. Przeznaczony jest do realizacji takich funkcji jak zdalne za\u0142\u0105czanie\/wy\u0142\u0105czanie o\u015bwietlenia lub regulacja nat\u0119\u017cenia o\u015bwietlenia. W spos\u00f3b szczeg\u00f3lny dedykowany jest do sterowania roletami okiennymi oraz wi\u0119ksz\u0105 ilo\u015bci\u0105 odbiornik\u00f3w. Pilot posiada pi\u0119\u0107 przycisk\u00f3w, z kt\u00f3rych trzy s\u0142u\u017c\u0105 do sterowania a dwa umo\u017cliwiaj\u0105 prze\u0142\u0105czania pomi\u0119dzy kana\u0142ami.<\/p>","protected":false},"featured_media":1502,"comment_status":"closed","ping_status":"closed","template":"","meta":{"_acf_changed":false,"_kad_blocks_custom_css":"","_kad_blocks_head_custom_js":"","_kad_blocks_body_custom_js":"","_kad_blocks_footer_custom_js":"","_kad_post_transparent":"default","_kad_post_title":"","_kad_post_layout":"default","_kad_post_sidebar_id":"","_kad_post_content_style":"default","_kad_post_vertical_padding":"default","_kad_post_feature":"","_kad_post_feature_position":"","_kad_post_header":false,"_kad_post_footer":false},"product_brand":[],"product_cat":[33,34,18],"product_tag":[],"class_list":{"0":"post-1000","1":"product","2":"type-product","3":"status-publish","4":"has-post-thumbnail","6":"product_cat-oswietlenie","7":"product_cat-rolety-bramy-zaluzje","8":"product_cat-inteligentny-dom","10":"first","11":"instock","12":"product-type-simple","13":"entry","14":"content-bg","15":"loop-entry"},"acf":[],"yoast_head":"<!-- This site is optimized with the Yoast SEO plugin v27.5 - https:\/\/yoast.com\/product\/yoast-seo-wordpress\/ -->\n<title>Pilot 20-kana\u0142owy - Zamel<\/title>\n<meta name=\"robots\" content=\"index, follow, max-snippet:-1, max-image-preview:large, max-video-preview:-1\" \/>\n<link rel=\"canonical\" href=\"https:\/\/thermolife.pl\/de\/inteligentny-dom\/oswietlenie\/pilot-20-kanalowy\/\" \/>\n<meta property=\"og:locale\" content=\"de_DE\" \/>\n<meta property=\"og:type\" content=\"article\" \/>\n<meta property=\"og:title\" content=\"Pilot 20-kana\u0142owy - Zamel\" \/>\n<meta property=\"og:description\" content=\"Pilot P-520 umo\u017cliwia bezprzewodowe sterowanie odbiornikami Exta Life lub Exta Free. Przeznaczony jest do realizacji takich funkcji jak zdalne za\u0142\u0105czanie\/wy\u0142\u0105czanie o\u015bwietlenia lub regulacja nat\u0119\u017cenia o\u015bwietlenia. W spos\u00f3b szczeg\u00f3lny dedykowany jest do sterowania roletami okiennymi oraz wi\u0119ksz\u0105 ilo\u015bci\u0105 odbiornik\u00f3w. Pilot posiada pi\u0119\u0107 przycisk\u00f3w, z kt\u00f3rych trzy s\u0142u\u017c\u0105 do sterowania a dwa umo\u017cliwiaj\u0105 prze\u0142\u0105czania pomi\u0119dzy kana\u0142ami.\" \/>\n<meta property=\"og:url\" content=\"https:\/\/thermolife.pl\/de\/inteligentny-dom\/oswietlenie\/pilot-20-kanalowy\/\" \/>\n<meta property=\"og:site_name\" content=\"Zamel\" \/>\n<meta property=\"article:modified_time\" content=\"2026-05-05T13:30:57+00:00\" \/>\n<meta property=\"og:image\" content=\"https:\/\/thermolife.pl\/wp-content\/uploads\/2025\/08\/P-501-10.png\" \/>\n\t<meta property=\"og:image:width\" content=\"1200\" \/>\n\t<meta property=\"og:image:height\" content=\"1200\" \/>\n\t<meta property=\"og:image:type\" content=\"image\/png\" \/>\n<meta name=\"twitter:card\" content=\"summary_large_image\" \/>\n<meta name=\"twitter:label1\" content=\"Gesch\u00e4tzte Lesezeit\" \/>\n\t<meta name=\"twitter:data1\" content=\"1\u00a0Minute\" \/>\n<script type=\"application\/ld+json\" class=\"yoast-schema-graph\">{\"@context\":\"https:\\\/\\\/schema.org\",\"@graph\":[{\"@type\":\"WebPage\",\"@id\":\"https:\\\/\\\/thermolife.pl\\\/inteligentny-dom\\\/oswietlenie\\\/pilot-20-kanalowy\\\/\",\"url\":\"https:\\\/\\\/thermolife.pl\\\/inteligentny-dom\\\/oswietlenie\\\/pilot-20-kanalowy\\\/\",\"name\":\"Pilot 20-kana\u0142owy - Zamel\",\"isPartOf\":{\"@id\":\"https:\\\/\\\/thermolife.pl\\\/#website\"},\"primaryImageOfPage\":{\"@id\":\"https:\\\/\\\/thermolife.pl\\\/inteligentny-dom\\\/oswietlenie\\\/pilot-20-kanalowy\\\/#primaryimage\"},\"image\":{\"@id\":\"https:\\\/\\\/thermolife.pl\\\/inteligentny-dom\\\/oswietlenie\\\/pilot-20-kanalowy\\\/#primaryimage\"},\"thumbnailUrl\":\"https:\\\/\\\/thermolife.pl\\\/wp-content\\\/uploads\\\/2025\\\/08\\\/P-501-10.png\",\"datePublished\":\"2025-08-05T13:46:34+00:00\",\"dateModified\":\"2026-05-05T13:30:57+00:00\",\"breadcrumb\":{\"@id\":\"https:\\\/\\\/thermolife.pl\\\/inteligentny-dom\\\/oswietlenie\\\/pilot-20-kanalowy\\\/#breadcrumb\"},\"inLanguage\":\"de\",\"potentialAction\":[{\"@type\":\"ReadAction\",\"target\":[\"https:\\\/\\\/thermolife.pl\\\/inteligentny-dom\\\/oswietlenie\\\/pilot-20-kanalowy\\\/\"]}]},{\"@type\":\"ImageObject\",\"inLanguage\":\"de\",\"@id\":\"https:\\\/\\\/thermolife.pl\\\/inteligentny-dom\\\/oswietlenie\\\/pilot-20-kanalowy\\\/#primaryimage\",\"url\":\"https:\\\/\\\/thermolife.pl\\\/wp-content\\\/uploads\\\/2025\\\/08\\\/P-501-10.png\",\"contentUrl\":\"https:\\\/\\\/thermolife.pl\\\/wp-content\\\/uploads\\\/2025\\\/08\\\/P-501-10.png\",\"width\":1200,\"height\":1200},{\"@type\":\"BreadcrumbList\",\"@id\":\"https:\\\/\\\/thermolife.pl\\\/inteligentny-dom\\\/oswietlenie\\\/pilot-20-kanalowy\\\/#breadcrumb\",\"itemListElement\":[{\"@type\":\"ListItem\",\"position\":1,\"name\":\"Strona g\u0142\u00f3wna\",\"item\":\"https:\\\/\\\/thermolife.pl\\\/\"},{\"@type\":\"ListItem\",\"position\":2,\"name\":\"Produkty\",\"item\":\"https:\\\/\\\/thermolife.pl\\\/produkty\\\/\"},{\"@type\":\"ListItem\",\"position\":3,\"name\":\"Sterowanie inteligentnym domem\",\"item\":\"https:\\\/\\\/thermolife.pl\\\/inteligentny-dom\\\/\"},{\"@type\":\"ListItem\",\"position\":4,\"name\":\"O\u015bwietlenie\",\"item\":\"https:\\\/\\\/thermolife.pl\\\/inteligentny-dom\\\/oswietlenie\\\/\"},{\"@type\":\"ListItem\",\"position\":5,\"name\":\"Pilot 20-kana\u0142owy\"}]},{\"@type\":\"WebSite\",\"@id\":\"https:\\\/\\\/thermolife.pl\\\/#website\",\"url\":\"https:\\\/\\\/thermolife.pl\\\/\",\"name\":\"Zamel\",\"description\":\"Systemy sterowania ogrzewaniem\",\"publisher\":{\"@id\":\"https:\\\/\\\/thermolife.pl\\\/#organization\"},\"potentialAction\":[{\"@type\":\"SearchAction\",\"target\":{\"@type\":\"EntryPoint\",\"urlTemplate\":\"https:\\\/\\\/thermolife.pl\\\/?s={search_term_string}\"},\"query-input\":{\"@type\":\"PropertyValueSpecification\",\"valueRequired\":true,\"valueName\":\"search_term_string\"}}],\"inLanguage\":\"de\"},{\"@type\":\"Organization\",\"@id\":\"https:\\\/\\\/thermolife.pl\\\/#organization\",\"name\":\"Zamel\",\"url\":\"https:\\\/\\\/thermolife.pl\\\/\",\"logo\":{\"@type\":\"ImageObject\",\"inLanguage\":\"de\",\"@id\":\"https:\\\/\\\/thermolife.pl\\\/#\\\/schema\\\/logo\\\/image\\\/\",\"url\":\"https:\\\/\\\/thermolife.pl\\\/wp-content\\\/uploads\\\/2025\\\/07\\\/logo.svg\",\"contentUrl\":\"https:\\\/\\\/thermolife.pl\\\/wp-content\\\/uploads\\\/2025\\\/07\\\/logo.svg\",\"caption\":\"Zamel\"},\"image\":{\"@id\":\"https:\\\/\\\/thermolife.pl\\\/#\\\/schema\\\/logo\\\/image\\\/\"}}]}<\/script>\n<!-- \/ Yoast SEO plugin. -->","yoast_head_json":{"title":"Pilot 20-kana\u0142owy - Zamel","robots":{"index":"index","follow":"follow","max-snippet":"max-snippet:-1","max-image-preview":"max-image-preview:large","max-video-preview":"max-video-preview:-1"},"canonical":"https:\/\/thermolife.pl\/de\/inteligentny-dom\/oswietlenie\/pilot-20-kanalowy\/","og_locale":"de_DE","og_type":"article","og_title":"Pilot 20-kana\u0142owy - Zamel","og_description":"Pilot P-520 umo\u017cliwia bezprzewodowe sterowanie odbiornikami Exta Life lub Exta Free. Przeznaczony jest do realizacji takich funkcji jak zdalne za\u0142\u0105czanie\/wy\u0142\u0105czanie o\u015bwietlenia lub regulacja nat\u0119\u017cenia o\u015bwietlenia. W spos\u00f3b szczeg\u00f3lny dedykowany jest do sterowania roletami okiennymi oraz wi\u0119ksz\u0105 ilo\u015bci\u0105 odbiornik\u00f3w. Pilot posiada pi\u0119\u0107 przycisk\u00f3w, z kt\u00f3rych trzy s\u0142u\u017c\u0105 do sterowania a dwa umo\u017cliwiaj\u0105 prze\u0142\u0105czania pomi\u0119dzy kana\u0142ami.","og_url":"https:\/\/thermolife.pl\/de\/inteligentny-dom\/oswietlenie\/pilot-20-kanalowy\/","og_site_name":"Zamel","article_modified_time":"2026-05-05T13:30:57+00:00","og_image":[{"width":1200,"height":1200,"url":"https:\/\/thermolife.pl\/wp-content\/uploads\/2025\/08\/P-501-10.png","type":"image\/png"}],"twitter_card":"summary_large_image","twitter_misc":{"Gesch\u00e4tzte Lesezeit":"1\u00a0Minute"},"schema":{"@context":"https:\/\/schema.org","@graph":[{"@type":"WebPage","@id":"https:\/\/thermolife.pl\/inteligentny-dom\/oswietlenie\/pilot-20-kanalowy\/","url":"https:\/\/thermolife.pl\/inteligentny-dom\/oswietlenie\/pilot-20-kanalowy\/","name":"Pilot 20-kana\u0142owy - Zamel","isPartOf":{"@id":"https:\/\/thermolife.pl\/#website"},"primaryImageOfPage":{"@id":"https:\/\/thermolife.pl\/inteligentny-dom\/oswietlenie\/pilot-20-kanalowy\/#primaryimage"},"image":{"@id":"https:\/\/thermolife.pl\/inteligentny-dom\/oswietlenie\/pilot-20-kanalowy\/#primaryimage"},"thumbnailUrl":"https:\/\/thermolife.pl\/wp-content\/uploads\/2025\/08\/P-501-10.png","datePublished":"2025-08-05T13:46:34+00:00","dateModified":"2026-05-05T13:30:57+00:00","breadcrumb":{"@id":"https:\/\/thermolife.pl\/inteligentny-dom\/oswietlenie\/pilot-20-kanalowy\/#breadcrumb"},"inLanguage":"de","potentialAction":[{"@type":"ReadAction","target":["https:\/\/thermolife.pl\/inteligentny-dom\/oswietlenie\/pilot-20-kanalowy\/"]}]},{"@type":"ImageObject","inLanguage":"de","@id":"https:\/\/thermolife.pl\/inteligentny-dom\/oswietlenie\/pilot-20-kanalowy\/#primaryimage","url":"https:\/\/thermolife.pl\/wp-content\/uploads\/2025\/08\/P-501-10.png","contentUrl":"https:\/\/thermolife.pl\/wp-content\/uploads\/2025\/08\/P-501-10.png","width":1200,"height":1200},{"@type":"BreadcrumbList","@id":"https:\/\/thermolife.pl\/inteligentny-dom\/oswietlenie\/pilot-20-kanalowy\/#breadcrumb","itemListElement":[{"@type":"ListItem","position":1,"name":"Strona g\u0142\u00f3wna","item":"https:\/\/thermolife.pl\/"},{"@type":"ListItem","position":2,"name":"Produkty","item":"https:\/\/thermolife.pl\/produkty\/"},{"@type":"ListItem","position":3,"name":"Sterowanie inteligentnym domem","item":"https:\/\/thermolife.pl\/inteligentny-dom\/"},{"@type":"ListItem","position":4,"name":"O\u015bwietlenie","item":"https:\/\/thermolife.pl\/inteligentny-dom\/oswietlenie\/"},{"@type":"ListItem","position":5,"name":"Pilot 20-kana\u0142owy"}]},{"@type":"WebSite","@id":"https:\/\/thermolife.pl\/#website","url":"https:\/\/thermolife.pl\/","name":"Zamel","description":"Systemy sterowania ogrzewaniem","publisher":{"@id":"https:\/\/thermolife.pl\/#organization"},"potentialAction":[{"@type":"SearchAction","target":{"@type":"EntryPoint","urlTemplate":"https:\/\/thermolife.pl\/?s={search_term_string}"},"query-input":{"@type":"PropertyValueSpecification","valueRequired":true,"valueName":"search_term_string"}}],"inLanguage":"de"},{"@type":"Organization","@id":"https:\/\/thermolife.pl\/#organization","name":"Zamel","url":"https:\/\/thermolife.pl\/","logo":{"@type":"ImageObject","inLanguage":"de","@id":"https:\/\/thermolife.pl\/#\/schema\/logo\/image\/","url":"https:\/\/thermolife.pl\/wp-content\/uploads\/2025\/07\/logo.svg","contentUrl":"https:\/\/thermolife.pl\/wp-content\/uploads\/2025\/07\/logo.svg","caption":"Zamel"},"image":{"@id":"https:\/\/thermolife.pl\/#\/schema\/logo\/image\/"}}]}},"taxonomy_info":{"product_cat":[{"value":33,"label":"O\u015bwietlenie"},{"value":34,"label":"Rolety, Bramy, \u017baluzje"},{"value":18,"label":"Sterowanie inteligentnym domem"}]},"featured_image_src_large":["https:\/\/thermolife.pl\/wp-content\/uploads\/2025\/08\/P-501-10-1024x1024.png",1024,1024,true],"author_info":[],"comment_info":0,"_links":{"self":[{"href":"https:\/\/thermolife.pl\/de\/wp-json\/wp\/v2\/product\/1000","targetHints":{"allow":["GET"]}}],"collection":[{"href":"https:\/\/thermolife.pl\/de\/wp-json\/wp\/v2\/product"}],"about":[{"href":"https:\/\/thermolife.pl\/de\/wp-json\/wp\/v2\/types\/product"}],"replies":[{"embeddable":true,"href":"https:\/\/thermolife.pl\/de\/wp-json\/wp\/v2\/comments?post=1000"}],"wp:featuredmedia":[{"embeddable":true,"href":"https:\/\/thermolife.pl\/de\/wp-json\/wp\/v2\/media\/1502"}],"wp:attachment":[{"href":"https:\/\/thermolife.pl\/de\/wp-json\/wp\/v2\/media?parent=1000"}],"wp:term":[{"taxonomy":"product_brand","embeddable":true,"href":"https:\/\/thermolife.pl\/de\/wp-json\/wp\/v2\/product_brand?post=1000"},{"taxonomy":"product_cat","embeddable":true,"href":"https:\/\/thermolife.pl\/de\/wp-json\/wp\/v2\/product_cat?post=1000"},{"taxonomy":"product_tag","embeddable":true,"href":"https:\/\/thermolife.pl\/de\/wp-json\/wp\/v2\/product_tag?post=1000"}],"curies":[{"name":"wp","href":"https:\/\/api.w.org\/{rel}","templated":true}]}}