{"id":219,"date":"2025-07-18T11:18:59","date_gmt":"2025-07-18T09:18:59","guid":{"rendered":"https:\/\/thermolife.pl\/?page_id=219"},"modified":"2025-10-29T08:32:04","modified_gmt":"2025-10-29T07:32:04","slug":"gwarancja","status":"publish","type":"page","link":"https:\/\/thermolife.pl\/de\/gwarancja\/","title":{"rendered":"Gwarancja"},"content":{"rendered":"<style>.kb-row-layout-id219_e24526-23 > .kt-row-column-wrap{align-content:start;}:where(.kb-row-layout-id219_e24526-23 > .kt-row-column-wrap) > .wp-block-kadence-column{justify-content:start;}.kb-row-layout-id219_e24526-23 > .kt-row-column-wrap{column-gap:var(--global-kb-gap-lg, 4rem);row-gap:var(--global-kb-gap-md, 2rem);max-width:var( --global-content-width, 1440px );padding-left:var(--global-content-edge-padding);padding-right:var(--global-content-edge-padding);padding-top:var(--global-kb-spacing-xxl, 5rem);padding-bottom:var(--global-kb-spacing-xl, 4rem);grid-template-columns:repeat(2, minmax(0, 1fr));}.kb-row-layout-id219_e24526-23 > .kt-row-layout-overlay{opacity:0.30;}@media all and (max-width: 1024px){.kb-row-layout-id219_e24526-23 > .kt-row-column-wrap{grid-template-columns:repeat(2, minmax(0, 1fr));}}@media all and (max-width: 767px){.kb-row-layout-id219_e24526-23 > .kt-row-column-wrap{padding-top:var(--global-kb-spacing-lg, 3rem);padding-bottom:var(--global-kb-spacing-lg, 3rem);grid-template-columns:minmax(0, 1fr);}}<\/style><div class=\"kb-row-layout-wrap kb-row-layout-id219_e24526-23 alignnone wp-block-kadence-rowlayout\"><div class=\"kt-row-column-wrap kt-has-2-columns kt-row-layout-equal kt-tab-layout-inherit kt-mobile-layout-row kt-row-valign-top kb-theme-content-width\">\n<style>.kadence-column219_8cd19f-18 > .kt-inside-inner-col,.kadence-column219_8cd19f-18 > .kt-inside-inner-col:before{border-top-left-radius:0px;border-top-right-radius:0px;border-bottom-right-radius:0px;border-bottom-left-radius:0px;}.kadence-column219_8cd19f-18 > .kt-inside-inner-col{column-gap:var(--global-kb-gap-sm, 1rem);}.kadence-column219_8cd19f-18 > .kt-inside-inner-col{flex-direction:column;}.kadence-column219_8cd19f-18 > .kt-inside-inner-col > .aligncenter{width:100%;}.kadence-column219_8cd19f-18 > .kt-inside-inner-col:before{opacity:0.3;}.kadence-column219_8cd19f-18{position:relative;}@media all and (max-width: 1024px){.kadence-column219_8cd19f-18 > .kt-inside-inner-col{flex-direction:column;justify-content:center;}}@media all and (max-width: 767px){.kadence-column219_8cd19f-18 > .kt-inside-inner-col{flex-direction:column;justify-content:center;}}<\/style>\n<div class=\"wp-block-kadence-column kadence-column219_8cd19f-18\"><div class=\"kt-inside-inner-col\"><style>.wp-block-kadence-advancedheading.kt-adv-heading219_6762a8-d8, .wp-block-kadence-advancedheading.kt-adv-heading219_6762a8-d8[data-kb-block=\"kb-adv-heading219_6762a8-d8\"]{padding-top:0px;padding-bottom:var(--global-kb-spacing-sm, 1.5rem);margin-bottom:0px;font-size:32px;line-height:40px;font-style:normal;}.wp-block-kadence-advancedheading.kt-adv-heading219_6762a8-d8 mark.kt-highlight, .wp-block-kadence-advancedheading.kt-adv-heading219_6762a8-d8[data-kb-block=\"kb-adv-heading219_6762a8-d8\"] mark.kt-highlight{font-style:normal;color:#f76a0c;-webkit-box-decoration-break:clone;box-decoration-break:clone;padding-top:0px;padding-right:0px;padding-bottom:0px;padding-left:0px;}.wp-block-kadence-advancedheading.kt-adv-heading219_6762a8-d8 img.kb-inline-image, .wp-block-kadence-advancedheading.kt-adv-heading219_6762a8-d8[data-kb-block=\"kb-adv-heading219_6762a8-d8\"] img.kb-inline-image{width:150px;vertical-align:baseline;}@media all and (max-width: 767px){.wp-block-kadence-advancedheading.kt-adv-heading219_6762a8-d8, .wp-block-kadence-advancedheading.kt-adv-heading219_6762a8-d8[data-kb-block=\"kb-adv-heading219_6762a8-d8\"]{font-size:24px;line-height:32px;}}<\/style>\n<h3 class=\"kt-adv-heading219_6762a8-d8 wp-block-kadence-advancedheading\" data-kb-block=\"kb-adv-heading219_6762a8-d8\">Wszystkie nasze systemy sterowania ogrzewaniem obj\u0119te s\u0105 pe\u0142n\u0105 gwarancj\u0105 producenta.<\/h3>\n\n\n<style>.wp-block-kadence-advancedheading.kt-adv-heading219_58643c-88, .wp-block-kadence-advancedheading.kt-adv-heading219_58643c-88[data-kb-block=\"kb-adv-heading219_58643c-88\"]{display:block;padding-bottom:var(--global-kb-spacing-xs, 1rem);font-style:normal;}.wp-block-kadence-advancedheading.kt-adv-heading219_58643c-88 mark.kt-highlight, .wp-block-kadence-advancedheading.kt-adv-heading219_58643c-88[data-kb-block=\"kb-adv-heading219_58643c-88\"] mark.kt-highlight{font-style:normal;color:#f76a0c;-webkit-box-decoration-break:clone;box-decoration-break:clone;padding-top:0px;padding-right:0px;padding-bottom:0px;padding-left:0px;}.wp-block-kadence-advancedheading.kt-adv-heading219_58643c-88 img.kb-inline-image, .wp-block-kadence-advancedheading.kt-adv-heading219_58643c-88[data-kb-block=\"kb-adv-heading219_58643c-88\"] img.kb-inline-image{width:150px;vertical-align:baseline;}<\/style>\n<span class=\"kt-adv-heading219_58643c-88 wp-block-kadence-advancedheading\" data-kb-block=\"kb-adv-heading219_58643c-88\">Zapewniamy bezpieczne i niezawodne dzia\u0142anie urz\u0105dze\u0144 przez ca\u0142y okres gwarancyjny. W przypadku jakichkolwiek usterek oferujemy szybk\u0105 pomoc serwisow\u0105 oraz wsparcie techniczne.<\/span>\n\n\n<style>.wp-block-kadence-advancedheading.kt-adv-heading219_4ae702-f9, .wp-block-kadence-advancedheading.kt-adv-heading219_4ae702-f9[data-kb-block=\"kb-adv-heading219_4ae702-f9\"]{display:block;padding-bottom:0px;font-style:normal;}.wp-block-kadence-advancedheading.kt-adv-heading219_4ae702-f9 mark.kt-highlight, .wp-block-kadence-advancedheading.kt-adv-heading219_4ae702-f9[data-kb-block=\"kb-adv-heading219_4ae702-f9\"] mark.kt-highlight{font-style:normal;color:#f76a0c;-webkit-box-decoration-break:clone;box-decoration-break:clone;padding-top:0px;padding-right:0px;padding-bottom:0px;padding-left:0px;}.wp-block-kadence-advancedheading.kt-adv-heading219_4ae702-f9 img.kb-inline-image, .wp-block-kadence-advancedheading.kt-adv-heading219_4ae702-f9[data-kb-block=\"kb-adv-heading219_4ae702-f9\"] img.kb-inline-image{width:150px;vertical-align:baseline;}<\/style>\n<span class=\"kt-adv-heading219_4ae702-f9 wp-block-kadence-advancedheading\" data-kb-block=\"kb-adv-heading219_4ae702-f9\">Szczeg\u00f3\u0142owe warunki gwarancji znajdziesz w dokumentacji do\u0142\u0105czonej do produktu.<\/span>\n<\/div><\/div>\n\n\n<style>.kadence-column219_435486-af > .kt-inside-inner-col,.kadence-column219_435486-af > .kt-inside-inner-col:before{border-top-left-radius:0px;border-top-right-radius:0px;border-bottom-right-radius:0px;border-bottom-left-radius:0px;}.kadence-column219_435486-af > .kt-inside-inner-col{column-gap:var(--global-kb-gap-sm, 1rem);}.kadence-column219_435486-af > .kt-inside-inner-col{flex-direction:column;}.kadence-column219_435486-af > .kt-inside-inner-col > .aligncenter{width:100%;}.kadence-column219_435486-af > .kt-inside-inner-col:before{opacity:0.3;}.kadence-column219_435486-af{position:relative;}@media all and (max-width: 1024px){.kadence-column219_435486-af > .kt-inside-inner-col{flex-direction:column;justify-content:center;}}@media all and (max-width: 767px){.kadence-column219_435486-af > .kt-inside-inner-col{flex-direction:column;justify-content:center;}}<\/style>\n<div class=\"wp-block-kadence-column kadence-column219_435486-af\"><div class=\"kt-inside-inner-col\"><style>.kb-image219_1f9727-e2 .kb-image-has-overlay:after{opacity:0.3;}<\/style>\n<figure class=\"wp-block-kadence-image kb-image219_1f9727-e2 size-large\"><img loading=\"lazy\" decoding=\"async\" width=\"1024\" height=\"1024\" src=\"https:\/\/thermolife.pl\/wp-content\/uploads\/2025\/10\/gwarancja_zamel-1024x1024.jpg\" alt=\"\" class=\"kb-img wp-image-1924\" srcset=\"https:\/\/thermolife.pl\/wp-content\/uploads\/2025\/10\/gwarancja_zamel-1024x1024.jpg 1024w, https:\/\/thermolife.pl\/wp-content\/uploads\/2025\/10\/gwarancja_zamel-300x300.jpg 300w, https:\/\/thermolife.pl\/wp-content\/uploads\/2025\/10\/gwarancja_zamel-150x150.jpg 150w, https:\/\/thermolife.pl\/wp-content\/uploads\/2025\/10\/gwarancja_zamel-768x768.jpg 768w, https:\/\/thermolife.pl\/wp-content\/uploads\/2025\/10\/gwarancja_zamel-1536x1536.jpg 1536w, https:\/\/thermolife.pl\/wp-content\/uploads\/2025\/10\/gwarancja_zamel-12x12.jpg 12w, https:\/\/thermolife.pl\/wp-content\/uploads\/2025\/10\/gwarancja_zamel-600x600.jpg 600w, https:\/\/thermolife.pl\/wp-content\/uploads\/2025\/10\/gwarancja_zamel-100x100.jpg 100w, https:\/\/thermolife.pl\/wp-content\/uploads\/2025\/10\/gwarancja_zamel.jpg 2000w\" sizes=\"auto, (max-width: 1024px) 100vw, 1024px\" \/><\/figure>\n<\/div><\/div>\n\n<\/div><\/div>","protected":false},"excerpt":{"rendered":"<p>Wszystkie nasze systemy sterowania ogrzewaniem obj\u0119te s\u0105 pe\u0142n\u0105 gwarancj\u0105 producenta. Zapewniamy bezpieczne i niezawodne dzia\u0142anie urz\u0105dze\u0144 przez ca\u0142y okres gwarancyjny. W przypadku jakichkolwiek usterek oferujemy szybk\u0105 pomoc serwisow\u0105 oraz wsparcie techniczne. Szczeg\u00f3\u0142owe warunki gwarancji znajdziesz w dokumentacji do\u0142\u0105czonej do produktu.<\/p>","protected":false},"author":1,"featured_media":1924,"parent":0,"menu_order":4,"comment_status":"closed","ping_status":"closed","template":"","meta":{"_acf_changed":false,"_kad_blocks_custom_css":"","_kad_blocks_head_custom_js":"","_kad_blocks_body_custom_js":"","_kad_blocks_footer_custom_js":"","_kad_post_transparent":"","_kad_post_title":"","_kad_post_layout":"","_kad_post_sidebar_id":"","_kad_post_content_style":"","_kad_post_vertical_padding":"","_kad_post_feature":"","_kad_post_feature_position":"","_kad_post_header":false,"_kad_post_footer":false,"footnotes":""},"class_list":["post-219","page","type-page","status-publish","has-post-thumbnail","hentry"],"acf":[],"yoast_head":"<!-- This site is optimized with the Yoast SEO plugin v27.5 - https:\/\/yoast.com\/product\/yoast-seo-wordpress\/ -->\n<title>Gwarancja - Zamel<\/title>\n<meta name=\"robots\" content=\"index, follow, max-snippet:-1, max-image-preview:large, max-video-preview:-1\" \/>\n<link rel=\"canonical\" href=\"https:\/\/thermolife.pl\/de\/gwarancja\/\" \/>\n<meta property=\"og:locale\" content=\"de_DE\" \/>\n<meta property=\"og:type\" content=\"article\" \/>\n<meta property=\"og:title\" content=\"Gwarancja - Zamel\" \/>\n<meta property=\"og:description\" content=\"Wszystkie nasze systemy sterowania ogrzewaniem obj\u0119te s\u0105 pe\u0142n\u0105 gwarancj\u0105 producenta. Zapewniamy bezpieczne i niezawodne dzia\u0142anie urz\u0105dze\u0144 przez ca\u0142y okres gwarancyjny. W przypadku jakichkolwiek usterek oferujemy szybk\u0105 pomoc serwisow\u0105 oraz wsparcie techniczne. Szczeg\u00f3\u0142owe warunki gwarancji znajdziesz w dokumentacji do\u0142\u0105czonej do produktu.\" \/>\n<meta property=\"og:url\" content=\"https:\/\/thermolife.pl\/de\/gwarancja\/\" \/>\n<meta property=\"og:site_name\" content=\"Zamel\" \/>\n<meta property=\"article:modified_time\" content=\"2025-10-29T07:32:04+00:00\" \/>\n<meta property=\"og:image\" content=\"https:\/\/thermolife.pl\/wp-content\/uploads\/2025\/10\/gwarancja_zamel.jpg\" \/>\n\t<meta property=\"og:image:width\" content=\"2000\" \/>\n\t<meta property=\"og:image:height\" content=\"2000\" \/>\n\t<meta property=\"og:image:type\" content=\"image\/jpeg\" \/>\n<meta name=\"twitter:card\" content=\"summary_large_image\" \/>\n<meta name=\"twitter:label1\" content=\"Gesch\u00e4tzte Lesezeit\" \/>\n\t<meta name=\"twitter:data1\" content=\"1\u00a0Minute\" \/>\n<script type=\"application\/ld+json\" class=\"yoast-schema-graph\">{\"@context\":\"https:\\\/\\\/schema.org\",\"@graph\":[{\"@type\":\"WebPage\",\"@id\":\"https:\\\/\\\/thermolife.pl\\\/gwarancja\\\/\",\"url\":\"https:\\\/\\\/thermolife.pl\\\/gwarancja\\\/\",\"name\":\"Gwarancja - Zamel\",\"isPartOf\":{\"@id\":\"https:\\\/\\\/thermolife.pl\\\/#website\"},\"primaryImageOfPage\":{\"@id\":\"https:\\\/\\\/thermolife.pl\\\/gwarancja\\\/#primaryimage\"},\"image\":{\"@id\":\"https:\\\/\\\/thermolife.pl\\\/gwarancja\\\/#primaryimage\"},\"thumbnailUrl\":\"https:\\\/\\\/thermolife.pl\\\/wp-content\\\/uploads\\\/2025\\\/10\\\/gwarancja_zamel.jpg\",\"datePublished\":\"2025-07-18T09:18:59+00:00\",\"dateModified\":\"2025-10-29T07:32:04+00:00\",\"breadcrumb\":{\"@id\":\"https:\\\/\\\/thermolife.pl\\\/gwarancja\\\/#breadcrumb\"},\"inLanguage\":\"de\",\"potentialAction\":[{\"@type\":\"ReadAction\",\"target\":[\"https:\\\/\\\/thermolife.pl\\\/gwarancja\\\/\"]}]},{\"@type\":\"ImageObject\",\"inLanguage\":\"de\",\"@id\":\"https:\\\/\\\/thermolife.pl\\\/gwarancja\\\/#primaryimage\",\"url\":\"https:\\\/\\\/thermolife.pl\\\/wp-content\\\/uploads\\\/2025\\\/10\\\/gwarancja_zamel.jpg\",\"contentUrl\":\"https:\\\/\\\/thermolife.pl\\\/wp-content\\\/uploads\\\/2025\\\/10\\\/gwarancja_zamel.jpg\",\"width\":2000,\"height\":2000},{\"@type\":\"BreadcrumbList\",\"@id\":\"https:\\\/\\\/thermolife.pl\\\/gwarancja\\\/#breadcrumb\",\"itemListElement\":[{\"@type\":\"ListItem\",\"position\":1,\"name\":\"Strona g\u0142\u00f3wna\",\"item\":\"https:\\\/\\\/thermolife.pl\\\/\"},{\"@type\":\"ListItem\",\"position\":2,\"name\":\"Gwarancja\"}]},{\"@type\":\"WebSite\",\"@id\":\"https:\\\/\\\/thermolife.pl\\\/#website\",\"url\":\"https:\\\/\\\/thermolife.pl\\\/\",\"name\":\"Zamel\",\"description\":\"Systemy sterowania ogrzewaniem\",\"publisher\":{\"@id\":\"https:\\\/\\\/thermolife.pl\\\/#organization\"},\"potentialAction\":[{\"@type\":\"SearchAction\",\"target\":{\"@type\":\"EntryPoint\",\"urlTemplate\":\"https:\\\/\\\/thermolife.pl\\\/?s={search_term_string}\"},\"query-input\":{\"@type\":\"PropertyValueSpecification\",\"valueRequired\":true,\"valueName\":\"search_term_string\"}}],\"inLanguage\":\"de\"},{\"@type\":\"Organization\",\"@id\":\"https:\\\/\\\/thermolife.pl\\\/#organization\",\"name\":\"Zamel\",\"url\":\"https:\\\/\\\/thermolife.pl\\\/\",\"logo\":{\"@type\":\"ImageObject\",\"inLanguage\":\"de\",\"@id\":\"https:\\\/\\\/thermolife.pl\\\/#\\\/schema\\\/logo\\\/image\\\/\",\"url\":\"https:\\\/\\\/thermolife.pl\\\/wp-content\\\/uploads\\\/2025\\\/07\\\/logo.svg\",\"contentUrl\":\"https:\\\/\\\/thermolife.pl\\\/wp-content\\\/uploads\\\/2025\\\/07\\\/logo.svg\",\"caption\":\"Zamel\"},\"image\":{\"@id\":\"https:\\\/\\\/thermolife.pl\\\/#\\\/schema\\\/logo\\\/image\\\/\"}}]}<\/script>\n<!-- \/ Yoast SEO plugin. -->","yoast_head_json":{"title":"Gwarancja - Zamel","robots":{"index":"index","follow":"follow","max-snippet":"max-snippet:-1","max-image-preview":"max-image-preview:large","max-video-preview":"max-video-preview:-1"},"canonical":"https:\/\/thermolife.pl\/de\/gwarancja\/","og_locale":"de_DE","og_type":"article","og_title":"Gwarancja - Zamel","og_description":"Wszystkie nasze systemy sterowania ogrzewaniem obj\u0119te s\u0105 pe\u0142n\u0105 gwarancj\u0105 producenta. Zapewniamy bezpieczne i niezawodne dzia\u0142anie urz\u0105dze\u0144 przez ca\u0142y okres gwarancyjny. W przypadku jakichkolwiek usterek oferujemy szybk\u0105 pomoc serwisow\u0105 oraz wsparcie techniczne. Szczeg\u00f3\u0142owe warunki gwarancji znajdziesz w dokumentacji do\u0142\u0105czonej do produktu.","og_url":"https:\/\/thermolife.pl\/de\/gwarancja\/","og_site_name":"Zamel","article_modified_time":"2025-10-29T07:32:04+00:00","og_image":[{"width":2000,"height":2000,"url":"https:\/\/thermolife.pl\/wp-content\/uploads\/2025\/10\/gwarancja_zamel.jpg","type":"image\/jpeg"}],"twitter_card":"summary_large_image","twitter_misc":{"Gesch\u00e4tzte Lesezeit":"1\u00a0Minute"},"schema":{"@context":"https:\/\/schema.org","@graph":[{"@type":"WebPage","@id":"https:\/\/thermolife.pl\/gwarancja\/","url":"https:\/\/thermolife.pl\/gwarancja\/","name":"Gwarancja - Zamel","isPartOf":{"@id":"https:\/\/thermolife.pl\/#website"},"primaryImageOfPage":{"@id":"https:\/\/thermolife.pl\/gwarancja\/#primaryimage"},"image":{"@id":"https:\/\/thermolife.pl\/gwarancja\/#primaryimage"},"thumbnailUrl":"https:\/\/thermolife.pl\/wp-content\/uploads\/2025\/10\/gwarancja_zamel.jpg","datePublished":"2025-07-18T09:18:59+00:00","dateModified":"2025-10-29T07:32:04+00:00","breadcrumb":{"@id":"https:\/\/thermolife.pl\/gwarancja\/#breadcrumb"},"inLanguage":"de","potentialAction":[{"@type":"ReadAction","target":["https:\/\/thermolife.pl\/gwarancja\/"]}]},{"@type":"ImageObject","inLanguage":"de","@id":"https:\/\/thermolife.pl\/gwarancja\/#primaryimage","url":"https:\/\/thermolife.pl\/wp-content\/uploads\/2025\/10\/gwarancja_zamel.jpg","contentUrl":"https:\/\/thermolife.pl\/wp-content\/uploads\/2025\/10\/gwarancja_zamel.jpg","width":2000,"height":2000},{"@type":"BreadcrumbList","@id":"https:\/\/thermolife.pl\/gwarancja\/#breadcrumb","itemListElement":[{"@type":"ListItem","position":1,"name":"Strona g\u0142\u00f3wna","item":"https:\/\/thermolife.pl\/"},{"@type":"ListItem","position":2,"name":"Gwarancja"}]},{"@type":"WebSite","@id":"https:\/\/thermolife.pl\/#website","url":"https:\/\/thermolife.pl\/","name":"Zamel","description":"Systemy sterowania ogrzewaniem","publisher":{"@id":"https:\/\/thermolife.pl\/#organization"},"potentialAction":[{"@type":"SearchAction","target":{"@type":"EntryPoint","urlTemplate":"https:\/\/thermolife.pl\/?s={search_term_string}"},"query-input":{"@type":"PropertyValueSpecification","valueRequired":true,"valueName":"search_term_string"}}],"inLanguage":"de"},{"@type":"Organization","@id":"https:\/\/thermolife.pl\/#organization","name":"Zamel","url":"https:\/\/thermolife.pl\/","logo":{"@type":"ImageObject","inLanguage":"de","@id":"https:\/\/thermolife.pl\/#\/schema\/logo\/image\/","url":"https:\/\/thermolife.pl\/wp-content\/uploads\/2025\/07\/logo.svg","contentUrl":"https:\/\/thermolife.pl\/wp-content\/uploads\/2025\/07\/logo.svg","caption":"Zamel"},"image":{"@id":"https:\/\/thermolife.pl\/#\/schema\/logo\/image\/"}}]}},"taxonomy_info":[],"featured_image_src_large":["https:\/\/thermolife.pl\/wp-content\/uploads\/2025\/10\/gwarancja_zamel-1024x1024.jpg",1024,1024,true],"author_info":{"display_name":"admin","author_link":"https:\/\/thermolife.pl\/de\/author\/admin\/"},"comment_info":0,"_links":{"self":[{"href":"https:\/\/thermolife.pl\/de\/wp-json\/wp\/v2\/pages\/219","targetHints":{"allow":["GET"]}}],"collection":[{"href":"https:\/\/thermolife.pl\/de\/wp-json\/wp\/v2\/pages"}],"about":[{"href":"https:\/\/thermolife.pl\/de\/wp-json\/wp\/v2\/types\/page"}],"author":[{"embeddable":true,"href":"https:\/\/thermolife.pl\/de\/wp-json\/wp\/v2\/users\/1"}],"replies":[{"embeddable":true,"href":"https:\/\/thermolife.pl\/de\/wp-json\/wp\/v2\/comments?post=219"}],"version-history":[{"count":4,"href":"https:\/\/thermolife.pl\/de\/wp-json\/wp\/v2\/pages\/219\/revisions"}],"predecessor-version":[{"id":1925,"href":"https:\/\/thermolife.pl\/de\/wp-json\/wp\/v2\/pages\/219\/revisions\/1925"}],"wp:featuredmedia":[{"embeddable":true,"href":"https:\/\/thermolife.pl\/de\/wp-json\/wp\/v2\/media\/1924"}],"wp:attachment":[{"href":"https:\/\/thermolife.pl\/de\/wp-json\/wp\/v2\/media?parent=219"}],"curies":[{"name":"wp","href":"https:\/\/api.w.org\/{rel}","templated":true}]}}